{"id":13,"date":"2016-04-18T10:47:04","date_gmt":"2016-04-18T08:47:04","guid":{"rendered":"http:\/\/lab.zpirit.no\/sk-arsmelding\/?page_id=13"},"modified":"2016-09-28T10:33:51","modified_gmt":"2016-09-28T08:33:51","slug":"administrasjon-og-leiing","status":"publish","type":"page","link":"https:\/\/sk-dokument.no\/arsmelding-2015\/?page_id=13","title":{"rendered":"ADMINISTRASJON OG LEIING"},"content":{"rendered":"<p>M\u00e5lemetodane som er lagt til grunn i det overordna m\u00e5lekartet er i hovudsak basert p\u00e5 brukar- og medarbeidarunders\u00f8kingar som er utarbeidd av <a href=\"http:\/\/www.bedrekommune.no\">www.bedrekommune.no<\/a>. Unders\u00f8kingane gjev eit bilete av kva brukarane meiner om tenestene og om vi m\u00e5 justera m\u00e5lsetjingane v\u00e5re. Unders\u00f8kinga gjev ogs\u00e5 eit bilete av kva arbeidstakarane meiner om organisasjonen og om det er grunnlag for \u00e5 justera m\u00e5lsetjingane for v\u00e5re interne satsingsomr\u00e5de. M\u00e5ltala tek utgangspunkt i erfaringstal. M\u00e5ltala for dei andre tenesteomr\u00e5da er utarbeidd med utgangspunkt i inndelingane i Kommunal Rapport sitt Kommunebarometer.<\/p>\n<p>Kommunen har dei siste par \u00e5ra arbeidd med utvikling av eit meir heilskapleg m\u00e5lstyringssystem med utgangspunkt i kommunebarometeret. Eit slikt system vektlegg \u00e5 rapportera resultat og set m\u00e5l p\u00e5 fleire dimensjonar enn berre \u00f8konomi. M\u00e5lstyringssystemet er utvikla vidare b\u00e5de m.o.t. rapportering og ei n\u00e6rare vurdering av kva for n\u00f8kkeltal det skal rapporterast p\u00e5. Det skal vera ein klar samanheng mellom m\u00e5l for tenestene; r\u00e5dmannen sitt framlegg til budsjett og \u00f8konomiplan, handlingsplanane og rapportering, m\u00e5nadsrapportering, tertialrapportering og \u00e5rsmelding.<\/p>\n<h4>M\u00e5loppn\u00e5ing<\/h4>\n<table>\n<thead>\n<tr>\n<th><\/th>\n<th width=\"10%\">2015<\/th>\n<th width=\"10%\">2015<\/th>\n<th width=\"10%\">2014<\/th>\n<\/tr>\n<tr>\n<th>BRUKAR (I skala fr\u00e5 1-6, er 6 best)<\/th>\n<th>m\u00e5l<\/th>\n<th>resultat<\/th>\n<th>Snitt Stord<\/th>\n<\/tr>\n<\/thead>\n<tbody>\n<tr>\n<td>Brukarane er n\u00f8gd med samarbeid og brukarmedverknaden<\/td>\n<td style=\"text-align: right\">&gt;4,9<\/td>\n<td style=\"text-align: right\">3,3<\/td>\n<td style=\"text-align: right\">4,9<\/td>\n<\/tr>\n<tr>\n<td>Brukarane og brukarrepresentantar opplever \u00e5 bli m\u00f8tt med respekt<\/td>\n<td style=\"text-align: right\">&gt;5,6<\/td>\n<td style=\"text-align: right\">3,6<\/td>\n<td style=\"text-align: right\">5,6<\/td>\n<\/tr>\n<tr>\n<td>Brukarane er n\u00f8gd med tilgjenge p\u00e5 tenestene<\/td>\n<td style=\"text-align: right\">&gt;4,8<\/td>\n<td style=\"text-align: right\">3,5<\/td>\n<td style=\"text-align: right\">4,8<\/td>\n<\/tr>\n<tr>\n<td>Brukaren er n\u00f8gd med tilgangen p\u00e5 informasjon om innhaldet i tenestene<\/td>\n<td style=\"text-align: right\">&gt;4,3<\/td>\n<td style=\"text-align: right\">3,2<\/td>\n<td style=\"text-align: right\">4,8<\/td>\n<\/tr>\n<tr>\n<td>Brukaren er n\u00f8gd med den totale kvaliteten p\u00e5 tenestene<\/td>\n<td style=\"text-align: right\">&gt;4,9<\/td>\n<td style=\"text-align: right\">3,6<\/td>\n<td style=\"text-align: right\">5,1<\/td>\n<\/tr>\n<tr>\n<td colspan=\"4\"><strong>MEDARBEIDARAR (I skala fr\u00e5 1-6, er 6 best)<\/strong><\/td>\n<\/tr>\n<tr>\n<td>Deltakarprosent p\u00e5 medarbeiderunders\u00f8kinga<\/td>\n<td style=\"text-align: right\">&gt;68%<\/td>\n<td style=\"text-align: right\">72%<\/td>\n<td style=\"text-align: right\">&#8211;<\/td>\n<\/tr>\n<tr>\n<td>Medarbeidaren er n\u00f8gd med arbeidssituasjonen sin<\/td>\n<td style=\"text-align: right\">&gt;4,7<\/td>\n<td style=\"text-align: right\">4,6<\/td>\n<td style=\"text-align: right\">4,5<\/td>\n<\/tr>\n<tr>\n<td>Medarbeidarane bidreg aktivt til \u00e5 n\u00e5 verksemda sine m\u00e5l<\/td>\n<td style=\"text-align: right\">&gt;5,0<\/td>\n<td style=\"text-align: right\">4,9<\/td>\n<td style=\"text-align: right\">4,9<\/td>\n<\/tr>\n<tr>\n<td>Medarbeidarane opplever \u00e5 ha naudsynt kompetanse til \u00e5 utf\u00f8re sine arbeidsoppg\u00e5ver<\/td>\n<td style=\"text-align: right\">&gt;4,8<\/td>\n<td style=\"text-align: right\">4,9<\/td>\n<td style=\"text-align: right\">4,8<\/td>\n<\/tr>\n<tr>\n<td>Medarbeidarane l\u00f8yser felles arbeidsoppg\u00e5ver p\u00e5 sin arbeidsplass p\u00e5 ein god m\u00e5te<\/td>\n<td style=\"text-align: right\">&gt;4,9<\/td>\n<td style=\"text-align: right\">4,8<\/td>\n<td style=\"text-align: right\">4,9<\/td>\n<\/tr>\n<tr>\n<td>Medarbeidarane opplever at n\u00e6raste leiar gjev deg tilstrekkeleg attendemelding p\u00e5 den jobben du gjer<\/td>\n<td style=\"text-align: right\">&gt;4,2<\/td>\n<td style=\"text-align: right\">4,1<\/td>\n<td style=\"text-align: right\">4,0<\/td>\n<\/tr>\n<tr>\n<td>Medarbeidarane er n\u00f8gde med arbeidsgjevar si tilrettelegging for relevant kompetanseutvikling<\/td>\n<td style=\"text-align: right\">&gt;3,9<\/td>\n<td style=\"text-align: right\">4,2<\/td>\n<td style=\"text-align: right\">3,9<\/td>\n<\/tr>\n<tr>\n<td colspan=\"4\"><strong>HMT \u2013 Helse, milj\u00f8, tryggleik<\/strong><\/td>\n<\/tr>\n<tr>\n<td>Sjukefr\u00e5v\u00e6r (i prosent)<\/td>\n<td style=\"text-align: right\">&lt;7,5<\/td>\n<td style=\"text-align: right\">7,68<\/td>\n<td style=\"text-align: right\">8,33<\/td>\n<\/tr>\n<tr>\n<td>Av dette kortidsfrav\u00e6r &lt;16 dagar<\/td>\n<td style=\"text-align: right\">2,4<\/td>\n<td style=\"text-align: right\">2,19<\/td>\n<td style=\"text-align: right\">\u00a0&#8211;<\/td>\n<\/tr>\n<tr>\n<td style=\"text-align: left\">HMT avvik registrert i avvikssystemet<\/td>\n<td style=\"text-align: right\">&gt;463<\/td>\n<td style=\"text-align: right\">401<\/td>\n<td style=\"text-align: right\">&#8211;<\/td>\n<\/tr>\n<tr>\n<td>Hendingar med arbeidsrelatert skade<\/td>\n<td style=\"text-align: right\">0<\/td>\n<td style=\"text-align: right\">0<\/td>\n<td style=\"text-align: right\">&#8211;<\/td>\n<\/tr>\n<tr>\n<td colspan=\"4\"><strong>\u00d8KONOMI<\/strong><\/td>\n<\/tr>\n<tr>\n<td>Maksimum avvik i h\u00f8ve vedtekne budsjettrammer (i prosent)<\/td>\n<td style=\"text-align: right\">&lt;- 0,5<\/td>\n<td style=\"text-align: right\">1,47<\/td>\n<td style=\"text-align: right\">-0,9<\/td>\n<\/tr>\n<tr>\n<td>Kommunebarometeret: Rangering av kommunane i landet<\/td>\n<td style=\"text-align: right\">&gt;218<\/td>\n<td style=\"text-align: right\">169<\/td>\n<td style=\"text-align: right\">218<\/td>\n<\/tr>\n<\/tbody>\n<\/table>\n<p>I medarbeidarunders\u00f8kinga som vart gjennomf\u00f8rt i 2015 er det ein gjennomg\u00e5ande tendens at resultata er betra sidan f\u00f8reg\u00e5ande unders\u00f8kingar. Etter unders\u00f8kinga i 2013, er fleire aktivitetar sett i gang blant anna i h\u00f8ve oppf\u00f8lging av fysisk arbeidsmilj\u00f8. Stord kommune har etablert elektronisk registrering av saker til forbetring, sjekklister er etablert for systematisk gjennomgang og i 2015\/2016 vert det starta system for vernerunde og risikovurdering. Resultat fr\u00e5 medarbeidarunders\u00f8kinga er eit viktig supplement og dannar grunnlaget for einingane sitt arbeid for eit betre arbeidsmilj\u00f8.<\/p>\n","protected":false},"excerpt":{"rendered":"<p>M\u00e5lemetodane som er lagt til grunn i det overordna m\u00e5lekartet er i hovudsak basert p\u00e5 brukar- og medarbeidarunders\u00f8kingar som er utarbeidd av www.bedrekommune.no. Unders\u00f8kingane gjev eit bilete av kva brukarane meiner om tenestene og om vi m\u00e5 justera m\u00e5lsetjingane v\u00e5re. Unders\u00f8kinga gjev ogs\u00e5 eit bilete av kva arbeidstakarane meiner om organisasjonen og om det er<\/p>\n","protected":false},"author":2,"featured_media":0,"parent":0,"menu_order":2,"comment_status":"closed","ping_status":"closed","template":"","meta":{"footnotes":""},"jetpack_sharing_enabled":true,"_links":{"self":[{"href":"https:\/\/sk-dokument.no\/arsmelding-2015\/index.php?rest_route=\/wp\/v2\/pages\/13"}],"collection":[{"href":"https:\/\/sk-dokument.no\/arsmelding-2015\/index.php?rest_route=\/wp\/v2\/pages"}],"about":[{"href":"https:\/\/sk-dokument.no\/arsmelding-2015\/index.php?rest_route=\/wp\/v2\/types\/page"}],"author":[{"embeddable":true,"href":"https:\/\/sk-dokument.no\/arsmelding-2015\/index.php?rest_route=\/wp\/v2\/users\/2"}],"replies":[{"embeddable":true,"href":"https:\/\/sk-dokument.no\/arsmelding-2015\/index.php?rest_route=%2Fwp%2Fv2%2Fcomments&post=13"}],"version-history":[{"count":1,"href":"https:\/\/sk-dokument.no\/arsmelding-2015\/index.php?rest_route=\/wp\/v2\/pages\/13\/revisions"}],"predecessor-version":[{"id":607,"href":"https:\/\/sk-dokument.no\/arsmelding-2015\/index.php?rest_route=\/wp\/v2\/pages\/13\/revisions\/607"}],"wp:attachment":[{"href":"https:\/\/sk-dokument.no\/arsmelding-2015\/index.php?rest_route=%2Fwp%2Fv2%2Fmedia&parent=13"}],"curies":[{"name":"wp","href":"https:\/\/api.w.org\/{rel}","templated":true}]}}