{"id":275,"date":"2016-05-02T15:10:22","date_gmt":"2016-05-02T13:10:22","guid":{"rendered":"http:\/\/lab.zpirit.no\/sk-arsmelding\/?page_id=275"},"modified":"2016-05-02T15:10:22","modified_gmt":"2016-05-02T13:10:22","slug":"maloppnaing","status":"publish","type":"page","link":"https:\/\/sk-dokument.no\/arsmelding-2015\/?page_id=275","title":{"rendered":"M\u00e5loppn\u00e5ing"},"content":{"rendered":"<table>\n<thead>\n<tr>\n<th>M\u00e5loppn\u00e5ing<\/th>\n<th style=\"text-align: center\" width=\"17%\">M\u00e5l 2016<\/th>\n<th style=\"text-align: center\" width=\"17%\">Resultat 2015<\/th>\n<th style=\"text-align: center\" width=\"17%\">Resultat 2014<\/th>\n<\/tr>\n<tr>\n<th style=\"text-align: center\"><\/th>\n<th style=\"text-align: center\">Stord<\/th>\n<th style=\"text-align: center\">Stord<\/th>\n<th style=\"text-align: center\">Stord<\/th>\n<\/tr>\n<\/thead>\n<tbody>\n<tr>\n<td>Del p\u00e5 venteliste til musikk- og kulturskule<\/td>\n<td style=\"text-align: right\">&lt;4,2<\/td>\n<td style=\"text-align: right\">9,7<\/td>\n<td style=\"text-align: right\">12,4<\/td>\n<\/tr>\n<tr>\n<td>Del brukarar i grunnskulealder i kommunens musikk- og kulturskule, av tal born i alderen 6-15 \u00e5r<\/td>\n<td style=\"text-align: right\">&gt;18,9<\/td>\n<td style=\"text-align: right\">20,6<\/td>\n<td style=\"text-align: right\">19,7<\/td>\n<\/tr>\n<\/tbody>\n<\/table>\n<p>Hausten 2015 hadde kulturskulen 882 elevplassar, dette er ei auke p\u00e5 om lag 70 elevplassar i h\u00f8ve til same periode i 2014. Auken skuldast betre utnytting av ressursar.\u00a0 Kulturskulen hadde 14,4 \u00e5rsverk fordelt p\u00e5 24 tilsette, 11 kvinner og 13 menn. I Stord kommune har om lag 21 prosent av grunnskulelevane elevplass i kulturskulen. Gjennomsnittet for landet er ca. 17\u00a0prosent P\u00e5 ventelista st\u00e5r 274 elevar, til saman s\u00f8kjer desse om 473 elevplassar.<\/p>\n<p>Kulturskulen har tilbod om undervisning i strykeinstrumenter (fiolin, bratsj, cello og kontrabass), gitar\/elgitar, bl\u00e5seinstrument (tverrfl\u00f8yte, trompet, kornett, trombone, baryton, klarinett, saksofon), song, el-bass, piano, slagverk, kor (Stord kulturskulekor og Stord ungdomskor), musikkleik 0-1, musikkterapi, band, dans (klassisk ballett, jazz, hip-hop, street, moderne) drama\/teater, visuelle kunstfag og parkour. Kulturskulen har to strykeorkester, inndelt etter alder og niv\u00e5, samt eit danseensemble for dei eldre elevane.<\/p>\n<p>Kulturskulen sel dirigent-tenester til Langeland skulekorps, Rommetveit skulekorps, Sagv\u00e5g skulekorps og Stord skulekorps, samt musikartenester til\u00a0 Sunnhordland kammerorkester og musikkterapi-tenester til fleire av grunnskulane i kommunen og Jentespranget. Vidare sel kulturskulen l\u00e6rartenester til Fitjar kommune og musikklina ved Stord vidareg\u00e5ande skule.<\/p>\n<p>Stord kulturskule samarbeider med Kulturtenester i Stord kommune, Stord folkebibliotek, Knutsa\u00e5sen sjukeheim, Stord sjukeheim, Heimesjukepleia, Falturiltu, H\u00f8gskulen Stord\/Haugesund, Sunnhordland museum, barne- og ungdomsteaterfestivalen p\u00e5 Stord, Kyrkja i Stord, Fitjar kulturskule, B\u00f8mlo kulturskule, Kvinnherad kulturskule, Heiane mottakssenter og UDI.<\/p>\n<p>Kulturskulen fekk i 2015 stetta s\u00f8knad om midlar til aktivitetar for barn i mottak fr\u00e5 UDI med 127.000 kroner, som blei nytta til prosjekt i Heiane barnehage og i samarbeid med Langeland skule.<\/p>\n<p>Kulturskulen arrangerte i 2015:<\/p>\n<ul>\n<li>Ei lang rekke konsertar\/framsyningar for elevar og f\u00f8resette<\/li>\n<li>Festkonsert og teaterframsyninga \u00abHeavykatten\u00bb i samband med markeringa av kulturskulen sitt 40-\u00e5rs jubileum.<\/li>\n<li>Sju arrangement for eldre i institusjonar\/heimesjukepleie, gjennomf\u00f8rt med midlar fr\u00e5 Den kulturelle spaserstokken, i samarbeid med institusjonar og kulturtenester i kommunen.<\/li>\n<li>Danseseksjonen i kulturskulen hadde ansvaret for regional samling for Dansens dag, ein dag som vert markert over heile verda. 20 av danseelevane v\u00e5re var ogs\u00e5 representert under Dansens dag-markeringa i Bergen.<\/li>\n<li>Seminar og konsert i samband med \u00abDen klassiske gitarens dag\u00bb 1. februar. Samarbeid med B\u00f8mlo kulturskule, Stord vidareg\u00e5ande og H\u00f8gskolen Stord\/Haugesund<\/li>\n<li>Trio Vest\/distriktsmusikargruppa har hatt fleire samarbeidskonsertar i lag med lokale kor. I tillegg har trioen hatt ulike innslag p\u00e5 ei rekkje private og offentlege arrangement, samt samarbeid med lag og organisasjonar.<\/li>\n<li>Barnehagekonsertar for alle barnehagane i kommunen<\/li>\n<li>Familielaurdag med sm\u00e5 teaterstykke for dei yngste borna og Danseensemblet sin sommarkavalkade.<\/li>\n<li>Samarbeid med Falturiltu, om fleire arrangement i festivalveka.<\/li>\n<\/ul>\n","protected":false},"excerpt":{"rendered":"<p>M\u00e5loppn\u00e5ing M\u00e5l 2016 Resultat 2015 Resultat 2014 Stord Stord Stord Del p\u00e5 venteliste til musikk- og kulturskule &lt;4,2 9,7 12,4 Del brukarar i grunnskulealder i kommunens musikk- og kulturskule, av tal born i alderen 6-15 \u00e5r &gt;18,9 20,6 19,7 Hausten 2015 hadde kulturskulen 882 elevplassar, dette er ei auke p\u00e5 om lag 70 elevplassar i<\/p>\n","protected":false},"author":2,"featured_media":0,"parent":75,"menu_order":0,"comment_status":"closed","ping_status":"closed","template":"","meta":{"footnotes":""},"jetpack_sharing_enabled":true,"_links":{"self":[{"href":"https:\/\/sk-dokument.no\/arsmelding-2015\/index.php?rest_route=\/wp\/v2\/pages\/275"}],"collection":[{"href":"https:\/\/sk-dokument.no\/arsmelding-2015\/index.php?rest_route=\/wp\/v2\/pages"}],"about":[{"href":"https:\/\/sk-dokument.no\/arsmelding-2015\/index.php?rest_route=\/wp\/v2\/types\/page"}],"author":[{"embeddable":true,"href":"https:\/\/sk-dokument.no\/arsmelding-2015\/index.php?rest_route=\/wp\/v2\/users\/2"}],"replies":[{"embeddable":true,"href":"https:\/\/sk-dokument.no\/arsmelding-2015\/index.php?rest_route=%2Fwp%2Fv2%2Fcomments&post=275"}],"version-history":[{"count":0,"href":"https:\/\/sk-dokument.no\/arsmelding-2015\/index.php?rest_route=\/wp\/v2\/pages\/275\/revisions"}],"up":[{"embeddable":true,"href":"https:\/\/sk-dokument.no\/arsmelding-2015\/index.php?rest_route=\/wp\/v2\/pages\/75"}],"wp:attachment":[{"href":"https:\/\/sk-dokument.no\/arsmelding-2015\/index.php?rest_route=%2Fwp%2Fv2%2Fmedia&parent=275"}],"curies":[{"name":"wp","href":"https:\/\/api.w.org\/{rel}","templated":true}]}}