{"id":313,"date":"2016-05-03T13:27:13","date_gmt":"2016-05-03T11:27:13","guid":{"rendered":"http:\/\/lab.zpirit.no\/sk-arsmelding\/?page_id=313"},"modified":"2016-05-03T13:27:13","modified_gmt":"2016-05-03T11:27:13","slug":"avsetnader","status":"publish","type":"page","link":"https:\/\/sk-dokument.no\/arsmelding-2015\/?page_id=313","title":{"rendered":"Avsetnader"},"content":{"rendered":"<table>\n<thead>\n<tr>\n<th>Netto avsetning, spesifikasjon (1000 kr)<\/th>\n<th style=\"text-align: center\" width=\"17%\">Rekneskap<\/th>\n<th style=\"text-align: center\" width=\"17%\">Budsjett rev.<\/th>\n<th style=\"text-align: center\" width=\"17%\">Budsjett opph.<\/th>\n<th style=\"text-align: center\" width=\"17%\">Rekneskap<\/th>\n<\/tr>\n<\/thead>\n<tbody>\n<tr>\n<td style=\"text-align: center\"><\/td>\n<td style=\"text-align: center\">2015<\/td>\n<td style=\"text-align: center\">2015<\/td>\n<td style=\"text-align: center\">2015<\/td>\n<td style=\"text-align: center\">2014<\/td>\n<\/tr>\n<tr>\n<td>Bruk av udisponert fr\u00e5 tidlegare \u00e5r<\/td>\n<td style=\"text-align: right\">27 002<\/td>\n<td style=\"text-align: right\">27 052<\/td>\n<td style=\"text-align: right\">37 314<\/td>\n<td style=\"text-align: right\">32 483<\/td>\n<\/tr>\n<tr>\n<td>Bruk av disposisjonsfond<\/td>\n<td><\/td>\n<td><\/td>\n<td style=\"text-align: right\">24 000<\/td>\n<td><\/td>\n<\/tr>\n<tr>\n<td>Bruk av bundne driftsfond<\/td>\n<td style=\"text-align: right\">8 625<\/td>\n<td style=\"text-align: right\">2 642<\/td>\n<td style=\"text-align: right\">4 171<\/td>\n<td style=\"text-align: right\">9 432<\/td>\n<\/tr>\n<tr>\n<td>Sum bruk av avsetningar<\/td>\n<td style=\"text-align: right\">35 627<\/td>\n<td style=\"text-align: right\">29 695<\/td>\n<td style=\"text-align: right\">65 485<\/td>\n<td style=\"text-align: right\">41 915<\/td>\n<\/tr>\n<tr>\n<td><\/td>\n<td><\/td>\n<td><\/td>\n<td><\/td>\n<td><\/td>\n<\/tr>\n<tr>\n<td>Overf\u00f8rt til inv. rekneskapen<\/td>\n<td style=\"text-align: right\">228<\/td>\n<td style=\"text-align: right\">1 338<\/td>\n<td style=\"text-align: right\">24 000<\/td>\n<td style=\"text-align: right\">327<\/td>\n<\/tr>\n<tr>\n<td>Avsett til dekning fr\u00e5 tidligare \u00e5r<\/td>\n<td><\/td>\n<td><\/td>\n<td><\/td>\n<td style=\"text-align: right\">16 290<\/td>\n<\/tr>\n<tr>\n<td>Avsett til disposisjonsfond<\/td>\n<td style=\"text-align: right\">13 948<\/td>\n<td style=\"text-align: right\">13 690<\/td>\n<td style=\"text-align: right\">24 002<\/td>\n<td><\/td>\n<\/tr>\n<tr>\n<td>Avsett til bundne fond<\/td>\n<td style=\"text-align: right\">14 095<\/td>\n<td style=\"text-align: right\">50<\/td>\n<td style=\"text-align: right\">31<\/td>\n<td style=\"text-align: right\">8 721<\/td>\n<\/tr>\n<tr>\n<td>Sum avsetningar<\/td>\n<td style=\"text-align: right\">28 271<\/td>\n<td style=\"text-align: right\">15 079<\/td>\n<td style=\"text-align: right\">48 033<\/td>\n<td style=\"text-align: right\">25 338<\/td>\n<\/tr>\n<tr>\n<td>Sum netto avsetningar<\/td>\n<td style=\"text-align: right\">-7 355<\/td>\n<td style=\"text-align: right\">-14 616<\/td>\n<td style=\"text-align: right\">-17 452<\/td>\n<td style=\"text-align: right\">-16 577<\/td>\n<\/tr>\n<\/tbody>\n<\/table>\n<p>&nbsp;<\/p>\n<p>Det er brukt 8,6 millionar kroner av bundne fond, og sett av 14 millionar til bunde fond.<\/p>\n<p><strong>Oversyn bruk av fond og avsetningar til fond, st\u00f8rste postar. <\/strong><\/p>\n<table>\n<thead>\n<tr>\n<th style=\"text-align: center\" colspan=\"2\" width=\"50%\">Bruk (1000 kr)<\/th>\n<th style=\"text-align: center\" colspan=\"2\" width=\"50%\">Avsetnader (1000 kr)<\/th>\n<\/tr>\n<\/thead>\n<tbody>\n<tr>\n<td>Husbanken, tilpassing av bustad<\/td>\n<td style=\"text-align: right\">1 644<\/td>\n<td>Sosial og f\u00f8rebyggjande, tiltak utanfor institusjon<\/td>\n<td style=\"text-align: right\">2 025<\/td>\n<\/tr>\n<tr>\n<td>Rusarbeid (Hasjavvenning, tillitsperson)<\/td>\n<td style=\"text-align: right\">1 760<\/td>\n<td>Regulering, byggesak og oppm\u00e5ling, sj\u00f8lvkost<\/td>\n<td style=\"text-align: right\">3 932<\/td>\n<\/tr>\n<tr>\n<td>Stordmodellen<\/td>\n<td style=\"text-align: right\">1 357<\/td>\n<td>SFO, sj\u00f8lvkost<\/td>\n<td style=\"text-align: right\">945<\/td>\n<\/tr>\n<tr>\n<td>Diverse andre \u00f8yremerka statstilskot\/skj\u00f8nsmidlar<\/td>\n<td style=\"text-align: right\">3 839<\/td>\n<td>F\u00f8rebyggjande helse, tilbod til personar med rusproblem<\/td>\n<td style=\"text-align: right\">890<\/td>\n<\/tr>\n<tr>\n<td><\/td>\n<td><\/td>\n<td>Flyktningeteneste, skj\u00f8nsmidlar<\/td>\n<td style=\"text-align: right\">837<\/td>\n<\/tr>\n<tr>\n<td><\/td>\n<td><\/td>\n<td>Falturiltu<\/td>\n<td style=\"text-align: right\">400<\/td>\n<\/tr>\n<tr>\n<td><\/td>\n<td><\/td>\n<td>Diverse andre \u00f8yremerka statstilskot\/skj\u00f8nsmidlar<\/td>\n<td style=\"text-align: right\">4 971<\/td>\n<\/tr>\n<tr>\n<td>Sum bruk<\/td>\n<td style=\"text-align: right\">8 625<\/td>\n<td>Sum avsetnad<\/td>\n<td style=\"text-align: right\">14 095<\/td>\n<\/tr>\n<\/tbody>\n<\/table>\n<p>&nbsp;<\/p>\n<h4>Utvalde n\u00f8kkeltal fr\u00e5 KOSTRA, konsern [1]<\/h4>\n<table>\n<thead>\n<tr>\n<th><\/th>\n<th style=\"text-align: center\">2015<\/th>\n<th style=\"text-align: center\">2014<\/th>\n<th style=\"text-align: center\">2013<\/th>\n<th style=\"text-align: center\">Kommune gruppe 8 2015<\/th>\n<th style=\"text-align: center\">Landet utanom Oslo 2015<\/th>\n<\/tr>\n<\/thead>\n<tbody>\n<tr>\n<td>Brutto driftsresultat i prosent av brutto driftsinntekte [2]<\/td>\n<td style=\"text-align: right\">4,9<\/td>\n<td style=\"text-align: right\">3,0<\/td>\n<td style=\"text-align: right\">4,7<\/td>\n<td style=\"text-align: right\">2,6<\/td>\n<td style=\"text-align: right\">2,5<\/td>\n<\/tr>\n<tr>\n<td>Netto driftsresultat i prosent av brutto driftsinntekter<\/td>\n<td style=\"text-align: right\">3,7<\/td>\n<td style=\"text-align: right\">1,8<\/td>\n<td style=\"text-align: right\">3,6<\/td>\n<td style=\"text-align: right\">2,6<\/td>\n<td style=\"text-align: right\">2,9<\/td>\n<\/tr>\n<tr>\n<td>Overskot f\u00f8r l\u00e5n og avsetningar i % av brutto driftsinntekter<\/td>\n<td style=\"text-align: right\">-3,3<\/td>\n<td style=\"text-align: right\">-3,3<\/td>\n<td style=\"text-align: right\">-5,8<\/td>\n<td style=\"text-align: right\">-5,0<\/td>\n<td style=\"text-align: right\">-3,4<\/td>\n<\/tr>\n<tr>\n<td>Netto finans og avdrag i % av brutto driftsinntekte [3]<\/td>\n<td style=\"text-align: right\">5,6<\/td>\n<td style=\"text-align: right\">5,5<\/td>\n<td style=\"text-align: right\">5,3<\/td>\n<td style=\"text-align: right\">4,0<\/td>\n<td style=\"text-align: right\">3,9<\/td>\n<\/tr>\n<tr>\n<td>Netto avdrag i prosent av brutto driftsinntekter<\/td>\n<td style=\"text-align: right\">2,7<\/td>\n<td style=\"text-align: right\">2,6<\/td>\n<td style=\"text-align: right\">2,7<\/td>\n<td style=\"text-align: right\">3,3<\/td>\n<td style=\"text-align: right\">3,3<\/td>\n<\/tr>\n<tr>\n<td>Netto finans i prosent av brutto driftsinntekter<\/td>\n<td style=\"text-align: right\">2,9<\/td>\n<td style=\"text-align: right\">2,9<\/td>\n<td style=\"text-align: right\">2,7<\/td>\n<td style=\"text-align: right\">1,1<\/td>\n<td style=\"text-align: right\">0,7<\/td>\n<\/tr>\n<tr>\n<td>Netto l\u00e5negjeld i prosent av brutto driftsinntekte [4]<\/td>\n<td style=\"text-align: right\">97,9<\/td>\n<td style=\"text-align: right\">95,5<\/td>\n<td style=\"text-align: right\">90,5<\/td>\n<td style=\"text-align: right\">89,3<\/td>\n<td style=\"text-align: right\">81,0<\/td>\n<\/tr>\n<tr>\n<td>Langsiktig gjeld i prosent av brutto driftsinntekte [5]<\/td>\n<td style=\"text-align: right\">227,3<\/td>\n<td style=\"text-align: right\">224,6<\/td>\n<td style=\"text-align: right\">215,8<\/td>\n<td style=\"text-align: right\">217,6<\/td>\n<td style=\"text-align: right\">216,9<\/td>\n<\/tr>\n<tr>\n<td>-Av dette pensjonsforpliktelsar i prosent av brutto driftsinntekter<\/td>\n<td style=\"text-align: right\">115,7<\/td>\n<td style=\"text-align: right\">116,0<\/td>\n<td style=\"text-align: right\">112,8<\/td>\n<td style=\"text-align: right\">109,6<\/td>\n<td style=\"text-align: right\">117,1<\/td>\n<\/tr>\n<tr>\n<td>Sertifikatl\u00e5 [6] i prosent av langsiktig gjeld eks pensjonsforpliktingar<\/td>\n<td style=\"text-align: right\">57,2<\/td>\n<td><\/td>\n<td><\/td>\n<td><\/td>\n<td><\/td>\n<\/tr>\n<tr>\n<td>Renteeksponert gjel [7] i prosent av brutto driftsinntekter<\/td>\n<td style=\"text-align: right\">40,5<\/td>\n<td style=\"text-align: right\">45,3<\/td>\n<td style=\"text-align: right\">47,5<\/td>\n<td><\/td>\n<td><\/td>\n<\/tr>\n<tr>\n<td>Renteeksponert gjeld i prosent av langsiktig gjeld eks pensjonsforpliktingar<\/td>\n<td style=\"text-align: right\">36,3<\/td>\n<td style=\"text-align: right\">41,7<\/td>\n<td style=\"text-align: right\">46,1<\/td>\n<td><\/td>\n<td><\/td>\n<\/tr>\n<tr>\n<td>Netto renteeksponering i prosent av brutto driftsinntekter<\/td>\n<td style=\"text-align: right\">30,7<\/td>\n<td style=\"text-align: right\">32,9<\/td>\n<td style=\"text-align: right\">37,6<\/td>\n<td><\/td>\n<td><\/td>\n<\/tr>\n<tr>\n<td>Arbeidskapita [8] ex. premieavvik i prosent av brutto driftsinntekter<\/td>\n<td style=\"text-align: right\">14,3<\/td>\n<td style=\"text-align: right\">11,7<\/td>\n<td style=\"text-align: right\">8,7<\/td>\n<td style=\"text-align: right\">18,3<\/td>\n<td style=\"text-align: right\">24,5<\/td>\n<\/tr>\n<tr>\n<td colspan=\"6\">Finansiering investering:<\/td>\n<\/tr>\n<tr>\n<td>Intern finansiering (fond, e-skatt)<\/td>\n<td style=\"text-align: right\">28,6<\/td>\n<td style=\"text-align: right\">-11,4<\/td>\n<td style=\"text-align: right\">15,9<\/td>\n<td style=\"text-align: right\">2,0<\/td>\n<td style=\"text-align: right\">1,6<\/td>\n<\/tr>\n<tr>\n<td>Tilskot, refusjonar, salsinntekter m.m., i % av brutto investeringsutgifter<\/td>\n<td style=\"text-align: right\">19,4<\/td>\n<td style=\"text-align: right\">30,2<\/td>\n<td style=\"text-align: right\">15,9<\/td>\n<td style=\"text-align: right\">31,1<\/td>\n<td style=\"text-align: right\">33,5<\/td>\n<\/tr>\n<tr>\n<td>-Av dette sal av fast eigedom<\/td>\n<td style=\"text-align: right\">4,5<\/td>\n<td style=\"text-align: right\">11,3<\/td>\n<td style=\"text-align: right\">1,4<\/td>\n<td style=\"text-align: right\">5,7<\/td>\n<td style=\"text-align: right\">7,1<\/td>\n<\/tr>\n<tr>\n<td>Bruk av l\u00e5n (netto) i % av brutto investeringsutgifter<\/td>\n<td style=\"text-align: right\">51,8<\/td>\n<td style=\"text-align: right\">79,7<\/td>\n<td style=\"text-align: right\">62,6<\/td>\n<td style=\"text-align: right\">62,3<\/td>\n<td style=\"text-align: right\">60,4<\/td>\n<\/tr>\n<tr>\n<td colspan=\"6\">Frie inntekter:<\/td>\n<\/tr>\n<tr>\n<td>Skatt p\u00e5 inntekt og formue i % av brutto driftsinntekter<\/td>\n<td style=\"text-align: right\">36,9<\/td>\n<td style=\"text-align: right\">35,8<\/td>\n<td style=\"text-align: right\">36,4<\/td>\n<td style=\"text-align: right\">33,1<\/td>\n<td style=\"text-align: right\">33,0<\/td>\n<\/tr>\n<tr>\n<td>Statleg rammeoverf\u00f8ring i % av brutto driftsinntekter<\/td>\n<td style=\"text-align: right\">32,0<\/td>\n<td style=\"text-align: right\">32,7<\/td>\n<td style=\"text-align: right\">32,4<\/td>\n<td style=\"text-align: right\">34,2<\/td>\n<td style=\"text-align: right\">32,6<\/td>\n<\/tr>\n<tr>\n<td>Eigedomsskatt i % av brutto driftsinntekter<\/td>\n<td style=\"text-align: right\">3,0<\/td>\n<td style=\"text-align: right\">3,2<\/td>\n<td style=\"text-align: right\">3,2<\/td>\n<td style=\"text-align: right\">2,4<\/td>\n<td style=\"text-align: right\">3,2<\/td>\n<\/tr>\n<tr>\n<td colspan=\"6\">N\u00f8kkeltal i kroner per innbyggjar:<\/td>\n<\/tr>\n<tr>\n<td>Frie inntekter i kroner per innbyggar<\/td>\n<td style=\"text-align: right\">48 153<\/td>\n<td style=\"text-align: right\">46 092<\/td>\n<td style=\"text-align: right\">45 304<\/td>\n<td style=\"text-align: right\">48 131<\/td>\n<td style=\"text-align: right\">49 762<\/td>\n<\/tr>\n<tr>\n<td>Netto l\u00e5negjeld i kroner per innbyggjar [9]<\/td>\n<td style=\"text-align: right\">68 363<\/td>\n<td style=\"text-align: right\">64 144<\/td>\n<td style=\"text-align: right\">59 599<\/td>\n<td style=\"text-align: right\">63 800<\/td>\n<td style=\"text-align: right\">61 391<\/td>\n<\/tr>\n<tr>\n<td>Pensjonsforplikting i kroner per innbyggjar<\/td>\n<td style=\"text-align: right\">80 818<\/td>\n<td style=\"text-align: right\">77 925<\/td>\n<td style=\"text-align: right\">74 283<\/td>\n<td style=\"text-align: right\">78 294<\/td>\n<td style=\"text-align: right\">88 668<\/td>\n<\/tr>\n<tr>\n<td>Brutto utgifter til premieavvik per innbyggjar<\/td>\n<td style=\"text-align: right\">444<\/td>\n<td style=\"text-align: right\">9<\/td>\n<td style=\"text-align: right\">-1 079<\/td>\n<td style=\"text-align: right\">591<\/td>\n<td style=\"text-align: right\">629<\/td>\n<\/tr>\n<\/tbody>\n<\/table>\n<p>&nbsp;<\/p>\n<p>&nbsp;<\/p>\n<p>Kommunen si samla l\u00e5negjeld har auka med 99 millionar kroner i 2015, og er no p\u00e5 brutto 1,462 milliardar kroner. Av dette er 685,1 millionar kroner l\u00e5nt ut vidare; 545,2 millionar kroner til vass- og avlaupsf\u00f8rem\u00e5l, 126 millionar kroner er l\u00e5nt ut til innbyggjarane i kommunen som startl\u00e5n\/formidlingsl\u00e5n, og 13,9 millionar kroner er vidareutl\u00e5nt til Stord hamnestell. Netto l\u00e5negjeld per innbyggjar i kommunen er no p\u00e5 68 363 kroner. Dette er h\u00f8gare enn samanlikningskommunane, som har 63 800 kroner. Stord har netto utgifter til finans, f\u00f8r avdrag, p\u00e5 2,9 prosent av inntektene. Dette er mykje i h\u00f8ve til resten av landet, som har 0,7 prosent. Renteeksponert gjeld m\u00e5lt mot brutto driftsinntekter er omtrent p\u00e5 landsgjennomsnittet (33 prosent), jf. kommunebarometeret.<\/p>\n<p>&nbsp;<\/p>\n<table>\n<thead>\n<tr>\n<th>Gjeld fordelt p\u00e5 sj\u00f8lvkostomr\u00e5det og anna verksemd (heile 1000)<\/th>\n<th style=\"text-align: center\" width=\"15%\">2014<\/th>\n<th style=\"text-align: center\" width=\"15%\">2015<\/th>\n<\/tr>\n<\/thead>\n<tbody>\n<tr>\n<td>Kommunen si samla l\u00e5negjeld<\/td>\n<td style=\"text-align: right\">1 362 988<\/td>\n<td style=\"text-align: right\">1 462 382<\/td>\n<\/tr>\n<tr>\n<td>Vatn, avlaup og renovasjon, del i kroner<\/td>\n<td style=\"text-align: right\">500 697<\/td>\n<td style=\"text-align: right\">545 218<\/td>\n<\/tr>\n<tr>\n<td>Vatn, avlaup og renovasjon, del i prosent<\/td>\n<td style=\"text-align: right\">37<\/td>\n<td style=\"text-align: right\">37<\/td>\n<\/tr>\n<tr>\n<td>Startl\u00e5n\/formidlingsl\u00e5n i kroner<\/td>\n<td style=\"text-align: right\">119 633<\/td>\n<td style=\"text-align: right\">126 066<\/td>\n<\/tr>\n<tr>\n<td>Startl\u00e5n\/formidlingsl\u00e5n i prosent<\/td>\n<td style=\"text-align: right\">9<\/td>\n<td style=\"text-align: right\">9<\/td>\n<\/tr>\n<tr>\n<td>Stord hamnestell sin del av gjelda i kroner<\/td>\n<td style=\"text-align: right\">14 547<\/td>\n<td style=\"text-align: right\">13 904<\/td>\n<\/tr>\n<tr>\n<td>Stord hamnestell sin del av gjelda i prosent<\/td>\n<td style=\"text-align: right\">1<\/td>\n<td style=\"text-align: right\">1<\/td>\n<\/tr>\n<tr>\n<td>Anna kommunal verksemd i kroner<\/td>\n<td style=\"text-align: right\">728 112<\/td>\n<td style=\"text-align: right\">777 194<\/td>\n<\/tr>\n<tr>\n<td>Anna kommunal verksemd i prosent<\/td>\n<td style=\"text-align: right\">53<\/td>\n<td style=\"text-align: right\">53<\/td>\n<\/tr>\n<\/tbody>\n<\/table>\n<p>&nbsp;<\/p>\n<p>Kommunen sine gjeldsutgifter innanfor sj\u00f8lvkostomr\u00e5da er finansiert over brukarbetalingar. Renteutgifter til startl\u00e5n\/formidlingsl\u00e5n er dekka av l\u00e5ntakar. Stord hamnestell sine renter og avdrag er finansiert av hamnestellet sine inntekter. Kommunen si ordin\u00e6re gjeld er i hovudsak finansiert over kommunen sine frie inntekter, dvs. skatt og rammetilskot.<\/p>\n<p>&nbsp;<\/p>\n<table>\n<thead>\n<tr>\n<th>Gjeld som vert dekka av \u00f8yremerka statstilskot<\/th>\n<th style=\"text-align: center\" width=\"15%\">2014<\/th>\n<th style=\"text-align: center\" width=\"15%\">2015<\/th>\n<\/tr>\n<\/thead>\n<tbody>\n<tr>\n<td>Grunnlag for rentekompensasjon skuleutbygging reform -97<\/td>\n<td style=\"text-align: right\">2 312 000<\/td>\n<td style=\"text-align: right\">1 156 000<\/td>\n<\/tr>\n<tr>\n<td>Grunnlag for rentekompensasjon skuleutbygging<\/td>\n<td style=\"text-align: right\">79 700 325<\/td>\n<td style=\"text-align: right\">76 538 061<\/td>\n<\/tr>\n<tr>\n<td>Grunnlag for rente- og avdragskompensasjon omsorgsbustader, institusjonsutbygging<\/td>\n<td style=\"text-align: right\">44 409 870<\/td>\n<td style=\"text-align: right\">39 195 640<\/td>\n<\/tr>\n<tr>\n<td>Grunnlag for rentekompensasjon kyrkjebygg<\/td>\n<td style=\"text-align: right\">10 482 510<\/td>\n<td style=\"text-align: right\">10 267 119<\/td>\n<\/tr>\n<tr>\n<td>Del av totalgjelda som vert kompensert, i kr<\/td>\n<td style=\"text-align: right\">136 904 705<\/td>\n<td style=\"text-align: right\">127 156 820<\/td>\n<\/tr>\n<tr>\n<td>Del av totalgjelda som vert kompensert, i prosent<\/td>\n<td style=\"text-align: right\">10<\/td>\n<td style=\"text-align: right\">8,7<\/td>\n<\/tr>\n<\/tbody>\n<\/table>\n<p><strong>\u00a0<\/strong><\/p>\n<p>Kommunen fekk 5,952 millionar kroner i rente- og avdragskompensasjon i 2015.<\/p>\n<p>Unytta l\u00e5nemiddel har auka fr\u00e5 kr. 63 mill. i 2014 til kr. 95 mill. i 2015. Vatn og avlaup sin del av dette er kr. 41 mill., eigedom sin del er kr. 35,2 mill. Auken skuldast i hovudsak forseinkingar i prosjekta, og det vert gjort framlegg om overf\u00f8ring av midlane til 2016 i eiga sak til kommunestyret v\u00e5ren 2016.<\/p>\n<p>Investeringsrekneskapen vert i hovudsak f\u00f8rt i dei to f\u00f8retaka Stord kommunale eigedom KF og Stord vatn og avlaup KF, og investeringsprosjekta er n\u00e6rare omtala i \u00e5rsmeldingane fr\u00e5 f\u00f8retaka.<\/p>\n<p><em>[1] Konserntal, inkluderer kommune, kommunale f\u00f8retak, interkommunale samarbeid og interkommunale selskap<\/em><\/p>\n<p><em>[2] Fr\u00e5 og med rekneskaps\u00e5ret 2014 utg\u00e5r mva-kompensasjon opptent i investeringsrekneskapen fr\u00e5 berekninga av brutto driftsinntekter. Avskrivingar er med, slik at indikatoren kan nyttast for samanlikning med eit resultatorientert rekneskapssystem (prim\u00e6rt brukt i privat n\u00e6ringsliv)<\/em><\/p>\n<p><em>[3] Viser kor stor del av driftsinntektene som er bunde opp til tilbakebetaling av l\u00e5n<\/em><\/p>\n<p><em>[4] Langsiktig gjeld ekskl. pensjon, utl\u00e5n, unytta l\u00e5nemiddel<\/em><\/p>\n<p><em>[5] Inklusiv pensjonsforpliktingar og formidlingsl\u00e5n<\/em><\/p>\n<p><em>[6] Sertifikatl\u00e5n har kortare l\u00f8petid enn eit \u00e5r og m\u00e5 refinansierast fortl\u00f8pande. Indikatoren kan sei noko om refinansieringsrisiko. If\u00f8lge SSB er det manglande\/feilaktig rapportering fr\u00e5 andre kommunar som gjer at me ikkje har samanlikningstal. Dei har ikkje funne ein god metode for \u00e5 estimere tal for desse.<\/em><\/p>\n<p><em>[7] Korrigert for gjeld innanfor sj\u00f8lvkost omr\u00e5det og gjeld som ein f\u00e5r rentekompensasjon for gjennom Husbanken<\/em><\/p>\n<p><em>[8] Arbeidskapital: Differansen mellom omlaupsmidlar og kortsiktig gjeld, eit uttrykk for likvididet<\/em><\/p>\n<p><em>[9] Netto l\u00e5negjeld er definert som langsiktig gjeld (eksklusive pensjonsforpliktingar). Totale utl\u00e5n og ubrukte l\u00e5nemidlar er trekt fr\u00e5.<\/em><\/p>\n","protected":false},"excerpt":{"rendered":"<p>Netto avsetning, spesifikasjon (1000 kr) Rekneskap Budsjett rev. Budsjett opph. Rekneskap 2015 2015 2015 2014 Bruk av udisponert fr\u00e5 tidlegare \u00e5r 27 002 27 052 37 314 32 483 Bruk av disposisjonsfond 24 000 Bruk av bundne driftsfond 8 625 2 642 4 171 9 432 Sum bruk av avsetningar 35 627 29 695 65<\/p>\n","protected":false},"author":2,"featured_media":0,"parent":86,"menu_order":16,"comment_status":"closed","ping_status":"closed","template":"","meta":{"footnotes":""},"jetpack_sharing_enabled":true,"_links":{"self":[{"href":"https:\/\/sk-dokument.no\/arsmelding-2015\/index.php?rest_route=\/wp\/v2\/pages\/313"}],"collection":[{"href":"https:\/\/sk-dokument.no\/arsmelding-2015\/index.php?rest_route=\/wp\/v2\/pages"}],"about":[{"href":"https:\/\/sk-dokument.no\/arsmelding-2015\/index.php?rest_route=\/wp\/v2\/types\/page"}],"author":[{"embeddable":true,"href":"https:\/\/sk-dokument.no\/arsmelding-2015\/index.php?rest_route=\/wp\/v2\/users\/2"}],"replies":[{"embeddable":true,"href":"https:\/\/sk-dokument.no\/arsmelding-2015\/index.php?rest_route=%2Fwp%2Fv2%2Fcomments&post=313"}],"version-history":[{"count":0,"href":"https:\/\/sk-dokument.no\/arsmelding-2015\/index.php?rest_route=\/wp\/v2\/pages\/313\/revisions"}],"up":[{"embeddable":true,"href":"https:\/\/sk-dokument.no\/arsmelding-2015\/index.php?rest_route=\/wp\/v2\/pages\/86"}],"wp:attachment":[{"href":"https:\/\/sk-dokument.no\/arsmelding-2015\/index.php?rest_route=%2Fwp%2Fv2%2Fmedia&parent=313"}],"curies":[{"name":"wp","href":"https:\/\/api.w.org\/{rel}","templated":true}]}}