{"id":37,"date":"2016-04-18T10:50:10","date_gmt":"2016-04-18T08:50:10","guid":{"rendered":"http:\/\/lab.zpirit.no\/sk-arsmelding\/?page_id=37"},"modified":"2016-09-28T10:33:33","modified_gmt":"2016-09-28T08:33:33","slug":"informasjons-og-kommunikasjonsteknologi","status":"publish","type":"page","link":"https:\/\/sk-dokument.no\/arsmelding-2015\/?page_id=37","title":{"rendered":"Informasjons- og kommunikasjonsteknologi"},"content":{"rendered":"<p>St\u00f8tteeining IKT driftar data og serversystem, nettverk og programvare for kommunen. For 2015 vart det registrert 4289 saker i det elektroniske brukarst\u00f8ttesystemet. 98,6 prosent av desse vart l\u00f8yst inneverande \u00e5r. I tillegg kjem saker som ikkje har blitt registrert (\u00abm\u00f8rketal\u00bb) i systemet, men som er l\u00f8yst \u00abder og d\u00e5\u00bb.<\/p>\n<p>I 2015 har me oppgradert lagringssystem, tenarmaskinar, nettverk og infrastruktur. Me har ogs\u00e5 bygd ut tr\u00e5dlause nettverk i alle kommunale barnehagar, slik at desse no er rusta til \u00e5 ta i bruk IKT p\u00e5 ein god m\u00e5te. Sentralbordet til Kundetorget og telefonsentralen er ogs\u00e5 oppgradert slik at Kundetorget har ei god oversikt over tilsette i organisasjonen.<\/p>\n<p>P\u00e5 Stord Sjukeheim og i Knutsa\u00e5sen Eldresenter starta me opp arbeidet med \u00e5 bygge ut fiberoptisk breiband til alle romma og fellesareal. Bebuarane kan i f\u00f8rste kvartal 2016 tinga fjernsyn, breiband og telefoni etter eiga \u00f8nskje.<\/p>\n<p>IKT-eininga har vore sentral i arbeidet med digitalisering av tenester mot innbyggjarane og n\u00e6ringsliv i kommunen. 2015 har ein rigga kommunen for \u00e5 kunne kommunisere digitalt mot innbyggjarane fr\u00e5 sakshandsamingssystemet v\u00e5rt (ePhorte). Fr\u00e5 1. januar 2016 tek kommunen i bruk KS SvarUT, og digital kommunikasjon mot innbyggjarane og n\u00e6ringsliv vert hovudregelen.<\/p>\n<p>Kulturskulen har teke i bruk fullelektronisk s\u00f8knads- og administrasjonssystem. Nytt fulldigitalt opptakssystem for barnehage og SFO vart ogs\u00e5 p\u00e5byrja, og skal ferdigstillast i 2016.<\/p>\n<p>IKT-eininga i Stord kommune driftar rekneskap, personal- og l\u00f8nssystemet Agresso for kommunane B\u00f8mlo og Fitjar. Det er satt opp fleire integrasjonar mellom fagsystem i kommunane og Agresso. Blant anna for innkrevjing, flyktningtenesta, turnus-system og kulturskule. For RHO er det installert ny elektronisk sikker journalkjerne som st\u00f8ttar arkivering i NOARK5-standard.<\/p>\n<p>IKT-eininga er ogs\u00e5 sentral i arbeidet med informasjonstryggleik, og det har i inneverande \u00e5r vore jobba systematisk med risikovurderingar og prosedyrar for informasjonstryggleik. I l\u00f8pet av 2015 har ein opplevd ei auke i virusangrep og fors\u00f8k p\u00e5 elektronisk informasjonssvindel. D\u00e5 svindlarane ofte pr\u00f8ver \u00e5 lure informasjon ut av dei tilsette p\u00e5 ymse vis, vil haldningsskapande arbeidet vera like viktig som \u00e5 sikre seg teknisk.<\/p>\n<h4>N\u00f8kkeltal<\/h4>\n<table>\n<thead>\n<tr>\n<th>Kommunal administrasjon, styring og fellesutgifter, konsern<\/th>\n<th colspan=\"3\" width=\"16%\">Stord<\/th>\n<th width=\"16%\">Samanlik.\u00a0kommunar<\/th>\n<th width=\"16%\">Landet utan Oslo<\/th>\n<\/tr>\n<tr>\n<th><\/th>\n<th>2015<\/th>\n<th>2014<\/th>\n<th>2013<\/th>\n<th>2015<\/th>\n<th>2015<\/th>\n<\/tr>\n<\/thead>\n<tbody>\n<tr>\n<td>Netto driftsutgifter adm. og styring, i % av totale netto driftsutgifter<\/td>\n<td style=\"text-align: right\">7,2<\/td>\n<td style=\"text-align: right\">6,6<\/td>\n<td style=\"text-align: right\">7,5<\/td>\n<td style=\"text-align: right\">7,6<\/td>\n<td style=\"text-align: right\">8,1<\/td>\n<\/tr>\n<tr>\n<td>Netto driftsutgifter pr. innb. i kr. adm. og styring<\/td>\n<td style=\"text-align: right\">3 448<\/td>\n<td style=\"text-align: right\">3 135<\/td>\n<td style=\"text-align: right\">3 415<\/td>\n<td style=\"text-align: right\">3 798<\/td>\n<td style=\"text-align: right\">4 265<\/td>\n<\/tr>\n<tr>\n<td>L\u00f8nnsutgift pr innbyggjar til adm. og styring<\/td>\n<td style=\"text-align: right\">2 812<\/td>\n<td style=\"text-align: right\">2 788<\/td>\n<td style=\"text-align: right\">2 537<\/td>\n<td style=\"text-align: right\">2 761<\/td>\n<td style=\"text-align: right\">2 956<\/td>\n<\/tr>\n<tr>\n<td>Brutto driftsutgifter til politisk styring i kr pr. innb.<\/td>\n<td style=\"text-align: right\">203<\/td>\n<td style=\"text-align: right\">173<\/td>\n<td style=\"text-align: right\">188<\/td>\n<td style=\"text-align: right\">372<\/td>\n<td style=\"text-align: right\">417<\/td>\n<\/tr>\n<\/tbody>\n<\/table>\n","protected":false},"excerpt":{"rendered":"<p>St\u00f8tteeining IKT driftar data og serversystem, nettverk og programvare for kommunen. For 2015 vart det registrert 4289 saker i det elektroniske brukarst\u00f8ttesystemet. 98,6 prosent av desse vart l\u00f8yst inneverande \u00e5r. I tillegg kjem saker som ikkje har blitt registrert (\u00abm\u00f8rketal\u00bb) i systemet, men som er l\u00f8yst \u00abder og d\u00e5\u00bb. I 2015 har me oppgradert lagringssystem,<\/p>\n","protected":false},"author":2,"featured_media":0,"parent":13,"menu_order":11,"comment_status":"closed","ping_status":"closed","template":"","meta":{"footnotes":""},"jetpack_sharing_enabled":true,"_links":{"self":[{"href":"https:\/\/sk-dokument.no\/arsmelding-2015\/index.php?rest_route=\/wp\/v2\/pages\/37"}],"collection":[{"href":"https:\/\/sk-dokument.no\/arsmelding-2015\/index.php?rest_route=\/wp\/v2\/pages"}],"about":[{"href":"https:\/\/sk-dokument.no\/arsmelding-2015\/index.php?rest_route=\/wp\/v2\/types\/page"}],"author":[{"embeddable":true,"href":"https:\/\/sk-dokument.no\/arsmelding-2015\/index.php?rest_route=\/wp\/v2\/users\/2"}],"replies":[{"embeddable":true,"href":"https:\/\/sk-dokument.no\/arsmelding-2015\/index.php?rest_route=%2Fwp%2Fv2%2Fcomments&post=37"}],"version-history":[{"count":1,"href":"https:\/\/sk-dokument.no\/arsmelding-2015\/index.php?rest_route=\/wp\/v2\/pages\/37\/revisions"}],"predecessor-version":[{"id":605,"href":"https:\/\/sk-dokument.no\/arsmelding-2015\/index.php?rest_route=\/wp\/v2\/pages\/37\/revisions\/605"}],"up":[{"embeddable":true,"href":"https:\/\/sk-dokument.no\/arsmelding-2015\/index.php?rest_route=\/wp\/v2\/pages\/13"}],"wp:attachment":[{"href":"https:\/\/sk-dokument.no\/arsmelding-2015\/index.php?rest_route=%2Fwp%2Fv2%2Fmedia&parent=37"}],"curies":[{"name":"wp","href":"https:\/\/api.w.org\/{rel}","templated":true}]}}