{"id":43,"date":"2016-04-18T12:08:52","date_gmt":"2016-04-18T10:08:52","guid":{"rendered":"http:\/\/lab.zpirit.no\/sk-arsmelding\/?page_id=43"},"modified":"2016-04-18T12:08:52","modified_gmt":"2016-04-18T10:08:52","slug":"naering-miljo-og-kultur","status":"publish","type":"page","link":"https:\/\/sk-dokument.no\/arsmelding-2015\/?page_id=43","title":{"rendered":"N\u00c6RING, MILJ\u00d8 OG KULTUR"},"content":{"rendered":"<p><strong>M\u00e5lsetjing for 2015<\/strong><\/p>\n<p>Kommunen sine overordna m\u00e5lsettingar ligg i kommuneplanen for 2010-2021. Stord kommune skal i planperioden stimulera til at visjonen om \u00e5 vera saman om utvikling og velferd vert realisert gjennom \u00e5 f\u00f8lgja opp m\u00e5lsettingane innanfor mellom anna desse omr\u00e5da:<\/p>\n<ul>\n<li>Byutvikling, senterstruktur og samferdsle<\/li>\n<li>Milj\u00f8, estetikk og trivsel<\/li>\n<li>Arbeid og n\u00e6ringsliv<\/li>\n<li>Areal<\/li>\n<\/ul>\n","protected":false},"excerpt":{"rendered":"<p>M\u00e5lsetjing for 2015 Kommunen sine overordna m\u00e5lsettingar ligg i kommuneplanen for 2010-2021. Stord kommune skal i planperioden stimulera til at visjonen om \u00e5 vera saman om utvikling og velferd vert realisert gjennom \u00e5 f\u00f8lgja opp m\u00e5lsettingane innanfor mellom anna desse omr\u00e5da: Byutvikling, senterstruktur og samferdsle Milj\u00f8, estetikk og trivsel Arbeid og n\u00e6ringsliv Areal<\/p>\n","protected":false},"author":2,"featured_media":0,"parent":0,"menu_order":3,"comment_status":"closed","ping_status":"closed","template":"","meta":{"footnotes":""},"jetpack_sharing_enabled":true,"_links":{"self":[{"href":"https:\/\/sk-dokument.no\/arsmelding-2015\/index.php?rest_route=\/wp\/v2\/pages\/43"}],"collection":[{"href":"https:\/\/sk-dokument.no\/arsmelding-2015\/index.php?rest_route=\/wp\/v2\/pages"}],"about":[{"href":"https:\/\/sk-dokument.no\/arsmelding-2015\/index.php?rest_route=\/wp\/v2\/types\/page"}],"author":[{"embeddable":true,"href":"https:\/\/sk-dokument.no\/arsmelding-2015\/index.php?rest_route=\/wp\/v2\/users\/2"}],"replies":[{"embeddable":true,"href":"https:\/\/sk-dokument.no\/arsmelding-2015\/index.php?rest_route=%2Fwp%2Fv2%2Fcomments&post=43"}],"version-history":[{"count":0,"href":"https:\/\/sk-dokument.no\/arsmelding-2015\/index.php?rest_route=\/wp\/v2\/pages\/43\/revisions"}],"wp:attachment":[{"href":"https:\/\/sk-dokument.no\/arsmelding-2015\/index.php?rest_route=%2Fwp%2Fv2%2Fmedia&parent=43"}],"curies":[{"name":"wp","href":"https:\/\/api.w.org\/{rel}","templated":true}]}}