{"id":44,"date":"2016-04-18T12:08:52","date_gmt":"2016-04-18T10:08:52","guid":{"rendered":"http:\/\/lab.zpirit.no\/sk-arsmelding\/?page_id=44"},"modified":"2016-04-18T12:08:52","modified_gmt":"2016-04-18T10:08:52","slug":"naeringsarbeid","status":"publish","type":"page","link":"https:\/\/sk-dokument.no\/arsmelding-2015\/?page_id=44","title":{"rendered":"N\u00e6ringsarbeid"},"content":{"rendered":"<p>Stord kommune la p\u00e5 slutten av 2013 f\u00f8rstelinetenesta for n\u00e6ringsetablerarar ut p\u00e5 anbod. Det vart inng\u00e5tt avtale med Samarbeidsr\u00e5det for Sunnhordland og Atheno AS. Samarbeidsr\u00e5det hadde i perioden juni-desember ytt tenester til fire etablerarar, Atheno AS til 34. Det vart til saman nytta 300\u00a0050 kroner p\u00e5 tenesta i 2015.<\/p>\n<p>Stord kommune deltek i den maritime industriinkubatoren i regi av Atheno AS. Inkubatorbedriftene f\u00e5r mellom anna tilgang til kontorfasilitetar til ein lav kostnad og vert del av Atheno sitt fagmilj\u00f8. Kommunen ytte 150\u00a0000 kroner til inkubatoren i 2015.<\/p>\n<p>Komit\u00e9 for n\u00e6ring, milj\u00f8 og kultur gav i 2015 tilskot til mellom anna \u00abTour des fjords\u00bb (kr 50\u00a0000) og\u00a0 europacupdeltaking for Stord handball (kr 15\u00a0000).<\/p>\n<p>Stord kommune har hatt turistinformasjonsteneste i r\u00e5dhuset og i kulturhuset. Ein opplever at dette langt p\u00e5 veg dekker etterspurnaden etter slike tenester og legg opp til \u00e5 vidaref\u00f8ra ordninga. Informasjonsbrosjyra vart oppdatert og trykt i nytt opplag. Marknadsf\u00f8ringa av Stord og Sunnhordland skjer i hovudsak gjennom <a href=\"http:\/\/www.visitsunnhordland.no\">www.visitsunnhordland.no<\/a>. Sida hadde 261 456 visningar i 2015. Ny mobiltilpassa plattform kjem til v\u00e5ren 2016. Stord kommune ytte 224\u00a0220 kroner til Samarbeidsr\u00e5det si reiselivssatsing i 2015.<\/p>\n<p>N\u00e6ringsutvikling er elles ei prioritert oppg\u00e5ve i Samarbeidsr\u00e5det for Sunnhordland, sj\u00e5 under. Gjennom partnarskapsavtale med Hordaland fylkeskommune har Samarbeidsr\u00e5det forplikta seg til \u00e5 arbeida for det regionale utviklingsarbeidet. Ein viktig del av arbeidet er \u00e5 stimulera til n\u00e6ringssutviklingsarbeid p\u00e5 tvers av kommunegrensenene for \u00e5 utnytta regionen sitt samla vekstpotensiale. Stord kommune er ogs\u00e5 medlem i Stord n\u00e6ringsr\u00e5d og Hordaland olje og gass.<\/p>\n","protected":false},"excerpt":{"rendered":"<p>Stord kommune la p\u00e5 slutten av 2013 f\u00f8rstelinetenesta for n\u00e6ringsetablerarar ut p\u00e5 anbod. Det vart inng\u00e5tt avtale med Samarbeidsr\u00e5det for Sunnhordland og Atheno AS. Samarbeidsr\u00e5det hadde i perioden juni-desember ytt tenester til fire etablerarar, Atheno AS til 34. Det vart til saman nytta 300\u00a0050 kroner p\u00e5 tenesta i 2015. Stord kommune deltek i den maritime<\/p>\n","protected":false},"author":2,"featured_media":0,"parent":43,"menu_order":0,"comment_status":"closed","ping_status":"closed","template":"","meta":{"footnotes":""},"jetpack_sharing_enabled":true,"_links":{"self":[{"href":"https:\/\/sk-dokument.no\/arsmelding-2015\/index.php?rest_route=\/wp\/v2\/pages\/44"}],"collection":[{"href":"https:\/\/sk-dokument.no\/arsmelding-2015\/index.php?rest_route=\/wp\/v2\/pages"}],"about":[{"href":"https:\/\/sk-dokument.no\/arsmelding-2015\/index.php?rest_route=\/wp\/v2\/types\/page"}],"author":[{"embeddable":true,"href":"https:\/\/sk-dokument.no\/arsmelding-2015\/index.php?rest_route=\/wp\/v2\/users\/2"}],"replies":[{"embeddable":true,"href":"https:\/\/sk-dokument.no\/arsmelding-2015\/index.php?rest_route=%2Fwp%2Fv2%2Fcomments&post=44"}],"version-history":[{"count":0,"href":"https:\/\/sk-dokument.no\/arsmelding-2015\/index.php?rest_route=\/wp\/v2\/pages\/44\/revisions"}],"up":[{"embeddable":true,"href":"https:\/\/sk-dokument.no\/arsmelding-2015\/index.php?rest_route=\/wp\/v2\/pages\/43"}],"wp:attachment":[{"href":"https:\/\/sk-dokument.no\/arsmelding-2015\/index.php?rest_route=%2Fwp%2Fv2%2Fmedia&parent=44"}],"curies":[{"name":"wp","href":"https:\/\/api.w.org\/{rel}","templated":true}]}}