{"id":50,"date":"2016-04-18T12:08:52","date_gmt":"2016-04-18T10:08:52","guid":{"rendered":"http:\/\/lab.zpirit.no\/sk-arsmelding\/?page_id=50"},"modified":"2016-04-18T12:08:52","modified_gmt":"2016-04-18T10:08:52","slug":"fysisk-aktivitet-idrett-friluftsliv-og-kulturbygg","status":"publish","type":"page","link":"https:\/\/sk-dokument.no\/arsmelding-2015\/?page_id=50","title":{"rendered":"Fysisk aktivitet, idrett, friluftsliv og kulturbygg"},"content":{"rendered":"<p>I januar vart det sendt inn tjueseks godkjende spelemiddels\u00f8knader (20 til ordin\u00e6re idrettsanlegg og 6 til n\u00e6rmilj\u00f8anlegg) med samla kostnadsoverslag p\u00e5 kring 71 millionar kroner Det vart s\u00f8kt om vel kr. 22,2 mill. i tilskot. Etterslepet i s\u00f8knadsmassen er redusert til 3-4 \u00e5r.\u00a0Stord kommune fekk i 2015 tilsegn p\u00e5 vel kr. 5,9 mill. i spelemidlar. Desse anlegga fekk tilsegn:<\/p>\n<table>\n<thead>\n<tr>\n<th>Ordin\u00e6re anlegg<\/th>\n<th style=\"text-align: right\" width=\"25%\">(kroner)<\/th>\n<\/tr>\n<\/thead>\n<tbody>\n<tr>\n<td>Stord Hestesportsenter &#8211; stall<\/td>\n<td style=\"text-align: right\">1 400 000<\/td>\n<\/tr>\n<tr>\n<td>Stord Hestesportsenter &#8211; ridehall<\/td>\n<td style=\"text-align: right\">2 500 000<\/td>\n<\/tr>\n<tr>\n<td>Hustrudalen &#8211; R\u00f8dkleiv &#8211; oppgradering tursti<\/td>\n<td style=\"text-align: right\">1 000 000<\/td>\n<\/tr>\n<tr>\n<td>Hystad skule, treningsbane kunstgras (s\u00f8kt opp att grunna ein inkurie)<\/td>\n<td style=\"text-align: right\">458 000<\/td>\n<\/tr>\n<tr>\n<td>Samla<\/td>\n<td style=\"text-align: right\">5 358 000<\/td>\n<\/tr>\n<\/tbody>\n<\/table>\n<table>\n<thead>\n<tr>\n<th>N\u00e6rmilj\u00f8anlegg<\/th>\n<th style=\"text-align: right\" width=\"25%\">(kroner)<\/th>\n<\/tr>\n<\/thead>\n<tbody>\n<tr>\n<td>Skogatufto barnehage, aktivitetsl\u00f8ypa<\/td>\n<td style=\"text-align: right\">239 000<\/td>\n<\/tr>\n<tr>\n<td>Nys\u00e6ter idrettsanlegg, aktivitetsbane<\/td>\n<td style=\"text-align: right\">129 000<\/td>\n<\/tr>\n<tr>\n<td>Breivikjo &#8211; toalettanlegg<\/td>\n<td style=\"text-align: right\">217 000<\/td>\n<\/tr>\n<tr>\n<td>Samla<\/td>\n<td style=\"text-align: right\">585 000<\/td>\n<\/tr>\n<\/tbody>\n<\/table>\n<p>&nbsp;<\/p>\n<p>Informasjonstavler i Prestegardsskogen er kome p\u00e5 plass slik at det no er lett \u00e5 orientera seg i idrettsparken. Trott er ferdig med \u00e5 byggja klubbhus p\u00e5 pistolbanedekket og garderobebygget er pussa opp.<\/p>\n<p>Arbeidet med turveg rundt \u00c5dlandsvatnet er kome i gang og m\u00e5let er at den skal vera ferdig sommaren 2016. Ny turveg vert p\u00e5 kring 3,2 km og delar av strekninga vil f\u00e5 lys. Dette er den st\u00f8rste einskildsatsinga for turvegar p\u00e5 Stord noko tid.<\/p>\n<p>2015 var Friluftslivets \u00e5r og Kommunestyret vedtok at me skulle vera \u00abFriluftslivets \u00e5r-kommune\u00bb, og det har vore fleire gode arrangement og tilstellingar i l\u00f8pet av \u00e5ret. Mellom anna var det opning av Friluftslivets \u00e5r p\u00e5 Lundarst\u00f8l i januar og Friluftsfestival i juni. Ordf\u00f8rar Liv Kari Eskeland var Ambassad\u00f8r for friluftslivets \u00e5r. Ho opna ambassaden p\u00e5 Stord, Gapahuken i Skiphaugen, i samband med \u00e5rsm\u00f8tet for Friluftsr\u00e5det Vest der Stord kommune i \u00e5r var vertskap.<\/p>\n<p>Stord \u2013 Fitjar turlag har laga ny bru i Fossabrekko og leigd inn Sherpaer fr\u00e5 Nepal som har byrja p\u00e5 ny tursti opp til Kvelve. Dei har og laga ny tursti p\u00e5 Vatna, den s\u00e5kalla Gerdastien. Stord Rotaryklubb har sett opp nye naturstiplakatar i Land\u00e5sen.<\/p>\n<p>Det er kring 210 registrerte idretts- og friluftsanlegg i Stord kommune. Ein merkar ein klar tendens til at fleire av desse no treng rehabilitering\/oppgradering. Det har vore arbeidd med\u00a0 eit forprosjekt for ny ungdomsskule p\u00e5 Nys\u00e6ter og i samband med dette har ein og\u00a0 vurdert planar for fleirbrukshall for Sagv\u00e5g. Ein slik hall ligg ikkje inne i \u00f8konomiplanen.<\/p>\n<p>Fond for utl\u00e5n til lag og organisasjonar hadde i utgangspunktet ei ramme p\u00e5 12 millionar kroner, men vart auka til 15 millionar i 2014. Ved \u00e5rsskiftet var det kring 9,9 millionar kroner til r\u00e5dvelde. Det er 3 ulike prosjekt som har samla l\u00e5n p\u00e5 5,1 millionar kroner i fondet. Stord Hestesportsenter har majoriteten av l\u00e5na.<\/p>\n<p>Ny kommunedelplan for fysisk aktivitet, idrett og friluftsliv vart vedteken i Kommunestyret 15.02.2015.<\/p>\n<p>Det var ingen\u00a0s\u00f8knader om midlar til kulturbygg i \u00e5r, men det er planar for rehabilitering av Kulturhuset.<\/p>\n<p>Kommunen har aktive idrettslag som \u00e5rleg skipar mange flotte arrangement og aktivitetar som til d\u00f8mes handballfestival, puttefestival, symjestemner, langrenn, HAFO-cup, ridestemner, O-l\u00f8p, sykkell\u00f8p, friidrettsstemner, skyting og kampsport for \u00e5 nemne nokre.<\/p>\n","protected":false},"excerpt":{"rendered":"<p>I januar vart det sendt inn tjueseks godkjende spelemiddels\u00f8knader (20 til ordin\u00e6re idrettsanlegg og 6 til n\u00e6rmilj\u00f8anlegg) med samla kostnadsoverslag p\u00e5 kring 71 millionar kroner Det vart s\u00f8kt om vel kr. 22,2 mill. i tilskot. Etterslepet i s\u00f8knadsmassen er redusert til 3-4 \u00e5r.\u00a0Stord kommune fekk i 2015 tilsegn p\u00e5 vel kr. 5,9 mill. i spelemidlar.<\/p>\n","protected":false},"author":2,"featured_media":0,"parent":43,"menu_order":15,"comment_status":"closed","ping_status":"closed","template":"","meta":{"footnotes":""},"jetpack_sharing_enabled":true,"_links":{"self":[{"href":"https:\/\/sk-dokument.no\/arsmelding-2015\/index.php?rest_route=\/wp\/v2\/pages\/50"}],"collection":[{"href":"https:\/\/sk-dokument.no\/arsmelding-2015\/index.php?rest_route=\/wp\/v2\/pages"}],"about":[{"href":"https:\/\/sk-dokument.no\/arsmelding-2015\/index.php?rest_route=\/wp\/v2\/types\/page"}],"author":[{"embeddable":true,"href":"https:\/\/sk-dokument.no\/arsmelding-2015\/index.php?rest_route=\/wp\/v2\/users\/2"}],"replies":[{"embeddable":true,"href":"https:\/\/sk-dokument.no\/arsmelding-2015\/index.php?rest_route=%2Fwp%2Fv2%2Fcomments&post=50"}],"version-history":[{"count":0,"href":"https:\/\/sk-dokument.no\/arsmelding-2015\/index.php?rest_route=\/wp\/v2\/pages\/50\/revisions"}],"up":[{"embeddable":true,"href":"https:\/\/sk-dokument.no\/arsmelding-2015\/index.php?rest_route=\/wp\/v2\/pages\/43"}],"wp:attachment":[{"href":"https:\/\/sk-dokument.no\/arsmelding-2015\/index.php?rest_route=%2Fwp%2Fv2%2Fmedia&parent=50"}],"curies":[{"name":"wp","href":"https:\/\/api.w.org\/{rel}","templated":true}]}}