{"id":51,"date":"2016-04-18T12:08:52","date_gmt":"2016-04-18T10:08:52","guid":{"rendered":"http:\/\/lab.zpirit.no\/sk-arsmelding\/?page_id=51"},"modified":"2016-04-18T12:08:52","modified_gmt":"2016-04-18T10:08:52","slug":"kulturtenester","status":"publish","type":"page","link":"https:\/\/sk-dokument.no\/arsmelding-2015\/?page_id=51","title":{"rendered":"Kulturtenester"},"content":{"rendered":"<p><strong>KULTURHUSET <\/strong><\/p>\n<p>Kulturhuset skal vera m\u00f8teplass for innbyggjarane i Stord og gje h\u00f8ve til utfalding og opplevingar.<\/p>\n<p>2015 har vore eit innhaldsrikt \u00e5r. 18.563 personar l\u00f8yste billett til teater, konsertar og stand up. Lokale arrangement sel godt og har oftast fleire farmsyningar. D\u00f8me p\u00e5 dette er Stord Teaterlag sin framsyning \u00abJungelboken\u00bb, russerevyen \u00abVerda p\u00e5 russ og tvers\u00bb, Spinae Company sin framsyning \u00ab Annie\u00bb og dansens dag.\u00a0 Riksteatret gjesta oss med \u00abPinocchio\u00bb, \u00abSamfunnets st\u00f8tter\u00bb, \u00abNatten er dagens mor\u00bb, \u00abMugg\u00bb og \u00abKjell Aksel rocker\u00bb. Ein hadde bes\u00f8k av Else K\u00e5ss Furuseth med \u00abKondolerer\u00bb, \u00d8ystein Sunde og \u00abMeget i Sl\u00f8yd\u00bb for \u00e5 nemna nokre av dei turneane som kom innom.<\/p>\n<p>Internasjonal Kulturkaf\u00e9 er blitt sv\u00e6rt\u00a0 popul\u00e6rt. Det er Internasjonal kulturklubb (IKK) som st\u00e5r for dette i kultursenteret. IKK Stord, med leiar Jill Cathrine Tatham Reed fekk Stord kommune sin kulturpris. Klubben vart skipa i 1988 og har sidan vore eit\u00a0 viktig element i integreringa av utanlandske arbeidarar og innbyggarar i kommunen.<\/p>\n<p>N\u00e6r 23\u00a0000 bes\u00f8kjande var p\u00e5 offentleg bading. P\u00e5 dagtid er det skulane som brukar symjehallen, men ein har klart \u00e5 halda p\u00e5 offentleg bading m\u00e5ndag- og torsdag f\u00f8remiddagar, noko som er ei kj\u00e6rkommen ordning for vaksne som \u00f8nskjer \u00e5 symja i ro og mak. N\u00e5r det ikkje er offentleg bading er det dei ulike symjegruppene som brukar symjehallen. Stord Idrettslag si symjegruppe plar arrangera symjestemne i oktober. Desse stemna har vakse seg s\u00e5 store at kapasiteten i hall og hus er p\u00e5 brestepunktet.<\/p>\n<p><strong>KINO<\/strong><\/p>\n<p>Regiss\u00f8r Kjersti Steinsb\u00f8 tok med seg debutspelefilmen sin, HEVN, heim til Stord og var med det med p\u00e5 \u00e5 gjera eit sv\u00e6rt godt kino\u00e5r enno betre. Siren J\u00f8rgensen, ogs\u00e5 ho stordabu, deltok p\u00e5 festpremieren. Totalt enda bes\u00f8kstalet for kinoen p\u00e5 47 232, noko som er det beste bes\u00f8kstalet p\u00e5 ti \u00e5r.<\/p>\n<figure id=\"attachment_382\" aria-describedby=\"caption-attachment-382\" style=\"width: 960px\" class=\"wp-caption alignnone\"><img loading=\"lazy\" decoding=\"async\" class=\"wp-image-382 size-full\" src=\"http:\/\/sk-dokument.no\/arsmelding-2015\/wp-content\/uploads\/sites\/2\/2016\/05\/kino-kjersti-steinsbo.jpg\" alt=\"Kjersti Steinsb\u00f8 tok med seg debutspelefilmen sin, HEVN, heim til Stord. Siren J\u00f8rgensen, ogs\u00e5 ho stordabu, deltok p\u00e5 festpremieren.\" width=\"960\" height=\"720\" srcset=\"https:\/\/sk-dokument.no\/arsmelding-2015\/wp-content\/uploads\/sites\/2\/2016\/05\/kino-kjersti-steinsbo.jpg 960w, https:\/\/sk-dokument.no\/arsmelding-2015\/wp-content\/uploads\/sites\/2\/2016\/05\/kino-kjersti-steinsbo-300x225.jpg 300w\" sizes=\"(max-width: 960px) 100vw, 960px\" \/><figcaption id=\"caption-attachment-382\" class=\"wp-caption-text\">Kjersti Steinsb\u00f8 tok med seg debutspelefilmen sin, HEVN, heim til Stord. Siren J\u00f8rgensen, ogs\u00e5 ho stordabu, deltok p\u00e5 festpremieren. <cite>Foto &#8211; Kulturtenester<\/cite><\/figcaption><\/figure>\n<p>Omlegging av turnus gjorde at me fr\u00e5 1.september 2015, utan ekstra kostnad,\u00a0 ogs\u00e5 kunne ha kino p\u00e5 m\u00e5ndagar. Dette har kinopublikummet teke godt imot. M\u00e5ndag er no nesten like god kinodag som tysdag og torsdag.<\/p>\n<p><strong>FRITIDSKLUBBANE<\/strong><\/p>\n<p>M\u00e5let er ungdommar skal ha ein trygg og uformell m\u00f8teplass i n\u00e6romr\u00e5det sitt. Harri og Litlab\u00f8 fritidsklubbar driv godt og har eit stabilt bes\u00f8k. Begge klubbane har flinke vaksne leiarar som har arbeidd lenge i klubben. Det same kan ogs\u00e5 seiast om m\u00e5ndags- og onsdagsklubben for utviklingshemma i Kulturhuset.<\/p>\n<p><strong>DEN KULTURELLE SKULESEKKEN <\/strong><\/p>\n<p>Alle elevar i grunnskulen og vidareg\u00e5ande skule fekk i 2015 oppleve profesjonell kunst og kultur p\u00e5 eit h\u00f8gt niv\u00e5. I tillegg til fylkeskommunen sitt program kunne eininga\u00a0 tilby arrangement der dei fleste arrangementa hadde ei lokal forankring. Det kan nemnast:\u00a0 Nasjonalmuseet med utstillinga \u00abEventyrlig. Gamle forteljingar i ny drakt\u00bb, Hordaland teater med framsyninga \u00abKant\u00bb av Jon Fosse, Haugesund teater med \u00abVerdas mest forelska par\u00bb av Rune Belsvik, Sunnhordland museum med \u00abEg byggjar meg ein b\u00e5t\u00bb\u00a0 og Falturiltu med vitjing av nynorskforfattarar i skulane.<\/p>\n<p><strong>DEN KULTURELLE SPASERSTOKKEN <\/strong><\/p>\n<p>Den kulturelle spaserstokken skal gje eldre med bistandsbehov tilbod om profesjonell\u00a0 kunst- og kultur av h\u00f8g kvalitet. I 2015 heldt kulturskulen sju konsertar i vestibylen i Kulturhuset kalla \u00abSong og musikkstund\u00bb. Stord folkebibliotek stod bak tre ulike program p\u00e5 institusjonane; kombinert litter\u00e6rt\/musikalsk program av Songlaget Stordabuen, musikalsk k\u00e5seri ved Atle Hansen, og\u00a0 adventsprogram med Kari B. Lundal og Trio Vest. Sunnhordland museum vitja Knutsa\u00e5sen med framsyninga \u00abHeim &#8211; ei livsforteljing\u00bb og Kompani Krapp vitja sjukeheimen og Knutsa\u00e5sen med framsyninga \u00abHallo \u2013 hallo \u00bb. Lisa N\u00f8ttseter gleda dei eldre med \u00abDenne stunden\u00bb\u00a0 ei\u00a0 danseimprovisasjon for eldre.<\/p>\n<p><strong>UTSMYKKINGSFONDET<\/strong><\/p>\n<p>Ved nybygg og ved sal av eigedom vert det sett av midlar til kunstnarleg utsmykking p\u00e5 eige fond, utsmykkingsfondet. Styret for utsmykkingsfondet sette ned ein utsmykkingskomit\u00e9 med oppg\u00e5ve \u00e5 fremja forslag til utsmykking p\u00e5 torget og i parken. J\u00f8rund Fj\u00f8sne vart engasjert som kunstnarleg konsulent. Etter at tre inviterte kunstnarar la fram sine forslag, engasjerte styret Anders Kjellesvik til \u00e5 realisera kunstprosjektet \u00abDen h\u00f8greiste og havet\u00bb.<\/p>\n<p><strong>LEIRVIK FYRSTASJON<\/strong><\/p>\n<p>Venelaget for Leirvik fyr har i samr\u00e5d og i samarbeid med Stord kommune utf\u00f8rt\u00a0 vedlikehald p\u00e5 bygningar og uteomr\u00e5de. Til prosjektet Leirvik fyrstasjon som arena for kultur og oppleving, l\u00f8yvde Hordaland fylkeskommune 150 000 kroner fr\u00e5 tilskotsordninga Kulturelt utviklingsprogram (KUP). Prosjektet skal arrangere\u00a0 samlingar med ulike tema og er tenkt gjennomf\u00f8rt \u00a0hausten 2016 n\u00e5r hus og lending etter planen skal vera klare til bruk.<\/p>\n<p><strong>PRISAR OG STIPEND <\/strong><\/p>\n<p>Kulturstipendet vart i 2015 delt mellom Tom Stien og Solveig Aksnes. Stien byggjer gitarar i eigen verkstad. Han vil nytta stipendet til ei studiereise til Tyskland. Aksnes studerer kledesign ved Kunsth\u00f8gskulen i Oslo og s\u00f8kte tilskotet til materiale ho treng i samband med masteroppg\u00e5va si.<\/p>\n<p>M\u00e5lprisen gjekk til Podlen Verkstad AS. for deira bruk av nynorsk i sin kommunikasjon.<\/p>\n<p>Paul Skj\u00f8nberg fekk Eldsjelsprisen. Skj\u00f8nberg har drive turn sidan han var ti \u00e5r gammal. Han vart ein sv\u00e6rt god gute- og juniorturnar, og var i fleire \u00e5r krinsmeister i Hordaland. Skj\u00f8nberg tok til som instrukt\u00f8r rundt 1975 og har s\u00e5leis bak seg 40 \u00e5r som fast instrukt\u00f8r.<\/p>\n<p>Alle prisane, utanom seniorprisen, blir delte ut p\u00e5 Stord Musikklag sin nytt\u00e5rskonsert, noko som er ei sv\u00e6rt fin ramme rundt utdelinga.<\/p>\n<p>Seniorprisen blei delt ut\u00a0 til Kjell Aasheim p\u00e5 den internasjonale eldredagen. Han er trekkspelaren som i mange \u00e5r\u00a0 \u00e5leine og saman med andre musikantar har sytt for\u00a0 musikalsk glede p\u00e5 sjukheimar og i andre samkomer. Aasheim er ogs\u00e5 aktiv i turlaget og i Venelaget for Vidsteenparken.<\/p>\n<p><strong>BARNE- OG UNGDOMSTEATERFESTIVALEN <\/strong><\/p>\n<p>Scenekunsten for barn og unge blir feira med eigen festival p\u00e5 Stord: Barne- og ungdomsteaterfestivalen.<\/p>\n<p>Sju ulike grupper fr\u00e5 Vestlandet innan scenekunst deltok, og festivalen hadde 188 deltakande barn og unge med. 12 ulike teaterstykke blei vist for 625 publikummarar, og vart ein stor suksess.<\/p>\n<p><strong>UNGDOMMENS KULTURM\u00d8NSTRING (UKM)\u00a0 <\/strong><\/p>\n<p>Ungdommens Kulturm\u00f8nstring har som m\u00e5l at dei unge\u00a0 p\u00e5 Stord skal ha ein visningsarena for unge talent i ulike sjangrar. Kommunem\u00f8nstringa for Stord, Fitjar, B\u00f8mlo, Tysnes og Kvinnherad blei arrangert 31. januar. Gruppa Algofilia fr\u00e5 Stord gjekk vegen vidare til fylkesm\u00f8nstring i Bergen og til landsfinale i Trondheim, og var eitt av to innslaga der som fekk stipend.<\/p>\n<p>Ungdommens Kulturm\u00f8nstring skifta namn til \u00abUng Kultur M\u00f8tes\u00bb. Det skal no vera mange sm\u00e5 lokale festivalar der ungdom mellom 13 og 20 \u00e5r kan delta med alle slaga kulturuttrykk. Kvar kommune sender kvalifiserte ungdommar vidare til\u00a0 fylkesm\u00f8nstring i Bergen. Kvart fylke sender i neste omgang ca. 30 deltakarar til den nasjonale UKM-festivalen.<\/p>\n<p><strong>FALTURILTU<\/strong><\/p>\n<p>Barnebokfestivalen FALTURILTU s\u00e5g dagens lys md bakgrunn i m\u00e5lsetjinga om at Kulturhuset\/ Kulturtenester skal vera banebrytande p\u00e5 eit festivalomr\u00e5de p\u00e5 nasjonalt plan. 2015 var den best bes\u00f8kte festivalen nokon gong med eit publikumstal p\u00e5 5710. Dette gjer Falturiltu til det st\u00f8rste nynorskarrangementet og den st\u00f8rste barnebokfestivalen i landet. Festivalen fekk s\u00e6rs gode tilbakemeldingar fr\u00e5 skular og samarbeidspartnarar, og fekk vist fram nynorsk litteratur i og utanfor kommunegrensa. \u00abFart og sj\u00f8lvtillit\u00bb var tema og Maria Parr var festivalforfattar.<\/p>\n<p><strong>KULTURMINNE<\/strong><\/p>\n<p>Skj\u00f8tsel av arkeologiske kulturminne skal sikra dei mot skade og formidla kunnskap om kulturminne. I budsjettet var det sett av 50\u00a0000 kroner og det blei s\u00f8kt om midlar til skj\u00f8tsel av to arkeologiske kulturminne i 2015; ei nausttuft og ei gravr\u00f8ys p\u00e5 Rommetveit. Sj\u00f8lve skiltstativa er sett opp, og arbeidet med illustrasjonar over b\u00e5de langnaustet og gravr\u00f8ysta er ferdige. Utgiftene er dekka over kommunal l\u00f8yving. Arbeid med tekst, layout og ferdigstilling av skiltplata st\u00e5r att og skal gjerast ferdig i 2016. Riksantikvaren l\u00f8yvde 150\u00a0000 kroner til nye skilt i Hystadmarkjo for 2015. Sidan prosjektet er i planleggingsfasen fekk me overf\u00f8rt l\u00f8yvinga til 2016. Namn er ogs\u00e5 kulturminne og i 2015 kom m.a. kampen om o-en i Morkjo. Saka er til klagebehandling.<\/p>\n<p>Kommunen fekk avslag p\u00e5 s\u00f8knad om midlar til arbeid med \u00e5 rullera kulturminneplanen, men ein fekk tilskot p\u00e5 100\u00a0000 kroner for\u00a0 \u00e5 leggja registrerte kulturminne inn i \u00abAskeladden\u00bb, som er Riksantikvarens offisielle database over freda kulturminner og kulturmilj\u00f8 i Norge. Arbeidet vert utf\u00f8rt av Regulering Byggjesak og Oppm\u00e5ling (RBO).<\/p>\n<p><strong>GARDS OG \u00c6TTESEOGE<\/strong><\/p>\n<p>Det har ikkje vore \u00f8konomi til \u00e5 laga gards- og \u00e6ttesoga, men prosjektgruppa for lokalhistorie heldt likevel\u00a0 fram arbeidet med \u00e5 sikra kjelder og \u00e5 gjera desse tilgjengelege. Midlane som var sett av i budsjettet er nytta til \u00e5 f\u00e5 digitalisert ulike protokollar. I 2015 har Statsarkivet digitalisert utskiftings- og skyldsetningsprotokollar Shld. 1861-1930,\u00a0 fattigprotokoll Stord; branntakstprotokollar F\u00f8yen\/Stord og forliksprotokollar Stord 1797-1876.<\/p>\n<p><strong>TILRETTELAGT FRITID <\/strong><\/p>\n<p>Tilrettelagt fritid (St\u00f8ttekontakttenesta) gjev bistand til barn, unge og vaksne med ulike funksjonsvanskar, der m\u00e5let er deltaking i kultur- og fritidsaktivitetar ut fr\u00e5 kvar tenestemottakar sine ynskje og f\u00f8resetnader. Talet p\u00e5 vedtak om bistand held seg jamt rundt 150-160, og tenesta hadde ved utgangen av 2015 rundt 95 aktive st\u00f8ttekontaktar.\u00a0 Dei fleste tenestemottakarane f\u00e5r tildelt individuelle st\u00f8tte-\/fritidskontaktar, medan andre deltek i gruppeaktivitetar.\u00a0 Ved utgangen av 2015, hadde 28 personar tilbod i slike gruppeaktivitetar. I tillegg driv tenesta grupper for eldre i Sagv\u00e5g og p\u00e5 Leirvik og i ei hobbygruppe p\u00e5 Leirvik. Gruppene for eldre blir drivne i samarbeid med frivillige<\/p>\n","protected":false},"excerpt":{"rendered":"<p>KULTURHUSET Kulturhuset skal vera m\u00f8teplass for innbyggjarane i Stord og gje h\u00f8ve til utfalding og opplevingar. 2015 har vore eit innhaldsrikt \u00e5r. 18.563 personar l\u00f8yste billett til teater, konsertar og stand up. Lokale arrangement sel godt og har oftast fleire farmsyningar. D\u00f8me p\u00e5 dette er Stord Teaterlag sin framsyning \u00abJungelboken\u00bb, russerevyen \u00abVerda p\u00e5 russ og<\/p>\n","protected":false},"author":2,"featured_media":0,"parent":43,"menu_order":18,"comment_status":"closed","ping_status":"closed","template":"","meta":{"footnotes":""},"jetpack_sharing_enabled":true,"_links":{"self":[{"href":"https:\/\/sk-dokument.no\/arsmelding-2015\/index.php?rest_route=\/wp\/v2\/pages\/51"}],"collection":[{"href":"https:\/\/sk-dokument.no\/arsmelding-2015\/index.php?rest_route=\/wp\/v2\/pages"}],"about":[{"href":"https:\/\/sk-dokument.no\/arsmelding-2015\/index.php?rest_route=\/wp\/v2\/types\/page"}],"author":[{"embeddable":true,"href":"https:\/\/sk-dokument.no\/arsmelding-2015\/index.php?rest_route=\/wp\/v2\/users\/2"}],"replies":[{"embeddable":true,"href":"https:\/\/sk-dokument.no\/arsmelding-2015\/index.php?rest_route=%2Fwp%2Fv2%2Fcomments&post=51"}],"version-history":[{"count":0,"href":"https:\/\/sk-dokument.no\/arsmelding-2015\/index.php?rest_route=\/wp\/v2\/pages\/51\/revisions"}],"up":[{"embeddable":true,"href":"https:\/\/sk-dokument.no\/arsmelding-2015\/index.php?rest_route=\/wp\/v2\/pages\/43"}],"wp:attachment":[{"href":"https:\/\/sk-dokument.no\/arsmelding-2015\/index.php?rest_route=%2Fwp%2Fv2%2Fmedia&parent=51"}],"curies":[{"name":"wp","href":"https:\/\/api.w.org\/{rel}","templated":true}]}}