{"id":52,"date":"2016-04-18T12:08:52","date_gmt":"2016-04-18T10:08:52","guid":{"rendered":"http:\/\/lab.zpirit.no\/sk-arsmelding\/?page_id=52"},"modified":"2016-04-18T12:08:52","modified_gmt":"2016-04-18T10:08:52","slug":"stord-folkebibliotek","status":"publish","type":"page","link":"https:\/\/sk-dokument.no\/arsmelding-2015\/?page_id=52","title":{"rendered":"Stord Folkebibliotek"},"content":{"rendered":"<p>Ei stikkpr\u00f8veunders\u00f8king ei veke i 2015 viste eit bibliotekbes\u00f8k p\u00e5 688 brukarar ved\u00a0 hovudbibliotek og filial til saman. Dette er eit samla tal for alle typar bruk av biblioteket: for l\u00e5n, for \u00e5 finne informasjon, for \u00e5 lese aviser og tidsskrift og for \u00e5 nytte Internett. Stikkpr\u00f8veregistrering dei seinaste \u00e5ra gjer det realistisk \u00e5 rekne med eit bes\u00f8k p\u00e5 mellom 500 og 700 i veka som eit gjennomsnitt.<\/p>\n<p>I 2015 hadde biblioteket eit samla utl\u00e5n p\u00e5 45\u00a0526 media. Utl\u00e5net i 2014 var utl\u00e5net 40 802. Det vert registrert ein\u00a0 naturleg nedgang i utl\u00e5net av film pga. at folk str\u00f8ymar film sj\u00f8lve. Biblioteket gjennomf\u00f8rte elles ein st\u00f8rre lesekampanje med nynorske barneb\u00f8ker for tredjeklassane i Stord i 2015.\u00a0 Folkebiblioteket har \u00f2g eit samarbeid med Nordbygdo ungdomsskule\u00a0 om utl\u00e5n til barn og ungdom, og eit mindre utl\u00e5nstilbod for vaksne p\u00e5 Huglo. For barn har Huglo vitjing av Hordaland\u00a0 fylkesbibliotek sin bokb\u00e5t \u00abEpos\u00bb.<\/p>\n<p>Fr\u00e5 2014 av har Stord folkebibliotek vore med i ei ordning med e-bokutl\u00e5n som vert administrert av Hordaland fylkesbibliotek. I alt vart det registrert 589 slike l\u00e5n i 2015.<\/p>\n<figure id=\"attachment_380\" aria-describedby=\"caption-attachment-380\" style=\"width: 1280px\" class=\"wp-caption alignnone\"><img loading=\"lazy\" decoding=\"async\" class=\"wp-image-380 size-full\" src=\"http:\/\/sk-dokument.no\/arsmelding-2015\/wp-content\/uploads\/sites\/2\/2016\/05\/bibliotek.jpg\" alt=\"I 2015 hadde biblioteket eit samla utl\u00e5n p\u00e5 45 526 media.\" width=\"1280\" height=\"854\" srcset=\"https:\/\/sk-dokument.no\/arsmelding-2015\/wp-content\/uploads\/sites\/2\/2016\/05\/bibliotek.jpg 1280w, https:\/\/sk-dokument.no\/arsmelding-2015\/wp-content\/uploads\/sites\/2\/2016\/05\/bibliotek-300x200.jpg 300w\" sizes=\"(max-width: 1280px) 100vw, 1280px\" \/><figcaption id=\"caption-attachment-380\" class=\"wp-caption-text\">I 2015 hadde biblioteket eit samla utl\u00e5n p\u00e5 45 526 media. <cite>Foto &#8211; Camilla Ruhs<\/cite><\/figcaption><\/figure>\n<p>2015 har elles vore eit aktivt \u00e5r n\u00e5r det gjeld arrangement og barnebibliotekverksemd. Folkebiblioteka har f\u00e5tt ei ny oppg\u00e5ve i \u00e5 vere eit forum for offentleg samtale og debatt. I 2015 vart det gjennomf\u00f8rt 17 arrangement for barn, eitt for ungdom, ni for vaksne og tre for eldre. Av arrangementa i 2015 kan det nemnast eventyrstund for f\u00f8rskulebarn, forfattarbes\u00f8k, debatt om kultur- og milj\u00f8sp\u00f8rsm\u00e5l og kombinerte musikalske og litter\u00e6re program for eldre.<\/p>\n<p>Ved hovudbiblioteket har i alt 19\u00a0 skuleklassar vore p\u00e5 bes\u00f8k for orientering og l\u00e5n. I tillegg har klassar fr\u00e5 Sagv\u00e5g og Litlab\u00f8 skular hatt regelbundne bes\u00f8k for l\u00e5n og litteraturformidling ved filialen i Samfunnshuset.<\/p>\n","protected":false},"excerpt":{"rendered":"<p>Ei stikkpr\u00f8veunders\u00f8king ei veke i 2015 viste eit bibliotekbes\u00f8k p\u00e5 688 brukarar ved\u00a0 hovudbibliotek og filial til saman. Dette er eit samla tal for alle typar bruk av biblioteket: for l\u00e5n, for \u00e5 finne informasjon, for \u00e5 lese aviser og tidsskrift og for \u00e5 nytte Internett. Stikkpr\u00f8veregistrering dei seinaste \u00e5ra gjer det realistisk \u00e5 rekne<\/p>\n","protected":false},"author":2,"featured_media":0,"parent":43,"menu_order":20,"comment_status":"closed","ping_status":"closed","template":"","meta":{"footnotes":""},"jetpack_sharing_enabled":true,"_links":{"self":[{"href":"https:\/\/sk-dokument.no\/arsmelding-2015\/index.php?rest_route=\/wp\/v2\/pages\/52"}],"collection":[{"href":"https:\/\/sk-dokument.no\/arsmelding-2015\/index.php?rest_route=\/wp\/v2\/pages"}],"about":[{"href":"https:\/\/sk-dokument.no\/arsmelding-2015\/index.php?rest_route=\/wp\/v2\/types\/page"}],"author":[{"embeddable":true,"href":"https:\/\/sk-dokument.no\/arsmelding-2015\/index.php?rest_route=\/wp\/v2\/users\/2"}],"replies":[{"embeddable":true,"href":"https:\/\/sk-dokument.no\/arsmelding-2015\/index.php?rest_route=%2Fwp%2Fv2%2Fcomments&post=52"}],"version-history":[{"count":0,"href":"https:\/\/sk-dokument.no\/arsmelding-2015\/index.php?rest_route=\/wp\/v2\/pages\/52\/revisions"}],"up":[{"embeddable":true,"href":"https:\/\/sk-dokument.no\/arsmelding-2015\/index.php?rest_route=\/wp\/v2\/pages\/43"}],"wp:attachment":[{"href":"https:\/\/sk-dokument.no\/arsmelding-2015\/index.php?rest_route=%2Fwp%2Fv2%2Fmedia&parent=52"}],"curies":[{"name":"wp","href":"https:\/\/api.w.org\/{rel}","templated":true}]}}