{"id":57,"date":"2016-04-18T12:08:26","date_gmt":"2016-04-18T10:08:26","guid":{"rendered":"http:\/\/lab.zpirit.no\/sk-arsmelding\/?page_id=57"},"modified":"2016-04-18T12:08:26","modified_gmt":"2016-04-18T10:08:26","slug":"maloppnaing","status":"publish","type":"page","link":"https:\/\/sk-dokument.no\/arsmelding-2015\/?page_id=57","title":{"rendered":"M\u00e5loppn\u00e5ing"},"content":{"rendered":"<table>\n<thead>\n<tr>\n<th>M\u00e5loppn\u00e5ing<\/th>\n<th width=\"10%\">M\u00e5l 2016<\/th>\n<th width=\"10%\">M\u00e5l 2015<\/th>\n<th width=\"10%\">Resultat 2015<\/th>\n<th width=\"10%\">Resultat 2014<\/th>\n<th width=\"10%\">Resultat 2013<\/th>\n<\/tr>\n<\/thead>\n<tbody>\n<tr>\n<td>Gj.snitt sakshands.tid for private forslag til detaljreg. Kalenderdagar<\/td>\n<td style=\"text-align: right\">&lt; 240<\/td>\n<td style=\"text-align: right\">&lt; 240<\/td>\n<td style=\"text-align: right\">&#8211;<\/td>\n<td style=\"text-align: right\">160<\/td>\n<td style=\"text-align: right\">257<\/td>\n<\/tr>\n<tr>\n<td>Gj.snitt saksbeh.tid for oppretting av grunneigedom. Kalenderdager<\/td>\n<td style=\"text-align: right\">&lt; 70<\/td>\n<td style=\"text-align: right\">&lt; 70<\/td>\n<td style=\"text-align: right\">44<\/td>\n<td style=\"text-align: right\">64<\/td>\n<td style=\"text-align: right\">111<\/td>\n<\/tr>\n<tr>\n<td>Del s\u00f8knad om tiltak der kom. har brote p\u00e5lagt sakshands. tid(%)<\/td>\n<td style=\"text-align: right\">0<\/td>\n<td style=\"text-align: right\">0<\/td>\n<td style=\"text-align: right\">19<\/td>\n<td style=\"text-align: right\">9<\/td>\n<td style=\"text-align: right\">11<\/td>\n<\/tr>\n<tr>\n<td>Gj.snitt.sakshands.tid for byggesaker med 12 vekers frist. Kalenderdagar<\/td>\n<td style=\"text-align: right\">&lt; 42<\/td>\n<td style=\"text-align: right\">&lt; 42<\/td>\n<td style=\"text-align: right\">70<\/td>\n<td style=\"text-align: right\">70<\/td>\n<td style=\"text-align: right\">56<\/td>\n<\/tr>\n<tr>\n<td>Gj.snitt sakshands.tid for omr\u00e5dereg. Vedteke av kommunen. Kalenderdagar<\/td>\n<td style=\"text-align: right\">&lt; 42<\/td>\n<td style=\"text-align: right\">&lt; 42<\/td>\n<td style=\"text-align: right\">70<\/td>\n<td style=\"text-align: right\">70<\/td>\n<td style=\"text-align: right\">60<\/td>\n<\/tr>\n<tr>\n<td>Gj.snitt.sakshands.tid for byggesaker med 3 vekers frist. Kalenderdagar<\/td>\n<td style=\"text-align: right\">&lt; 15<\/td>\n<td style=\"text-align: right\">&lt; 15<\/td>\n<td style=\"text-align: right\">20<\/td>\n<td style=\"text-align: right\">20<\/td>\n<td style=\"text-align: right\">21<\/td>\n<\/tr>\n<\/tbody>\n<\/table>\n","protected":false},"excerpt":{"rendered":"<p>M\u00e5loppn\u00e5ing M\u00e5l 2016 M\u00e5l 2015 Resultat 2015 Resultat 2014 Resultat 2013 Gj.snitt sakshands.tid for private forslag til detaljreg. Kalenderdagar &lt; 240 &lt; 240 &#8211; 160 257 Gj.snitt saksbeh.tid for oppretting av grunneigedom. Kalenderdager &lt; 70 &lt; 70 44 64 111 Del s\u00f8knad om tiltak der kom. har brote p\u00e5lagt sakshands. tid(%) 0 0 19 9<\/p>\n","protected":false},"author":2,"featured_media":0,"parent":56,"menu_order":0,"comment_status":"closed","ping_status":"closed","template":"","meta":{"footnotes":""},"jetpack_sharing_enabled":true,"_links":{"self":[{"href":"https:\/\/sk-dokument.no\/arsmelding-2015\/index.php?rest_route=\/wp\/v2\/pages\/57"}],"collection":[{"href":"https:\/\/sk-dokument.no\/arsmelding-2015\/index.php?rest_route=\/wp\/v2\/pages"}],"about":[{"href":"https:\/\/sk-dokument.no\/arsmelding-2015\/index.php?rest_route=\/wp\/v2\/types\/page"}],"author":[{"embeddable":true,"href":"https:\/\/sk-dokument.no\/arsmelding-2015\/index.php?rest_route=\/wp\/v2\/users\/2"}],"replies":[{"embeddable":true,"href":"https:\/\/sk-dokument.no\/arsmelding-2015\/index.php?rest_route=%2Fwp%2Fv2%2Fcomments&post=57"}],"version-history":[{"count":0,"href":"https:\/\/sk-dokument.no\/arsmelding-2015\/index.php?rest_route=\/wp\/v2\/pages\/57\/revisions"}],"up":[{"embeddable":true,"href":"https:\/\/sk-dokument.no\/arsmelding-2015\/index.php?rest_route=\/wp\/v2\/pages\/56"}],"wp:attachment":[{"href":"https:\/\/sk-dokument.no\/arsmelding-2015\/index.php?rest_route=%2Fwp%2Fv2%2Fmedia&parent=57"}],"curies":[{"name":"wp","href":"https:\/\/api.w.org\/{rel}","templated":true}]}}