{"id":59,"date":"2016-04-18T12:08:39","date_gmt":"2016-04-18T10:08:39","guid":{"rendered":"http:\/\/lab.zpirit.no\/sk-arsmelding\/?page_id=59"},"modified":"2016-09-28T10:33:51","modified_gmt":"2016-09-28T08:33:51","slug":"oppvekst-og-utdanning","status":"publish","type":"page","link":"https:\/\/sk-dokument.no\/arsmelding-2015\/?page_id=59","title":{"rendered":"OPPVEKST OG UTDANNING"},"content":{"rendered":"<p>Barn og ungdom sine oppvekstvilk\u00e5r er avhengig av langsiktige kommunale prioriteringar og god samordning av tenester og tilbod. Alle som har eit ansvar i forhold til oppvekstmilj\u00f8et til barn og unge, m\u00e5 jobba m\u00e5lretta og i fellesskap.<\/p>\n<p>Barnehagar og skular med h\u00f8g kvalitet og god kompetanse sv\u00e6rt viktig som helse f\u00f8rebyggjande tiltak.<\/p>\n<p>V\u00e5ren 2014 vart \u00abPlan for kvalitetsutvikling for oppvekst 2014-2017\u00bb vedteke i Komit\u00e9 for oppvekst og utdanning. F\u00f8rem\u00e5let med planen er \u00e5 sikra ein praksis i tenestene som er i samsvar med nasjonale og lokale f\u00f8ringar, \u00e5 sikra ein samordna innsats av tenestene knytt til barn, unge og deira familiar.<\/p>\n<p>Stord kommune er ein av \u00e5tte pilotkommunar som deltek i Helsedirektoratet si satsing p\u00e5 betre samordna tverrfagleg innsats for s\u00e5rbare barn og unge (BTI). BTI skal sikra at barn og unge f\u00e5r st\u00f8tte og hjelp s\u00e5 snart som mogleg etter at det har oppst\u00e5tt uro for dei, at innsatsen skal gjennomf\u00f8rast i n\u00e6rt samarbeid med foreldra og i ein kontinuerleg dialog med barnet\/den unge. Arbeidet med BTI er omfattande og involverer heile oppvekst- og utdanningsomr\u00e5det, alle fagomr\u00e5de og alle tilsette. Det \u00a0vil s\u00e5leis ta lang tid f\u00f8r intensjonane i utviklingsarbeidet heilt og fullt blir lagt til grunn for alt arbeid med barn og unge, men gode tilbakemeldingar tilseier at oppvekstomr\u00e5det er p\u00e5 rett veg<\/p>\n","protected":false},"excerpt":{"rendered":"<p>Barn og ungdom sine oppvekstvilk\u00e5r er avhengig av langsiktige kommunale prioriteringar og god samordning av tenester og tilbod. Alle som har eit ansvar i forhold til oppvekstmilj\u00f8et til barn og unge, m\u00e5 jobba m\u00e5lretta og i fellesskap. Barnehagar og skular med h\u00f8g kvalitet og god kompetanse sv\u00e6rt viktig som helse f\u00f8rebyggjande tiltak. V\u00e5ren 2014 vart<\/p>\n","protected":false},"author":2,"featured_media":368,"parent":0,"menu_order":5,"comment_status":"closed","ping_status":"closed","template":"","meta":{"footnotes":""},"jetpack_sharing_enabled":true,"_links":{"self":[{"href":"https:\/\/sk-dokument.no\/arsmelding-2015\/index.php?rest_route=\/wp\/v2\/pages\/59"}],"collection":[{"href":"https:\/\/sk-dokument.no\/arsmelding-2015\/index.php?rest_route=\/wp\/v2\/pages"}],"about":[{"href":"https:\/\/sk-dokument.no\/arsmelding-2015\/index.php?rest_route=\/wp\/v2\/types\/page"}],"author":[{"embeddable":true,"href":"https:\/\/sk-dokument.no\/arsmelding-2015\/index.php?rest_route=\/wp\/v2\/users\/2"}],"replies":[{"embeddable":true,"href":"https:\/\/sk-dokument.no\/arsmelding-2015\/index.php?rest_route=%2Fwp%2Fv2%2Fcomments&post=59"}],"version-history":[{"count":1,"href":"https:\/\/sk-dokument.no\/arsmelding-2015\/index.php?rest_route=\/wp\/v2\/pages\/59\/revisions"}],"predecessor-version":[{"id":609,"href":"https:\/\/sk-dokument.no\/arsmelding-2015\/index.php?rest_route=\/wp\/v2\/pages\/59\/revisions\/609"}],"wp:featuredmedia":[{"embeddable":true,"href":"https:\/\/sk-dokument.no\/arsmelding-2015\/index.php?rest_route=\/wp\/v2\/media\/368"}],"wp:attachment":[{"href":"https:\/\/sk-dokument.no\/arsmelding-2015\/index.php?rest_route=%2Fwp%2Fv2%2Fmedia&parent=59"}],"curies":[{"name":"wp","href":"https:\/\/api.w.org\/{rel}","templated":true}]}}