{"id":63,"date":"2016-04-18T12:08:39","date_gmt":"2016-04-18T10:08:39","guid":{"rendered":"http:\/\/lab.zpirit.no\/sk-arsmelding\/?page_id=63"},"modified":"2016-04-18T12:08:39","modified_gmt":"2016-04-18T10:08:39","slug":"skulane","status":"publish","type":"page","link":"https:\/\/sk-dokument.no\/arsmelding-2015\/?page_id=63","title":{"rendered":"Skulane"},"content":{"rendered":"<p>Hausten 2015 gjekk 2\u00a0520\u00a0 barn og unge ved ein av skulane i Stord kommune. 784 av desse p\u00e5 ungdomssteget og 1736 p\u00e5 barnesteget.<\/p>\n<p>Nedanfor finn ein tal fr\u00e5 elevunders\u00f8kinga i Stord kommune.<\/p>\n","protected":false},"excerpt":{"rendered":"<p>Hausten 2015 gjekk 2\u00a0520\u00a0 barn og unge ved ein av skulane i Stord kommune. 784 av desse p\u00e5 ungdomssteget og 1736 p\u00e5 barnesteget. Nedanfor finn ein tal fr\u00e5 elevunders\u00f8kinga i Stord kommune.<\/p>\n","protected":false},"author":2,"featured_media":0,"parent":59,"menu_order":5,"comment_status":"closed","ping_status":"closed","template":"","meta":{"footnotes":""},"jetpack_sharing_enabled":true,"_links":{"self":[{"href":"https:\/\/sk-dokument.no\/arsmelding-2015\/index.php?rest_route=\/wp\/v2\/pages\/63"}],"collection":[{"href":"https:\/\/sk-dokument.no\/arsmelding-2015\/index.php?rest_route=\/wp\/v2\/pages"}],"about":[{"href":"https:\/\/sk-dokument.no\/arsmelding-2015\/index.php?rest_route=\/wp\/v2\/types\/page"}],"author":[{"embeddable":true,"href":"https:\/\/sk-dokument.no\/arsmelding-2015\/index.php?rest_route=\/wp\/v2\/users\/2"}],"replies":[{"embeddable":true,"href":"https:\/\/sk-dokument.no\/arsmelding-2015\/index.php?rest_route=%2Fwp%2Fv2%2Fcomments&post=63"}],"version-history":[{"count":0,"href":"https:\/\/sk-dokument.no\/arsmelding-2015\/index.php?rest_route=\/wp\/v2\/pages\/63\/revisions"}],"up":[{"embeddable":true,"href":"https:\/\/sk-dokument.no\/arsmelding-2015\/index.php?rest_route=\/wp\/v2\/pages\/59"}],"wp:attachment":[{"href":"https:\/\/sk-dokument.no\/arsmelding-2015\/index.php?rest_route=%2Fwp%2Fv2%2Fmedia&parent=63"}],"curies":[{"name":"wp","href":"https:\/\/api.w.org\/{rel}","templated":true}]}}