{"id":66,"date":"2016-04-18T12:08:39","date_gmt":"2016-04-18T10:08:39","guid":{"rendered":"http:\/\/lab.zpirit.no\/sk-arsmelding\/?page_id=66"},"modified":"2016-04-18T12:08:39","modified_gmt":"2016-04-18T10:08:39","slug":"sosialt-og-forebyggjade-tenester-soft","status":"publish","type":"page","link":"https:\/\/sk-dokument.no\/arsmelding-2015\/?page_id=66","title":{"rendered":"Sosialt- og f\u00f8rebyggjade tenester, SOFT"},"content":{"rendered":"<p>Familien er ei viktig ramme for eit godt oppvekstmilj\u00f8 for barn og unge. Det offentlege skal s\u00f8rgje for gode vilk\u00e5r for familiens omsorgsoppg\u00e5ver, gje r\u00e5d, rettleiing, st\u00f8tte og hjelp til familiar som slit med ulike vanskar og bidra til \u00e5 sikre barn god omsorg, utvikling og l\u00e6ring. Barnehagar og skular skal vera best mogleg i stand til \u00e5 m\u00f8ta mangfaldet av barn, unge og vaksne med behov for s\u00e6rleg hjelp og st\u00f8tte i sin l\u00e6ring og utvikling. Stord kommune har fylgjande tenester knytt til barn, unge og deira familiar:<\/p>\n","protected":false},"excerpt":{"rendered":"<p>Familien er ei viktig ramme for eit godt oppvekstmilj\u00f8 for barn og unge. Det offentlege skal s\u00f8rgje for gode vilk\u00e5r for familiens omsorgsoppg\u00e5ver, gje r\u00e5d, rettleiing, st\u00f8tte og hjelp til familiar som slit med ulike vanskar og bidra til \u00e5 sikre barn god omsorg, utvikling og l\u00e6ring. Barnehagar og skular skal vera best mogleg i<\/p>\n","protected":false},"author":2,"featured_media":0,"parent":59,"menu_order":13,"comment_status":"closed","ping_status":"closed","template":"","meta":{"footnotes":""},"jetpack_sharing_enabled":true,"_links":{"self":[{"href":"https:\/\/sk-dokument.no\/arsmelding-2015\/index.php?rest_route=\/wp\/v2\/pages\/66"}],"collection":[{"href":"https:\/\/sk-dokument.no\/arsmelding-2015\/index.php?rest_route=\/wp\/v2\/pages"}],"about":[{"href":"https:\/\/sk-dokument.no\/arsmelding-2015\/index.php?rest_route=\/wp\/v2\/types\/page"}],"author":[{"embeddable":true,"href":"https:\/\/sk-dokument.no\/arsmelding-2015\/index.php?rest_route=\/wp\/v2\/users\/2"}],"replies":[{"embeddable":true,"href":"https:\/\/sk-dokument.no\/arsmelding-2015\/index.php?rest_route=%2Fwp%2Fv2%2Fcomments&post=66"}],"version-history":[{"count":0,"href":"https:\/\/sk-dokument.no\/arsmelding-2015\/index.php?rest_route=\/wp\/v2\/pages\/66\/revisions"}],"up":[{"embeddable":true,"href":"https:\/\/sk-dokument.no\/arsmelding-2015\/index.php?rest_route=\/wp\/v2\/pages\/59"}],"wp:attachment":[{"href":"https:\/\/sk-dokument.no\/arsmelding-2015\/index.php?rest_route=%2Fwp%2Fv2%2Fmedia&parent=66"}],"curies":[{"name":"wp","href":"https:\/\/api.w.org\/{rel}","templated":true}]}}