{"id":70,"date":"2016-04-18T12:08:39","date_gmt":"2016-04-18T10:08:39","guid":{"rendered":"http:\/\/lab.zpirit.no\/sk-arsmelding\/?page_id=70"},"modified":"2016-04-18T12:08:39","modified_gmt":"2016-04-18T10:08:39","slug":"slt","status":"publish","type":"page","link":"https:\/\/sk-dokument.no\/arsmelding-2015\/?page_id=70","title":{"rendered":"SLT"},"content":{"rendered":"<p>SLT-modellen skal sikra at dei ressursane ein har i kommunen og hos politiet, blir meir samkj\u00f8rt og m\u00e5lretta. M\u00e5let er at barn og unge skal f\u00e5 rett hjelp til rett tid, av eit hjelpeapparat som samarbeider godt p\u00e5 tvers av etatar og faggrupper. SLT-koordinatoren i Stord kommune har ogs\u00e5 ansvar for \u00e5 koordinera arbeidet kring programma \u00abMOT\u00bb og \u00abAv og Til\u00bb. I 2015 har SLT og hatt ansvar for \u00e5 koordinere prosjekt Tidleg rusinnsats. Prosjektet er knytt til tiltaket Ungdomskontrakt, som er eit tiltak for ungdom som har byrja \u00e5 eksperimentere med rusmiddel. Dei kan f\u00e5 vedteke p\u00e5taleunnlating ved \u00e5 inng\u00e5 ein avtale om \u00e5 halde seg rusfri i to \u00e5r. Dette er eit samarbeid med MARIS og Tillitsperson.<\/p>\n<p>Det vart utf\u00f8rt ei ungdomsunders\u00f8king p\u00e5 ungdomsskulane og vidareg\u00e5ande skule p\u00e5 Stord. Resultata vil vera klare i 2016.<\/p>\n","protected":false},"excerpt":{"rendered":"<p>SLT-modellen skal sikra at dei ressursane ein har i kommunen og hos politiet, blir meir samkj\u00f8rt og m\u00e5lretta. M\u00e5let er at barn og unge skal f\u00e5 rett hjelp til rett tid, av eit hjelpeapparat som samarbeider godt p\u00e5 tvers av etatar og faggrupper. SLT-koordinatoren i Stord kommune har ogs\u00e5 ansvar for \u00e5 koordinera arbeidet kring<\/p>\n","protected":false},"author":2,"featured_media":0,"parent":59,"menu_order":22,"comment_status":"closed","ping_status":"closed","template":"","meta":{"footnotes":""},"jetpack_sharing_enabled":true,"_links":{"self":[{"href":"https:\/\/sk-dokument.no\/arsmelding-2015\/index.php?rest_route=\/wp\/v2\/pages\/70"}],"collection":[{"href":"https:\/\/sk-dokument.no\/arsmelding-2015\/index.php?rest_route=\/wp\/v2\/pages"}],"about":[{"href":"https:\/\/sk-dokument.no\/arsmelding-2015\/index.php?rest_route=\/wp\/v2\/types\/page"}],"author":[{"embeddable":true,"href":"https:\/\/sk-dokument.no\/arsmelding-2015\/index.php?rest_route=\/wp\/v2\/users\/2"}],"replies":[{"embeddable":true,"href":"https:\/\/sk-dokument.no\/arsmelding-2015\/index.php?rest_route=%2Fwp%2Fv2%2Fcomments&post=70"}],"version-history":[{"count":0,"href":"https:\/\/sk-dokument.no\/arsmelding-2015\/index.php?rest_route=\/wp\/v2\/pages\/70\/revisions"}],"up":[{"embeddable":true,"href":"https:\/\/sk-dokument.no\/arsmelding-2015\/index.php?rest_route=\/wp\/v2\/pages\/59"}],"wp:attachment":[{"href":"https:\/\/sk-dokument.no\/arsmelding-2015\/index.php?rest_route=%2Fwp%2Fv2%2Fmedia&parent=70"}],"curies":[{"name":"wp","href":"https:\/\/api.w.org\/{rel}","templated":true}]}}