{"id":75,"date":"2016-04-18T12:08:39","date_gmt":"2016-04-18T10:08:39","guid":{"rendered":"http:\/\/lab.zpirit.no\/sk-arsmelding\/?page_id=75"},"modified":"2016-04-18T12:08:39","modified_gmt":"2016-04-18T10:08:39","slug":"kulturskulen","status":"publish","type":"page","link":"https:\/\/sk-dokument.no\/arsmelding-2015\/?page_id=75","title":{"rendered":"Kulturskulen"},"content":{"rendered":"<figure id=\"attachment_374\" aria-describedby=\"caption-attachment-374\" style=\"width: 1920px\" class=\"wp-caption alignnone\"><img loading=\"lazy\" decoding=\"async\" class=\"wp-image-374 size-full\" src=\"http:\/\/sk-dokument.no\/arsmelding-2015\/wp-content\/uploads\/sites\/2\/2016\/05\/kulturskulen.jpg\" alt=\"Festkonsert og tei samband med markeringa av kulturskulen sitt-40 \u00e5rsjubileum.\" width=\"1920\" height=\"1280\" srcset=\"https:\/\/sk-dokument.no\/arsmelding-2015\/wp-content\/uploads\/sites\/2\/2016\/05\/kulturskulen.jpg 1920w, https:\/\/sk-dokument.no\/arsmelding-2015\/wp-content\/uploads\/sites\/2\/2016\/05\/kulturskulen-300x200.jpg 300w, https:\/\/sk-dokument.no\/arsmelding-2015\/wp-content\/uploads\/sites\/2\/2016\/05\/kulturskulen-1280x853.jpg 1280w\" sizes=\"(max-width: 1920px) 100vw, 1920px\" \/><figcaption id=\"caption-attachment-374\" class=\"wp-caption-text\">Festkonsert og teaterframsyninga Heavykatten i samband med markeringa av kulturskulen sitt-40 \u00e5rsjubileum.<\/figcaption><\/figure>\n<p>Nedanfor finn ein KOSTRA-tal for kulturskulen i Stord kommune. Tala syner kommunen si m\u00e5loppn\u00e5ing p\u00e5 utvalde satsingsomr\u00e5de. M\u00e5ltala tek utgangspunkt i erfaringstal.<\/p>\n","protected":false},"excerpt":{"rendered":"<p>Nedanfor finn ein KOSTRA-tal for kulturskulen i Stord kommune. Tala syner kommunen si m\u00e5loppn\u00e5ing p\u00e5 utvalde satsingsomr\u00e5de. M\u00e5ltala tek utgangspunkt i erfaringstal.<\/p>\n","protected":false},"author":2,"featured_media":0,"parent":59,"menu_order":30,"comment_status":"closed","ping_status":"closed","template":"","meta":{"footnotes":""},"jetpack_sharing_enabled":true,"_links":{"self":[{"href":"https:\/\/sk-dokument.no\/arsmelding-2015\/index.php?rest_route=\/wp\/v2\/pages\/75"}],"collection":[{"href":"https:\/\/sk-dokument.no\/arsmelding-2015\/index.php?rest_route=\/wp\/v2\/pages"}],"about":[{"href":"https:\/\/sk-dokument.no\/arsmelding-2015\/index.php?rest_route=\/wp\/v2\/types\/page"}],"author":[{"embeddable":true,"href":"https:\/\/sk-dokument.no\/arsmelding-2015\/index.php?rest_route=\/wp\/v2\/users\/2"}],"replies":[{"embeddable":true,"href":"https:\/\/sk-dokument.no\/arsmelding-2015\/index.php?rest_route=%2Fwp%2Fv2%2Fcomments&post=75"}],"version-history":[{"count":0,"href":"https:\/\/sk-dokument.no\/arsmelding-2015\/index.php?rest_route=\/wp\/v2\/pages\/75\/revisions"}],"up":[{"embeddable":true,"href":"https:\/\/sk-dokument.no\/arsmelding-2015\/index.php?rest_route=\/wp\/v2\/pages\/59"}],"wp:attachment":[{"href":"https:\/\/sk-dokument.no\/arsmelding-2015\/index.php?rest_route=%2Fwp%2Fv2%2Fmedia&parent=75"}],"curies":[{"name":"wp","href":"https:\/\/api.w.org\/{rel}","templated":true}]}}