{"id":76,"date":"2016-04-18T12:08:39","date_gmt":"2016-04-18T10:08:39","guid":{"rendered":"http:\/\/lab.zpirit.no\/sk-arsmelding\/?page_id=76"},"modified":"2016-04-18T12:08:39","modified_gmt":"2016-04-18T10:08:39","slug":"mot-2015","status":"publish","type":"page","link":"https:\/\/sk-dokument.no\/arsmelding-2015\/?page_id=76","title":{"rendered":"Mot 2015"},"content":{"rendered":"<p>Stord kommune er eit lokalsamfunn med MOT. M\u00e5let med MOT-arbeidet til kommunen er \u00e5 skape eit varmare og tryggare samfunn gjennom \u00e5 arbeide med verdiane MOT til \u00e5 leve, MOT til \u00e5 bry seg og MOT til \u00e5 sei nei.<br \/>\nDei tre ungdomsskulane i kommunen gjennomf\u00f8rer MOT i ungdomsskulen. Dette er eit heilskapleg pedagogisk program med i alt 14 bes\u00f8k per klasse, fordelt p\u00e5 tre \u00e5r. MOT-\u00f8ktene vert leia av kommunen sine eigne MOT-informat\u00f8rar. Ein viktig del av MOT i ungdomsskulen er Ungdom med MOT. Hausten 2015 skulerte MOT-informat\u00f8rane 16 nye Ungdommar med MOT. Fire av desse var ungdommar fr\u00e5 Fitjar. Desse ungdommane er kulturbyggjarar og er med p\u00e5 \u00e5 styrkje oppvekstmilj\u00f8et p\u00e5 sin skule. Ei anna viktig oppg\u00e5ve er at dei gjennomf\u00f8rer tre skulebes\u00f8k til 7.-klassane for \u00e5 gjere overgangen fr\u00e5 barne- til ungdomsskulen lettare.<\/p>\n<figure id=\"attachment_377\" aria-describedby=\"caption-attachment-377\" style=\"width: 900px\" class=\"wp-caption alignnone\"><img loading=\"lazy\" decoding=\"async\" class=\"wp-image-377 size-large\" src=\"http:\/\/sk-dokument.no\/arsmelding-2015\/wp-content\/uploads\/sites\/2\/2016\/05\/slt-nye-mot-representantar-2015-1280x960.jpg\" alt=\"Nye MOT representantar 2015.\" width=\"900\" height=\"675\" srcset=\"https:\/\/sk-dokument.no\/arsmelding-2015\/wp-content\/uploads\/sites\/2\/2016\/05\/slt-nye-mot-representantar-2015-1280x960.jpg 1280w, https:\/\/sk-dokument.no\/arsmelding-2015\/wp-content\/uploads\/sites\/2\/2016\/05\/slt-nye-mot-representantar-2015-300x225.jpg 300w, https:\/\/sk-dokument.no\/arsmelding-2015\/wp-content\/uploads\/sites\/2\/2016\/05\/slt-nye-mot-representantar-2015.jpg 1920w\" sizes=\"(max-width: 900px) 100vw, 900px\" \/><figcaption id=\"caption-attachment-377\" class=\"wp-caption-text\">Nye MOT representantar 2015. <cite>Foto &#8211; Haldis Lauksund<\/cite><\/figcaption><\/figure>\n<p>16. april var MOT-turn\u00e9en p\u00e5 Stord. Totalt var det ca. 1200 elevar og vaksne p\u00e5 konsert med lokale ungdommar og artisten Chand denne dagen. Etter konserten var det eit inspirasjonsf\u00f8redrag for vaksne som arbeidar og samarbeider med ungdom p\u00e5 Stord.<br \/>\nSom eit prov p\u00e5 str\u00e5lande MOT-arbeid over tid, vann mange\u00e5rig MOT-informat\u00f8r Martin Vik prisen for \u00e5rets MOT-informat\u00f8r p\u00e5 eldsjelsamlinga i september. Prisen vart teken i mot til stor applaus for dei 600 personane i salen.<\/p>\n<p>23. november var \u00e5rets MOT til \u00e5 glede-dag. Dagen handlar om \u00e5 spreie glede med enkle midlar. Den vart markert p\u00e5 ulikt vis p\u00e5 dei tre ungdomsskulane og elles i kommunen. Signalberar med MOT er ogs\u00e5 eit forsterkningstiltak for \u00e5 skape eit meir inkluderande lokalsamfunn. Hausten 2015 fekk kommunen sine to f\u00f8rste signalberarar med MOT. Jentene er med si framtoning gode rollemodellar for ungdommane og unge vaksne.<\/p>\n<p>Hausten 2015 har ogs\u00e5 l\u00e6rlingane p\u00e5 Kv\u00e6rner Stord, tilsette ved fritidsklubbane og lagleiarane i Stord handball hatt ulike MOT-\u00f8kter. Alt med m\u00e5l om \u00e5 skape eit varmare og tryggare oppvekstmilj\u00f8 p\u00e5 Stord.<\/p>\n","protected":false},"excerpt":{"rendered":"<p>Stord kommune er eit lokalsamfunn med MOT. M\u00e5let med MOT-arbeidet til kommunen er \u00e5 skape eit varmare og tryggare samfunn gjennom \u00e5 arbeide med verdiane MOT til \u00e5 leve, MOT til \u00e5 bry seg og MOT til \u00e5 sei nei. Dei tre ungdomsskulane i kommunen gjennomf\u00f8rer MOT i ungdomsskulen. Dette er eit heilskapleg pedagogisk program<\/p>\n","protected":false},"author":2,"featured_media":0,"parent":59,"menu_order":30,"comment_status":"closed","ping_status":"closed","template":"","meta":{"footnotes":""},"jetpack_sharing_enabled":true,"_links":{"self":[{"href":"https:\/\/sk-dokument.no\/arsmelding-2015\/index.php?rest_route=\/wp\/v2\/pages\/76"}],"collection":[{"href":"https:\/\/sk-dokument.no\/arsmelding-2015\/index.php?rest_route=\/wp\/v2\/pages"}],"about":[{"href":"https:\/\/sk-dokument.no\/arsmelding-2015\/index.php?rest_route=\/wp\/v2\/types\/page"}],"author":[{"embeddable":true,"href":"https:\/\/sk-dokument.no\/arsmelding-2015\/index.php?rest_route=\/wp\/v2\/users\/2"}],"replies":[{"embeddable":true,"href":"https:\/\/sk-dokument.no\/arsmelding-2015\/index.php?rest_route=%2Fwp%2Fv2%2Fcomments&post=76"}],"version-history":[{"count":0,"href":"https:\/\/sk-dokument.no\/arsmelding-2015\/index.php?rest_route=\/wp\/v2\/pages\/76\/revisions"}],"up":[{"embeddable":true,"href":"https:\/\/sk-dokument.no\/arsmelding-2015\/index.php?rest_route=\/wp\/v2\/pages\/59"}],"wp:attachment":[{"href":"https:\/\/sk-dokument.no\/arsmelding-2015\/index.php?rest_route=%2Fwp%2Fv2%2Fmedia&parent=76"}],"curies":[{"name":"wp","href":"https:\/\/api.w.org\/{rel}","templated":true}]}}