{"id":77,"date":"2016-04-18T12:08:27","date_gmt":"2016-04-18T10:08:27","guid":{"rendered":"http:\/\/lab.zpirit.no\/sk-arsmelding\/?page_id=77"},"modified":"2016-09-28T10:33:51","modified_gmt":"2016-09-28T08:33:51","slug":"rehabilitering-helse-og-omsorg","status":"publish","type":"page","link":"https:\/\/sk-dokument.no\/arsmelding-2015\/?page_id=77","title":{"rendered":"REHABILITERING, HELSE OG OMSORG"},"content":{"rendered":"<p>Nedanfor finn ein Kostra-tal, samt tal fr\u00e5 Folkehelseinstituttet, for omr\u00e5det helse- og omsorg i Stord kommune. Tala syner kommunen si m\u00e5loppn\u00e5ing p\u00e5 utvalde satsingsomr\u00e5de. M\u00e5ltala tek utgangspunkt i erfaringstal.<\/p>\n","protected":false},"excerpt":{"rendered":"<p>Nedanfor finn ein Kostra-tal, samt tal fr\u00e5 Folkehelseinstituttet, for omr\u00e5det helse- og omsorg i Stord kommune. Tala syner kommunen si m\u00e5loppn\u00e5ing p\u00e5 utvalde satsingsomr\u00e5de. M\u00e5ltala tek utgangspunkt i erfaringstal.<\/p>\n","protected":false},"author":2,"featured_media":376,"parent":0,"menu_order":6,"comment_status":"closed","ping_status":"closed","template":"","meta":{"footnotes":""},"jetpack_sharing_enabled":true,"_links":{"self":[{"href":"https:\/\/sk-dokument.no\/arsmelding-2015\/index.php?rest_route=\/wp\/v2\/pages\/77"}],"collection":[{"href":"https:\/\/sk-dokument.no\/arsmelding-2015\/index.php?rest_route=\/wp\/v2\/pages"}],"about":[{"href":"https:\/\/sk-dokument.no\/arsmelding-2015\/index.php?rest_route=\/wp\/v2\/types\/page"}],"author":[{"embeddable":true,"href":"https:\/\/sk-dokument.no\/arsmelding-2015\/index.php?rest_route=\/wp\/v2\/users\/2"}],"replies":[{"embeddable":true,"href":"https:\/\/sk-dokument.no\/arsmelding-2015\/index.php?rest_route=%2Fwp%2Fv2%2Fcomments&post=77"}],"version-history":[{"count":1,"href":"https:\/\/sk-dokument.no\/arsmelding-2015\/index.php?rest_route=\/wp\/v2\/pages\/77\/revisions"}],"predecessor-version":[{"id":610,"href":"https:\/\/sk-dokument.no\/arsmelding-2015\/index.php?rest_route=\/wp\/v2\/pages\/77\/revisions\/610"}],"wp:featuredmedia":[{"embeddable":true,"href":"https:\/\/sk-dokument.no\/arsmelding-2015\/index.php?rest_route=\/wp\/v2\/media\/376"}],"wp:attachment":[{"href":"https:\/\/sk-dokument.no\/arsmelding-2015\/index.php?rest_route=%2Fwp%2Fv2%2Fmedia&parent=77"}],"curies":[{"name":"wp","href":"https:\/\/api.w.org\/{rel}","templated":true}]}}