{"id":78,"date":"2016-04-18T12:08:27","date_gmt":"2016-04-18T10:08:27","guid":{"rendered":"http:\/\/lab.zpirit.no\/sk-arsmelding\/?page_id=78"},"modified":"2016-04-18T12:08:27","modified_gmt":"2016-04-18T10:08:27","slug":"omsorgssenter-maloppnaing","status":"publish","type":"page","link":"https:\/\/sk-dokument.no\/arsmelding-2015\/?page_id=78","title":{"rendered":"Omsorgssenter, m\u00e5loppn\u00e5ing"},"content":{"rendered":"<table>\n<thead>\n<tr>\n<th><em>M\u00e5loppn\u00e5ing omsorgstenester <\/em><\/th>\n<th style=\"text-align: center\">M\u00e5l<\/th>\n<th style=\"text-align: center\" colspan=\"2\">Resultat<\/th>\n<\/tr>\n<tr>\n<th style=\"text-align: center\"><\/th>\n<th style=\"text-align: center\" width=\"10%\">2015<\/th>\n<th style=\"text-align: center\" width=\"10%\">2015<\/th>\n<th style=\"text-align: center\" width=\"10%\">2014<\/th>\n<\/tr>\n<\/thead>\n<tbody>\n<tr>\n<td>Del \u00e5rsverk m fagutdanning<\/td>\n<td style=\"text-align: right\">&gt;81<\/td>\n<td style=\"text-align: right\">&#8211;<\/td>\n<td style=\"text-align: right\">81<\/td>\n<\/tr>\n<tr>\n<td>Del \u00e5rsverk m fagutdanning fr\u00e5 h\u00f8gskule\/ universitet<\/td>\n<td style=\"text-align: right\">&gt;44<\/td>\n<td style=\"text-align: right\">&#8211;<\/td>\n<td style=\"text-align: right\">&#8211;<\/td>\n<\/tr>\n<tr>\n<td>Snitt tildelte timar i heimen, heimesjukepleie<\/td>\n<td style=\"text-align: right\">&gt;7,7<\/td>\n<td style=\"text-align: right\">10,3<\/td>\n<td style=\"text-align: right\">9,3<\/td>\n<\/tr>\n<tr>\n<td>Snitt tildelte timar i heimen, praktisk bistand<\/td>\n<td style=\"text-align: right\">&lt;7,0<\/td>\n<td style=\"text-align: right\">7,6<\/td>\n<td style=\"text-align: right\">7,7<\/td>\n<\/tr>\n<tr>\n<td>Del heimeten.mottakarar med omfattande bistandsbehov, 67\u00e5r og over i prosent<\/td>\n<td style=\"text-align: right\">19,5<\/td>\n<td style=\"text-align: right\">25,6<\/td>\n<td style=\"text-align: right\">24,2<\/td>\n<\/tr>\n<tr>\n<td>Brukarar i institusjon med omfattande bistandsbehov (langtidsopphald) %<\/td>\n<td style=\"text-align: right\">&gt;91,7<\/td>\n<td style=\"text-align: right\">&#8211;<\/td>\n<td style=\"text-align: right\">&#8211;<\/td>\n<\/tr>\n<tr>\n<td>Tid med lege per veke per bebuar i sjukeheim (timar)<\/td>\n<td style=\"text-align: right\">&gt;0,41<\/td>\n<td style=\"text-align: right\">0,43<\/td>\n<td style=\"text-align: right\">0,41<\/td>\n<\/tr>\n<tr>\n<td>Tid med fysioterapi per veke per bebuar i sjukeheim (timar)<\/td>\n<td style=\"text-align: right\">&gt;0,17<\/td>\n<td style=\"text-align: right\">5,26 (?)<\/td>\n<td style=\"text-align: right\">0,17<\/td>\n<\/tr>\n<\/tbody>\n<\/table>\n<p>Terskelen for \u00e5 f\u00e5 helsefagleg hjelp er h\u00f8g, og personar med st\u00f8rst behov vert prioritert. For \u00e5 nytta ressursane mest mot dei med omfattande hjelpebehov pr\u00f8ver ein \u00e5 fri gjera ressursar fr\u00e5 praktisk bistand. Difor minkar timar med praktisk bistand og timar heimesjukepleie aukar. Aukande del av brukarar som har omfattande hjelpebehov gir stort press p\u00e5 institusjonsplassane.<\/p>\n","protected":false},"excerpt":{"rendered":"<p>M\u00e5loppn\u00e5ing omsorgstenester M\u00e5l Resultat 2015 2015 2014 Del \u00e5rsverk m fagutdanning &gt;81 &#8211; 81 Del \u00e5rsverk m fagutdanning fr\u00e5 h\u00f8gskule\/ universitet &gt;44 &#8211; &#8211; Snitt tildelte timar i heimen, heimesjukepleie &gt;7,7 10,3 9,3 Snitt tildelte timar i heimen, praktisk bistand &lt;7,0 7,6 7,7 Del heimeten.mottakarar med omfattande bistandsbehov, 67\u00e5r og over i prosent 19,5 25,6<\/p>\n","protected":false},"author":2,"featured_media":0,"parent":77,"menu_order":0,"comment_status":"closed","ping_status":"closed","template":"","meta":{"footnotes":""},"jetpack_sharing_enabled":true,"_links":{"self":[{"href":"https:\/\/sk-dokument.no\/arsmelding-2015\/index.php?rest_route=\/wp\/v2\/pages\/78"}],"collection":[{"href":"https:\/\/sk-dokument.no\/arsmelding-2015\/index.php?rest_route=\/wp\/v2\/pages"}],"about":[{"href":"https:\/\/sk-dokument.no\/arsmelding-2015\/index.php?rest_route=\/wp\/v2\/types\/page"}],"author":[{"embeddable":true,"href":"https:\/\/sk-dokument.no\/arsmelding-2015\/index.php?rest_route=\/wp\/v2\/users\/2"}],"replies":[{"embeddable":true,"href":"https:\/\/sk-dokument.no\/arsmelding-2015\/index.php?rest_route=%2Fwp%2Fv2%2Fcomments&post=78"}],"version-history":[{"count":0,"href":"https:\/\/sk-dokument.no\/arsmelding-2015\/index.php?rest_route=\/wp\/v2\/pages\/78\/revisions"}],"up":[{"embeddable":true,"href":"https:\/\/sk-dokument.no\/arsmelding-2015\/index.php?rest_route=\/wp\/v2\/pages\/77"}],"wp:attachment":[{"href":"https:\/\/sk-dokument.no\/arsmelding-2015\/index.php?rest_route=%2Fwp%2Fv2%2Fmedia&parent=78"}],"curies":[{"name":"wp","href":"https:\/\/api.w.org\/{rel}","templated":true}]}}