{"id":80,"date":"2016-04-18T12:08:27","date_gmt":"2016-04-18T10:08:27","guid":{"rendered":"http:\/\/lab.zpirit.no\/sk-arsmelding\/?page_id=80"},"modified":"2016-04-18T12:08:27","modified_gmt":"2016-04-18T10:08:27","slug":"nav-kommune-maloppnaing","status":"publish","type":"page","link":"https:\/\/sk-dokument.no\/arsmelding-2015\/?page_id=80","title":{"rendered":"NAV kommune, m\u00e5loppn\u00e5ing"},"content":{"rendered":"<table>\n<thead>\n<tr>\n<th>NAV KOMMUNE<\/th>\n<th style=\"text-align: center\">M\u00e5l<\/th>\n<th style=\"text-align: center\" colspan=\"2\">Resultat<\/th>\n<\/tr>\n<tr>\n<th style=\"text-align: center\"><\/th>\n<th style=\"text-align: center\" width=\"10%\">2015<\/th>\n<th style=\"text-align: center\" width=\"10%\">2015<\/th>\n<th style=\"text-align: center\" width=\"10%\">2014<\/th>\n<\/tr>\n<\/thead>\n<tbody>\n<tr>\n<td>Snitt st\u00f8nadslengde 18-24 \u00e5r , mnd.<\/td>\n<td style=\"text-align: right\">&lt;3,7<\/td>\n<td style=\"text-align: right\">4,0<\/td>\n<td style=\"text-align: right\">3,9<\/td>\n<\/tr>\n<tr>\n<td>Snitt st\u00f8nadslengde 25-66 \u00e5r, mnd.<\/td>\n<td style=\"text-align: right\">&lt;3,4<\/td>\n<td style=\"text-align: right\">4,0<\/td>\n<td style=\"text-align: right\">3,6<\/td>\n<\/tr>\n<tr>\n<td>Del som g\u00e5r over 6 m\u00e5nader p\u00e5 st\u00f8nad i %<\/td>\n<td style=\"text-align: right\">&lt;19<\/td>\n<td style=\"text-align: right\">25<\/td>\n<td style=\"text-align: right\">23<\/td>\n<\/tr>\n<tr>\n<td>Tal sos.hjelpmottakarar som f\u00e5r gjeldsr\u00e5dgj. ved utbet.<\/td>\n<td style=\"text-align: right\">&gt;32<\/td>\n<td style=\"text-align: right\">&#8211;<\/td>\n<td style=\"text-align: right\">&#8211;<\/td>\n<\/tr>\n<tr>\n<td>Deltakarar i Kvalifiseringsprogrammet 18-66 \u00e5r<\/td>\n<td style=\"text-align: right\">&gt;18<\/td>\n<td style=\"text-align: right\">13<\/td>\n<td style=\"text-align: right\">13<\/td>\n<\/tr>\n<tr>\n<td>Arbeidsledige, 15 \u2013 29 \u00e5r, prosent<\/td>\n<td style=\"text-align: right\">&lt;2,8<\/td>\n<td style=\"text-align: right\">&#8211;<\/td>\n<td style=\"text-align: right\">2,0<\/td>\n<\/tr>\n<tr>\n<td>Prosentdel uf\u00f8retrygda 18 \u2013 44 \u00e5r<\/td>\n<td style=\"text-align: right\">&lt;2,8<\/td>\n<td style=\"text-align: right\">2,8<\/td>\n<td style=\"text-align: right\">2,8<\/td>\n<\/tr>\n<\/tbody>\n<\/table>\n<p>Snitt st\u00f8nadslengde og del av langtidsmottakarar er knytt til arbeidsmarknaden. Her hadde kommunen ein negativ utvikling gjennom heile 2015.<\/p>\n<p>N\u00e5r det gjeld deltakarar i Kvalifiseringsprogrammet s\u00e5 vart alle s\u00f8knader om dette innvilga i 2015.<\/p>\n","protected":false},"excerpt":{"rendered":"<p>NAV KOMMUNE M\u00e5l Resultat 2015 2015 2014 Snitt st\u00f8nadslengde 18-24 \u00e5r , mnd. &lt;3,7 4,0 3,9 Snitt st\u00f8nadslengde 25-66 \u00e5r, mnd. &lt;3,4 4,0 3,6 Del som g\u00e5r over 6 m\u00e5nader p\u00e5 st\u00f8nad i % &lt;19 25 23 Tal sos.hjelpmottakarar som f\u00e5r gjeldsr\u00e5dgj. ved utbet. &gt;32 &#8211; &#8211; Deltakarar i Kvalifiseringsprogrammet 18-66 \u00e5r &gt;18 13 13<\/p>\n","protected":false},"author":2,"featured_media":0,"parent":77,"menu_order":3,"comment_status":"closed","ping_status":"closed","template":"","meta":{"footnotes":""},"jetpack_sharing_enabled":true,"_links":{"self":[{"href":"https:\/\/sk-dokument.no\/arsmelding-2015\/index.php?rest_route=\/wp\/v2\/pages\/80"}],"collection":[{"href":"https:\/\/sk-dokument.no\/arsmelding-2015\/index.php?rest_route=\/wp\/v2\/pages"}],"about":[{"href":"https:\/\/sk-dokument.no\/arsmelding-2015\/index.php?rest_route=\/wp\/v2\/types\/page"}],"author":[{"embeddable":true,"href":"https:\/\/sk-dokument.no\/arsmelding-2015\/index.php?rest_route=\/wp\/v2\/users\/2"}],"replies":[{"embeddable":true,"href":"https:\/\/sk-dokument.no\/arsmelding-2015\/index.php?rest_route=%2Fwp%2Fv2%2Fcomments&post=80"}],"version-history":[{"count":0,"href":"https:\/\/sk-dokument.no\/arsmelding-2015\/index.php?rest_route=\/wp\/v2\/pages\/80\/revisions"}],"up":[{"embeddable":true,"href":"https:\/\/sk-dokument.no\/arsmelding-2015\/index.php?rest_route=\/wp\/v2\/pages\/77"}],"wp:attachment":[{"href":"https:\/\/sk-dokument.no\/arsmelding-2015\/index.php?rest_route=%2Fwp%2Fv2%2Fmedia&parent=80"}],"curies":[{"name":"wp","href":"https:\/\/api.w.org\/{rel}","templated":true}]}}