{"id":81,"date":"2016-04-18T12:08:27","date_gmt":"2016-04-18T10:08:27","guid":{"rendered":"http:\/\/lab.zpirit.no\/sk-arsmelding\/?page_id=81"},"modified":"2016-04-18T12:08:27","modified_gmt":"2016-04-18T10:08:27","slug":"rehabilitering-helse-omsorg","status":"publish","type":"page","link":"https:\/\/sk-dokument.no\/arsmelding-2015\/?page_id=81","title":{"rendered":"Rehabilitering, helse, omsorg"},"content":{"rendered":"<p>Tenesteomr\u00e5det Rehabilitering, helse og omsorg (RHO) omfattar Kundetorget, heimebaserte tenester, institusjonstenester, Eining for habilitering, Eining for aktivitet og rehabilitering, Sosial og f\u00f8rebyggjande tenester (SOFT) og NAV kommune.<\/p>\n<p>Tenestene har gjennom \u00e5ret hatt rimeleg store utfordringar fordi ein ikkje har reservar som kan ta h\u00f8gd for kostnader til nye brukarar, kostnader knytt til utskrivingsklare pasientar og auka sosialhjelpskostnader. I tillegg har det vore auka kostnader p\u00e5 Stord kommunale rehabiliteringssenter grunna inntak av pasientar med andre typar sjukdomsbilete enn det senteret er bemanna for. Det er difor sv\u00e6rt positivt at tenesteomr\u00e5det med stram styring p\u00e5 alle niv\u00e5 likevel kan levere eit samla rekneskap med sv\u00e6rt lite avvik.<\/p>\n<p>Felles vikarpool som vart oppretta for alle RHO einingane hausten 2015 har vore ein suksess s\u00e5 langt. \u00c5 f\u00e5 inn tilsette med fagkompetanse til \u00e5 dekka opp heile turnusen til ein som er vekke nokre veker, sikrar kvalitet i tenestene. Det er tilsett ni heile, faste stillingar i vikarpoolen.<\/p>\n<p>Fylkesmannen gjennomf\u00f8rte tilsyn i h\u00f8ve samhandling av utskrivingsklare pasientar fr\u00e5 sjukehuset til kommunen. Fylkesmannen fann ingen avvik p\u00e5 dette omr\u00e5det. Kommunen har elleve samarbeidsavtalar med Helse Fonna som skal medverke til god samhandling kring pasientane. I 2016 meldte Stord kommune om 17 avvik p\u00e5 desse avtalane, og Helse Fonna meldte om tre avvik til Stord kommune. Dei fleste avvika g\u00e5r p\u00e5 manglande eller mangelfulle medisinopplysningar. Det vert freista \u00e5 lukka avvika etter kvart som dei oppst\u00e5r. Det har i l\u00f8pet av \u00e5ret vore gjennomf\u00f8rt eit prosjekt om har hatt fokus p\u00e5 utskriving fr\u00e5 sjukehus og korttidsplass til heimen. Representantar fr\u00e5 kommunen og sjukehuset deltok, og det har resultert i satsing p\u00e5 eit tverrfagleg innsatsteam som skal jobba spesifikt med \u00e5 koordinera for at fleire snarast r\u00e5d kan koma tilbake til eigen heim.<\/p>\n<p>B\u00e5de p\u00e5 Stord sjukeheim og Knutsa\u00e5sen Omsorgssenter er det fleire faste og popul\u00e6re aktivitetar i samarbeid med frivillige; R\u00f8de Kors sine bes\u00f8ksvenner kjem kvar onsdag, andre frivillige har andakter, songstunder og konsertar.<\/p>\n<p>Det har vore stor aktivitet knytt til den kulturelle spaserstokken, med fleire arrangement i kulturhuset som kulturskulen og biblioteket stod for. Det har og vore arrangement p\u00e5 institusjonane med b\u00e5de musikk, dans og teaterforstillingar. Knutsa\u00e5sen har hatt overvekt av arrangement fordi mangel p\u00e5 ei stor stove gjer det vanskeleg \u00e5 arrangera t.d. teater p\u00e5 Stord sjukeheim.<\/p>\n<p>Sosial og f\u00f8rebyggjande tenester gjennomf\u00f8rte brukarunders\u00f8king for brukarar med psykiske- og\/eller rusvanskar. Unders\u00f8kinga viste at brukarane opplever betre samarbeid innan tenesteapparatet enn snitt i Norge. Dei scorar bra i h\u00f8ve at tilsette lyttar, tek i vare teiingsplikt, informerer godt og heldt avtalar. Omr\u00e5der som ligg noko under landssnittet er mogleik for \u00e5 p\u00e5verka tenestetilbodet, respektfull behandling og tilgjenge.<\/p>\n<p>NAV har gjennomf\u00f8rt si \u00e5rlege brukarunders\u00f8king. I h\u00f8ve m\u00e5ltala ligg dei over i h\u00f8ve samarbeid og brukarmedverknad, informasjon og total kvalitet p\u00e5 tenestene, samt l\u00e5gare i h\u00f8ve ventetid. Det er forbetringspotensiale i h\u00f8ve \u00e5 bli m\u00f8tt med respekt og korleis ein blir teke imot. Alt i alt ligg brukarunders\u00f8kinga omtrent 0,5% (5,1 av 6) over gjennomsnittet i Hordaland.<\/p>\n<p>Kommunestyret skulle busetje 35 flyktningar i 2015, i tillegg til familiesameiningar. Det vart busett 31 flyktningar i 2015, dei fire siste vert etter avtale med IMDi, busette f\u00f8rste kvartal 2016. NAV fekk prosjektmidlar fr\u00e5 Fylkesmannen til to prosjekt i 2015; Jobbsenter for flyktningar som har oppstart 1. januar 2016, og bustadsosial teneste for flyktningar (starta opp hausten 2015). Jobbsenteret skal jobbe med \u00e5 sikre at busetje flyktningar kjem i gong med arbeidsretta aktivitet s\u00e5 tidleg som mogleg. Aktiviteten kan vera praksisplass, arbeidslivsundervisning, arbeid med godkjenning av utdanning fr\u00e5 heimlandet med meir. Den bustadsosiale tenesta for flyktningar skal bidra til \u00e5 framskaffe bustadar som er h\u00f8velege til \u00e5 busetje flyktningar, oppl\u00e6ring med m\u00e5l om \u00e5 meistre eit leige-\/butilh\u00f8ve samt r\u00e5d og rettleiing knytt til vidare bustadkarriere.<\/p>\n<p>Kommunen har framleis i periodar vanskar med \u00e5 ta imot ferdigbehandla pasientar fr\u00e5 sjukehuset. Dei 125 institusjonsplassane som kommunen har er stort sett belagt med sterkt omsorgstrengande brukarar, som gjer at det er lite h\u00f8ve til inntak av nye. Nye pasientgrupper (eksempelvis personar med psykiatriske diagnosar og rusbakgrunn) konkurrerer og om dei same plassane. Kommunen har gjennom \u00e5ret teke fleire initiativ mot nabokommunane for leige av institusjonsplassar, men dette har ein f\u00f8rebels ikkje f\u00e5tt til. Det er vedteke bygging av nye institusjonsplassar knytt til den eksisterande sjukeheimen. Desse er planlagt ferdige v\u00e5ren 2018. I februar\/ mars vart det etablert eit heild\u00f8gns omsorgstilbod med \u00e5tte plassar i Backertunet. Det vart gjort ombygging av to sm\u00e5husv\u00e6re til fellesareal. Ombygginga har medf\u00f8rt at ein har f\u00e5tt tenlege lokalar p\u00e5 sjukeheimsniv\u00e5. Desse plassane tok litt av for presset p\u00e5 RHO-tenestene i v\u00e5r, men i l\u00f8pet av hausten har det igjen blitt stort press p\u00e5 tenestene. Fr\u00e5 desember har Avdeling for d\u00f8gnrehabilitering hatt to dobbeltrom. Omtrent 70 prosent av bebuarane ved denne avdelinga kjem fr\u00e5 sjukehuset. Det er starta arbeid med nytt bygg ved sjukehuset som skal husa interkommunal legevakt, kommunale akutte d\u00f8gnsenger (KAD) og observasjonssenger.<\/p>\n<p>I 2015 var det 40 brukarar som kom inn under ordninga ressurskrevjande tenester. Dette gjeld brukarar som er s\u00e6rleg omsorgstrengjande og som kommunen f\u00e5r ekstra tilskot til. I h\u00f8ve desse brukarane har kommunen i fjor ei l\u00f8nsutgift p\u00e5 om lag 100 millionar kroner og f\u00e5r refundert knappe 46 millionar av desse fr\u00e5 staten. Desse utgiftene dreg opp snittkostnaden pr brukar innan tenesteomr\u00e5det.<\/p>\n<p>Fleire foreldre av ungdom med psykisk utviklingshemming har meldt at dei ynskjer at borna deira skal flytta for seg sj\u00f8lv. I tillegg er det nokre personar over 18 \u00e5r som bur saman med eldre foreldre der ein ser at foreldra ikkje klarar \u00e5 ta seg av barna lenger. Ein har pr. dags dato ikkje ledig plass i bufellesskap og utan bygging av nytt bufellesskap vil ein kunne koma i den situasjonen at ein f\u00e5r fleire sm\u00e5, kostbare \u00absatellittar\u00bb. Planlegging av nytt bufellesskap vil starta opp i 2016.<\/p>\n<p>Frisklivssentralen har tilbod til personar i alle aldrar som, av omsyn til helsa, treng hjelp til \u00e5 endra levevanar. Den tilbyr m a individuelle rettleiingstimar, fallf\u00f8rebyggjande kurs, kurs i r\u00f8ykeslutt og i meistring av depresjon. I 2015 har 76 innbyggjarar nytta seg av desse tilboda. Rehabiliteringssenteret har mellom anna gjennomf\u00f8rt helsepedagogiske gruppetilbod i form av parkinsongruppa med logoped, gruppetrening MS (multippel sklerose) og bassenggruppe for personar med muskel- skjelettplager.<\/p>\n<p>I 2015 kom det inn ti klager p\u00e5 vedtak om tenester, betaling eller bustad. Fylkesmannen i Hordaland stadfesta fire av desse klagene, kommunen omgjorde to vedtak, for tre er det enno ikkje kome svar (fr\u00e5 klagenemnd og fylkesmann) og \u00e9in er enno ikkje handsama.<\/p>\n<p>Alle nye brukarar vert kartlagt ved hjelp av Iplos f\u00f8r det vert vurdert kva bistand dei treng. Iplos er eit landsomfattande system der ein m\u00e5ler funksjonsniv\u00e5 etter ein bestemt skala.<\/p>\n<p>Medarbeidarunders\u00f8king vart gjennomf\u00f8rt i alle einingane i RHO. Dei alle fleste er n\u00f8gde med arbeidssituasjonen sin og medarbeidarsamtalar vert stort sett gjennomf\u00f8rt. Resultata vert g\u00e5tt gjennom i kvar eining og presentert p\u00e5 personalm\u00f8ta. Tiltak vert sett inn i handlingsplanen til den respektive eininga.<\/p>\n<p>Sjukefr\u00e5v\u00e6ret for RHO-einingane var 10,63 prosent i 2015. Dette er ei nedgang fr\u00e5 11,46 prosent \u00e5ret f\u00f8r, noko som er eit steg i rett retning. Kommunen har f\u00e5tt innvilga fleire s\u00f8knader til NAV om tilretteleggingstilskot. Det er stort fokus p\u00e5 oppf\u00f8lging av sjukemelde.<\/p>\n<p>Arbeid med nye dagplassar p\u00e5 S\u00e6b\u00f8 gard er starta opp. Pr. i dag kjenner ein til seks personar med utviklingshemming som ikkje har eit tilfredsstillande arbeid\/dagtilbod. Fleire unge vil f\u00e5 behov dei n\u00e6raste \u00e5ra, d\u00e5 dei blir ferdig med vidareg\u00e5ande skule. Trenden i samfunnet er at det vert vanskelegare for denne brukargruppa \u00e5 f\u00e5 VTA-plass (varig tilrettelagt arbeid), og at kommunane difor m\u00e5 gje tilbod om dagaktivitet til desse.<\/p>\n<p>Ei avdeling p\u00e5 Knutsa\u00e5sen omsorgssenter deltek med eitt team i Nettverk for f\u00f8rebygging av fall i regi av den nasjonale pasienttryggleikskampanjen. Tiltakspakke derifr\u00e5 skal spreiast og implementerast i alle avdelingane i eininga. Sidan registreringsstart i april 2015, er det registrert 47 fall ved Knutsa\u00e5sen og 87 fall ved avd Backertunet, derav to l\u00e5rhalsbrot. I tillegg er det registrert 37 fall ved Rehabiliteringssenteret. Det er kj\u00f8pt inn tre Motiview-syklar ved sjukeheimen\/Knutsa\u00e5sen. Dette er ergometersyklar med skjerm som viser film og musikk og motiverar for trening. Desse gir trening for bebuarane og kan f\u00f8rebyggja fallulykker. Det er og kj\u00f8pt inn slik sykkel ved rehabiliteringssenteret ved hjelp av tilskot fr\u00e5 frivillige.<\/p>\n","protected":false},"excerpt":{"rendered":"<p>Tenesteomr\u00e5det Rehabilitering, helse og omsorg (RHO) omfattar Kundetorget, heimebaserte tenester, institusjonstenester, Eining for habilitering, Eining for aktivitet og rehabilitering, Sosial og f\u00f8rebyggjande tenester (SOFT) og NAV kommune. Tenestene har gjennom \u00e5ret hatt rimeleg store utfordringar fordi ein ikkje har reservar som kan ta h\u00f8gd for kostnader til nye brukarar, kostnader knytt til utskrivingsklare pasientar og<\/p>\n","protected":false},"author":2,"featured_media":0,"parent":77,"menu_order":3,"comment_status":"closed","ping_status":"closed","template":"","meta":{"footnotes":""},"jetpack_sharing_enabled":true,"_links":{"self":[{"href":"https:\/\/sk-dokument.no\/arsmelding-2015\/index.php?rest_route=\/wp\/v2\/pages\/81"}],"collection":[{"href":"https:\/\/sk-dokument.no\/arsmelding-2015\/index.php?rest_route=\/wp\/v2\/pages"}],"about":[{"href":"https:\/\/sk-dokument.no\/arsmelding-2015\/index.php?rest_route=\/wp\/v2\/types\/page"}],"author":[{"embeddable":true,"href":"https:\/\/sk-dokument.no\/arsmelding-2015\/index.php?rest_route=\/wp\/v2\/users\/2"}],"replies":[{"embeddable":true,"href":"https:\/\/sk-dokument.no\/arsmelding-2015\/index.php?rest_route=%2Fwp%2Fv2%2Fcomments&post=81"}],"version-history":[{"count":0,"href":"https:\/\/sk-dokument.no\/arsmelding-2015\/index.php?rest_route=\/wp\/v2\/pages\/81\/revisions"}],"up":[{"embeddable":true,"href":"https:\/\/sk-dokument.no\/arsmelding-2015\/index.php?rest_route=\/wp\/v2\/pages\/77"}],"wp:attachment":[{"href":"https:\/\/sk-dokument.no\/arsmelding-2015\/index.php?rest_route=%2Fwp%2Fv2%2Fmedia&parent=81"}],"curies":[{"name":"wp","href":"https:\/\/api.w.org\/{rel}","templated":true}]}}