{"id":85,"date":"2016-04-18T12:08:27","date_gmt":"2016-04-18T10:08:27","guid":{"rendered":"http:\/\/lab.zpirit.no\/sk-arsmelding\/?page_id=85"},"modified":"2016-04-18T12:08:27","modified_gmt":"2016-04-18T10:08:27","slug":"nokkeltal","status":"publish","type":"page","link":"https:\/\/sk-dokument.no\/arsmelding-2015\/?page_id=85","title":{"rendered":"N\u00f8kkeltal"},"content":{"rendered":"<table>\n<thead>\n<tr>\n<th>Pleie og omsorg<\/th>\n<th style=\"text-align: center\" colspan=\"3\" width=\"17%\">Stord<\/th>\n<th style=\"text-align: center\" width=\"17%\">Samanlikn. kommunar<\/th>\n<th style=\"text-align: center\" width=\"17%\">Landet utan Oslo<\/th>\n<\/tr>\n<\/thead>\n<tbody>\n<tr>\n<td><\/td>\n<td style=\"text-align: center\"><strong>2015<\/strong><\/td>\n<td style=\"text-align: center\"><strong>2014<\/strong><\/td>\n<td style=\"text-align: center\"><strong>2013<\/strong><\/td>\n<td style=\"text-align: center\"><strong>2015<\/strong><\/td>\n<td style=\"text-align: center\"><strong>2015<\/strong><\/td>\n<\/tr>\n<tr>\n<td><strong>Heimetenesta<\/strong><\/td>\n<td><\/td>\n<td><\/td>\n<td><\/td>\n<td><\/td>\n<td><\/td>\n<\/tr>\n<tr>\n<td>Korrigerte brutto driftsutg. pr mottakar av heimetenester (i kroner)<\/td>\n<td style=\"text-align: right\">338\u00a0599<\/td>\n<td style=\"text-align: right\">336\u00a0751<\/td>\n<td style=\"text-align: right\">304\u00a0705<\/td>\n<td style=\"text-align: right\">248\u00a0274<\/td>\n<td style=\"text-align: right\">237\u00a0314<\/td>\n<\/tr>\n<tr>\n<td>Mottakarar av heimetenester pr 1000 innb. 0-66 \u00e5r<\/td>\n<td style=\"text-align: right\">19<\/td>\n<td style=\"text-align: right\">19<\/td>\n<td style=\"text-align: right\">19<\/td>\n<td style=\"text-align: right\">22<\/td>\n<td style=\"text-align: right\">21<\/td>\n<\/tr>\n<tr>\n<td>Mottakarar av heimetenester pr 1000 innb. 80 \u00e5r og over<\/td>\n<td style=\"text-align: right\">312<\/td>\n<td style=\"text-align: right\">305<\/td>\n<td style=\"text-align: right\">325<\/td>\n<td style=\"text-align: right\">321<\/td>\n<td style=\"text-align: right\">329<\/td>\n<\/tr>\n<tr>\n<td>Andel heimebuande brukarar med omfattande bistandstrong, 80 \u00e5r + i %<\/td>\n<td style=\"text-align: right\">27,4<\/td>\n<td style=\"text-align: right\">29,3<\/td>\n<td style=\"text-align: right\">21,0<\/td>\n<td style=\"text-align: right\">15,7<\/td>\n<td style=\"text-align: right\">12,8<\/td>\n<\/tr>\n<tr>\n<td><strong>Institusjonar<\/strong><\/td>\n<td><\/td>\n<td><\/td>\n<td><\/td>\n<td><\/td>\n<td><\/td>\n<\/tr>\n<tr>\n<td>Plassar i institusjon i % av innbyggjarar over 80 \u00e5r<\/td>\n<td style=\"text-align: right\">11,7<\/td>\n<td style=\"text-align: right\">11,6<\/td>\n<td style=\"text-align: right\">11,5<\/td>\n<td style=\"text-align: right\">14,9<\/td>\n<td style=\"text-align: right\">18,3<\/td>\n<\/tr>\n<tr>\n<td>Legetimar pr veke pr bebuar i sjukeheim<\/td>\n<td style=\"text-align: right\">0,43<\/td>\n<td style=\"text-align: right\">0,41<\/td>\n<td style=\"text-align: right\">0,41<\/td>\n<td style=\"text-align: right\">0,49<\/td>\n<td style=\"text-align: right\">0,54<\/td>\n<\/tr>\n<tr>\n<td>Fysioterapitimar pr veke pr bebuar i sjukeheim<\/td>\n<td style=\"text-align: right\">5,26 (?)<\/td>\n<td style=\"text-align: right\">0,17<\/td>\n<td style=\"text-align: right\">0,17<\/td>\n<td style=\"text-align: right\">0,63<\/td>\n<td style=\"text-align: right\">0,41<\/td>\n<\/tr>\n<tr>\n<td>Andel plassar i skjerma eining for personar med demens<\/td>\n<td style=\"text-align: right\">33,2<\/td>\n<td style=\"text-align: right\">34,2<\/td>\n<td style=\"text-align: right\">35,5<\/td>\n<td style=\"text-align: right\">23,7<\/td>\n<td style=\"text-align: right\">26,1<\/td>\n<\/tr>\n<tr>\n<td>Korrigerte brutto driftsutgifter i institusjon per plass i kroner<\/td>\n<td style=\"text-align: right\">1\u00a0155\u00a0081<\/td>\n<td style=\"text-align: right\">1\u00a0147\u00a0619<\/td>\n<td style=\"text-align: right\">1\u00a0016\u00a0272<\/td>\n<td style=\"text-align: right\">1\u00a0059\u00a0827<\/td>\n<td style=\"text-align: right\">1\u00a0040\u00a0127<\/td>\n<\/tr>\n<tr>\n<td>Andel brukarar i institusjon med omfattande bistandstrong, langtidsplassar<\/td>\n<td style=\"text-align: right\">&#8211;<\/td>\n<td style=\"text-align: right\">&#8211;<\/td>\n<td style=\"text-align: right\">&#8211;<\/td>\n<td style=\"text-align: right\">81,6<\/td>\n<td style=\"text-align: right\">83,3<\/td>\n<\/tr>\n<\/tbody>\n<\/table>\n<p>&nbsp;<\/p>\n<p>Kostnader for mottakarar av heimebaserte tenester ligg over gjennomsnittet for samanlikningskommunar og for landet elles. Dette har mellom anna bakgrunn i mangel p\u00e5 institusjonsplassar som gjer at til dels sterkt hjelpetrengande, som burde hatt ein institusjonsplass, m\u00e5 f\u00e5 tenester i heimen. Del av heimebuande over 80 \u00e5r med omfattande bistandstrong ligg over 100 prosent h\u00f8gare enn landet elles.<\/p>\n<p>&nbsp;<\/p>\n<p>Dei som f\u00e5r plass p\u00e5 institusjon er sv\u00e6rt hjelpetrengande og kommunen har fleire plassar for demente enn samanlikningskommunar, noko som f\u00f8rer til noko h\u00f8gare utgifter pr. plass.<\/p>\n<p>&nbsp;<\/p>\n<p>Fysioterapitimar pr. veke pr. bebuar ved sjukeheim er feil i statistikken og blir retta opp ved revidering i juni.<\/p>\n<p>&nbsp;<\/p>\n<table>\n<thead>\n<tr>\n<th>Sosialtenesta<\/th>\n<th style=\"text-align: center\" colspan=\"3\" width=\"17%\">Stord<\/th>\n<th style=\"text-align: center\" width=\"17%\">Samanlikn. kommunar<\/th>\n<th style=\"text-align: center\" width=\"17%\">Landet utan Oslo<\/th>\n<\/tr>\n<\/thead>\n<tbody>\n<tr>\n<td><\/td>\n<td style=\"text-align: center\"><strong>2015<\/strong><\/td>\n<td style=\"text-align: center\"><strong>2014<\/strong><\/td>\n<td style=\"text-align: center\"><strong>2013<\/strong><\/td>\n<td style=\"text-align: center\"><strong>2015<\/strong><\/td>\n<td style=\"text-align: center\"><strong>2015<\/strong><\/td>\n<\/tr>\n<tr>\n<td>Netto driftsutgifter til sosialtenesta per innbyggar, i kroner<\/td>\n<td style=\"text-align: right\">1719<\/td>\n<td style=\"text-align: right\">1693<\/td>\n<td style=\"text-align: right\">1282<\/td>\n<td style=\"text-align: right\">1851<\/td>\n<td style=\"text-align: right\">1953<\/td>\n<\/tr>\n<tr>\n<td>Netto driftsutg. til sosialtenesta i prosent av samla netto driftsutgifter<\/td>\n<td style=\"text-align: right\">3,6<\/td>\n<td style=\"text-align: right\">3,6<\/td>\n<td style=\"text-align: right\">2,8<\/td>\n<td style=\"text-align: right\">3,7<\/td>\n<td style=\"text-align: right\">3,7<\/td>\n<\/tr>\n<tr>\n<td>Netto driftsutg. til tilbud personar med rusproblem pr innbyggjar 20-66 \u00e5r<\/td>\n<td style=\"text-align: right\">539<\/td>\n<td style=\"text-align: right\">768<\/td>\n<td style=\"text-align: right\">192<\/td>\n<td style=\"text-align: right\">394<\/td>\n<td style=\"text-align: right\">408<\/td>\n<\/tr>\n<tr>\n<td>Andelen sosialhjelpsmottakarar i forhold til innbyggjarar i alderen 20-66 \u00e5r<\/td>\n<td style=\"text-align: right\">3,7<\/td>\n<td style=\"text-align: right\">3,6<\/td>\n<td style=\"text-align: right\">4,1<\/td>\n<td style=\"text-align: right\">4,2<\/td>\n<td style=\"text-align: right\">4,2<\/td>\n<\/tr>\n<tr>\n<td>Sosialhjelpsmottakarar<\/td>\n<td style=\"text-align: right\">416<\/td>\n<td style=\"text-align: right\">399<\/td>\n<td style=\"text-align: right\">451<\/td>\n<td style=\"text-align: right\">326<\/td>\n<td style=\"text-align: right\">270<\/td>\n<\/tr>\n<tr>\n<td>Brutto driftsutgifter til \u00f8konomisk sosialhjelp per mottakar<\/td>\n<td style=\"text-align: right\">31\u00a0226<\/td>\n<td style=\"text-align: right\">25\u00a0880<\/td>\n<td style=\"text-align: right\">24\u00a0703<\/td>\n<td style=\"text-align: right\">36\u00a0631<\/td>\n<td style=\"text-align: right\">40\u00a0952<\/td>\n<\/tr>\n<tr>\n<td>Gjennomsnittleg utbetaling per st\u00f8nadsm\u00e5nad<\/td>\n<td style=\"text-align: right\">8082<\/td>\n<td style=\"text-align: right\">7046<\/td>\n<td style=\"text-align: right\">7013<\/td>\n<td style=\"text-align: right\">&#8211;<\/td>\n<td style=\"text-align: right\">&#8211;<\/td>\n<\/tr>\n<tr>\n<td>Sosialhjelpsmottakarar med sosialhjelp\/introduksjonsst\u00f8nad som hovudinntektskjelde, andel<\/td>\n<td style=\"text-align: right\">44,0<\/td>\n<td style=\"text-align: right\">&#8211;<\/td>\n<td style=\"text-align: right\">47,7<\/td>\n<td style=\"text-align: right\">44,2<\/td>\n<td style=\"text-align: right\">46,5<\/td>\n<\/tr>\n<\/tbody>\n<\/table>\n<p>&nbsp;<\/p>\n<p>Gjennom 2015 vart utfordringane p\u00e5 arbeidsmarknaden, lokalt, merkbart st\u00f8rre. NAV Stord hadde ein auke i talet p\u00e5 st\u00f8nadsmottakarar i 2015, fr\u00e5 399 i 2014 til 416. Auken var st\u00f8rst i aldersgruppa 18-24 \u00e5r der talet auka fr\u00e5 104 st\u00f8nadsmottakarar i 2014 til 127 st\u00f8nadsmottakarar i 2015. Snitt st\u00f8nadslengd for st\u00f8nadsmottakarar er om lag fire m\u00e5nader, litt kortare for aldersgruppa 18-24 \u00e5r.<\/p>\n<p>Brutto utbetalt \u00f8konomisk sosialhjelp auka med 2,7 millionar kroner samanlikna med 2014. \u00c5rsaker til dette er fleire mottakarar, noko auka st\u00f8nadslengd samt at Stord kommune slutta seg til statleg rettleiande sats for \u00f8konomisk sosialhjelp fr\u00e5 \u00e5rsskiftet 2015 (sats fr\u00e5 2010 var nytta i 2014).<\/p>\n<p>&nbsp;<\/p>\n<p>&nbsp;<\/p>\n<table>\n<thead>\n<tr>\n<th>Kommunehelse<\/th>\n<th style=\"text-align: center\" colspan=\"3\" width=\"17%\">Stord<\/th>\n<th style=\"text-align: center\" width=\"17%\">Samanlikn. kommunar<\/th>\n<th style=\"text-align: center\" width=\"17%\">Landet utan Oslo<\/th>\n<\/tr>\n<\/thead>\n<tbody>\n<tr>\n<td style=\"text-align: center\"><\/td>\n<td style=\"text-align: center\"><strong>2015<\/strong><\/td>\n<td style=\"text-align: center\"><strong>2014<\/strong><\/td>\n<td style=\"text-align: center\"><strong>2013<\/strong><\/td>\n<td style=\"text-align: center\"><strong>2015<\/strong><\/td>\n<td style=\"text-align: center\"><strong>2015<\/strong><\/td>\n<\/tr>\n<tr>\n<td>Netto driftsutgifter per innbyggjar i kroner, kommunehelsetenesta<\/td>\n<td style=\"text-align: right\">2439<\/td>\n<td style=\"text-align: right\">2265<\/td>\n<td style=\"text-align: right\">2235<\/td>\n<td style=\"text-align: right\">2265<\/td>\n<td style=\"text-align: right\">2382<\/td>\n<\/tr>\n<tr>\n<td>Netto driftsutgifter i prosent av samla netto driftsutgifter<\/td>\n<td style=\"text-align: right\">4,9<\/td>\n<td style=\"text-align: right\">4,8<\/td>\n<td style=\"text-align: right\">4,8<\/td>\n<td style=\"text-align: right\">4,5<\/td>\n<td style=\"text-align: right\">4,5<\/td>\n<\/tr>\n<tr>\n<td>Netto driftsutgifter til diagnose, behandling og rehabilitering per innbyggjar<\/td>\n<td style=\"text-align: right\">1524<\/td>\n<td style=\"text-align: right\">1355<\/td>\n<td style=\"text-align: right\">1150<\/td>\n<td style=\"text-align: right\">1490<\/td>\n<td style=\"text-align: right\">1657<\/td>\n<\/tr>\n<tr>\n<td>Lege\u00e5rsverk per 10 000 innbyggjarar, kommunehelsetjenesta<\/td>\n<td style=\"text-align: right\">11,6<\/td>\n<td style=\"text-align: right\">11,7<\/td>\n<td style=\"text-align: right\">11,4<\/td>\n<td style=\"text-align: right\">9,7<\/td>\n<td style=\"text-align: right\">10,5<\/td>\n<\/tr>\n<tr>\n<td>Fysioterapi\u00e5rsverk per 10 000 innbyggjarar, kommunehelsetjenesta<\/td>\n<td style=\"text-align: right\">7,0<\/td>\n<td style=\"text-align: right\">7,1<\/td>\n<td style=\"text-align: right\">6,5<\/td>\n<td style=\"text-align: right\">8,7<\/td>\n<td style=\"text-align: right\">9,0<\/td>\n<\/tr>\n<\/tbody>\n<\/table>\n<p>Kommunehelsetenesta omfattar deler av legetenesta, legevakt og deler av f\u00f8rebyggjande tenester. Driftsutgiftene har auka ved styrking av helses\u00f8sterfunksjon, men mest n\u00e5r det gjeld diagnose og behandling. Dei st\u00f8rste kostnadane er knytt til ny interkommunal legevakt og leige av vikar fr\u00e5 vikarbyr\u00e5 ved avvikling av lovfesta permisjonar for fastlegar.<\/p>\n","protected":false},"excerpt":{"rendered":"<p>Pleie og omsorg Stord Samanlikn. kommunar Landet utan Oslo 2015 2014 2013 2015 2015 Heimetenesta Korrigerte brutto driftsutg. pr mottakar av heimetenester (i kroner) 338\u00a0599 336\u00a0751 304\u00a0705 248\u00a0274 237\u00a0314 Mottakarar av heimetenester pr 1000 innb. 0-66 \u00e5r 19 19 19 22 21 Mottakarar av heimetenester pr 1000 innb. 80 \u00e5r og over 312 305 325<\/p>\n","protected":false},"author":2,"featured_media":0,"parent":84,"menu_order":2,"comment_status":"closed","ping_status":"closed","template":"","meta":{"footnotes":""},"jetpack_sharing_enabled":true,"_links":{"self":[{"href":"https:\/\/sk-dokument.no\/arsmelding-2015\/index.php?rest_route=\/wp\/v2\/pages\/85"}],"collection":[{"href":"https:\/\/sk-dokument.no\/arsmelding-2015\/index.php?rest_route=\/wp\/v2\/pages"}],"about":[{"href":"https:\/\/sk-dokument.no\/arsmelding-2015\/index.php?rest_route=\/wp\/v2\/types\/page"}],"author":[{"embeddable":true,"href":"https:\/\/sk-dokument.no\/arsmelding-2015\/index.php?rest_route=\/wp\/v2\/users\/2"}],"replies":[{"embeddable":true,"href":"https:\/\/sk-dokument.no\/arsmelding-2015\/index.php?rest_route=%2Fwp%2Fv2%2Fcomments&post=85"}],"version-history":[{"count":0,"href":"https:\/\/sk-dokument.no\/arsmelding-2015\/index.php?rest_route=\/wp\/v2\/pages\/85\/revisions"}],"up":[{"embeddable":true,"href":"https:\/\/sk-dokument.no\/arsmelding-2015\/index.php?rest_route=\/wp\/v2\/pages\/84"}],"wp:attachment":[{"href":"https:\/\/sk-dokument.no\/arsmelding-2015\/index.php?rest_route=%2Fwp%2Fv2%2Fmedia&parent=85"}],"curies":[{"name":"wp","href":"https:\/\/api.w.org\/{rel}","templated":true}]}}