{"id":19,"date":"2016-04-18T10:47:44","date_gmt":"2016-04-18T08:47:44","guid":{"rendered":"http:\/\/lab.zpirit.no\/sk-arsmelding\/?page_id=19"},"modified":"2017-04-30T16:01:42","modified_gmt":"2017-04-30T14:01:42","slug":"utvikling-tal-arsverk-tal-tilsette","status":"publish","type":"page","link":"https:\/\/sk-dokument.no\/arsmelding-2016\/?page_id=19","title":{"rendered":"2.2 Utvikling i \u00e5rsverk: Tal og tilsette"},"content":{"rendered":"<p>Stord kommune hadde ved utgangen av \u00e5ret 1065 \u00e5rsverk fordelt p\u00e5 1378 tilsette. B\u00e5de tal \u00e5rsverk og tal tilsette har auka i l\u00f8pet av 2016, f\u00f8rst og fremst som f\u00f8lgje av tilbakef\u00f8ringa av Stord kommunale eigedom KF og Stord vatn og avlaup KF. I tillegg vart reinhaldstenesta tilbakef\u00f8rt til kommunen fr\u00e5 1.oktober 2016. Tal \u00e5rsverk har elles vert jamt over stabile, som synt i tabellen under.<\/p>\n<table>\n<thead>\n<tr>\n<th>\u00c5r<\/th>\n<th>2016<\/th>\n<th>2015<\/th>\n<th>2014<\/th>\n<th>2013<\/th>\n<th>2012<\/th>\n<th>2011<\/th>\n<th>2010<\/th>\n<th>2009<\/th>\n<th>2008<\/th>\n<\/tr>\n<\/thead>\n<tbody>\n<tr>\n<td>\u00c5rsverk<\/td>\n<td>1066<\/td>\n<td>938<\/td>\n<td>923<\/td>\n<td>925<\/td>\n<td>912<\/td>\n<td>947<\/td>\n<td>940<\/td>\n<td>952<\/td>\n<td>971<\/td>\n<\/tr>\n<tr>\n<td>Tilsette<\/td>\n<td>1379<\/td>\n<td>1240<\/td>\n<td>1203<\/td>\n<td>1227<\/td>\n<td>1231<\/td>\n<td>1302<\/td>\n<td>1318<\/td>\n<td>1307<\/td>\n<td>1304<\/td>\n<\/tr>\n<\/tbody>\n<\/table>\n<p>Den partsamansette stillingsgruppa har ogs\u00e5 i 2016 vurdert alle ledige stillingar. Stillingsgruppa har i 2016 oppn\u00e5dd \u00a0ei innsparing p\u00e5 600\u00a0000. Budsjettm\u00e5let var p\u00e5 1,4 millionar kroner.<\/p>\n<p>&nbsp;<\/p>\n","protected":false},"excerpt":{"rendered":"<p>Stord kommune hadde ved utgangen av \u00e5ret 1065 \u00e5rsverk fordelt p\u00e5 1378 tilsette. B\u00e5de tal \u00e5rsverk og tal tilsette har auka i l\u00f8pet av 2016, f\u00f8rst og fremst som f\u00f8lgje av tilbakef\u00f8ringa av Stord kommunale eigedom KF og Stord vatn og avlaup KF. I tillegg vart reinhaldstenesta tilbakef\u00f8rt til kommunen fr\u00e5 1.oktober 2016. Tal \u00e5rsverk<\/p>\n","protected":false},"author":2,"featured_media":0,"parent":13,"menu_order":2,"comment_status":"closed","ping_status":"closed","template":"","meta":{"footnotes":""},"jetpack_sharing_enabled":true,"_links":{"self":[{"href":"https:\/\/sk-dokument.no\/arsmelding-2016\/index.php?rest_route=\/wp\/v2\/pages\/19"}],"collection":[{"href":"https:\/\/sk-dokument.no\/arsmelding-2016\/index.php?rest_route=\/wp\/v2\/pages"}],"about":[{"href":"https:\/\/sk-dokument.no\/arsmelding-2016\/index.php?rest_route=\/wp\/v2\/types\/page"}],"author":[{"embeddable":true,"href":"https:\/\/sk-dokument.no\/arsmelding-2016\/index.php?rest_route=\/wp\/v2\/users\/2"}],"replies":[{"embeddable":true,"href":"https:\/\/sk-dokument.no\/arsmelding-2016\/index.php?rest_route=%2Fwp%2Fv2%2Fcomments&post=19"}],"version-history":[{"count":6,"href":"https:\/\/sk-dokument.no\/arsmelding-2016\/index.php?rest_route=\/wp\/v2\/pages\/19\/revisions"}],"predecessor-version":[{"id":1219,"href":"https:\/\/sk-dokument.no\/arsmelding-2016\/index.php?rest_route=\/wp\/v2\/pages\/19\/revisions\/1219"}],"up":[{"embeddable":true,"href":"https:\/\/sk-dokument.no\/arsmelding-2016\/index.php?rest_route=\/wp\/v2\/pages\/13"}],"wp:attachment":[{"href":"https:\/\/sk-dokument.no\/arsmelding-2016\/index.php?rest_route=%2Fwp%2Fv2%2Fmedia&parent=19"}],"curies":[{"name":"wp","href":"https:\/\/api.w.org\/{rel}","templated":true}]}}