{"id":23,"date":"2016-04-18T10:48:18","date_gmt":"2016-04-18T08:48:18","guid":{"rendered":"http:\/\/lab.zpirit.no\/sk-arsmelding\/?page_id=23"},"modified":"2017-04-30T14:25:36","modified_gmt":"2017-04-30T12:25:36","slug":"kompetanse","status":"publish","type":"page","link":"https:\/\/sk-dokument.no\/arsmelding-2016\/?page_id=23","title":{"rendered":"2.4 Kompetanse"},"content":{"rendered":"<p>Kompetanse og rekruttering heng saman. I tillegg til \u00f8konomiske vilk\u00e5r, vert arbeidstid, fagleg og personleg utvikling, satsing p\u00e5 kompetanse m.m. viktig i konkurransen om arbeidskrafta.<\/p>\n<p>Fleire tilsette tek etter- og vidareutdanning, og i 2016 nytta kommunen kr 3,322 mill. til dette f\u00f8rem\u00e5let. I tillegg kjem tilrettelegging mellom anna med permisjon.<\/p>\n<p>Siste \u00e5ra har ein arbeida med \u00e5 utvikla kvar enkelt leiar og ein felles leiarpraksis for kommunen. I 2016 har det vore arbeida med kva som er god kommunal leiing og at leiarskapet m\u00e5 ut\u00f8vast i tr\u00e5d med organisasjonen sine verdiar, og innanfor dei rammer som dei folkevalde og r\u00e5dmannen set. God leiing heng og saman med godt medarbeidarskap, gode leiarar oppn\u00e5r resultat saman med sj\u00f8lvstendige og kompetente medarbeidarar i eit godt arbeidsmilj\u00f8.<\/p>\n<p>&nbsp;<\/p>\n","protected":false},"excerpt":{"rendered":"<p>Kompetanse og rekruttering heng saman. I tillegg til \u00f8konomiske vilk\u00e5r, vert arbeidstid, fagleg og personleg utvikling, satsing p\u00e5 kompetanse m.m. viktig i konkurransen om arbeidskrafta. Fleire tilsette tek etter- og vidareutdanning, og i 2016 nytta kommunen kr 3,322 mill. til dette f\u00f8rem\u00e5let. I tillegg kjem tilrettelegging mellom anna med permisjon. Siste \u00e5ra har ein arbeida<\/p>\n","protected":false},"author":2,"featured_media":0,"parent":13,"menu_order":4,"comment_status":"closed","ping_status":"closed","template":"","meta":{"footnotes":""},"jetpack_sharing_enabled":true,"_links":{"self":[{"href":"https:\/\/sk-dokument.no\/arsmelding-2016\/index.php?rest_route=\/wp\/v2\/pages\/23"}],"collection":[{"href":"https:\/\/sk-dokument.no\/arsmelding-2016\/index.php?rest_route=\/wp\/v2\/pages"}],"about":[{"href":"https:\/\/sk-dokument.no\/arsmelding-2016\/index.php?rest_route=\/wp\/v2\/types\/page"}],"author":[{"embeddable":true,"href":"https:\/\/sk-dokument.no\/arsmelding-2016\/index.php?rest_route=\/wp\/v2\/users\/2"}],"replies":[{"embeddable":true,"href":"https:\/\/sk-dokument.no\/arsmelding-2016\/index.php?rest_route=%2Fwp%2Fv2%2Fcomments&post=23"}],"version-history":[{"count":3,"href":"https:\/\/sk-dokument.no\/arsmelding-2016\/index.php?rest_route=\/wp\/v2\/pages\/23\/revisions"}],"predecessor-version":[{"id":1195,"href":"https:\/\/sk-dokument.no\/arsmelding-2016\/index.php?rest_route=\/wp\/v2\/pages\/23\/revisions\/1195"}],"up":[{"embeddable":true,"href":"https:\/\/sk-dokument.no\/arsmelding-2016\/index.php?rest_route=\/wp\/v2\/pages\/13"}],"wp:attachment":[{"href":"https:\/\/sk-dokument.no\/arsmelding-2016\/index.php?rest_route=%2Fwp%2Fv2%2Fmedia&parent=23"}],"curies":[{"name":"wp","href":"https:\/\/api.w.org\/{rel}","templated":true}]}}