{"id":25,"date":"2016-04-18T10:48:39","date_gmt":"2016-04-18T08:48:39","guid":{"rendered":"http:\/\/lab.zpirit.no\/sk-arsmelding\/?page_id=25"},"modified":"2017-04-30T14:26:56","modified_gmt":"2017-04-30T12:26:56","slug":"lean-prosjektet-no-skal-stord-leana-seg-til-ein-betre-kommune","status":"publish","type":"page","link":"https:\/\/sk-dokument.no\/arsmelding-2016\/?page_id=25","title":{"rendered":"2.5 Lean"},"content":{"rendered":"<p>I 2016 innf\u00f8rte kommunen Lean som arbeidsverkty. Lean er ein metodikk for \u00e5 betra og effektivisera rutinar og arbeidsprosessar. I samarbeid med KS er det utdanna \u00e5tte LEAN-rettleiarar. Desse er p\u00e5drivarar og har ansvar for \u00e5 gjennomf\u00f8ra Lean-prosessar rundt i einingane.<\/p>\n<p>F\u00f8lgjande LEAN prosjekt er gjennomf\u00f8rte i 2016:<\/p>\n<ul>\n<li>Innkrevjing av eigedomsskatt; M\u00e5let med gjennomgangen var \u00e5 f\u00e5 ei oversikt over oppg\u00e5vene dei ulike einingane har i innkrevjinga og gjere desse kjent i organisasjonen. I tillegg f\u00e5 p\u00e5 plass prosedyrar, oppdatere informasjon p\u00e5 nettsida og digitalisere korrespondansen mot innbyggjarane<\/li>\n<\/ul>\n<p>&nbsp;<\/p>\n<ul>\n<li>Post, sak og arkiv; M\u00e5l for prosjektet var gjennomgang av behov for oppl\u00e6ring, standardar og prosedyrar for \u00e5 betre rett bruk av sak- og arkivsystem. Prosjektet omfatta einingane \u00a0Hamn, Eining for brann og redning, Stord kommunalteknikk og Stord kommunale eigedom.<\/li>\n<\/ul>\n<p>&nbsp;<\/p>\n<ul>\n<li>Drift og vedlikehald av f\u00f8rem\u00e5lsbygg; Eit samarbeid mellom Knutsa\u00e5sen omsorgsenter og Stord kommunale eigedom. M\u00e5let var \u00e5 utarbeida nye prosedyrar for registrerering og rapportering av feil og manglar til Driftshjelp SKE.<\/li>\n<\/ul>\n","protected":false},"excerpt":{"rendered":"<p>I 2016 innf\u00f8rte kommunen Lean som arbeidsverkty. Lean er ein metodikk for \u00e5 betra og effektivisera rutinar og arbeidsprosessar. I samarbeid med KS er det utdanna \u00e5tte LEAN-rettleiarar. Desse er p\u00e5drivarar og har ansvar for \u00e5 gjennomf\u00f8ra Lean-prosessar rundt i einingane. F\u00f8lgjande LEAN prosjekt er gjennomf\u00f8rte i 2016: Innkrevjing av eigedomsskatt; M\u00e5let med gjennomgangen var<\/p>\n","protected":false},"author":2,"featured_media":0,"parent":13,"menu_order":5,"comment_status":"closed","ping_status":"closed","template":"","meta":{"footnotes":""},"jetpack_sharing_enabled":true,"_links":{"self":[{"href":"https:\/\/sk-dokument.no\/arsmelding-2016\/index.php?rest_route=\/wp\/v2\/pages\/25"}],"collection":[{"href":"https:\/\/sk-dokument.no\/arsmelding-2016\/index.php?rest_route=\/wp\/v2\/pages"}],"about":[{"href":"https:\/\/sk-dokument.no\/arsmelding-2016\/index.php?rest_route=\/wp\/v2\/types\/page"}],"author":[{"embeddable":true,"href":"https:\/\/sk-dokument.no\/arsmelding-2016\/index.php?rest_route=\/wp\/v2\/users\/2"}],"replies":[{"embeddable":true,"href":"https:\/\/sk-dokument.no\/arsmelding-2016\/index.php?rest_route=%2Fwp%2Fv2%2Fcomments&post=25"}],"version-history":[{"count":3,"href":"https:\/\/sk-dokument.no\/arsmelding-2016\/index.php?rest_route=\/wp\/v2\/pages\/25\/revisions"}],"predecessor-version":[{"id":1196,"href":"https:\/\/sk-dokument.no\/arsmelding-2016\/index.php?rest_route=\/wp\/v2\/pages\/25\/revisions\/1196"}],"up":[{"embeddable":true,"href":"https:\/\/sk-dokument.no\/arsmelding-2016\/index.php?rest_route=\/wp\/v2\/pages\/13"}],"wp:attachment":[{"href":"https:\/\/sk-dokument.no\/arsmelding-2016\/index.php?rest_route=%2Fwp%2Fv2%2Fmedia&parent=25"}],"curies":[{"name":"wp","href":"https:\/\/api.w.org\/{rel}","templated":true}]}}