{"id":29,"date":"2016-04-18T10:49:11","date_gmt":"2016-04-18T08:49:11","guid":{"rendered":"http:\/\/lab.zpirit.no\/sk-arsmelding\/?page_id=29"},"modified":"2017-04-30T16:14:18","modified_gmt":"2017-04-30T14:14:18","slug":"folkehelse","status":"publish","type":"page","link":"https:\/\/sk-dokument.no\/arsmelding-2016\/?page_id=29","title":{"rendered":"2.8 Folkehelse"},"content":{"rendered":"<p>Folkehelser\u00e5det, eit tverrfagleg administrativt utval, har fire m\u00f8te \u00e5rleg. Folkehelsekoordinator er r\u00e5dgjevar og koordinator for det tverrsektorielle folkehelsearbeidet.<\/p>\n<p>Februar 2016 vart kommunen si f\u00f8rste folkehelseoversikt ferdigstilt. Viktige funn er at helsetilstanden generelt er god, men det er aukande sosiale skilnader b\u00e5de i butilh\u00f8ve, sosial deltaking og helse. Trivselen i skulen er aukande, men mange unge slit med mistrivsel og psykiske vanskar. Fleire barn er fattige, og talet p\u00e5 unge uf\u00f8re og unge som f\u00e5r sosial st\u00f8nad aukar. Fullf\u00f8ring av vidareg\u00e5ande skule,\u00a0 jobb eller anna meiningsfull dagaktivitet, og deltaking i sosiale fellesskap er sentrale helsefremjande faktorar.<\/p>\n<p>&nbsp;<\/p>\n<table>\n<thead>\n<tr>\n<th>N\u00f8kkeltal knytt til kommunen sine folkehelsem\u00e5l<\/th>\n<th>M\u00e5l 2016<\/th>\n<th>Stord 2016<\/th>\n<th>Stord 2015<\/th>\n<th>Stord 2014<\/th>\n<th>Norge 2015<\/th>\n<\/tr>\n<\/thead>\n<tbody>\n<tr class=\"empty\">\n<td colspan=\"6\"><\/td>\n<\/tr>\n<tr>\n<th>M\u00e5l 1 \u2013 Sterkare n\u00e6re sosiale nettverk<\/th>\n<td><\/td>\n<td><\/td>\n<td><\/td>\n<td><\/td>\n<td><\/td>\n<\/tr>\n<tr>\n<td>Trivst p\u00e5 skulen 10 klasse % (folkehelseinstituttet)<\/td>\n<td>&gt;80,1<\/td>\n<td>81,8<\/td>\n<td>80,1<\/td>\n<td>78,3<\/td>\n<td>85,3<\/td>\n<\/tr>\n<tr>\n<td>Plaga av einsemd vidareg\u00e5ande skule % (Ungdata)<\/td>\n<td>&lt; 23<\/td>\n<td>&#8211;<\/td>\n<td>23<\/td>\n<td>&#8211;<\/td>\n<td>22<\/td>\n<\/tr>\n<tr>\n<td>Aktiv i fritidsorganisasjon ungdomsskule % (Ungdata)<\/td>\n<td>&gt; 75<\/td>\n<td>72<\/td>\n<td>75<\/td>\n<td>&#8211;<\/td>\n<td>63<\/td>\n<\/tr>\n<tr>\n<td>Psykiske symptom\/lidingar 15 -29 \u00e5r pr. 1000 (folkehelseinstituttet)<\/td>\n<td>&lt; 158,3<\/td>\n<td>155,0<\/td>\n<td>158,3<\/td>\n<td>157,2<\/td>\n<td>141,6<\/td>\n<\/tr>\n<tr class=\"empty\">\n<td colspan=\"6\"><\/td>\n<\/tr>\n<tr>\n<th>M\u00e5l 2 \u2013 Gode, inkluderande n\u00e6rmilj\u00f8<\/th>\n<td><\/td>\n<td><\/td>\n<td><\/td>\n<td><\/td>\n<td><\/td>\n<\/tr>\n<tr>\n<td>N\u00f8gd med lokalmilj\u00f8et vidareg\u00e5ande skule % (Ungdata)<\/td>\n<td>&gt; 65<\/td>\n<td>72<\/td>\n<td>65<\/td>\n<td>&#8211;<\/td>\n<td>65<\/td>\n<\/tr>\n<tr>\n<td>Skader behandla p\u00e5 sjukehus (folkehelseinstituttet)<\/td>\n<td>&lt; 14,0<\/td>\n<td>13,9<\/td>\n<td>14,0<\/td>\n<td>14,5<\/td>\n<td>12,8<\/td>\n<\/tr>\n<tr class=\"empty\">\n<td colspan=\"6\"><\/td>\n<\/tr>\n<tr>\n<th>M\u00e5l 3 \u2013 Helsefremjande levevanar<\/th>\n<td><\/td>\n<td><\/td>\n<td><\/td>\n<td><\/td>\n<td><\/td>\n<\/tr>\n<tr>\n<td>R\u00f8yking gravide % (folkehelseinstituttet)<\/td>\n<td>&lt; 8<\/td>\n<td>7<\/td>\n<td>8<\/td>\n<td>9<\/td>\n<td>10<\/td>\n<\/tr>\n<tr>\n<td>Overvekt og fedme ved sesjon % (folkehelseinstituttet)<\/td>\n<td>&lt; 24,9<\/td>\n<td>25,4<\/td>\n<td>24,9<\/td>\n<td>&#8211;<\/td>\n<td>22,0<\/td>\n<\/tr>\n<tr>\n<td>Hjerte og karsjukdom per 1000. Prim\u00e6rhelsetenesta (folkehelseinstituttet)<\/td>\n<td>&lt; 121,7<\/td>\n<td>121,8<\/td>\n<td>121,7<\/td>\n<td>121,9<\/td>\n<td>105,8<\/td>\n<\/tr>\n<tr class=\"empty\">\n<td colspan=\"6\"><\/td>\n<\/tr>\n<tr>\n<th>M\u00e5l 4 \u2013 Mindre sosiale skilnader i helse<\/th>\n<td><\/td>\n<td><\/td>\n<td><\/td>\n<td><\/td>\n<td><\/td>\n<\/tr>\n<tr>\n<td>Fr\u00e5fall vidareg\u00e5ande skule % (folkehelseinstituttet)<\/td>\n<td>&lt; 22<\/td>\n<td>22<\/td>\n<td>23<\/td>\n<td>22<\/td>\n<td>23<\/td>\n<\/tr>\n<tr>\n<td>Barn i L\u00e5ginntektsfamiliar % (statistisk sentralbyr\u00e5)<\/td>\n<td>&lt; 7,8<\/td>\n<td>8,4<\/td>\n<td>7,8<\/td>\n<td>6,5<\/td>\n<td>11,5<\/td>\n<\/tr>\n<tr>\n<td>Brutto arbeidsl\u00f8yse 15-74 \u00e5r % (statistisk sentralbyr\u00e5)<\/td>\n<td>&lt; 4,1<\/td>\n<td>4,4<\/td>\n<td>4,1<\/td>\n<td>2,4<\/td>\n<td>2,9<\/td>\n<\/tr>\n<tr>\n<td>Uf\u00f8retrygda 18-44 \u00e5r % (folkehelseinstituttet)<\/td>\n<td>&lt; 3,0<\/td>\n<td>3,1<\/td>\n<td>3,0<\/td>\n<td>2,8<\/td>\n<td>2,6<\/td>\n<\/tr>\n<tr>\n<td>Mottakar av sosialst\u00f8nad 18-24 \u00e5r % (statistisk sentralbyr\u00e5)<\/td>\n<td>&lt;6,7<\/td>\n<td>8,4<\/td>\n<td>6,7<\/td>\n<td>6,3<\/td>\n<td>&#8211;<\/td>\n<\/tr>\n<tr class=\"empty\">\n<td colspan=\"6\"><\/td>\n<\/tr>\n<tr>\n<th>M\u00e5l 5 \u2013Styrka innbyggjarmedverknad<\/th>\n<td><\/td>\n<td><\/td>\n<td><\/td>\n<td><\/td>\n<td><\/td>\n<\/tr>\n<tr>\n<td>Gjennomf\u00f8rte folkehelseforum (tal forum)<\/td>\n<td>2<\/td>\n<td>2<\/td>\n<td>2<\/td>\n<td>2<\/td>\n<td>&#8211;<\/td>\n<\/tr>\n<tr>\n<td>Tenester som har gjennomf\u00f8rt brukarunders\u00f8king siste to \u00e5r (tal tenester)<\/td>\n<td>8<\/td>\n<td>6<\/td>\n<td>3<\/td>\n<td>4<\/td>\n<td>&#8211;<\/td>\n<\/tr>\n<tr>\n<td>Medverknadstiltak i skule\/barnehage knytt til lokalsamfunnsutvikling (tal skular\/barnehagar)<\/td>\n<td>1<\/td>\n<td>1<\/td>\n<td>&#8211;<\/td>\n<td>&#8211;<\/td>\n<td>&#8211;<\/td>\n<\/tr>\n<\/tbody>\n<\/table>\n<p>&nbsp;<\/p>\n<figure id=\"attachment_902\" aria-describedby=\"caption-attachment-902\" style=\"width: 300px\" class=\"wp-caption alignleft\"><img loading=\"lazy\" decoding=\"async\" class=\"wp-image-902 size-medium\" src=\"http:\/\/sk-dokument.no\/arsmelding-2016\/wp-content\/uploads\/sites\/8\/2016\/04\/Folkehelse-Fritidskoordinator-Oda-Totland-Bongom-Foto-Haldis-Lauksund-300x200.jpg\" alt=\"\" width=\"300\" height=\"200\" srcset=\"https:\/\/sk-dokument.no\/arsmelding-2016\/wp-content\/uploads\/sites\/8\/2016\/04\/Folkehelse-Fritidskoordinator-Oda-Totland-Bongom-Foto-Haldis-Lauksund-300x200.jpg 300w, https:\/\/sk-dokument.no\/arsmelding-2016\/wp-content\/uploads\/sites\/8\/2016\/04\/Folkehelse-Fritidskoordinator-Oda-Totland-Bongom-Foto-Haldis-Lauksund-1280x853.jpg 1280w, https:\/\/sk-dokument.no\/arsmelding-2016\/wp-content\/uploads\/sites\/8\/2016\/04\/Folkehelse-Fritidskoordinator-Oda-Totland-Bongom-Foto-Haldis-Lauksund-700x467.jpg 700w\" sizes=\"(max-width: 300px) 100vw, 300px\" \/><figcaption id=\"caption-attachment-902\" class=\"wp-caption-text\">Fritidskoordinator Oda Totland Bongom. Foto: Haldis Lauksund<\/figcaption><\/figure>\n<p>Folkehelseforum er ein arena for dialog og innbyggjarmedverknad. Det er arrangert to folkehelseforum i 2016. I april var tema \u00abKorleis f\u00e5 fleire med i fritidsaktivitetar\u00bb Her m\u00f8tte representantar for ulike frivillige organisasjonar og innbyggjargrupper. Det vart laga framlegg til tiltak som seinare er f\u00f8lgt opp med s\u00f8knad om midlar og igangsetjing av aktivitetar. Av tiltak som er\/blir realisert kan nemnast prosjektstilling som fritidskoordinator, utvida tilbod i fritidsklubbar, parkour-gruppe og open hall. Hausten 2016 vart folkehelseforumet knytt til arrangementet \u00abVerdensdagen for psykisk helse\u00bb, der tema var \u2013<em>fordi livet forandrar seg<\/em>. Vel 400 personar, blant desse elevar p\u00e5 10 trinn, deltok.<\/p>\n<p>Stord deltek i det tre\u00e5rige nasjonale prosjektet N\u00e6rmilj\u00f8 og lokalsamfunn som fremjar folkehelse. M\u00e5let \u00e5 leggje til rette for brei innbyggjarmedverknad i kommunale planprosessar. V\u00e5ren 2016 vart det gjennomf\u00f8rt medverknadstiltak knytt til kommunedelplan for Sagv\u00e5g og Litlab\u00f8. Folk var engasjerte og kom med mange gode innspel til planarbeidet. Elevar ved Nys\u00e6ter ungdomsskule laga ei flott utstilling av sine framlegg til gode m\u00f8teplassar. Neste trinn blir \u00e5 gjennomf\u00f8re liknande prosessar i resten av kommunen i samband med revidering av kommuneplanen.<\/p>\n<p>Prosjektarbeidet til Stord er presentert p\u00e5 fleire regionale og nasjonale konferansar, og har f\u00e5tt gode tilbakemeldingar.<\/p>\n<p>Ei viktig oppg\u00e5ve i folkehelsearbeidet er \u00e5 fremje folkehelseperspektivet i dei ulike sektorane sitt arbeid. Folkehelsekoordinator deltek i ulike prosjekt og forum, initierer tiltak og s\u00f8ker om tilskotsmidlar. Det vart s\u00f8kt om offentlege tilskotsmidlar til ei rekkje tiltak\/prosjekt. Dette gav ei samla tildeling til folkehelsearbeid i 2016 p\u00e5 \u00a0kr. 1 190\u00a0000, sj\u00e5 tabell under.<\/p>\n<table>\n<thead>\n<tr>\n<th>Tiltak<\/th>\n<th>Tilskot (kroner)<\/th>\n<\/tr>\n<\/thead>\n<tbody>\n<tr>\n<td>Folkehelseforum og kartleggingsarbeid<\/td>\n<td>150 000<\/td>\n<\/tr>\n<tr>\n<td>L\u00e5gterskel fysisk aktivitet for barn og unge<\/td>\n<td>100 000<\/td>\n<\/tr>\n<tr>\n<td>Tiltak til p\u00e5r\u00f8rande med langvarig belastning<\/td>\n<td>235 000<\/td>\n<\/tr>\n<tr>\n<td>Tiltak for \u00e5 f\u00f8rebyggje og redusere barnefattigdom<\/td>\n<td>300 000<\/td>\n<\/tr>\n<tr>\n<td>Frivilligheitspolitikk<\/td>\n<td>40 000<\/td>\n<\/tr>\n<tr>\n<td>N\u00e6rmilj\u00f8 og lokalsamfunn som fremjar folkehelse<\/td>\n<td>350 000<\/td>\n<\/tr>\n<tr>\n<td>Verdensdagen psykisk helse<\/td>\n<td>15 000<\/td>\n<\/tr>\n<tr class=\"total\">\n<td>Sum<\/td>\n<td>1 190 000<\/td>\n<\/tr>\n<\/tbody>\n<\/table>\n<p>&nbsp;<\/p>\n","protected":false},"excerpt":{"rendered":"<p>Folkehelser\u00e5det, eit tverrfagleg administrativt utval, har fire m\u00f8te \u00e5rleg. Folkehelsekoordinator er r\u00e5dgjevar og koordinator for det tverrsektorielle folkehelsearbeidet. Februar 2016 vart kommunen si f\u00f8rste folkehelseoversikt ferdigstilt. Viktige funn er at helsetilstanden generelt er god, men det er aukande sosiale skilnader b\u00e5de i butilh\u00f8ve, sosial deltaking og helse. Trivselen i skulen er aukande, men mange unge<\/p>\n","protected":false},"author":2,"featured_media":0,"parent":13,"menu_order":8,"comment_status":"closed","ping_status":"closed","template":"","meta":{"footnotes":""},"jetpack_sharing_enabled":true,"_links":{"self":[{"href":"https:\/\/sk-dokument.no\/arsmelding-2016\/index.php?rest_route=\/wp\/v2\/pages\/29"}],"collection":[{"href":"https:\/\/sk-dokument.no\/arsmelding-2016\/index.php?rest_route=\/wp\/v2\/pages"}],"about":[{"href":"https:\/\/sk-dokument.no\/arsmelding-2016\/index.php?rest_route=\/wp\/v2\/types\/page"}],"author":[{"embeddable":true,"href":"https:\/\/sk-dokument.no\/arsmelding-2016\/index.php?rest_route=\/wp\/v2\/users\/2"}],"replies":[{"embeddable":true,"href":"https:\/\/sk-dokument.no\/arsmelding-2016\/index.php?rest_route=%2Fwp%2Fv2%2Fcomments&post=29"}],"version-history":[{"count":12,"href":"https:\/\/sk-dokument.no\/arsmelding-2016\/index.php?rest_route=\/wp\/v2\/pages\/29\/revisions"}],"predecessor-version":[{"id":1227,"href":"https:\/\/sk-dokument.no\/arsmelding-2016\/index.php?rest_route=\/wp\/v2\/pages\/29\/revisions\/1227"}],"up":[{"embeddable":true,"href":"https:\/\/sk-dokument.no\/arsmelding-2016\/index.php?rest_route=\/wp\/v2\/pages\/13"}],"wp:attachment":[{"href":"https:\/\/sk-dokument.no\/arsmelding-2016\/index.php?rest_route=%2Fwp%2Fv2%2Fmedia&parent=29"}],"curies":[{"name":"wp","href":"https:\/\/api.w.org\/{rel}","templated":true}]}}