{"id":31,"date":"2016-04-18T10:49:22","date_gmt":"2016-04-18T08:49:22","guid":{"rendered":"http:\/\/lab.zpirit.no\/sk-arsmelding\/?page_id=31"},"modified":"2017-04-25T20:02:30","modified_gmt":"2017-04-25T18:02:30","slug":"beredskap-og-samfunnstryggleik","status":"publish","type":"page","link":"https:\/\/sk-dokument.no\/arsmelding-2016\/?page_id=31","title":{"rendered":"2.9 Beredskap og samfunnstryggleik"},"content":{"rendered":"<p>Kommunane skal vera i stand til \u00e5 halda oppe viktige funksjonar og ta i vare folk sine liv og grunnleggjande behov under ulike former for p\u00e5kjenning. Dette krev heilskapleg og samordna arbeid for \u00e5 f\u00f8rebyggja kriser og redusera konsekvensar av svikt i samfunnsfunksjonar. Kommunen har f\u00e5tt p\u00e5 plass eit lokalt\u00a0 varslingssystem.<\/p>\n<p>Kommunane skal etter Forskrift om kommunal beredskapsplikt vera budde p\u00e5 \u00e5 handtera u\u00f8nskte hendingar. Denne beredskapsplikta g\u00e5r ut over ansvaret knytt til brann og helse (legevakt). Stord kommune har etablert kommunal kriseleiing, og den utvida bereskapsplikta vert p\u00e5 kveldstid og i helgar i praksis ivareteken ved at kriseleiinga, dvs. kommuneleiinga, er tilgjengelege. Som dei fleste andre kommunar har ikkje Stord formaliserte denne beredskapen med vaktordningar, noko som medf\u00f8rer ei viss s\u00e5rbarheit.<\/p>\n<p>Stord har hatt nokre f\u00e5 ekstremverd\u00f8ger i 2016, men utan st\u00f8rre skader p\u00e5 materiell eller\u00a0for liv og helse.<\/p>\n<p>Stord kommune har i samarbeid med Fylkesmannen gjennomf\u00f8rt eit st\u00f8rre revideringsprosjekt av Overordna beredskapsplan. Denne\u00a0var n\u00e6rast klar ved \u00e5rsskiftet. Prosessen skal\u00a0forankrast i beredskapsarbeidet i einingane og sluttf\u00f8rast i 2017.<\/p>\n","protected":false},"excerpt":{"rendered":"<p>Kommunane skal vera i stand til \u00e5 halda oppe viktige funksjonar og ta i vare folk sine liv og grunnleggjande behov under ulike former for p\u00e5kjenning. Dette krev heilskapleg og samordna arbeid for \u00e5 f\u00f8rebyggja kriser og redusera konsekvensar av svikt i samfunnsfunksjonar. Kommunen har f\u00e5tt p\u00e5 plass eit lokalt\u00a0 varslingssystem. Kommunane skal etter Forskrift<\/p>\n","protected":false},"author":2,"featured_media":0,"parent":13,"menu_order":9,"comment_status":"closed","ping_status":"closed","template":"","meta":{"footnotes":""},"jetpack_sharing_enabled":true,"_links":{"self":[{"href":"https:\/\/sk-dokument.no\/arsmelding-2016\/index.php?rest_route=\/wp\/v2\/pages\/31"}],"collection":[{"href":"https:\/\/sk-dokument.no\/arsmelding-2016\/index.php?rest_route=\/wp\/v2\/pages"}],"about":[{"href":"https:\/\/sk-dokument.no\/arsmelding-2016\/index.php?rest_route=\/wp\/v2\/types\/page"}],"author":[{"embeddable":true,"href":"https:\/\/sk-dokument.no\/arsmelding-2016\/index.php?rest_route=\/wp\/v2\/users\/2"}],"replies":[{"embeddable":true,"href":"https:\/\/sk-dokument.no\/arsmelding-2016\/index.php?rest_route=%2Fwp%2Fv2%2Fcomments&post=31"}],"version-history":[{"count":4,"href":"https:\/\/sk-dokument.no\/arsmelding-2016\/index.php?rest_route=\/wp\/v2\/pages\/31\/revisions"}],"predecessor-version":[{"id":1136,"href":"https:\/\/sk-dokument.no\/arsmelding-2016\/index.php?rest_route=\/wp\/v2\/pages\/31\/revisions\/1136"}],"up":[{"embeddable":true,"href":"https:\/\/sk-dokument.no\/arsmelding-2016\/index.php?rest_route=\/wp\/v2\/pages\/13"}],"wp:attachment":[{"href":"https:\/\/sk-dokument.no\/arsmelding-2016\/index.php?rest_route=%2Fwp%2Fv2%2Fmedia&parent=31"}],"curies":[{"name":"wp","href":"https:\/\/api.w.org\/{rel}","templated":true}]}}