{"id":313,"date":"2016-05-03T13:27:13","date_gmt":"2016-05-03T11:27:13","guid":{"rendered":"http:\/\/lab.zpirit.no\/sk-arsmelding\/?page_id=313"},"modified":"2017-05-15T14:34:36","modified_gmt":"2017-05-15T12:34:36","slug":"avsetnader","status":"publish","type":"page","link":"https:\/\/sk-dokument.no\/arsmelding-2016\/?page_id=313","title":{"rendered":"7.5 Avsetningar"},"content":{"rendered":"<p>&nbsp;<\/p>\n<table>\n<thead>\n<tr>\n<th>Netto avsetning, spesifikasjon (1000 kr)<\/th>\n<th>Rekneskap<\/th>\n<th>Budsjett rev.<\/th>\n<th>Budsjett opph.<\/th>\n<th>Rekneskap<\/th>\n<\/tr>\n<tr>\n<th><\/th>\n<th>2016<\/th>\n<th>2016<\/th>\n<th>2016<\/th>\n<th>2015<\/th>\n<\/tr>\n<\/thead>\n<tbody>\n<tr>\n<td>Bruk av udisponert fr\u00e5 tidlegare \u00e5r<\/td>\n<td>39 450<\/td>\n<td>39 486<\/td>\n<td>38 000<\/td>\n<td>27 002<\/td>\n<\/tr>\n<tr>\n<td>Bruk av disposisjonsfond<\/td>\n<td>220<\/td>\n<td>150<\/td>\n<td>38 000<\/td>\n<td><\/td>\n<\/tr>\n<tr>\n<td>Bruk av bundne driftsfond<\/td>\n<td>13 283<\/td>\n<td>8 075<\/td>\n<td>7 798<\/td>\n<td>8 625<\/td>\n<\/tr>\n<tr>\n<td>Sum bruk av avsetningar<\/td>\n<td>52 954<\/td>\n<td>47 711<\/td>\n<td>83 798<\/td>\n<td>35 627<\/td>\n<\/tr>\n<tr>\n<td>Overf\u00f8rt til inv. rekneskapen<\/td>\n<td>6<\/td>\n<td>&#8211;<\/td>\n<td>38 000<\/td>\n<td>228<\/td>\n<\/tr>\n<tr>\n<td>Avsett til dekning fr\u00e5 tidligare \u00e5r<\/td>\n<td><\/td>\n<td><\/td>\n<td><\/td>\n<td><\/td>\n<\/tr>\n<tr>\n<td>Avsett til disposisjonsfond<\/td>\n<td>37 968<\/td>\n<td>38 000<\/td>\n<td>38 000<\/td>\n<td>13 948<\/td>\n<\/tr>\n<tr>\n<td>Avsett til bundne fond<\/td>\n<td>7 749<\/td>\n<td>2 842<\/td>\n<td>2 670<\/td>\n<td>14 095<\/td>\n<\/tr>\n<tr>\n<td>Sum avsetningar<\/td>\n<td>45 724<\/td>\n<td>40 842<\/td>\n<td>78 670<\/td>\n<td>28 271<\/td>\n<\/tr>\n<tr>\n<td>Sum netto avsetningar<\/td>\n<td>-7 230<\/td>\n<td>-6 869<\/td>\n<td>-5 128<\/td>\n<td>-7 355<\/td>\n<\/tr>\n<\/tbody>\n<\/table>\n<p>Det er brukt 13,2 millionar kroner av bundne driftsfond, og sett av 7,7 \u00a0millionar til bundne driftsfond.<\/p>\n<p>&nbsp;<\/p>\n<p><strong>Oversyn bruk av fond og avsetningar til bundne driftsfond, st\u00f8rste postar. <\/strong><\/p>\n<table>\n<col style=\"width: 40%\">\n<col style=\"width: 10%\">\n<col style=\"width: 40%\">\n<col style=\"width: 10%\">\n<thead>\n<tr>\n<th colspan=\"2\">Bruk (1000 kr)<\/th>\n<th colspan=\"2\">Avsetnader (1000 kr)<\/th>\n<\/tr>\n<\/thead>\n<tbody>\n<tr>\n<td>Driftsfond avlaup<\/td>\n<td>1 778<\/td>\n<td>Sj\u00f8lvkost SFO<\/td>\n<td>732<\/td>\n<\/tr>\n<tr>\n<td>Husbanken, tilpassing av bustad<\/td>\n<td>1 460<\/td>\n<td>Utdanning av eigne helsefagarbeidarar<\/td>\n<td>650<\/td>\n<\/tr>\n<tr>\n<td>Statstilskot psykologar<\/td>\n<td>1 280<\/td>\n<td>F\u00f8rebyggjande helse, tilbod til personar med rusproblem<\/td>\n<td>585<\/td>\n<\/tr>\n<tr>\n<td>F\u00f8rebyggjande helse, tilbod til personar med rusproblem<\/td>\n<td>904<\/td>\n<td>Tiltaksmidlar drift 2016<\/td>\n<td>501<\/td>\n<\/tr>\n<tr>\n<td>Utdanning av eigne helsefagarbeidarar<\/td>\n<td>650<\/td>\n<td>Skj\u00f8nsmidlar barnevern, f\u00f8rebyggje oppdragarvald<\/td>\n<td>539<\/td>\n<\/tr>\n<tr>\n<td>Skj\u00f8nsmidlar flyktning 2015, Jobbsenter<\/td>\n<td>537<\/td>\n<td>Skj\u00f8nsmidlar mentorordning framandspr\u00e5klege<\/td>\n<td>500<\/td>\n<\/tr>\n<tr>\n<td>Folkehelsekoordinator<\/td>\n<td>523<\/td>\n<td>Driftsfond byggesak<\/td>\n<td>422<\/td>\n<\/tr>\n<tr>\n<td>Rekrutteringsfond<\/td>\n<td>462<\/td>\n<td>Ekstramidlar 1-4 trinn barneskule<\/td>\n<td>383<\/td>\n<\/tr>\n<tr>\n<td>Diverse andre \u00f8yremerka statstilskot\/skj\u00f8nsmidlar<\/td>\n<td>1 031<\/td>\n<td>Diverse andre \u00f8yremerka statstilskot\/skj\u00f8nsmidlar<\/td>\n<td>9 783<\/td>\n<\/tr>\n<tr>\n<td>Sum bruk<\/td>\n<td>8 625<\/td>\n<td>Sum avsetnad<\/td>\n<td>14 095<\/td>\n<\/tr>\n<\/tbody>\n<\/table>\n<p>&nbsp;<\/p>\n<p><strong>Utvalde n\u00f8kkeltal fr\u00e5 KOSTRA, konsern <a href=\"#_ftn1\" name=\"_ftnref1\">[1]<\/a><\/strong><\/p>\n<table>\n<thead>\n<tr>\n<th><\/th>\n<th>2016<\/th>\n<th>2015<\/th>\n<th>2014<\/th>\n<th>Kommune gruppe 8 2016<\/th>\n<th>Landet utanom Oslo 2016<\/th>\n<\/tr>\n<\/thead>\n<tbody>\n<tr>\n<td>Brutto driftsresultat i prosent av brutto driftsinntekter <a href=\"#_ftn2\" name=\"_ftnref2\">[2]<\/a><\/td>\n<td>3,2<\/td>\n<td>4,9<\/td>\n<td>3,0<\/td>\n<td>3,8<\/td>\n<td>3,7<\/td>\n<\/tr>\n<tr>\n<td>Netto driftsresultat i prosent av brutto driftsinntekter <a href=\"#_ftn3\" name=\"_ftnref3\">[3]<\/a><\/td>\n<td>2,2<\/td>\n<td>3,7<\/td>\n<td>1,8<\/td>\n<td>4,0<\/td>\n<td>4,1<\/td>\n<\/tr>\n<tr>\n<td>Overskot f\u00f8r l\u00e5n og avsetningar i % av brutto driftsinntekter<\/td>\n<td>-12,3<\/td>\n<td>-3,3<\/td>\n<td>-3,3<\/td>\n<td>-5,7<\/td>\n<td>-2,6<\/td>\n<\/tr>\n<tr>\n<td>Netto finans og avdrag i % av brutto driftsinntekter <a href=\"#_ftn4\" name=\"_ftnref4\">[4]<\/a><\/td>\n<td>5,2<\/td>\n<td>5,6<\/td>\n<td>5,5<\/td>\n<td>4,2<\/td>\n<td>4,0<\/td>\n<\/tr>\n<tr>\n<td>Netto avdrag i prosent av brutto driftsinntekter<\/td>\n<td>2,7<\/td>\n<td>2,7<\/td>\n<td>2,6<\/td>\n<td>3,3<\/td>\n<td>3,4<\/td>\n<\/tr>\n<tr>\n<td>Netto finans i prosent av brutto driftsinntekter<\/td>\n<td>2,4<\/td>\n<td>2,9<\/td>\n<td>2,9<\/td>\n<td>0,9<\/td>\n<td>0,6<\/td>\n<\/tr>\n<tr>\n<td>Netto l\u00e5negjeld i prosent av brutto driftsinntekter <a href=\"#_ftn5\" name=\"_ftnref5\">[5]<\/a><\/td>\n<td>103,2<\/td>\n<td>97,9<\/td>\n<td>95,5<\/td>\n<td>92,4<\/td>\n<td>81,7<\/td>\n<\/tr>\n<tr>\n<td>Langsiktig gjeld i prosent av brutto driftsinntekter <a href=\"#_ftn6\" name=\"_ftnref6\">[6]<\/a><\/td>\n<td>236,4<\/td>\n<td>227,3<\/td>\n<td>224,6<\/td>\n<td>218<\/td>\n<td>213,9<\/td>\n<\/tr>\n<tr>\n<td>-Av dette pensjonsforpliktelsar i prosent av brutto driftsinntekter<\/td>\n<td>112,1<\/td>\n<td>115,7<\/td>\n<td>116,0<\/td>\n<td>106,6<\/td>\n<td>114,1<\/td>\n<\/tr>\n<tr>\n<td>Sertifikatl\u00e5n i prosent av langsiktig gjeld eks pensjonsforpliktingar <a href=\"#_ftn7\" name=\"_ftnref7\">[7]<\/a><\/td>\n<td>20<\/td>\n<td>57,2<\/td>\n<td><\/td>\n<td><\/td>\n<td><\/td>\n<\/tr>\n<tr>\n<td>Renteeksponert gjeld i prosent av brutto driftsinntekter <a href=\"#_ftn8\" name=\"_ftnref8\">[8]<\/a><\/td>\n<td>54,3<\/td>\n<td>40,5<\/td>\n<td>45,3<\/td>\n<td><\/td>\n<td><\/td>\n<\/tr>\n<tr>\n<td>Arbeidskapital ex. premieavvik i prosent av brutto driftsinntekter <a href=\"#_ftn9\" name=\"_ftnref9\">[9]<\/a><\/td>\n<td>14,3<\/td>\n<td>11,7<\/td>\n<td>8,7<\/td>\n<td>18,3<\/td>\n<td>24,5<\/td>\n<\/tr>\n<tr>\n<td colspan=\"6\">Finansiering investering:<\/td>\n<\/tr>\n<tr>\n<td>Intern finansiering (fond, e-skatt)<\/td>\n<td>-1,0<\/td>\n<td>28,6<\/td>\n<td>-11,4<\/td>\n<td>1,9<\/td>\n<td>3,7<\/td>\n<\/tr>\n<tr>\n<td>Tilskot, refusjonar, salsinntekter m.m., i % av brutto investeringsutgifter<\/td>\n<td>24,1<\/td>\n<td>19,4<\/td>\n<td>30,2<\/td>\n<td>34,6<\/td>\n<td>31<\/td>\n<\/tr>\n<tr>\n<td>-Av dette sal av fast eigedom<\/td>\n<td>2,6<\/td>\n<td>4,5<\/td>\n<td>11,3<\/td>\n<td>4,4<\/td>\n<td>5,5<\/td>\n<\/tr>\n<tr>\n<td>Bruk av l\u00e5n (netto) i % av brutto investeringsutgifter<\/td>\n<td>76,8<\/td>\n<td>51,8<\/td>\n<td>79,7<\/td>\n<td>59,4<\/td>\n<td>59,5<\/td>\n<\/tr>\n<tr>\n<td colspan=\"6\">Frie inntekter:<\/td>\n<\/tr>\n<tr>\n<td>Skatt p\u00e5 inntekt og formue i % av brutto driftsinntekter<\/td>\n<td>35,8<\/td>\n<td>36,9<\/td>\n<td>35,8<\/td>\n<td>33,9<\/td>\n<td>33,7<\/td>\n<\/tr>\n<tr>\n<td>Statleg rammeoverf\u00f8ring i % av brutto driftsinntekter<\/td>\n<td>32,7<\/td>\n<td>32,0<\/td>\n<td>32,7<\/td>\n<td>32,2<\/td>\n<td>31,2<\/td>\n<\/tr>\n<tr>\n<td>Eigedomsskatt i % av brutto driftsinntekter<\/td>\n<td>3,2<\/td>\n<td>3,0<\/td>\n<td>3,2<\/td>\n<td>2,5<\/td>\n<td>3,2<\/td>\n<\/tr>\n<tr>\n<td colspan=\"6\">N\u00f8kkeltal i kroner per innbyggjar:<\/td>\n<\/tr>\n<tr>\n<td>Frie inntekter i kroner per innbyggar<\/td>\n<td>46 092<\/td>\n<td>48 153<\/td>\n<td>46 092<\/td>\n<td>50 210<\/td>\n<td>52 141<\/td>\n<\/tr>\n<tr>\n<td>Netto l\u00e5negjeld i kroner per innbyggjar <a href=\"#_ftn10\" name=\"_ftnref10\">[10]<\/a><\/td>\n<td>77 321<\/td>\n<td>68 363<\/td>\n<td>64 144<\/td>\n<td>70 176<\/td>\n<td>65 562<\/td>\n<\/tr>\n<tr>\n<td>Pensjonsforplikting i kroner per innbyggjar<\/td>\n<td>83 995<\/td>\n<td>80 818<\/td>\n<td>77 925<\/td>\n<td>80 898<\/td>\n<td>91 607<\/td>\n<\/tr>\n<\/tbody>\n<\/table>\n<p>&nbsp;<\/p>\n<p>&nbsp;<\/p>\n<p>Kommunen si samla l\u00e5negjeld auka med 250 millionar kroner i 2016, og var ved \u00e5rsskiftet brutto 1,712 milliardar kroner. Av dette var 156,8 millionar kroner l\u00e5nt ut vidare; 144 millionar kroner til innbyggjarane i kommunen som startl\u00e5n\/formidlingsl\u00e5n, og 12,8 millionar kroner til Stord hamnestell. Kr 629,7 millionar er nytta til investeringar innanfor vatn og avlaup. Netto l\u00e5negjeld per innbyggjar i kommunen var 77 321 kroner. Dette er h\u00f8gare enn samanlikningskommunane, som har 70 176 kroner. Stord har netto utgifter til finans, i hovudsak gjeldsrenter tilsvarande 2,4 prosent av kommunen sine inntekter. Gjennomsnitt for landet er 0,6 prosent.<\/p>\n<p>&nbsp;<\/p>\n<table>\n<thead>\n<tr>\n<th>Gjeld fordelt p\u00e5 sj\u00f8lvkostomr\u00e5det og anna verksemd (heile 1000)<\/th>\n<th>2015<\/th>\n<th>2016<\/th>\n<\/tr>\n<\/thead>\n<tbody>\n<tr>\n<td>Kommunen si samla l\u00e5negjeld<\/td>\n<td>1 462 382<\/td>\n<td>1 712 152<\/td>\n<\/tr>\n<tr>\n<td>Vatn, avlaup og renovasjon, del i kroner<\/td>\n<td>545 218<\/td>\n<td>629 703<\/td>\n<\/tr>\n<tr>\n<td>Vatn, avlaup og renovasjon, del i prosent<\/td>\n<td>37<\/td>\n<td>37<\/td>\n<\/tr>\n<tr>\n<td>Startl\u00e5n\/formidlingsl\u00e5n i kroner<\/td>\n<td>126 066<\/td>\n<td>143 908<\/td>\n<\/tr>\n<tr>\n<td>Startl\u00e5n\/formidlingsl\u00e5n i prosent<\/td>\n<td>9<\/td>\n<td>8<\/td>\n<\/tr>\n<tr>\n<td>Stord hamnestell sin del av gjelda i kroner<\/td>\n<td>13 904<\/td>\n<td>12 836<\/td>\n<\/tr>\n<tr>\n<td>Stord hamnestell sin del av gjelda i prosent<\/td>\n<td>1<\/td>\n<td>1<\/td>\n<\/tr>\n<tr>\n<td>Anna kommunal verksemd i kroner<\/td>\n<td>777 194<\/td>\n<td>925 705<\/td>\n<\/tr>\n<tr>\n<td>Anna kommunal verksemd i prosent<\/td>\n<td>53<\/td>\n<td>54<\/td>\n<\/tr>\n<\/tbody>\n<\/table>\n<p>&nbsp;<\/p>\n<p>Kommunen sine gjeldskostnader innanfor sj\u00f8lvkostomr\u00e5da er finansiert med brukarbetaling. Det er ikkje samanlikningstal for desse. Renteutgifter til startl\u00e5n\/formidlingsl\u00e5n vert dekka av l\u00e5ntakar. Stord hamnestell sine renter og avdrag er finansiert av hamnestellet sine inntekter. Kommunen si gjeld som vert finansiert over kommunen sine frie inntekter, vert ofte omtala som ordin\u00e6r gjeld.<\/p>\n<p>&nbsp;<\/p>\n<table>\n<thead>\n<tr>\n<th>Gjeld som vert dekka av \u00f8yremerka statstilskot<\/th>\n<th>2015<\/th>\n<th>2016<\/th>\n<\/tr>\n<\/thead>\n<tbody>\n<tr>\n<td>Grunnlag for rentekompensasjon skuleutbygging reform -97<\/td>\n<td>1 156 000<\/td>\n<td>1 156 000<\/td>\n<\/tr>\n<tr>\n<td>Grunnlag for rentekompensasjon skuleutbygging<\/td>\n<td>76 538 061<\/td>\n<td>71 817 607<\/td>\n<\/tr>\n<tr>\n<td>Grunnlag for rente- og avdragskompensasjon omsorgsbustader, institusjonsutbygging<\/td>\n<td>39 195 640<\/td>\n<td>39 706 737<\/td>\n<\/tr>\n<tr>\n<td>Grunnlag for rentekompensasjon kyrkjebygg<\/td>\n<td>10 267 119<\/td>\n<td>9 926 402<\/td>\n<\/tr>\n<tr>\n<td>Del av totalgjelda som vert kompensert, i kr<\/td>\n<td>127 156 820<\/td>\n<td>122 606 746<\/td>\n<\/tr>\n<tr>\n<td>Del av totalgjelda som vert kompensert, i prosent<\/td>\n<td>8,7<\/td>\n<td>7,16<\/td>\n<\/tr>\n<\/tbody>\n<\/table>\n<p><strong>\u00a0<\/strong><\/p>\n<p>Kommunen fekk 5,176 millionar kroner i rente- og avdragskompensasjon i 2016.<\/p>\n<p>&nbsp;<\/p>\n<p>Unytta l\u00e5nemiddel har auka fr\u00e5 kr. 95 millionar i 2015 til kr. 113,3 millionar i 2015. Auken skuldast i hovudsak forseinkingar i investeringsprosjekta, og det vert gjort framlegg om overf\u00f8ring av midlane til 2017 i eiga sak til kommunestyret v\u00e5ren 2017.<\/p>\n<p><a href=\"#_ftnref1\" name=\"_ftn1\">[1]<\/a> Konserntal, inkluderer kommune, kommunale f\u00f8retak, interkommunale samarbeid og interkommunale selskap<\/p>\n<p><a href=\"#_ftnref2\" name=\"_ftn2\">[2]<\/a> Fr\u00e5 og med rekneskaps\u00e5ret 2014 utg\u00e5r mva-kompensasjon opptent i investeringsrekneskapen fr\u00e5 berekninga av brutto driftsinntekter. Avskrivingar er med, slik at indikatoren kan nyttast for samanlikning med eit resultatorientert rekneskapssystem (prim\u00e6rt brukt i privat n\u00e6ringsliv)<\/p>\n<p><a href=\"#_ftnref3\" name=\"_ftn3\">[3]<\/a> Minimumsavdrag vart korrigert etter at ein hadde rapportert til KOSTRA. Korrigert for dette har Stord kommune eit netto driftsresultat p\u00e5 2,02 prosent av brutto driftsinntekter.<\/p>\n<p><a href=\"#_ftnref4\" name=\"_ftn4\">[4]<\/a> Viser kor stor del av driftsinntektene som er bunde opp til tilbakebetaling av l\u00e5n<\/p>\n<p><a href=\"#_ftnref5\" name=\"_ftn5\">[5]<\/a> Langsiktig gjeld ekskl. pensjon, utl\u00e5n, unytta l\u00e5nemiddel<\/p>\n<p><a href=\"#_ftnref6\" name=\"_ftn6\">[6]<\/a> Inklusiv pensjonsforpliktingar og formidlingsl\u00e5n<\/p>\n<p><a href=\"#_ftnref7\" name=\"_ftn7\">[7]<\/a> Sertifikatl\u00e5n har kortare l\u00f8petid enn eit \u00e5r og m\u00e5 refinansierast fortl\u00f8pande. Indikatoren kan sei noko om refinansieringsrisiko. If\u00f8lge SSB er det manglande\/feilaktig rapportering fr\u00e5 andre kommunar som gjer at me ikkje har samanlikningstal. Dei har ikkje funne ein god metode for \u00e5 estimere tal for desse.<\/p>\n<p><a href=\"#_ftnref8\" name=\"_ftn8\">[8]<\/a> Korrigert for gjeld innanfor sj\u00f8lvkost omr\u00e5det og gjeld som ein f\u00e5r rentekompensasjon for gjennom Husbanken. If\u00f8lge SSB er det manglande\/feilaktig rapportering fr\u00e5 andre kommunar som gjer at me ikkje har samanlikningstal. Dei har ikkje funne ein god metode for \u00e5 estimere tal for desse.<\/p>\n<p><a href=\"#_ftnref9\" name=\"_ftn9\">[9]<\/a> Arbeidskapital: Differansen mellom omlaupsmidlar og kortsiktig gjeld, eit uttrykk for likvididet<\/p>\n<p><a href=\"#_ftnref10\" name=\"_ftn10\">[10]<\/a> Netto l\u00e5negjeld er definert som langsiktig gjeld (eksklusive pensjonsforpliktingar). Totale utl\u00e5n og ubrukte l\u00e5nemidlar er trekt fr\u00e5.<\/p>\n","protected":false},"excerpt":{"rendered":"<p>&nbsp; Netto avsetning, spesifikasjon (1000 kr) Rekneskap Budsjett rev. Budsjett opph. Rekneskap 2016 2016 2016 2015 Bruk av udisponert fr\u00e5 tidlegare \u00e5r 39 450 39 486 38 000 27 002 Bruk av disposisjonsfond 220 150 38 000 Bruk av bundne driftsfond 13 283 8 075 7 798 8 625 Sum bruk av avsetningar 52 954<\/p>\n","protected":false},"author":2,"featured_media":0,"parent":86,"menu_order":5,"comment_status":"closed","ping_status":"closed","template":"","meta":{"footnotes":""},"jetpack_sharing_enabled":true,"_links":{"self":[{"href":"https:\/\/sk-dokument.no\/arsmelding-2016\/index.php?rest_route=\/wp\/v2\/pages\/313"}],"collection":[{"href":"https:\/\/sk-dokument.no\/arsmelding-2016\/index.php?rest_route=\/wp\/v2\/pages"}],"about":[{"href":"https:\/\/sk-dokument.no\/arsmelding-2016\/index.php?rest_route=\/wp\/v2\/types\/page"}],"author":[{"embeddable":true,"href":"https:\/\/sk-dokument.no\/arsmelding-2016\/index.php?rest_route=\/wp\/v2\/users\/2"}],"replies":[{"embeddable":true,"href":"https:\/\/sk-dokument.no\/arsmelding-2016\/index.php?rest_route=%2Fwp%2Fv2%2Fcomments&post=313"}],"version-history":[{"count":16,"href":"https:\/\/sk-dokument.no\/arsmelding-2016\/index.php?rest_route=\/wp\/v2\/pages\/313\/revisions"}],"predecessor-version":[{"id":1380,"href":"https:\/\/sk-dokument.no\/arsmelding-2016\/index.php?rest_route=\/wp\/v2\/pages\/313\/revisions\/1380"}],"up":[{"embeddable":true,"href":"https:\/\/sk-dokument.no\/arsmelding-2016\/index.php?rest_route=\/wp\/v2\/pages\/86"}],"wp:attachment":[{"href":"https:\/\/sk-dokument.no\/arsmelding-2016\/index.php?rest_route=%2Fwp%2Fv2%2Fmedia&parent=313"}],"curies":[{"name":"wp","href":"https:\/\/api.w.org\/{rel}","templated":true}]}}