{"id":37,"date":"2016-04-18T10:50:10","date_gmt":"2016-04-18T08:50:10","guid":{"rendered":"http:\/\/lab.zpirit.no\/sk-arsmelding\/?page_id=37"},"modified":"2017-04-30T14:30:44","modified_gmt":"2017-04-30T12:30:44","slug":"informasjons-og-kommunikasjonsteknologi","status":"publish","type":"page","link":"https:\/\/sk-dokument.no\/arsmelding-2016\/?page_id=37","title":{"rendered":"2.11 Informasjons- og kommunikasjonsteknologi"},"content":{"rendered":"<p>St\u00f8tteeining IKT driftar data og serversystem, nettverk og programvare for kommunen. For 2016 vart det registrert 4782 saker i det elektroniske brukarst\u00f8ttesystemet. Dei fleste saker vert l\u00f8yst av f\u00f8rsteline brukarst\u00f8tte, resten av andre line. Til enkelte saker og prosjekt vert det ogs\u00e5 nytta eksterne konsulentar.<\/p>\n<figure id=\"attachment_906\" aria-describedby=\"caption-attachment-906\" style=\"width: 900px\" class=\"wp-caption alignleft\"><img loading=\"lazy\" decoding=\"async\" class=\"wp-image-906 size-large\" src=\"http:\/\/sk-dokument.no\/arsmelding-2016\/wp-content\/uploads\/sites\/8\/2016\/04\/IKT-L\u00e6rlingane-Synne-Kambe-St\u00f8msnes-og-Hans-Olav-Petterteig-foto-Haldis-Lauksund-1280x853.jpg\" alt=\"\" width=\"900\" height=\"600\" srcset=\"https:\/\/sk-dokument.no\/arsmelding-2016\/wp-content\/uploads\/sites\/8\/2016\/04\/IKT-L\u00e6rlingane-Synne-Kambe-St\u00f8msnes-og-Hans-Olav-Petterteig-foto-Haldis-Lauksund-1280x853.jpg 1280w, https:\/\/sk-dokument.no\/arsmelding-2016\/wp-content\/uploads\/sites\/8\/2016\/04\/IKT-L\u00e6rlingane-Synne-Kambe-St\u00f8msnes-og-Hans-Olav-Petterteig-foto-Haldis-Lauksund-300x200.jpg 300w, https:\/\/sk-dokument.no\/arsmelding-2016\/wp-content\/uploads\/sites\/8\/2016\/04\/IKT-L\u00e6rlingane-Synne-Kambe-St\u00f8msnes-og-Hans-Olav-Petterteig-foto-Haldis-Lauksund-700x467.jpg 700w\" sizes=\"(max-width: 900px) 100vw, 900px\" \/><figcaption id=\"caption-attachment-906\" class=\"wp-caption-text\">IKT-l\u00e6rlingane Synne Kambe Str\u00f8msnes og Hans Olav Petterteig. Foto: Haldis Lauksund<\/figcaption><\/figure>\n<p>Den digitale utviklinga og auka bruk av informasjonsteknologi har gjort det\u00a0 naudsynt\u00a0 \u00e5 auke kapasiteten i tenarmaskinane, nettverk og infrastruktur. Kommunen har moderne serverrom og gode kommunikasjonsliner til einingane.<\/p>\n<p>For hamnestellet er det bygd ut tr\u00e5dlaust nettverk i gjestehamna i Leirvik. Bruken av gjestenettverket hadde ein stor auke i 2016, og ein har m\u00e5tta utvide kapasiteten. For kulturhuset og biblioteket og andre offentlege kommunale bygg er det ogs\u00e5 tilgjengeleg tr\u00e5dlaust nettverk for gjester, tilsette og bes\u00f8kande.<\/p>\n<p>IKT-eininga er sentral i arbeidet med digitalisering av tenester mot innbyggjarane og n\u00e6ringslivet i kommunen. Ifr\u00e5 01.01.2016 har kommunen kommunisert digitalt mot innbyggjarane fr\u00e5 sakshandsamingssystemet (ePhorte). IKT-eininga var ogs\u00e5 sentral i innf\u00f8ringa av digital meldingsbok for skulane. F\u00f8resette og skule kan no kommunisere digitalt med ei automatisert SMS-l\u00f8ysing. Ei brukarvenleg og efektiv l\u00f8ysing som er godt motteke.<\/p>\n<p>IKT-eininga i Stord kommune driftar rekneskap-, personal -og l\u00f8nssystemet Agresso for kommunane B\u00f8mlo og Fitjar. I 2016 har ein oppgradert Agresso til nyaste versjon med ny brukaroppleving og funksjonar. Blant anna er det teke i bruk ny budsjettmodul i Agresso, og alle ordrar fr\u00e5 det digitale eigedomsregister vert no fakturert ut fr\u00e5 ny l\u00f8ysing. Det er ogs\u00e5 teke i bruk ein ny og moderne modul (programvare) for innfordring.<\/p>\n<p>Innanfor rehabilitering, helse og omsorg er det innf\u00f8rt sikker arkivkjerne etter NOARK 5 \u2013standard.<\/p>\n<p>IKT-eininga er ogs\u00e5 involvert i omorganiseringsprosjekt, og har vore sentral i flytteoperasjonar av avdelingar og einingar i kommunen. Nye lokasjonar og mellombelse bygg har vore rigga med data og telefoni for blant anna PP-tenesta og Stord ungdomsskule.<\/p>\n","protected":false},"excerpt":{"rendered":"<p>St\u00f8tteeining IKT driftar data og serversystem, nettverk og programvare for kommunen. For 2016 vart det registrert 4782 saker i det elektroniske brukarst\u00f8ttesystemet. Dei fleste saker vert l\u00f8yst av f\u00f8rsteline brukarst\u00f8tte, resten av andre line. Til enkelte saker og prosjekt vert det ogs\u00e5 nytta eksterne konsulentar. Den digitale utviklinga og auka bruk av informasjonsteknologi har gjort<\/p>\n","protected":false},"author":2,"featured_media":0,"parent":13,"menu_order":11,"comment_status":"closed","ping_status":"closed","template":"","meta":{"footnotes":""},"jetpack_sharing_enabled":true,"_links":{"self":[{"href":"https:\/\/sk-dokument.no\/arsmelding-2016\/index.php?rest_route=\/wp\/v2\/pages\/37"}],"collection":[{"href":"https:\/\/sk-dokument.no\/arsmelding-2016\/index.php?rest_route=\/wp\/v2\/pages"}],"about":[{"href":"https:\/\/sk-dokument.no\/arsmelding-2016\/index.php?rest_route=\/wp\/v2\/types\/page"}],"author":[{"embeddable":true,"href":"https:\/\/sk-dokument.no\/arsmelding-2016\/index.php?rest_route=\/wp\/v2\/users\/2"}],"replies":[{"embeddable":true,"href":"https:\/\/sk-dokument.no\/arsmelding-2016\/index.php?rest_route=%2Fwp%2Fv2%2Fcomments&post=37"}],"version-history":[{"count":7,"href":"https:\/\/sk-dokument.no\/arsmelding-2016\/index.php?rest_route=\/wp\/v2\/pages\/37\/revisions"}],"predecessor-version":[{"id":1198,"href":"https:\/\/sk-dokument.no\/arsmelding-2016\/index.php?rest_route=\/wp\/v2\/pages\/37\/revisions\/1198"}],"up":[{"embeddable":true,"href":"https:\/\/sk-dokument.no\/arsmelding-2016\/index.php?rest_route=\/wp\/v2\/pages\/13"}],"wp:attachment":[{"href":"https:\/\/sk-dokument.no\/arsmelding-2016\/index.php?rest_route=%2Fwp%2Fv2%2Fmedia&parent=37"}],"curies":[{"name":"wp","href":"https:\/\/api.w.org\/{rel}","templated":true}]}}