{"id":45,"date":"2016-04-18T12:08:52","date_gmt":"2016-04-18T10:08:52","guid":{"rendered":"http:\/\/lab.zpirit.no\/sk-arsmelding\/?page_id=45"},"modified":"2017-04-19T15:39:39","modified_gmt":"2017-04-19T13:39:39","slug":"samarbeidsradet-for-sunnhordland","status":"publish","type":"page","link":"https:\/\/sk-dokument.no\/arsmelding-2016\/?page_id=45","title":{"rendered":"3.5 Samarbeidsr\u00e5det for Sunnhordland"},"content":{"rendered":"<p>Samarbeidsr\u00e5det sitt f\u00f8rem\u00e5l er <em>\u00abinterkommunalt samarbeid p\u00e5 generell basis med s\u00e6rleg vekt p\u00e5 alle typar tiltaksarbeid og utviklingsarbeid. Selskapet skal ta opp saker som kan fremja utviklinga av Sunnhordland, og leggja dei fram til dr\u00f8fting og utgreiing\u00bb<\/em>. Samarbeidsr\u00e5det si hovudoppg\u00e5ve er regional utvikling. I dette ligg ogs\u00e5 n\u00e6ringsutvikling, samferdsle, reiseliv, omd\u00f8mebygging, rammevilk\u00e5r med meir. I tillegg vert det arbeidd med ulike prosjekt.\u00a0 Rekruttering og omd\u00f8mebygging er eit prioritert omr\u00e5de i Sunnhordland. Samarbeidsr\u00e5det skal blant anna styrkja regionen som bustadregion og gjera regionen meir attraktiv mellom anna for \u00e5 trekka til seg kvalifisert arbeidskraft. Ordf\u00f8rar og r\u00e5dmann representerer kommunen i Samarbeidsr\u00e5det.<\/p>\n<p>Utviklingsprogrammet for byregionar (fase 2) vert k\u00f8yrd i regi av Samarbeidsr\u00e5det, med Stord kommune som A-eigar av prosjektet. Prosjektet har fylgjande tittel og visjon:<\/p>\n<p><em>\u00abByen og regionsenteret Stord- lokomotiv for vekst og utvikling i Sunnhordland!\u00bb<\/em><\/p>\n<p>I fase 1 vart det stilt sp\u00f8rsm\u00e5l til om Byen og regionsenteret Stord- var lokomotiv for vekst og utvikling i Sunnhordland. No er visjonen at byen og regionsenteret skal vera det. Difor er sp\u00f8rsm\u00e5lsteiknet bytta ut med eit utropsteikn.<\/p>\n<p>Prosjektet jobbar etter fire strategiar:<\/p>\n<ol>\n<li><em><strong>Sunnhordland \u2013 kraftsenter for klyngeutvikling<\/strong><br \/>\n<\/em>Ved \u00e5 vidareutvikla eksisterande n\u00e6ringsliv, skapa nye m\u00f8teplassar p\u00e5 tvers i bransjar og imellom ulike bransjar skal innovasjon og nytenking sikra eksisterande arbeidsplassar og utviklast nye.<\/li>\n<li><em><strong>Den tette byen<\/strong><br \/>\n<\/em>Stord skal utviklast til eit attraktivt senter som det er lett \u00e5 koma til og ifr\u00e5.<\/li>\n<li><em><strong>Saman er me sterke<\/strong><br \/>\n<\/em>Ved \u00e5 utvikla tette samarbeidsarenaer skal regionen vidare utviklast til \u00e5 verta attraktiv for nye innbyggjarar og for dei som alt bur her:<\/li>\n<li><em><strong>Kompetanseregionen<\/strong><br \/>\n<\/em>Behalda og utvikla kompetansen i regionen.<\/li>\n<\/ol>\n<p>&nbsp;<\/p>\n<p>I 2016 fekk Samarbeidsr\u00e5det 530 700 kroner i driftstilskot fr\u00e5 Stord kommune.<\/p>\n","protected":false},"excerpt":{"rendered":"<p>Samarbeidsr\u00e5det sitt f\u00f8rem\u00e5l er \u00abinterkommunalt samarbeid p\u00e5 generell basis med s\u00e6rleg vekt p\u00e5 alle typar tiltaksarbeid og utviklingsarbeid. Selskapet skal ta opp saker som kan fremja utviklinga av Sunnhordland, og leggja dei fram til dr\u00f8fting og utgreiing\u00bb. Samarbeidsr\u00e5det si hovudoppg\u00e5ve er regional utvikling. I dette ligg ogs\u00e5 n\u00e6ringsutvikling, samferdsle, reiseliv, omd\u00f8mebygging, rammevilk\u00e5r med meir. I<\/p>\n","protected":false},"author":2,"featured_media":0,"parent":43,"menu_order":5,"comment_status":"closed","ping_status":"closed","template":"","meta":{"footnotes":""},"jetpack_sharing_enabled":true,"_links":{"self":[{"href":"https:\/\/sk-dokument.no\/arsmelding-2016\/index.php?rest_route=\/wp\/v2\/pages\/45"}],"collection":[{"href":"https:\/\/sk-dokument.no\/arsmelding-2016\/index.php?rest_route=\/wp\/v2\/pages"}],"about":[{"href":"https:\/\/sk-dokument.no\/arsmelding-2016\/index.php?rest_route=\/wp\/v2\/types\/page"}],"author":[{"embeddable":true,"href":"https:\/\/sk-dokument.no\/arsmelding-2016\/index.php?rest_route=\/wp\/v2\/users\/2"}],"replies":[{"embeddable":true,"href":"https:\/\/sk-dokument.no\/arsmelding-2016\/index.php?rest_route=%2Fwp%2Fv2%2Fcomments&post=45"}],"version-history":[{"count":6,"href":"https:\/\/sk-dokument.no\/arsmelding-2016\/index.php?rest_route=\/wp\/v2\/pages\/45\/revisions"}],"predecessor-version":[{"id":980,"href":"https:\/\/sk-dokument.no\/arsmelding-2016\/index.php?rest_route=\/wp\/v2\/pages\/45\/revisions\/980"}],"up":[{"embeddable":true,"href":"https:\/\/sk-dokument.no\/arsmelding-2016\/index.php?rest_route=\/wp\/v2\/pages\/43"}],"wp:attachment":[{"href":"https:\/\/sk-dokument.no\/arsmelding-2016\/index.php?rest_route=%2Fwp%2Fv2%2Fmedia&parent=45"}],"curies":[{"name":"wp","href":"https:\/\/api.w.org\/{rel}","templated":true}]}}