{"id":50,"date":"2016-04-18T12:08:52","date_gmt":"2016-04-18T10:08:52","guid":{"rendered":"http:\/\/lab.zpirit.no\/sk-arsmelding\/?page_id=50"},"modified":"2017-04-30T15:06:12","modified_gmt":"2017-04-30T13:06:12","slug":"fysisk-aktivitet-idrett-friluftsliv-og-kulturbygg","status":"publish","type":"page","link":"https:\/\/sk-dokument.no\/arsmelding-2016\/?page_id=50","title":{"rendered":"3.9 Fysisk aktivitet, idrett, friluftsliv og kulturbygg"},"content":{"rendered":"<p>Det er Stord kommunale eigedom som driftar idrettsanlegga Stord kommune eig. Utleige av gymnastikksalar vert gjort av rektorane, medan Stord kommunale eigedom tildelar treningstid ved kommunale fotballbanar.\u00a0Stord idrettslag har ansvar for drift og utleige av anlegga p\u00e5 Vikahaugane og i Prestagardsskogen utanom skuletid.<\/p>\n<p>I januar vart det sendt inn tjue\u00e5tte godkjende spelemiddels\u00f8knader (tjuefem til ordin\u00e6re idrettsanlegg og tre til n\u00e6rmilj\u00f8anlegg). Det vart s\u00f8kt om vel kr. 22 mill. i tilskot til prosjekt -med eit samla kostnadsoverslag p\u00e5 kring kr. 68 mill. Etterslepet i s\u00f8knadsmassen er no redusert til 3-4 \u00e5r.\u00a0Stord kommune fekk sumaren 2016 tilsegn p\u00e5 om lag kr. 5,5 mill. i spelemidlar.<\/p>\n<p>&nbsp;<\/p>\n<table>\n<thead>\n<tr>\n<th>Tilsegn spelemidlar 2016, ordin\u00e6re anlegg<\/th>\n<th>Tilsegn<\/th>\n<\/tr>\n<\/thead>\n<tbody>\n<tr>\n<td>Stord Hestesportsenter &#8211; klubbhus<\/td>\n<td>1 000 000<\/td>\n<\/tr>\n<tr>\n<td>Stord Hestesportsenter &#8211; garderobeanlegg<\/td>\n<td>500 000<\/td>\n<\/tr>\n<tr>\n<td>Vikahaugane idrettspark &#8211; sk\u00f8ytebane, rehabilitering<\/td>\n<td>1 972 000<\/td>\n<\/tr>\n<tr>\n<td>Eventyrskogen &#8211; Land\u00e5sen tursti, oppgradering<\/td>\n<td>465 000<\/td>\n<\/tr>\n<tr>\n<td>Prestagardsskogen idrettspark &#8211; lysl\u00f8ype (turvegen)<\/td>\n<td>863 000<\/td>\n<\/tr>\n<tr>\n<td>Prestagardsskogen idrettspark &#8211; lysl\u00f8ype (lyset)<\/td>\n<td>462 000<\/td>\n<\/tr>\n<tr class=\"total\">\n<td>Samla<\/td>\n<td>5 262 000<\/td>\n<\/tr>\n<\/tbody>\n<\/table>\n<p>&nbsp;<\/p>\n<table>\n<thead>\n<tr>\n<th style=\"text-align: center\">Tilsegn spelemidlar 2016, n\u00e6rmilj\u00f8anlegg<\/th>\n<th>Tilsegn<\/th>\n<\/tr>\n<\/thead>\n<tbody>\n<tr>\n<td>Langelandsbana, gapahuk<\/td>\n<td>72 000<\/td>\n<\/tr>\n<tr>\n<td>S\u00e6travikjo &#8211; toalettanlegg<\/td>\n<td>217 000<\/td>\n<\/tr>\n<tr class=\"total\">\n<td>Samla<\/td>\n<td>289 000<\/td>\n<\/tr>\n<\/tbody>\n<\/table>\n<p>&nbsp;<\/p>\n<p>Turvegen rundt \u00c5dlandsvatnet vart ferdigstilla i 2016. Grunna flaumen i august vil det verta noko reparasjons\/sikringsarbeid i 2017. Ny turveg med lys er p\u00e5 kring 3,2 km, i tillegg er ei strekkje p\u00e5 1 km oppgradert\/rehabilitert. Parkeringsplass p\u00e5 Vatna med plass til 15 bilar er laga. Skilt som syner kvar du skal g\u00e5 og kor langt det er att har Friluftsr\u00e5det Vest ordna. Rundtom finn du kvilestader med bord og benkjer. Borda har tidvis vorte pynta med b\u00e5de nissar og troll noko som syner at folk tykkjer om anlegget. Dette er den st\u00f8rste einskildsatsinga for friluftslivet p\u00e5 Stord noko tid med ei kostnadsramme p\u00e5 vel 14 millionar kroner. L\u00f8ypa er mykje i bruk og det er berre godord \u00e5 h\u00f8yra.<\/p>\n<figure id=\"attachment_877\" aria-describedby=\"caption-attachment-877\" style=\"width: 2074px\" class=\"wp-caption alignnone\"><img loading=\"lazy\" decoding=\"async\" class=\"wp-image-877 size-full\" src=\"http:\/\/sk-dokument.no\/arsmelding-2016\/wp-content\/uploads\/sites\/8\/2016\/04\/Fysisk-aktivitet-Opning-av-turveg-rundt-\u00c5dlandsvatnet-16.06.16-foto-Astrid-Larsen-00000002.jpg\" alt=\"\" width=\"2074\" height=\"1383\" srcset=\"https:\/\/sk-dokument.no\/arsmelding-2016\/wp-content\/uploads\/sites\/8\/2016\/04\/Fysisk-aktivitet-Opning-av-turveg-rundt-\u00c5dlandsvatnet-16.06.16-foto-Astrid-Larsen-00000002.jpg 2074w, https:\/\/sk-dokument.no\/arsmelding-2016\/wp-content\/uploads\/sites\/8\/2016\/04\/Fysisk-aktivitet-Opning-av-turveg-rundt-\u00c5dlandsvatnet-16.06.16-foto-Astrid-Larsen-00000002-300x200.jpg 300w, https:\/\/sk-dokument.no\/arsmelding-2016\/wp-content\/uploads\/sites\/8\/2016\/04\/Fysisk-aktivitet-Opning-av-turveg-rundt-\u00c5dlandsvatnet-16.06.16-foto-Astrid-Larsen-00000002-1280x854.jpg 1280w, https:\/\/sk-dokument.no\/arsmelding-2016\/wp-content\/uploads\/sites\/8\/2016\/04\/Fysisk-aktivitet-Opning-av-turveg-rundt-\u00c5dlandsvatnet-16.06.16-foto-Astrid-Larsen-00000002-700x467.jpg 700w\" sizes=\"(max-width: 2074px) 100vw, 2074px\" \/><figcaption id=\"caption-attachment-877\" class=\"wp-caption-text\">Opning av turveg rundt \u00c5dlandsvatnet. Foto: Astrid Larsen<\/figcaption><\/figure>\n<p>Stord &#8211; Fitjar Turlag har i regi av Friluftsr\u00e5det hatt TellTur i 2015 og 2016. Tal p\u00e5 deltakarar har auka fr\u00e5 knappe 520 til nesten 860 og folk p\u00e5 \u00f8ya er flinke \u00e5 koma seg ut. Stord kommune har bidrege med\u00a0premiar.<\/p>\n<p>Det er skilta om rasfare i Gullberg.<\/p>\n<p>Kunstgrasbana p\u00e5 Vikahaugane har f\u00e5tt nytt dekke, rehabilitert lys og det er kome gjerde og fangnett. Det er kring 210 registrerte idretts- og friluftsanlegg i Stord kommune, fleire av desse treng no rehabilitering og oppgradering. Det vil verta bygd fleirbrukshall i tilknytning til ny ungdomsskule p\u00e5 Nys\u00e6ter. Stord Seilforening arbeider med planar om sj\u00f8sportanlegg p\u00e5 Skjersholmane og skigruppa har initiert l\u00f8ysingar om ny tilkomst til Heio. Skeisegruppa arbeider vidare med planar om tak over skeisebanen<\/p>\n<p>Fond for utl\u00e5n til lag og organisasjonar har ei ramme p\u00e5 15 millionar kroner. Ved \u00e5rsskiftet var det 6,575 millionar kroner til r\u00e5dvelde. 8,425 millionar kroner er l\u00e5nt ut til tre prosjekt. Stord Hestesportssenter er st\u00f8rste l\u00e5ntakar. Det vart tildelt 249.200 kroner til idretten over kulturmidlane.<\/p>\n<p>Det er halde to samarbeidsm\u00f8ter med idretten der Trott, Stord, Solid, Stord idrettsr\u00e5d og Handballfestivalen m\u00f8ter administrasjonen i Stord kommune. Kommunestyret godkjende i 2016 ein ny samarbeidsavtale.<\/p>\n<p>Kommunen har eit aktivt\u00a0lag- og organisasjonsliv som gjer det mogeleg \u00e5 f\u00e5 til mange flotte arrangement.<em><br \/>\n<\/em><\/p>\n<p>&nbsp;<\/p>\n","protected":false},"excerpt":{"rendered":"<p>Det er Stord kommunale eigedom som driftar idrettsanlegga Stord kommune eig. Utleige av gymnastikksalar vert gjort av rektorane, medan Stord kommunale eigedom tildelar treningstid ved kommunale fotballbanar.\u00a0Stord idrettslag har ansvar for drift og utleige av anlegga p\u00e5 Vikahaugane og i Prestagardsskogen utanom skuletid. I januar vart det sendt inn tjue\u00e5tte godkjende spelemiddels\u00f8knader (tjuefem til ordin\u00e6re<\/p>\n","protected":false},"author":2,"featured_media":0,"parent":43,"menu_order":9,"comment_status":"closed","ping_status":"closed","template":"","meta":{"footnotes":""},"jetpack_sharing_enabled":true,"_links":{"self":[{"href":"https:\/\/sk-dokument.no\/arsmelding-2016\/index.php?rest_route=\/wp\/v2\/pages\/50"}],"collection":[{"href":"https:\/\/sk-dokument.no\/arsmelding-2016\/index.php?rest_route=\/wp\/v2\/pages"}],"about":[{"href":"https:\/\/sk-dokument.no\/arsmelding-2016\/index.php?rest_route=\/wp\/v2\/types\/page"}],"author":[{"embeddable":true,"href":"https:\/\/sk-dokument.no\/arsmelding-2016\/index.php?rest_route=\/wp\/v2\/users\/2"}],"replies":[{"embeddable":true,"href":"https:\/\/sk-dokument.no\/arsmelding-2016\/index.php?rest_route=%2Fwp%2Fv2%2Fcomments&post=50"}],"version-history":[{"count":16,"href":"https:\/\/sk-dokument.no\/arsmelding-2016\/index.php?rest_route=\/wp\/v2\/pages\/50\/revisions"}],"predecessor-version":[{"id":1208,"href":"https:\/\/sk-dokument.no\/arsmelding-2016\/index.php?rest_route=\/wp\/v2\/pages\/50\/revisions\/1208"}],"up":[{"embeddable":true,"href":"https:\/\/sk-dokument.no\/arsmelding-2016\/index.php?rest_route=\/wp\/v2\/pages\/43"}],"wp:attachment":[{"href":"https:\/\/sk-dokument.no\/arsmelding-2016\/index.php?rest_route=%2Fwp%2Fv2%2Fmedia&parent=50"}],"curies":[{"name":"wp","href":"https:\/\/api.w.org\/{rel}","templated":true}]}}