{"id":51,"date":"2016-04-18T12:08:52","date_gmt":"2016-04-18T10:08:52","guid":{"rendered":"http:\/\/lab.zpirit.no\/sk-arsmelding\/?page_id=51"},"modified":"2017-05-08T15:17:25","modified_gmt":"2017-05-08T13:17:25","slug":"kulturtenester","status":"publish","type":"page","link":"https:\/\/sk-dokument.no\/arsmelding-2016\/?page_id=51","title":{"rendered":"3.10 Kulturtenester"},"content":{"rendered":"<p><strong>Kulturhuset<\/strong><\/p>\n<p>Kulturhuset skal vera m\u00f8teplass for innbyggjarane i Stord og gje h\u00f8ve til utfalding og opplevingar.<\/p>\n<p>17 011 l\u00f8yste i 2016 billett til \u00a0arrangement i kinosalen.<\/p>\n<p>Stord Musikkr\u00e5d sin flygelkomit\u00e9\u00a0 n\u00e5dde m\u00e5let sitt om \u00e5 samla inn halvparten av pengane til nytt flygel. 21.10 blei v\u00e5rt Steinwayflygel\u00a0 D-274 plukka ut i Hamburg av Leif Ove Andsnes. Sal av billettar til den f\u00f8rste konserten i \u00abFlygelfesten\u00bb oktober 2017 er no i gong.<\/p>\n<figure id=\"attachment_888\" aria-describedby=\"caption-attachment-888\" style=\"width: 2016px\" class=\"wp-caption alignnone\"><img loading=\"lazy\" decoding=\"async\" class=\"wp-image-888 size-full\" src=\"http:\/\/sk-dokument.no\/arsmelding-2016\/wp-content\/uploads\/sites\/8\/2016\/04\/Kulturtenester-Komite-foto-Kulturtenester.jpg\" alt=\"\" width=\"2016\" height=\"1242\" srcset=\"https:\/\/sk-dokument.no\/arsmelding-2016\/wp-content\/uploads\/sites\/8\/2016\/04\/Kulturtenester-Komite-foto-Kulturtenester.jpg 2016w, https:\/\/sk-dokument.no\/arsmelding-2016\/wp-content\/uploads\/sites\/8\/2016\/04\/Kulturtenester-Komite-foto-Kulturtenester-300x185.jpg 300w, https:\/\/sk-dokument.no\/arsmelding-2016\/wp-content\/uploads\/sites\/8\/2016\/04\/Kulturtenester-Komite-foto-Kulturtenester-1280x789.jpg 1280w, https:\/\/sk-dokument.no\/arsmelding-2016\/wp-content\/uploads\/sites\/8\/2016\/04\/Kulturtenester-Komite-foto-Kulturtenester-700x431.jpg 700w\" sizes=\"(max-width: 2016px) 100vw, 2016px\" \/><figcaption id=\"caption-attachment-888\" class=\"wp-caption-text\">Stord Musikkr\u00e5d sin flygelkomit\u00e9 med Leif Ove Andsnes (t.v.). Foto: Kulturtenester<\/figcaption><\/figure>\n<p>Det vart l\u00f8yst\u00a014 816 badebillettar i 2016. N\u00e5r det ikkje er offentleg bading er det symjeundervisning ( skular) eller symjetrening (idrettslag) i bassenget. Ei takplate lausna i symjehallen og unders\u00f8king synte heile taket laut skiftast. Bassenget blei difor steng 10. mai og opna att 10. oktober, i tide til vinterferien og til Stord Turn og Idrettslag\u00a0 sitt \u00e5rlege symjestemne. Stenginga medf\u00f8rte naturleg nok nedgang i bes\u00f8kstalet og noko mindre inntekter enn budsjettert<\/p>\n<figure id=\"attachment_895\" aria-describedby=\"caption-attachment-895\" style=\"width: 1613px\" class=\"wp-caption alignnone\"><img loading=\"lazy\" decoding=\"async\" class=\"wp-image-895 size-full\" src=\"http:\/\/sk-dokument.no\/arsmelding-2016\/wp-content\/uploads\/sites\/8\/2016\/04\/Kulturtenester-Barnebasseng-foto-Kulturtenester.jpg\" alt=\"\" width=\"1613\" height=\"1210\" srcset=\"https:\/\/sk-dokument.no\/arsmelding-2016\/wp-content\/uploads\/sites\/8\/2016\/04\/Kulturtenester-Barnebasseng-foto-Kulturtenester.jpg 1613w, https:\/\/sk-dokument.no\/arsmelding-2016\/wp-content\/uploads\/sites\/8\/2016\/04\/Kulturtenester-Barnebasseng-foto-Kulturtenester-300x225.jpg 300w, https:\/\/sk-dokument.no\/arsmelding-2016\/wp-content\/uploads\/sites\/8\/2016\/04\/Kulturtenester-Barnebasseng-foto-Kulturtenester-1280x960.jpg 1280w, https:\/\/sk-dokument.no\/arsmelding-2016\/wp-content\/uploads\/sites\/8\/2016\/04\/Kulturtenester-Barnebasseng-foto-Kulturtenester-700x525.jpg 700w\" sizes=\"(max-width: 1613px) 100vw, 1613px\" \/><figcaption id=\"caption-attachment-895\" class=\"wp-caption-text\">Symjehallen i kulturhuset. Foto: Kulturtenester<\/figcaption><\/figure>\n<p>&nbsp;<\/p>\n<p><strong>Kino<\/strong><\/p>\n<p>For ein kino som tok til i 1938, og som hadde si stordomstid f\u00f8r TV- og dataalderen, er det ikkje lett \u00e5 varta opp bes\u00f8ksrekordar. Med 49\u00a0462 kinogjester fekk ein i 2016 like fullt beste kinobes\u00f8k p\u00e5 10 \u00e5r.\u00a0 Sunnhordland skriv p\u00e5 leiarplass i januar 2017 at \u00abDET ER mykje som tyder p\u00e5 at Stord kino i \u00e5r passerer den magiske grensa p\u00e5 50.000 publikummarar. Det er imponerande n\u00e5r me tenkjer p\u00e5 at den store salen ofte er oppteken til andre arrangement, s\u00e6rleg i helgane. Det er ingen grunn til \u00e5 tru at bes\u00f8ket skal g\u00e5 ned med det f\u00f8rste. Film p\u00e5 kino gjev ei heilt anna oppleving enn heime i stova eller p\u00e5 eit brett i fanget. N\u00f8kkelen til vidare suksess ligg f\u00f8rst og fremst kvalitet p\u00e5 filmane, men ogs\u00e5 totalopplevinga og ramma rundt. Her m\u00e5 dei lokale kinoane heile tida vera p\u00e5 vakt, slik at kinogjengarane f\u00e5r den kvaliteten dei betalar for.\u00bb<\/p>\n<p>&nbsp;<\/p>\n<p><strong>Fritidsklubbane<\/strong><\/p>\n<p>M\u00e5let er at ungdommar skal ha ein trygg og uformell m\u00f8teplass i n\u00e6romr\u00e5det sitt. Harri og Litlab\u00f8 fritidsklubbar driv godt og har eit stabilt bes\u00f8k. Begge klubbane har flinke og erfarne leiarar. Dette gjeld og for m\u00e5ndags- og onsdagsklubben for utviklingshemma i Kulturhuset.<\/p>\n<p>&nbsp;<\/p>\n<p><strong>Den kulturelle skulesekken<\/strong><\/p>\n<p>Alle elevar i grunnskulen og vidareg\u00e5ande skule fekk i 2016 oppleva profesjonell kunst og kultur p\u00e5 eit h\u00f8gt niv\u00e5. Fylkeskommunen sitt program dekkjer alle trinna, og bestod blant anna av filmvisning (\u00abKampen for fjordane\u00bb), forfattarbes\u00f8k (\u00abKrim og spenning\u00bb), teater (\u00abOpen Window Theatre\u00bb) og musikk (\u00ab68 Experience\u00bb). Den kommunale skulesekken tilbyr produksjonar til grunnskuletrinnet, og der fekk mellom anna 1.-5. trinna teaterbes\u00f8k fr\u00e5 Hordaland teater (\u00abRekneprinsen\u00bb og \u00abSm\u00e5 d\u00f8de dyr\u00bb), 7. trinn fekk konsert med strykekvartetten Vertavo, og 1700 elevar fr\u00e5 alle trinn fekk delta p\u00e5 ulike arrangement under den nynorske barnebokfestivalen Falturiltu. Nytt av \u00e5ret var eit samarbeid med Den Norske Filmfestivalen i Haugesund der elevar p\u00e5\u00a0 8., 9. og 10. stega fekk filmtilbod med bes\u00f8k av skodespelar og manusforfattar i Stord kulturhus.<\/p>\n<p>&nbsp;<\/p>\n<p><strong>Den kulturelle spaserstokken<\/strong><\/p>\n<p>Den kulturelle spaserstokken skal gje eldre med bistandsbehov tilbod om profesjonell\u00a0 kunst- og kultur. Songstundene i Kulturhuset er popul\u00e6re. Stord Kulturskule har hatt sju\u00a0 samlingar i vestibylen i Stord Kulturhus. Her er det konsert, allsong og gjerne litt dans. I regi av biblioteket hadde Geirr Lystrup konsert i vestibylen, kulturhuset. Det var konsert med Storm Weather Shanty Choir i september . Sunnhordland museum i lag med Trio Vest sette opp ny framsyning av \u00abPeder Lundast\u00f8l\u00bb p\u00e5 museet.<\/p>\n<p>&nbsp;<\/p>\n<p><strong>Utsmykkingsfondet<\/strong><\/p>\n<figure id=\"attachment_1310\" aria-describedby=\"caption-attachment-1310\" style=\"width: 300px\" class=\"wp-caption alignleft\"><img loading=\"lazy\" decoding=\"async\" class=\"wp-image-1310 size-medium\" src=\"http:\/\/sk-dokument.no\/arsmelding-2016\/wp-content\/uploads\/sites\/8\/2016\/04\/Kinesisk-hatt-lite-300x233.jpg\" alt=\"\" width=\"300\" height=\"233\" srcset=\"https:\/\/sk-dokument.no\/arsmelding-2016\/wp-content\/uploads\/sites\/8\/2016\/04\/Kinesisk-hatt-lite-300x233.jpg 300w, https:\/\/sk-dokument.no\/arsmelding-2016\/wp-content\/uploads\/sites\/8\/2016\/04\/Kinesisk-hatt-lite.jpg 500w\" sizes=\"(max-width: 300px) 100vw, 300px\" \/><figcaption id=\"caption-attachment-1310\" class=\"wp-caption-text\">Kinesisk hatt. Foto: Haldis Lauksund<\/figcaption><\/figure>\n<p>Ved nybygg og ved sal av eigedom vert det sett av midlar til kunstnarleg utsmykking p\u00e5 eige fond, utsmykkingsfondet.<\/p>\n<p>Styret for Utsmykkingsfondet kj\u00f8pte to skulpturar som illustrerer kinesiske hattar av B\u00e5rd Breivik. Kommunen har tidlegare leigd desse. \u00abFish Woman\u00bb, av Inga S\u00f8reide er teken opp fr\u00e5 Osen. Skulpturen er ikkje laga for \u00e5 st\u00e5 ute og var difor berre mellombels plassert. Den skal no plasserast i Stord kulturhus.<\/p>\n<p>Plassering av kunstprosjektet \u00abDen h\u00f8greiste og havet\u00bb av Anders Kjellesvik har medf\u00f8rt stort engasjement . Kommunestyret vil venteleg ta stilling til plassering av kunstverket i 2017.<\/p>\n<p>&nbsp;<\/p>\n<p><strong>Leirvik fyrstasjon<\/strong><\/p>\n<p>Venelaget har igjen gjort mykje godt dugnadsarbeid. I 2016 blei det klart at ny lendingsplass kunne finansierast. N\u00e5r den er klar v\u00e5ren 2017 vil tilkomsten til \u00f8ya og fyrstasjonen bli lettare.<\/p>\n<p>&nbsp;<\/p>\n<p><strong>Prisar og stipend<\/strong><\/p>\n<p>Kulturstipend blei delt mellom Brita Grov og Per Tore Barmen. Grov har studert\u00a0 dans og teater i London.\u00a0 Barmen har arbeidd f\u00f8rst og fremst med tredimensjonale uttrykk fr\u00e5 han tok kunstretta utdanning og fram til i dag. Han brukar ein del ulike digitale verkt\u00f8y samstundes som han er oppteken av \u00e5 vareta handverk, teknikk og materialbruk i utforskinga og utforminga av dette.<\/p>\n<figure id=\"attachment_897\" aria-describedby=\"caption-attachment-897\" style=\"width: 466px\" class=\"wp-caption alignleft\"><img loading=\"lazy\" decoding=\"async\" class=\"wp-image-897 size-full\" src=\"http:\/\/sk-dokument.no\/arsmelding-2016\/wp-content\/uploads\/sites\/8\/2016\/04\/Prisar-og-stipend-Brita-Grov-var-ein-av-dei-som-fekk-kulturstipend-foto-Henrik-Mundal-Andreassen.jpg\" alt=\"\" width=\"466\" height=\"311\" srcset=\"https:\/\/sk-dokument.no\/arsmelding-2016\/wp-content\/uploads\/sites\/8\/2016\/04\/Prisar-og-stipend-Brita-Grov-var-ein-av-dei-som-fekk-kulturstipend-foto-Henrik-Mundal-Andreassen.jpg 466w, https:\/\/sk-dokument.no\/arsmelding-2016\/wp-content\/uploads\/sites\/8\/2016\/04\/Prisar-og-stipend-Brita-Grov-var-ein-av-dei-som-fekk-kulturstipend-foto-Henrik-Mundal-Andreassen-300x200.jpg 300w\" sizes=\"(max-width: 466px) 100vw, 466px\" \/><figcaption id=\"caption-attachment-897\" class=\"wp-caption-text\">Brita Grov. Foto: Henrik Mundal Andreassen<\/figcaption><\/figure>\n<p>Songlaget Stordabuen fekk kulturprisen for \u00a0gjennom ei lang \u00e5rrekkje \u00e5 ha framf\u00f8rt mange konsertprosjekt med god folkeleg undertone. No sist i haust med konserten \u00abS\u00e5nn e\u2019 da\u00bb, der dirigent Torleiv Agdestein hadde skrive tekstane og komponert melodiane. Det blei tre utselde forestillingar i kinosalen i Kulturhuset.<\/p>\n<p>M\u00e5lprisen gjekk til NCE Maritime Clean Tech. I grunngjevinga heiter det mellom anna at \u00abVerksemda som i \u00e5r f\u00e5r m\u00e5lprisen for \u00e5 nytta godt nynorsk, er ei moderne og framtidsretta verksemd som arbeider med innovative l\u00f8ysingar for energieffektive og milj\u00f8- og klimavenlege maritime aktivitetar\u00bb.<\/p>\n<p>Ragnhild Non\u00e5s Fylkesnes blei heidra med eldsjelsprisen for innsatsen i Langeland skulekorps.<\/p>\n<p>Hans Christian Junge fekk seniorprisen. Han er frivillig vaktmeister i Hagerupshuset, har vore medlem i Leirvik Mannskor i over 30 \u00e5r, og er aktiv medlem i Stord\/Fitjar Turlag, der han har vore turleiar sidan 1997 og veldig aktiv i Seniorgruppa. Han har lagt ned eit stort arbeid i merking og rydding av turl\u00f8yper p\u00e5 Stord. Seniorprisen blei delt ut p\u00e5 eldredagen.<\/p>\n<p>Andre prisar og stipend blir delte ut p\u00e5 den \u00e5rlege nytt\u00e5rskonserten til Stord Musikklag.<\/p>\n<p>&nbsp;<\/p>\n<p><strong>Barne- og ungdomsteaterfestivalen<\/strong><\/p>\n<p>Scenekunsten for barn og unge blir feira med eigen festival p\u00e5 Stord: Barne- og ungdomsteaterfestivalen. I 2016 stilte to teatergrupper fr\u00e5 Ask\u00f8y ungdomslag og fem fr\u00e5 Bergen kulturskole, samt teatergrupper fr\u00e5 Fitjar kulturskule, Tysv\u00e6r kulturskule, Haugesundscenen og Stord teaterlag. 155 barn- og unge deltok under den tre dagar lange festivalen med 11 ulike teaterstykke.<\/p>\n<p>&nbsp;<\/p>\n<p><strong>Ung Kultur M\u00f8tes (UKM)\u00a0 <\/strong><\/p>\n<p>UKM (Ung Kultur M\u00f8tes) er lokale festivalar for ungdom i alderen 13-20 \u00e5r. Festivalen i 2016 var eit fellesarrangement for kommunane Stord, Fitjar, B\u00f8mlo og Tysnes.\u00a0Grunntanken bak festivalen er at det skal vera ein open arena der alle kan melda seg p\u00e5 med ulike kulturuttrykk. UKM er ingen konkurranse, men det blir valt ut eit representativt tal av deltakarar som f\u00e5r vera med p\u00e5 fylkesfestivalen i Bergen. Fr\u00e5 Stord gjekk f\u00f8lgjande deltakarar vidare til Bergen: Tiril Eirunn Einarsdotter (konferansier), Dovile og Sara Lovise (dans), Magnhild Halland (song),\u00a0 Ida og Sandra (dans) og Sorte Ljos (musikk). Ungdomsr\u00e5det p\u00e5 Stord samarbeidde med Kulturtenester om planlegginga og gjennomf\u00f8ringa av den lokale festivalen.<\/p>\n<p>&nbsp;<\/p>\n<p><strong>Falturiltu<\/strong><\/p>\n<figure id=\"attachment_1346\" aria-describedby=\"caption-attachment-1346\" style=\"width: 1000px\" class=\"wp-caption alignleft\"><img loading=\"lazy\" decoding=\"async\" class=\"wp-image-1346 size-full\" src=\"http:\/\/sk-dokument.no\/arsmelding-2016\/wp-content\/uploads\/sites\/8\/2016\/04\/Bjorn_jakta-copy.jpg\" alt=\"\" width=\"1000\" height=\"667\" srcset=\"https:\/\/sk-dokument.no\/arsmelding-2016\/wp-content\/uploads\/sites\/8\/2016\/04\/Bjorn_jakta-copy.jpg 1000w, https:\/\/sk-dokument.no\/arsmelding-2016\/wp-content\/uploads\/sites\/8\/2016\/04\/Bjorn_jakta-copy-300x200.jpg 300w, https:\/\/sk-dokument.no\/arsmelding-2016\/wp-content\/uploads\/sites\/8\/2016\/04\/Bjorn_jakta-copy-700x467.jpg 700w\" sizes=\"(max-width: 1000px) 100vw, 1000px\" \/><figcaption id=\"caption-attachment-1346\" class=\"wp-caption-text\">Foto: Kari Svanberg Pedersen<\/figcaption><\/figure>\n<p>Barnebokfestivalen FALTURILTU s\u00e5g dagens lys med bakgrunn i ei m\u00e5lsetjing om at Stord kommune skal ha \u00e9in festival av nasjonalt format.<\/p>\n<p>I Falturiltu sitt jubileums\u00e5r 2016 (10 \u00e5r) var Bj\u00f8rn Sortland festivalforfattar. Det var 5821 bes\u00f8kande p\u00e5 69 ulike arrangement, noko som gjer Falturiltu til ein bokfestival p\u00e5 h\u00f8gde med Barnebokfestivalen i Oslo. I \u00e5r har festivalen lukkast med eit turn\u00e9samarbeid med biblioteka i Sunnhordland, der i alt sju ulike kommunar fekk bes\u00f8k av Selma L\u00f8nning Aar\u00f8 og Trio Vest. Fotball-, katte- og turinteresserte fekk oppleva Ballturiltu, Katturiltu og Dustefjerturiltur. 250 tredjeklassingar tok del i ein st\u00f8rre lesekampanje og heile 550 ungdomsskuleelevar jobba med konseptet tre forfattarar og eitt band. Festivalen inngjekk ogs\u00e5 eit nytt samarbeid med Foreningen !Les. som er ein ideell paraplyorganisasjon som arbeider for \u00e5 fremja og stimulera til lesing, s\u00e6rlig blant barn og unge.<\/p>\n<p>Falturiltu fekk gode tilbakemeldingar fr\u00e5 forfattarar, skular og forlaga p\u00e5 gjennomf\u00f8ring av arrangement. Festivalen lanserte jubileumsboka \u00abFalturiltu: Kj\u00e6rleik til nynorsk barneboklitteratur gjennom ti \u00e5r\u00bb med tekstar fr\u00e5 alle festival forfattarane. Fagseminara samla 150 deltakarar fr\u00e5 heile Vestlandet.<\/p>\n<p>&nbsp;<\/p>\n<figure id=\"attachment_1312\" aria-describedby=\"caption-attachment-1312\" style=\"width: 300px\" class=\"wp-caption alignright\"><img loading=\"lazy\" decoding=\"async\" class=\"wp-image-1312 size-medium\" src=\"http:\/\/sk-dokument.no\/arsmelding-2016\/wp-content\/uploads\/sites\/8\/2016\/04\/Kulturminneskilt-p\u00e5-Rommetveit-foto-Guri-Aksnes-copy-300x225.jpg\" alt=\"\" width=\"300\" height=\"225\" srcset=\"https:\/\/sk-dokument.no\/arsmelding-2016\/wp-content\/uploads\/sites\/8\/2016\/04\/Kulturminneskilt-p\u00e5-Rommetveit-foto-Guri-Aksnes-copy-300x225.jpg 300w, https:\/\/sk-dokument.no\/arsmelding-2016\/wp-content\/uploads\/sites\/8\/2016\/04\/Kulturminneskilt-p\u00e5-Rommetveit-foto-Guri-Aksnes-copy.jpg 500w\" sizes=\"(max-width: 300px) 100vw, 300px\" \/><figcaption id=\"caption-attachment-1312\" class=\"wp-caption-text\">Kulturminneskilt p\u00e5 Rommetveit. Foto: Guri Aksnes<\/figcaption><\/figure>\n<p><strong>Kulturminne<\/strong><\/p>\n<p>Skj\u00f8tsel av arkeologiske kulturminne skal sikra dei mot skade. Statsbygg, Stord sogelag, Hordaland fylkeskommune &#8211; og Stord kommune har samarbeidd om \u00e5 rydda og skilta to arkeologisk kulturminne (naust og gravr\u00f8ys) p\u00e5 Rommetveit. Begge kulturminna var overgrodde og lite synlege. Skilt vart sett opp i \u00a0juni med ei tilstelling der arkeolog Solveig Lohne Rongved viste rundt.<\/p>\n<p>Ein klasse fr\u00e5 Hystad skule var med p\u00e5 ryddejobb kring ei av gravr\u00f8ysene ved Valev\u00e5gen i Hystadmarkjo. Friluftsr\u00e5det Vest har rydda sti fram til kulturminnet og det er kome opp skilt p\u00e5 staden som fortel at det er gjort funn av ein barberkniv i bronse. Ein annan klasse rydda ved \u00a0kulturminnet Gildesk\u00e5lbakken, som ligg ved den nye turvegen nokre hundre meter opp for M\u00f8llebruo.<\/p>\n<p>&nbsp;<\/p>\n<p><strong>Gards og \u00e6ttesoge<\/strong><\/p>\n<p>I november 2016 inviterte prosjektgruppa representantar fr\u00e5 administrativ og politisk leiing i til tankeverkstad for ei bustadsoge for Stord. Gruppa \u00f8nskte fagleg oppdatering f\u00f8r dei eventuelt vil fremja forslag til utforming av gards- og \u00e6ttesoge.<\/p>\n<p>&nbsp;<\/p>\n<p><strong>Tilrettelagd fritid<\/strong><\/p>\n<p>Tilrettelagt fritid gjev bistand til barn, unge og vaksne med ulike funksjonsvanskar, der m\u00e5let er deltaking i kultur- og fritidsaktivitetar ut fr\u00e5 kvar tenestemottakar sine ynskje og f\u00f8resetnader. Ved evaluering av tenestene\u00a0 har me f\u00e5tt generelt positive tilbakemeldingar fr\u00e5 b\u00e5de st\u00f8tte-\/fritidskontaktar og brukarar.<\/p>\n<p>Det har vore jamn deltaking og positive tilbakemeldingar fr\u00e5 deltakarar og frivillige ved eldretreffa i Sagv\u00e5g\u00a0 (Buneset)\u00a0 og p\u00e5 Leirvik (Kulturhuset) og fr\u00e5 deltakarane ved hobbygruppa og treningsgruppa. \u00a0Nye tiltak har vore band for personar med utviklingshemming og\u00a0 \u00a0parkour.<\/p>\n<p>&nbsp;<\/p>\n<p><strong>Frivilligsentralen<\/strong><\/p>\n<p>Stiftinga Stord Frivilligsentral blei avvikla i november og Frivilligsentralen er med det blitt kommunal og ligg under eininga Kulturtenester.<\/p>\n<p>&nbsp;<\/p>\n<p><strong>Fleire med &#8211; prosjekt<\/strong><\/p>\n<p>Etter initiativ fr\u00e5 Folkehelseforum blei det s\u00f8kt om midlar til prosjektet Fleire med. I tillegg til skule og barnehage, er fritidsaktivitetar ein viktig arena for \u00e5 motverka sosiale skilnader. Deltaking i positive aktivitetar saman med andre fremjar sosial kompetanse, identitet, tilh\u00f8yrsle og sosiale nettverk. Noko som vidare kan gjei auka meistring\u00a0 og betre psykisk og fysisk helse. Fylkesmannen tidelte midlar og prosjektet blei lagt til Kulturtenester med oppstart 01.01.17.<\/p>\n","protected":false},"excerpt":{"rendered":"<p>Kulturhuset Kulturhuset skal vera m\u00f8teplass for innbyggjarane i Stord og gje h\u00f8ve til utfalding og opplevingar. 17 011 l\u00f8yste i 2016 billett til \u00a0arrangement i kinosalen. Stord Musikkr\u00e5d sin flygelkomit\u00e9\u00a0 n\u00e5dde m\u00e5let sitt om \u00e5 samla inn halvparten av pengane til nytt flygel. 21.10 blei v\u00e5rt Steinwayflygel\u00a0 D-274 plukka ut i Hamburg av Leif Ove<\/p>\n","protected":false},"author":2,"featured_media":0,"parent":43,"menu_order":10,"comment_status":"closed","ping_status":"closed","template":"","meta":{"footnotes":""},"jetpack_sharing_enabled":true,"_links":{"self":[{"href":"https:\/\/sk-dokument.no\/arsmelding-2016\/index.php?rest_route=\/wp\/v2\/pages\/51"}],"collection":[{"href":"https:\/\/sk-dokument.no\/arsmelding-2016\/index.php?rest_route=\/wp\/v2\/pages"}],"about":[{"href":"https:\/\/sk-dokument.no\/arsmelding-2016\/index.php?rest_route=\/wp\/v2\/types\/page"}],"author":[{"embeddable":true,"href":"https:\/\/sk-dokument.no\/arsmelding-2016\/index.php?rest_route=\/wp\/v2\/users\/2"}],"replies":[{"embeddable":true,"href":"https:\/\/sk-dokument.no\/arsmelding-2016\/index.php?rest_route=%2Fwp%2Fv2%2Fcomments&post=51"}],"version-history":[{"count":26,"href":"https:\/\/sk-dokument.no\/arsmelding-2016\/index.php?rest_route=\/wp\/v2\/pages\/51\/revisions"}],"predecessor-version":[{"id":1348,"href":"https:\/\/sk-dokument.no\/arsmelding-2016\/index.php?rest_route=\/wp\/v2\/pages\/51\/revisions\/1348"}],"up":[{"embeddable":true,"href":"https:\/\/sk-dokument.no\/arsmelding-2016\/index.php?rest_route=\/wp\/v2\/pages\/43"}],"wp:attachment":[{"href":"https:\/\/sk-dokument.no\/arsmelding-2016\/index.php?rest_route=%2Fwp%2Fv2%2Fmedia&parent=51"}],"curies":[{"name":"wp","href":"https:\/\/api.w.org\/{rel}","templated":true}]}}