{"id":52,"date":"2016-04-18T12:08:52","date_gmt":"2016-04-18T10:08:52","guid":{"rendered":"http:\/\/lab.zpirit.no\/sk-arsmelding\/?page_id=52"},"modified":"2017-04-30T19:23:30","modified_gmt":"2017-04-30T17:23:30","slug":"stord-folkebibliotek","status":"publish","type":"page","link":"https:\/\/sk-dokument.no\/arsmelding-2016\/?page_id=52","title":{"rendered":"3.11 Stord folkebibliotek"},"content":{"rendered":"<p>&nbsp;<\/p>\n<p><strong>Om publikumsverksemda ved Stord folkebibliotek 2016 <\/strong><\/p>\n<p>Biblioteket hadde\u00a0 i 2016 eit samla bes\u00f8k p\u00e5 ca. 35\u00a0000. Bruken av biblioteket er samansett. Den femnar om l\u00e5n, bruk av informasjonskjelder og Internett, bruk av aviser og tidsskrift og studiebruk av biblioteket m.v.<\/p>\n<p>I 2016 hadde biblioteket eit samla utl\u00e5n p\u00e5 46\u00a0893, ein mindre auke fr\u00e5 2015 d\u00e5 utl\u00e5net var 45\u00a0526. Utl\u00e5net og bes\u00f8k er stabilt fr\u00e5 \u00e5r til \u00e5r. I 2016 tok biblioteket til med planlegging av meirope bibliotek i 2017\/2018 , dvs. tiltak for \u00e5 gjere\u00a0 biblioteket tilgjengeleg utanom vanleg opningstid. Biblioteket fekk i 2016 kr. 400\u00a0000 til ulike moderniseringstiltak, m.a. til meir mobilt hylleinventar og utstillingsutstyr.<\/p>\n<p>I 2016 vart det registrert 1440 e-bokutl\u00e5n, noko som er relativt h\u00f8gt. 1297 media vart elles l\u00e5nt inn fr\u00e5 andre bibliotek til bruk for studentar o.a.<\/p>\n<p>2016 har vore eit aktivt \u00e5r n\u00e5r det gjeld arrangement og barnebibliotekverksemd. For f\u00f8rskuleborn har det vore\u00a0 fleire arrangement , m.a. \u00a0<em>Bok og bolle<\/em>, og forteljarstund.\u00a0 I samband med Falturiltu var det eit st\u00f8rre leseprosjekt for 3. klassane i kommunen. Og\u00a0 sommaren 2016 var biblioteket med i prosjektet <em>Sommarles<\/em> for barn.<\/p>\n<p>Med tilskot fr\u00e5 Den kulturelle skulesekken og\u00a0 Falturiltu hadde biblioteket fleire\u00a0 forfattarbes\u00f8k i 2016, m.a. dei lokale forfattarane\u00a0 Anna Folkestad , Rune Belsvik<br \/>\nog Anders Totland. Med tilskot fr\u00e5 Den kulturelle spaserstokken har biblioteket hatt fleire kombinerte\u00a0 musikalske\u00a0 og litter\u00e6re arrangement p\u00e5 eldreinstitusjonane\u00a0 i 2016.<\/p>\n<p>Oppsummert hadde biblioteket ca. 35 arrangement i 2016. Folkebiblioteket si rolle som forum for offentleg samtale og debatt vert stadig\u00a0 viktigare. Her inng\u00e5r ulike litter\u00e6re og faglege arrangement, men ogs\u00e5 debattar og liknande.<\/p>\n<figure id=\"attachment_869\" aria-describedby=\"caption-attachment-869\" style=\"width: 1306px\" class=\"wp-caption alignnone\"><img loading=\"lazy\" decoding=\"async\" class=\"wp-image-869 size-full\" src=\"http:\/\/sk-dokument.no\/arsmelding-2016\/wp-content\/uploads\/sites\/8\/2016\/04\/Biblioteket-Arrangementet-bokbolle-p\u00e5-Stord-folkebibliotek-foto-Kristine-Thorkildsen.jpg\" alt=\"\" width=\"1306\" height=\"723\" srcset=\"https:\/\/sk-dokument.no\/arsmelding-2016\/wp-content\/uploads\/sites\/8\/2016\/04\/Biblioteket-Arrangementet-bokbolle-p\u00e5-Stord-folkebibliotek-foto-Kristine-Thorkildsen.jpg 1306w, https:\/\/sk-dokument.no\/arsmelding-2016\/wp-content\/uploads\/sites\/8\/2016\/04\/Biblioteket-Arrangementet-bokbolle-p\u00e5-Stord-folkebibliotek-foto-Kristine-Thorkildsen-300x166.jpg 300w, https:\/\/sk-dokument.no\/arsmelding-2016\/wp-content\/uploads\/sites\/8\/2016\/04\/Biblioteket-Arrangementet-bokbolle-p\u00e5-Stord-folkebibliotek-foto-Kristine-Thorkildsen-1280x709.jpg 1280w, https:\/\/sk-dokument.no\/arsmelding-2016\/wp-content\/uploads\/sites\/8\/2016\/04\/Biblioteket-Arrangementet-bokbolle-p\u00e5-Stord-folkebibliotek-foto-Kristine-Thorkildsen-700x388.jpg 700w\" sizes=\"(max-width: 1306px) 100vw, 1306px\" \/><figcaption id=\"caption-attachment-869\" class=\"wp-caption-text\">Arrangementet Bok &amp; bolle p\u00e5 Stord folkebibliotek. Foto: Kristine Thorkildsen<\/figcaption><\/figure>\n<p>&nbsp;<\/p>\n<p><strong>N\u00f8kkeltal folkebibliotek<\/strong><\/p>\n<table>\n<thead>\n<tr>\n<th>Folkebibliotek<\/th>\n<th colspan=\"3\">Stord<\/th>\n<th>Samanlikn. kommunar<\/th>\n<th>Landet utan Oslo<\/th>\n<\/tr>\n<tr>\n<th><\/th>\n<th>2016<\/th>\n<th>2015<\/th>\n<th>2014<\/th>\n<th>2016<\/th>\n<th>2016<\/th>\n<\/tr>\n<\/thead>\n<tbody>\n<tr>\n<td>Netto driftsutgifter til folkebibliotek per innbyggjar<\/td>\n<td>194<\/td>\n<td>192<\/td>\n<td>197<\/td>\n<td>247<\/td>\n<td>274<\/td>\n<\/tr>\n<tr>\n<td>Netto driftsutgifter til folkebiblioteket i h\u00f8ve til kommunens totale driftsutgifter (i prosent) konsert<\/td>\n<td>0,4<\/td>\n<td>0,4<\/td>\n<td>0,4<\/td>\n<td>0,5<\/td>\n<td>0,5<\/td>\n<\/tr>\n<tr>\n<td>Utl\u00e5n alle medier fr\u00e5 folkebibliotek per innbyggjar<\/td>\n<td>2,4<\/td>\n<td>2,4<\/td>\n<td>2,2<\/td>\n<td><\/td>\n<td><\/td>\n<\/tr>\n<tr>\n<td>\u00c5rsverk folkebibliotek, tal innbyggjarar pr. \u00e5rsverk<\/td>\n<td><\/td>\n<td>4470<\/td>\n<td>4247<\/td>\n<td><\/td>\n<td><\/td>\n<\/tr>\n<\/tbody>\n<\/table>\n<p>&nbsp;<\/p>\n","protected":false},"excerpt":{"rendered":"<p>&nbsp; Om publikumsverksemda ved Stord folkebibliotek 2016 Biblioteket hadde\u00a0 i 2016 eit samla bes\u00f8k p\u00e5 ca. 35\u00a0000. Bruken av biblioteket er samansett. Den femnar om l\u00e5n, bruk av informasjonskjelder og Internett, bruk av aviser og tidsskrift og studiebruk av biblioteket m.v. I 2016 hadde biblioteket eit samla utl\u00e5n p\u00e5 46\u00a0893, ein mindre auke fr\u00e5 2015<\/p>\n","protected":false},"author":2,"featured_media":0,"parent":43,"menu_order":11,"comment_status":"closed","ping_status":"closed","template":"","meta":{"footnotes":""},"jetpack_sharing_enabled":true,"_links":{"self":[{"href":"https:\/\/sk-dokument.no\/arsmelding-2016\/index.php?rest_route=\/wp\/v2\/pages\/52"}],"collection":[{"href":"https:\/\/sk-dokument.no\/arsmelding-2016\/index.php?rest_route=\/wp\/v2\/pages"}],"about":[{"href":"https:\/\/sk-dokument.no\/arsmelding-2016\/index.php?rest_route=\/wp\/v2\/types\/page"}],"author":[{"embeddable":true,"href":"https:\/\/sk-dokument.no\/arsmelding-2016\/index.php?rest_route=\/wp\/v2\/users\/2"}],"replies":[{"embeddable":true,"href":"https:\/\/sk-dokument.no\/arsmelding-2016\/index.php?rest_route=%2Fwp%2Fv2%2Fcomments&post=52"}],"version-history":[{"count":11,"href":"https:\/\/sk-dokument.no\/arsmelding-2016\/index.php?rest_route=\/wp\/v2\/pages\/52\/revisions"}],"predecessor-version":[{"id":1266,"href":"https:\/\/sk-dokument.no\/arsmelding-2016\/index.php?rest_route=\/wp\/v2\/pages\/52\/revisions\/1266"}],"up":[{"embeddable":true,"href":"https:\/\/sk-dokument.no\/arsmelding-2016\/index.php?rest_route=\/wp\/v2\/pages\/43"}],"wp:attachment":[{"href":"https:\/\/sk-dokument.no\/arsmelding-2016\/index.php?rest_route=%2Fwp%2Fv2%2Fmedia&parent=52"}],"curies":[{"name":"wp","href":"https:\/\/api.w.org\/{rel}","templated":true}]}}