{"id":55,"date":"2016-04-18T12:08:52","date_gmt":"2016-04-18T10:08:52","guid":{"rendered":"http:\/\/lab.zpirit.no\/sk-arsmelding\/?page_id=55"},"modified":"2017-05-04T15:52:41","modified_gmt":"2017-05-04T13:52:41","slug":"brann-redning-og-feiing","status":"publish","type":"page","link":"https:\/\/sk-dokument.no\/arsmelding-2016\/?page_id=55","title":{"rendered":"3.7 Stord brann og redning"},"content":{"rendered":"<p>&nbsp;<\/p>\n<figure id=\"attachment_873\" aria-describedby=\"caption-attachment-873\" style=\"width: 900px\" class=\"wp-caption alignleft\"><img loading=\"lazy\" decoding=\"async\" class=\"wp-image-873 size-large\" src=\"http:\/\/sk-dokument.no\/arsmelding-2016\/wp-content\/uploads\/sites\/8\/2016\/04\/\u00d8ving-leirvik-skule-1280x687.jpg\" alt=\"\" width=\"900\" height=\"483\" srcset=\"https:\/\/sk-dokument.no\/arsmelding-2016\/wp-content\/uploads\/sites\/8\/2016\/04\/\u00d8ving-leirvik-skule-1280x687.jpg 1280w, https:\/\/sk-dokument.no\/arsmelding-2016\/wp-content\/uploads\/sites\/8\/2016\/04\/\u00d8ving-leirvik-skule-300x161.jpg 300w, https:\/\/sk-dokument.no\/arsmelding-2016\/wp-content\/uploads\/sites\/8\/2016\/04\/\u00d8ving-leirvik-skule-700x375.jpg 700w, https:\/\/sk-dokument.no\/arsmelding-2016\/wp-content\/uploads\/sites\/8\/2016\/04\/\u00d8ving-leirvik-skule.jpg 1320w\" sizes=\"(max-width: 900px) 100vw, 900px\" \/><figcaption id=\"caption-attachment-873\" class=\"wp-caption-text\">Foto: Stord brann og redning<\/figcaption><\/figure>\n<p>Stord Brann og Redning hadde ogs\u00e5 i 2016 stor aktivitet med \u00f8ving og oppl\u00e6ring. Brannvesnet har gjennomf\u00f8rt 10 \u00f8vingar i 2016. I tillegg har ein delteke p\u00e5 andre \u00f8vingar i samarbeid med andre etatar og private.<\/p>\n<p>Feiing og tilsyn av bustader og s\u00e6rskilde brannobjekt er gjennomf\u00f8rt etter oppsett plan. 1.1.2016 vart det innf\u00f8rt ei forskrift om brannf\u00f8rebygging som i st\u00f8rre grad legg opp til at kommunen skal vurdere risiko og planlegge f\u00f8rebyggande aktivitet.<\/p>\n<p>N\u00e5r det gjeld dei s\u00e6rskilde brannobjekta (ca. 120 stykker), har ein i 2016 gjennomf\u00f8rt ei enkel risikovurdering av alle, og har skissert hyppighet av tilsyn etter dette. Det inneber t.d. at ein halverer talet p\u00e5 tilsyn per \u00e5r. Ogs\u00e5 bustader skal risikovurderast og brannstellet er godt i gang med arbeidet. Det er vidare innf\u00f8rt krav om feiing og tilsyn av fritidsbustader. \u00a0Ny plan for feiing og tilsyn vil bli utarbeidd p\u00e5 bakgrunn av ny forskrift og risikovurderingar. I neste omgang m\u00e5 ein vurdere feieavgiftene, som byggjer p\u00e5 sj\u00f8lvkost. Stord brann og redning si f\u00f8rebyggande avdeling utf\u00f8rer feiing\/tilsyn og tilsyn av s\u00e6rskilde brannobjekt i Fitjar kommune.<\/p>\n<p>F\u00f8rebyggande avdeling i Stord kommune er sterkt involvert og engasjert i to &laquo;trygg heime&raquo;-prosjekt:<\/p>\n<ol>\n<li>F\u00f8rebyggjande heimebes\u00f8k, eit samarbeidsprosjekt mellom heimebasert teneste og brann og redning.<\/li>\n<li>Velferdsteknologi; hjelpemiddel for eldre og pleietrengjande der r\u00f8ykvarslar vert knytt saman med tryggheitsalarm og brannvesenet f\u00e5r varsling med informasjon om brukar.<\/li>\n<\/ol>\n<figure id=\"attachment_875\" aria-describedby=\"caption-attachment-875\" style=\"width: 607px\" class=\"wp-caption alignright\"><img loading=\"lazy\" decoding=\"async\" class=\"wp-image-875 size-full\" src=\"http:\/\/sk-dokument.no\/arsmelding-2016\/wp-content\/uploads\/sites\/8\/2016\/04\/brann-\u00d8ving-Hystadvegen-foto-Stord-brann-og-redning.jpg\" alt=\"\" width=\"607\" height=\"497\" srcset=\"https:\/\/sk-dokument.no\/arsmelding-2016\/wp-content\/uploads\/sites\/8\/2016\/04\/brann-\u00d8ving-Hystadvegen-foto-Stord-brann-og-redning.jpg 607w, https:\/\/sk-dokument.no\/arsmelding-2016\/wp-content\/uploads\/sites\/8\/2016\/04\/brann-\u00d8ving-Hystadvegen-foto-Stord-brann-og-redning-300x246.jpg 300w\" sizes=\"(max-width: 607px) 100vw, 607px\" \/><figcaption id=\"caption-attachment-875\" class=\"wp-caption-text\">Brann\u00f8ving. Foto: Stord brann og redning<\/figcaption><\/figure>\n<p>Det har blitt gjennomf\u00f8rt fleire aksjonar\/kampanjar innanfor brannf\u00f8rebygging i l\u00f8pet av 2016, som bl.a. komfyrvakt, r\u00f8ykvarslarens dag, aksjon bustadbrann, brannvernveke, open brannstasjon og oppl\u00e6ring av alle 6.klassar i kommunen. Avdelinga driv og ein god del brannoppl\u00e6ring for offentlege einingar og andre verksemder.<\/p>\n<p>P\u00e5 slutten av 2016 vart det sett ned ei arbeidsgruppe som best\u00e5r av representantar fr\u00e5 brannvesen, politi, helse, mattilsyn, veterin\u00e6rtenesta p\u00e5 Fitjar og Stord for \u00e5 sj\u00e5 p\u00e5 brannf\u00f8rebyggande tiltak og beredskapsarbeid mot husdyr. Arbeidsgruppa vil gjennomf\u00f8ra ein fagkveld v\u00e5ren 2017 og ei \u00f8ving p\u00e5 Hestesportsenteret p\u00e5 Stord i l\u00f8pet av hausten.<\/p>\n<p>I 2016 har avdelinga utarbeida ein brannsikringsplan for tett trehusbebyggelse i \u00d8vre Borggata, i Prestlio og p\u00e5 Ingebrigtshaugen. Arbeidet er st\u00f8tta av Riksantikvaren.<\/p>\n<p>Personalsituasjonen er stabil.. To l\u00e6rlingar tok fagbrev i 2016 og har g\u00e5tt vidare i arbeidslivet andre stader. Ny feiarl\u00e6rling starta august 2016.<\/p>\n<p>F\u00f8rebyggande avdeling samarbeider godt med B\u00f8mlo, Fitjar og Os kommunar.<\/p>\n<p>Brannvesenet hadde \u00a0i 2016 133 utrykkingar i Stord. Over halvparten av desse var falsk alarm, utl\u00f8yst av automatiske\u00a0 brannalarmar. Det nasjonale N\u00d8Dnettet, som vart innf\u00f8rt i februar 2016, har medf\u00f8rt fleire automatiske brannalarmar. Det var fem bygningsbrannar i 2016. I i tillegg har det vore bilbrannar, assistanse ved trafikkulukker, vanninntrenging i bygg, pipebrannar og diverse typar redning b\u00e5de p\u00e5 sj\u00f8 og land. Det var ingen registrerte brannar p\u00e5 Huglo i 2016.<\/p>\n<p>Hovudstasjonen p\u00e5 Leirvik har fire vaktlag \u00a0som vert varsla med radiosignal fr\u00e5 110-sentralen\u00a0 i Haugesund.\u00a0 Huglo depot best\u00e5r av seks frivillige som blir varsla via UMS fr\u00e5 110-sentralen\u00a0 i Haugesund.<\/p>\n<figure id=\"attachment_874\" aria-describedby=\"caption-attachment-874\" style=\"width: 607px\" class=\"wp-caption alignleft\"><img loading=\"lazy\" decoding=\"async\" class=\"wp-image-874\" src=\"http:\/\/sk-dokument.no\/arsmelding-2016\/wp-content\/uploads\/sites\/8\/2016\/04\/\u00d8ving-Leirvik-skule_1.jpg\" alt=\"\" width=\"607\" height=\"408\" srcset=\"https:\/\/sk-dokument.no\/arsmelding-2016\/wp-content\/uploads\/sites\/8\/2016\/04\/\u00d8ving-Leirvik-skule_1.jpg 742w, https:\/\/sk-dokument.no\/arsmelding-2016\/wp-content\/uploads\/sites\/8\/2016\/04\/\u00d8ving-Leirvik-skule_1-300x202.jpg 300w, https:\/\/sk-dokument.no\/arsmelding-2016\/wp-content\/uploads\/sites\/8\/2016\/04\/\u00d8ving-Leirvik-skule_1-700x471.jpg 700w\" sizes=\"(max-width: 607px) 100vw, 607px\" \/><figcaption id=\"caption-attachment-874\" class=\"wp-caption-text\">F\u00f8rebyggjing p\u00e5 skule. Foto: Stord brann og redning<\/figcaption><\/figure>\n<p>Stord Brann og redning r\u00e5r over to mannskapsbilar, ein p\u00e5 Leirvik og ein i Sagv\u00e5g, ein tankbil og ein lift. Dagens materiell og utstyr\u00a0 held i hovudsak god standard. Stord Brann og redning har avtale om bruk av hamnestellet sin b\u00e5t M\/B Bl\u00e5kraft.<\/p>\n<p>Brannvesnet\u00a0disponerer eit \u00f8vingssenter p\u00e5 Valvatna.<\/p>\n<p>Stord brann og redning har totalt sett utf\u00f8rt tenester innanfor budsjettrammer i 2016, men med ei overskriding p\u00e5 tenesteomr\u00e5det for vakt og utrykking.<\/p>\n","protected":false},"excerpt":{"rendered":"<p>&nbsp; Stord Brann og Redning hadde ogs\u00e5 i 2016 stor aktivitet med \u00f8ving og oppl\u00e6ring. Brannvesnet har gjennomf\u00f8rt 10 \u00f8vingar i 2016. I tillegg har ein delteke p\u00e5 andre \u00f8vingar i samarbeid med andre etatar og private. Feiing og tilsyn av bustader og s\u00e6rskilde brannobjekt er gjennomf\u00f8rt etter oppsett plan. 1.1.2016 vart det innf\u00f8rt ei<\/p>\n","protected":false},"author":2,"featured_media":0,"parent":43,"menu_order":7,"comment_status":"closed","ping_status":"closed","template":"","meta":{"footnotes":""},"jetpack_sharing_enabled":true,"_links":{"self":[{"href":"https:\/\/sk-dokument.no\/arsmelding-2016\/index.php?rest_route=\/wp\/v2\/pages\/55"}],"collection":[{"href":"https:\/\/sk-dokument.no\/arsmelding-2016\/index.php?rest_route=\/wp\/v2\/pages"}],"about":[{"href":"https:\/\/sk-dokument.no\/arsmelding-2016\/index.php?rest_route=\/wp\/v2\/types\/page"}],"author":[{"embeddable":true,"href":"https:\/\/sk-dokument.no\/arsmelding-2016\/index.php?rest_route=\/wp\/v2\/users\/2"}],"replies":[{"embeddable":true,"href":"https:\/\/sk-dokument.no\/arsmelding-2016\/index.php?rest_route=%2Fwp%2Fv2%2Fcomments&post=55"}],"version-history":[{"count":15,"href":"https:\/\/sk-dokument.no\/arsmelding-2016\/index.php?rest_route=\/wp\/v2\/pages\/55\/revisions"}],"predecessor-version":[{"id":1328,"href":"https:\/\/sk-dokument.no\/arsmelding-2016\/index.php?rest_route=\/wp\/v2\/pages\/55\/revisions\/1328"}],"up":[{"embeddable":true,"href":"https:\/\/sk-dokument.no\/arsmelding-2016\/index.php?rest_route=\/wp\/v2\/pages\/43"}],"wp:attachment":[{"href":"https:\/\/sk-dokument.no\/arsmelding-2016\/index.php?rest_route=%2Fwp%2Fv2%2Fmedia&parent=55"}],"curies":[{"name":"wp","href":"https:\/\/api.w.org\/{rel}","templated":true}]}}