{"id":56,"date":"2016-04-18T12:08:26","date_gmt":"2016-04-18T10:08:26","guid":{"rendered":"http:\/\/lab.zpirit.no\/sk-arsmelding\/?page_id=56"},"modified":"2017-05-09T08:24:52","modified_gmt":"2017-05-09T06:24:52","slug":"regulering-byggesak-og-oppmaling","status":"publish","type":"page","link":"https:\/\/sk-dokument.no\/arsmelding-2016\/?page_id=56","title":{"rendered":"4. REGULERING, BYGGESAK OG OPPM\u00c5LING"},"content":{"rendered":"<p>Nedanfor finn ein KOSTRA-tal for regulering, byggesak og oppm\u00e5ling i Stord kommune. Tala syner kommunen si m\u00e5loppn\u00e5ing p\u00e5 utvalde omr\u00e5de.<\/p>\n<table>\n<thead>\n<tr>\n<td>M\u00e5loppn\u00e5ing<\/td>\n<td>M\u00e5l 2017<\/td>\n<td>M\u00e5l 2016<\/td>\n<td>Resultat 2016<\/td>\n<td>Resultat 2015<\/td>\n<td>Resultat 2014<\/td>\n<td>Resultat 2013<\/td>\n<\/tr>\n<\/thead>\n<tbody>\n<tr>\n<td>Gj.snitt sakshands.tid for private forslag til detaljreg. Kalenderdagar<\/td>\n<td>&lt; 240<\/td>\n<td>&lt; 240<\/td>\n<td>93<\/td>\n<td>&#8211;<\/td>\n<td>160<\/td>\n<td>257<\/td>\n<\/tr>\n<tr>\n<td>Gj.snitt saksbeh.tid for oppretting av grunneigedom. Kalenderdager<\/td>\n<td>&lt; 70<\/td>\n<td>&lt; 70<\/td>\n<td>43<\/td>\n<td>44<\/td>\n<td>64<\/td>\n<td>111<\/td>\n<\/tr>\n<tr>\n<td>Del s\u00f8knad om tiltak der kom. har brote p\u00e5lagt sakshandsamingstid (prosent)<\/td>\n<td>0<\/td>\n<td>0<\/td>\n<td>7,7<\/td>\n<td>19<\/td>\n<td>9<\/td>\n<td>11<\/td>\n<\/tr>\n<tr>\n<td>Gj.snitt.sakshands.tid for byggesaker med 12 vekers frist. Kalenderdagar<\/td>\n<td>&lt; 42<\/td>\n<td>&lt; 42<\/td>\n<td>32<\/td>\n<td>70<\/td>\n<td>70<\/td>\n<td>56<\/td>\n<\/tr>\n<tr>\n<td>Gj.snitt.sakshands.tid for byggesaker med 3 vekers frist. Kalenderdagar<\/td>\n<td>&lt; 15<\/td>\n<td>&lt; 15<\/td>\n<td>16<\/td>\n<td>20<\/td>\n<td>20<\/td>\n<td>21<\/td>\n<\/tr>\n<\/tbody>\n<\/table>\n<p>&nbsp;<\/p>\n<p>Aktiviteten innanfor plan, byggjesak og oppm\u00e5ling har jamt over vore h\u00f8gare i 2016 enn 2015. Trass innf\u00f8ring av nye byggjesaksreglar fr\u00e5 juli 2015 som medf\u00f8rte at fleire, mindre tiltak vart unnateke s\u00f8knadsplikt, og trass l\u00e5gare aktivitetsniv\u00e5 i n\u00e6ringslivet og st\u00f8rre arbeidsl\u00f8yse, s\u00e5 har talet p\u00e5 s\u00f8knader om tiltak til kommunen auka i 2016 i h\u00f8ve 2015. Det har likevel vore f\u00e6rre st\u00f8rre n\u00e6ringssaker, men fleire mindre s\u00f8knader fr\u00e5\u00a0privatpersonar. P\u00e5 plansida har det vore jamt tilsig av private reguleringsplanar. Handsaming av vegplanar fr\u00e5 Statens Vegvesen er sv\u00e6rt ressurskrevjande. Planavdelinga vert ogs\u00e5 engasjert i kommunen sitt kommuneplanarbeidet, s\u00e6rleg ved kartarbeid.<\/p>\n<p>For oppm\u00e5lingsavdelinga har tilfanget av delingssaker og anna oppm\u00e5lingsarbeid framleis vore l\u00e5gt.<\/p>\n<p>Den gjennomsnittlege handsamingstida for alle typar saker er eit resultat av talet p\u00e5 saker, type saker, kvaliteten p\u00e5 s\u00f8knadene og sakshandsamingskapasiteten. Det er framleis mange s\u00f8knader med feil og manglar som dreg den gjennomsnittlege handsamingstida opp.<\/p>\n<p>Byggjesaksavdelinga tok i 2016 i mot totalt 308 nye s\u00f8knader (287 i 2015). Det vart fatta vedtak p\u00e5 totalt 285 s\u00f8knader (259 i 2015), og det vart utferda mangelbrev og\/eller etterspurt tilleggsinformasjon i totalt 158 saker (214 saker i 2015). Rundt halvparten av s\u00f8knadene er mangelfulle i h\u00f8ve lovp\u00e5lagt informasjon om tiltaka, og andelen er like h\u00f8g der ansvarlege f\u00f8retak st\u00e5r som s\u00f8kjarar som der innbyggjarane sj\u00f8lve s\u00f8kjer om tiltak.<\/p>\n<p>Sj\u00f8lvkostprinsippet er lagt til grunn for tenesteomr\u00e5det byggjesak og for dei delane av tenesteomr\u00e5da plan og oppm\u00e5ling som etter lova kan sj\u00f8lvkostfinansierast. Rekneskapen viser at byggjesaksavdelinga ogs\u00e5 i 2016 gjekk med overskot. Dette vert avsett til fond. P\u00e5 oppm\u00e5ling og plan vart det underskot i 2016. Desse omr\u00e5da er vanskelege \u00e5 driva etter sj\u00f8lvkostprinsippet, men ein arbeider kontinuerleg for \u00e5 finne rett balanse mellom gebyrniv\u00e5 og effektive tenester.<\/p>\n<p>Eininga har hatt fokus p\u00e5 \u00e5 oppdatere og betra prosedyrar for sakshandsaming og \u00e5 utvikla betre rapporterings- og saksstyringssystem. Sakshandsamingssystemet ePhorte gir ikkje tilstrekkeleg grunnlagsrapportering for KOSTRA. I 2016 vart det investert i GisLine Byggesaksregister. Reduksjon i sakshandsamingstider kan i stor grad tilskrivast systemet.<\/p>\n<p>Eininga har hatt tiln\u00e6rma full bemanning (ledig 50% stillingsressurs p\u00e5 planavdelinga og vakanse einingsleiar fr\u00e5 1. september) og lite sjukefr\u00e5ver i 2016.<\/p>\n<p>&nbsp;<\/p>\n","protected":false},"excerpt":{"rendered":"<p>Nedanfor finn ein KOSTRA-tal for regulering, byggesak og oppm\u00e5ling i Stord kommune. Tala syner kommunen si m\u00e5loppn\u00e5ing p\u00e5 utvalde omr\u00e5de. M\u00e5loppn\u00e5ing M\u00e5l 2017 M\u00e5l 2016 Resultat 2016 Resultat 2015 Resultat 2014 Resultat 2013 Gj.snitt sakshands.tid for private forslag til detaljreg. Kalenderdagar &lt; 240 &lt; 240 93 &#8211; 160 257 Gj.snitt saksbeh.tid for oppretting av grunneigedom.<\/p>\n","protected":false},"author":2,"featured_media":929,"parent":0,"menu_order":4,"comment_status":"closed","ping_status":"closed","template":"","meta":{"footnotes":""},"jetpack_sharing_enabled":true,"_links":{"self":[{"href":"https:\/\/sk-dokument.no\/arsmelding-2016\/index.php?rest_route=\/wp\/v2\/pages\/56"}],"collection":[{"href":"https:\/\/sk-dokument.no\/arsmelding-2016\/index.php?rest_route=\/wp\/v2\/pages"}],"about":[{"href":"https:\/\/sk-dokument.no\/arsmelding-2016\/index.php?rest_route=\/wp\/v2\/types\/page"}],"author":[{"embeddable":true,"href":"https:\/\/sk-dokument.no\/arsmelding-2016\/index.php?rest_route=\/wp\/v2\/users\/2"}],"replies":[{"embeddable":true,"href":"https:\/\/sk-dokument.no\/arsmelding-2016\/index.php?rest_route=%2Fwp%2Fv2%2Fcomments&post=56"}],"version-history":[{"count":7,"href":"https:\/\/sk-dokument.no\/arsmelding-2016\/index.php?rest_route=\/wp\/v2\/pages\/56\/revisions"}],"predecessor-version":[{"id":1350,"href":"https:\/\/sk-dokument.no\/arsmelding-2016\/index.php?rest_route=\/wp\/v2\/pages\/56\/revisions\/1350"}],"wp:featuredmedia":[{"embeddable":true,"href":"https:\/\/sk-dokument.no\/arsmelding-2016\/index.php?rest_route=\/wp\/v2\/media\/929"}],"wp:attachment":[{"href":"https:\/\/sk-dokument.no\/arsmelding-2016\/index.php?rest_route=%2Fwp%2Fv2%2Fmedia&parent=56"}],"curies":[{"name":"wp","href":"https:\/\/api.w.org\/{rel}","templated":true}]}}