{"id":60,"date":"2016-04-18T12:08:39","date_gmt":"2016-04-18T10:08:39","guid":{"rendered":"http:\/\/lab.zpirit.no\/sk-arsmelding\/?page_id=60"},"modified":"2017-04-30T19:24:11","modified_gmt":"2017-04-30T17:24:11","slug":"barnehagane","status":"publish","type":"page","link":"https:\/\/sk-dokument.no\/arsmelding-2016\/?page_id=60","title":{"rendered":"5.1 Barnehagane"},"content":{"rendered":"<p>Nedanfor finn ein KOSTRA-tal for barnehageomr\u00e5det i Stord kommune. Tala syner kommunen si m\u00e5loppn\u00e5ing p\u00e5 utvalde satsingsomr\u00e5de.<\/p>\n<table>\n<thead>\n<tr>\n<th>M\u00c5LEKART BARNEHAGE<\/th>\n<th>M\u00e5l 2016<\/th>\n<th>Stord 2016<\/th>\n<th>Grp 8 2016<\/th>\n<th>Landet 2016<\/th>\n<\/tr>\n<\/thead>\n<tbody>\n<tr>\n<td>Del tilsette menn i grunnbemanninga (alle barnehagar i kommunen)<\/td>\n<td>&gt;6,0<\/td>\n<td>5,7<\/td>\n<td>6,7<\/td>\n<td>7,8<\/td>\n<\/tr>\n<tr>\n<td>Del styrarar og pedagogiske leiarar med godkjent barnehagel\u00e6rarutdanning (alle barnehagar i kommunen)<\/td>\n<td>100<\/td>\n<td>97,9<\/td>\n<td>93,9<\/td>\n<td>91,9<\/td>\n<\/tr>\n<tr>\n<td>Tal barn korrigert for alder per \u00e5rsverk grunnbemanning i kommunale barnehagar<\/td>\n<td>6,7<\/td>\n<td>6,5<\/td>\n<td>6,2<\/td>\n<td>6,0<\/td>\n<\/tr>\n<tr>\n<td>Del barn 1 \u2013 5 \u00e5r med barnehageplass (alle barnehagar i kommunen)<\/td>\n<td>&gt;91,0<\/td>\n<td>94,2<\/td>\n<td>90,9<\/td>\n<td>91,5<\/td>\n<\/tr>\n<tr>\n<td>Del minoritetsspr\u00e5klege barn i barnehage i forhold til innvandrarbarn 1 \u2013 5 \u00e5r<\/td>\n<td>&gt;91,0<\/td>\n<td>73,7<\/td>\n<td>74,2<\/td>\n<td>75,6<\/td>\n<\/tr>\n<\/tbody>\n<\/table>\n<p>Kj\u00f8nnsrollem\u00f8nsteret etablerer seg alt i sm\u00e5barnsalderen, og barnehagen skal f\u00f8rebu barna p\u00e5 \u00e5 m\u00f8ta og skapa eit likestilt samfunn. D\u00e5 treng barna rollemodellar, som viser at ogs\u00e5 menn kan vera omsorgspersonar og arbeida med barn. Det er eit sentralt m\u00e5l at menn skal utgjera 20 prosent av tilsette i barnehagen. I 2016 var prosentandelen menn i grunnbemanninga i barnehagar i landet 7,8 medan han i Stord kommune var 5,7.<\/p>\n<p>97,9 prosent av alle barnehagestyrarar og pedagogiske leiarar i Stord kommune hadde i 2016 godkjent barnehagel\u00e6rarutdanning. For landet \u00a0var prosentandelen 91,9. God tilgang p\u00e5 barnehagel\u00e6rarar er viktig i arbeidet med \u00e5 utvikla likeverdig og h\u00f8g kvalitet p\u00e5 tilbodet for barnehagebarna. Del tilsette i barnehagane i Stord kommune med barnehagel\u00e6rarutdanning var i 2016 39,9 prosent. Fleire kommunar har som uttalt m\u00e5l at 50% av grunnbemanninga skal vera barehagel\u00e6rar.<\/p>\n<figure id=\"attachment_922\" aria-describedby=\"caption-attachment-922\" style=\"width: 1000px\" class=\"wp-caption aligncenter\"><img loading=\"lazy\" decoding=\"async\" class=\"wp-image-922 size-full\" src=\"http:\/\/sk-dokument.no\/arsmelding-2016\/wp-content\/uploads\/sites\/8\/2016\/04\/Ut-p\u00e5-tur-foto-Tj\u00f8dnalio-barnehage.jpg\" alt=\"\" width=\"1000\" height=\"968\" srcset=\"https:\/\/sk-dokument.no\/arsmelding-2016\/wp-content\/uploads\/sites\/8\/2016\/04\/Ut-p\u00e5-tur-foto-Tj\u00f8dnalio-barnehage.jpg 1000w, https:\/\/sk-dokument.no\/arsmelding-2016\/wp-content\/uploads\/sites\/8\/2016\/04\/Ut-p\u00e5-tur-foto-Tj\u00f8dnalio-barnehage-300x290.jpg 300w, https:\/\/sk-dokument.no\/arsmelding-2016\/wp-content\/uploads\/sites\/8\/2016\/04\/Ut-p\u00e5-tur-foto-Tj\u00f8dnalio-barnehage-700x678.jpg 700w\" sizes=\"(max-width: 1000px) 100vw, 1000px\" \/><figcaption id=\"caption-attachment-922\" class=\"wp-caption-text\">Ut p\u00e5 tur. Foto: Tj\u00f8dnalio barnehage<\/figcaption><\/figure>\n<p>Bemanningsnorma i dei kommunale barnehagane i Stord kommune er sett til eitt \u00e5rsverk per 6,7 store barn. KOSTRA-tal for 2016 viser at dei hadde 6,5 store barn per \u00e5rsverk. Dette skuldast at Sagv\u00e5g og Litlab\u00f8 barnehage si avdeling Litlab\u00f8 har ei tettare bemaning enn norma tilseier d\u00e5 den berre har ei avdeling. Dei kommunale barnehagane har ei l\u00e5gare bemanningsnorm enn landet generelt, noko dei merkar s\u00e6rleg godt etter at andelen sm\u00e5 barn auka fr\u00e5 2009. Dei yngste barna krev tettare oppf\u00f8lging og omsorg enn dei eldre.<\/p>\n<p>Stord kommune har god barnehagedekning og tilbyr plass til alle med slik rett. 15. desember 2016 hadde 94,2 prosent av barna i alderen 1 til 5 \u00e5r i kommunen barnehageplass, det vil sei 1\u00a0166 barn. For landet var prosentdelen 91,5. I 2016 fekk barn som fylte 1 \u00e5r i august og oktober rett til plass fr\u00e5 den m\u00e5naden dei fylte 1 \u00e5r.<\/p>\n<p>KOSTRA-tal 2016 for landet viser at 75,6 prosent av dei minoritetsspr\u00e5klege barna i alderen 1-5 \u00e5r gjekk i barnehage, medan prosenten i Stord kommune var 73,7. Andelen 1-5 \u00e5ringar med minoritetsspr\u00e5kleg bakgrunn har auka med over 50 prosent dei siste ti \u00e5ra. Dei fleste minoritetsspr\u00e5klege barna som ikkje g\u00e5r i barnehage er under tre \u00e5r.<\/p>\n<p>I desember 2016 var det til saman sju l\u00e6rlingar i dei kommunale barnehagane.<\/p>\n<p>17 barn under oppl\u00e6ringspliktig alder hadde hausten 2016 vedtak om spesialpedagogisk hjelp. Tre av dei gjekk ikkje i barnehage.<\/p>\n<p>Barnehage\u00e5ret 2016\/2017 f\u00e5r seks nyutdanna pedagogar i kommunale og private barnehagar nettverksrettleiing i regi av kommunen. Dette er i tr\u00e5d med avtalen mellom kunnskapsdepartementet og KS om rettleiing av nyutdanna pedagogar i barnehage og skule. God fagleg rettleiing er viktig for at nye pedagogar skal utvikla god kompetanse og meistra yrket.<\/p>\n<p>Dei kommunale barnehagane har i 2016 arbeidd systematisk med oppvekst sin kvalitetsutviklingsplan 2014 &#8211; 2017 gjennom kompetansel\u00f8ftet \u00abV\u00e6re Saman\u00bb. V\u00e6re Saman er eit utviklingsprosjekt for barnehagar som er utvikla ved L\u00e6ringsmilj\u00f8senteret ved Universitet i Stavanger. Kjerneinnhaldet i prosjektet er varme og grensesetjande vaksne, relasjonsbygging, kommunikasjon, tidleg innsats og handtering av utfordrande \u00e5tferd.<\/p>\n<p>&nbsp;<\/p>\n<p><strong>N\u00f8kkeltal <\/strong><\/p>\n<table>\n<thead>\n<tr>\n<th>Barnehagar<\/th>\n<th colspan=\"3\">Stord<\/th>\n<th>Samanliknings-kommunar<\/th>\n<th>Landet utan Oslo<\/th>\n<\/tr>\n<tr>\n<th><\/th>\n<th>2016<\/th>\n<th>2015<\/th>\n<th>2014<\/th>\n<th>2016<\/th>\n<th>2016<\/th>\n<\/tr>\n<\/thead>\n<tbody>\n<tr>\n<td>Netto driftsutgifter i barnehagesektoren i % av kommunen sine totale netto driftsutgifter<\/td>\n<td>17,2<\/td>\n<td>16,9<\/td>\n<td>17,1<\/td>\n<td>16,2<\/td>\n<td>14,6<\/td>\n<\/tr>\n<tr>\n<td>Netto driftsutgifter, barnehagar, per innbyggjar 1-5 \u00e5r (i kr)<\/td>\n<td>135 788<\/td>\n<td>120 030<\/td>\n<td>117 322<\/td>\n<td>133 497<\/td>\n<td>137 534<\/td>\n<\/tr>\n<tr>\n<td>Tal barn 1-5 \u00e5r med barnehageplass (i %)<\/td>\n<td>94,2<\/td>\n<td>93,4<\/td>\n<td>91,4<\/td>\n<td>90,2<\/td>\n<td>91,5<\/td>\n<\/tr>\n<tr>\n<td>Tal barn i kommunale barnehagar i forhold til alle barn i barnehage (i %)<\/td>\n<td>22,3<\/td>\n<td>22,6<\/td>\n<td>24,1<\/td>\n<td>46,8<\/td>\n<td>49,3<\/td>\n<\/tr>\n<\/tbody>\n<\/table>\n<p>&nbsp;<\/p>\n","protected":false},"excerpt":{"rendered":"<p>Nedanfor finn ein KOSTRA-tal for barnehageomr\u00e5det i Stord kommune. Tala syner kommunen si m\u00e5loppn\u00e5ing p\u00e5 utvalde satsingsomr\u00e5de. M\u00c5LEKART BARNEHAGE M\u00e5l 2016 Stord 2016 Grp 8 2016 Landet 2016 Del tilsette menn i grunnbemanninga (alle barnehagar i kommunen) &gt;6,0 5,7 6,7 7,8 Del styrarar og pedagogiske leiarar med godkjent barnehagel\u00e6rarutdanning (alle barnehagar i kommunen) 100 97,9<\/p>\n","protected":false},"author":2,"featured_media":0,"parent":59,"menu_order":1,"comment_status":"closed","ping_status":"closed","template":"","meta":{"footnotes":""},"jetpack_sharing_enabled":true,"_links":{"self":[{"href":"https:\/\/sk-dokument.no\/arsmelding-2016\/index.php?rest_route=\/wp\/v2\/pages\/60"}],"collection":[{"href":"https:\/\/sk-dokument.no\/arsmelding-2016\/index.php?rest_route=\/wp\/v2\/pages"}],"about":[{"href":"https:\/\/sk-dokument.no\/arsmelding-2016\/index.php?rest_route=\/wp\/v2\/types\/page"}],"author":[{"embeddable":true,"href":"https:\/\/sk-dokument.no\/arsmelding-2016\/index.php?rest_route=\/wp\/v2\/users\/2"}],"replies":[{"embeddable":true,"href":"https:\/\/sk-dokument.no\/arsmelding-2016\/index.php?rest_route=%2Fwp%2Fv2%2Fcomments&post=60"}],"version-history":[{"count":13,"href":"https:\/\/sk-dokument.no\/arsmelding-2016\/index.php?rest_route=\/wp\/v2\/pages\/60\/revisions"}],"predecessor-version":[{"id":1267,"href":"https:\/\/sk-dokument.no\/arsmelding-2016\/index.php?rest_route=\/wp\/v2\/pages\/60\/revisions\/1267"}],"up":[{"embeddable":true,"href":"https:\/\/sk-dokument.no\/arsmelding-2016\/index.php?rest_route=\/wp\/v2\/pages\/59"}],"wp:attachment":[{"href":"https:\/\/sk-dokument.no\/arsmelding-2016\/index.php?rest_route=%2Fwp%2Fv2%2Fmedia&parent=60"}],"curies":[{"name":"wp","href":"https:\/\/api.w.org\/{rel}","templated":true}]}}