{"id":66,"date":"2016-04-18T12:08:39","date_gmt":"2016-04-18T10:08:39","guid":{"rendered":"http:\/\/lab.zpirit.no\/sk-arsmelding\/?page_id=66"},"modified":"2017-05-11T07:56:09","modified_gmt":"2017-05-11T05:56:09","slug":"sosialt-og-forebyggjade-tenester-soft","status":"publish","type":"page","link":"https:\/\/sk-dokument.no\/arsmelding-2016\/?page_id=66","title":{"rendered":"5.4 F\u00f8rebyggjade tenester"},"content":{"rendered":"<p><img loading=\"lazy\" decoding=\"async\" width=\"1000\" height=\"667\" class=\"alignnone size-full wp-image-1357\" src=\"http:\/\/sk-dokument.no\/arsmelding-2016\/wp-content\/uploads\/sites\/8\/2016\/04\/Barnefysioterapi-bruk-dette.jpg\" alt=\"\" srcset=\"https:\/\/sk-dokument.no\/arsmelding-2016\/wp-content\/uploads\/sites\/8\/2016\/04\/Barnefysioterapi-bruk-dette.jpg 1000w, https:\/\/sk-dokument.no\/arsmelding-2016\/wp-content\/uploads\/sites\/8\/2016\/04\/Barnefysioterapi-bruk-dette-300x200.jpg 300w, https:\/\/sk-dokument.no\/arsmelding-2016\/wp-content\/uploads\/sites\/8\/2016\/04\/Barnefysioterapi-bruk-dette-700x467.jpg 700w\" sizes=\"(max-width: 1000px) 100vw, 1000px\" \/><\/p>\n<p>Tenesta har i 2016 g\u00e5tt gjennom ei omorganisering. Tidlegar Eining for\u00a0sosiale og f\u00f8rebyggande tenester er omgjort til to einingar; Eining for rus og psykisk helse og Eining for f\u00f8rebyggande tenester. Den nye organiseringa tr\u00e5dde i kraft 01.10.2016. Tenesta utgjer saman med barneverntenesta hjelpetilbodet til barn, unge og deira familiar i Stord kommune.<\/p>\n<p>F\u00f8rebyggande tenester har fylgjande avdelingar:<\/p>\n<ul>\n<li>Pedagogisk psykologisk teneste (PPT) for Stord og Fitjar<\/li>\n<li>Utekontakt<\/li>\n<li>SLT koordinator<\/li>\n<li>Spesialpedagogisk team for f\u00f8reskuleborn<\/li>\n<li>F\u00f8rebyggjande helsetenester (Jordmor-, helsestasjon- og skulehelsetenesta)<\/li>\n<\/ul>\n<p>Pedagogisk psykologisk teneste (PPT) er ei felles teneste for Stord og Fitjar, og er kommunane sin sakkunnige instans i h\u00f8ve til oppl\u00e6rings- \u00a0og barnehagelova. F\u00f8resette og rektor kan be om sakkunnig utgreiing fr\u00e5 PPT, -og i 2016 har PPT f\u00e5tt tilvist 133 slike saker i Stord mot 124 i 2015. Avdelinga har 9,5 \u00e5rsverk.<\/p>\n<p>Utekontakten har 2 \u00e5rsverk , ein har i tillegg hatt ein person i spr\u00e5kpraksis og ein midlertidig tilsett, finansiert med prosjektmidlar. Utekontakten driv opps\u00f8kande arbeid og individuell oppf\u00f8lging av ungdom.<\/p>\n<p>SLT er ein samordningsmodell for lokale, f\u00f8rebyggjande tiltak mot rus og kriminalitet. SLT skal sikre at dei ressursane som allereie finnes i kommunen og politiet blir meir samk\u00f8yrte og m\u00e5lretta. SLT-koordinatoren skal sikre at alle som driv rus- og kriminalitetsf\u00f8rebyggjande arbeid m\u00f8tes regelmessig, oppn\u00e5r ei felles\u00a0problemforst\u00e5ing og samordnar tiltaka sine.<\/p>\n<p>I 2016 har SLT mellom anna koordinert MOT og Av-og-til arbeidet i kommunen, leia SLT-gruppa Tidleg rusinnsats som f\u00f8lgjer opp ungdom og unge vakse med rusutfordringar. Saman med utekontakten har SLT gjennomf\u00f8rt det f\u00f8rebyggjande programmet Ung p\u00e5 Stord. V\u00e5ren 2016 utarbeida Stord saman med nabokommunane B\u00f8mlo og Fitjar, ein lokal rettleiar om f\u00f8rebygging av radikalisme og valdeleg ekstremisme. SLT-koordinator har vidare leia ei gruppe som har kartlagt bruk av cannabis blant ungdom og unge vaksne i alderen 16-23 \u00e5r, og delt resultata i fr\u00e5 unders\u00f8kinga kalla Ungdata i mange ulike fora.<\/p>\n<p>Stord kommune har tre helsestasjonar for aldersgruppa 0-6 \u00e5r, skulehelseteneste ved 11 skular, helseteneste for flyktningar, helsestasjon for ungdom, smittevern (tuberkulosearbeid og vaksinasjon av risikogrupper) og reisevaksinasjon\/reisemedisinsk r\u00e5dgjeving.<\/p>\n<p>Ungdommar nyttar helsestasjon for ungdom (HFU) og omlag 20% av desse er studentar ved h\u00f8gskulen. Dei fleste ungdomar som opps\u00f8kjer HFU har sp\u00f8rsm\u00e5l rundt seksuell helse\/prevensjon\/graviditet, men ungdom med annan problematikk opps\u00f8kjer ogs\u00e5 helsestasjonen, t.d. relatert til psykiske vanskar. Dei fleste bes\u00f8kjande er jenter.<\/p>\n<p>I helsestasjonstenesta inng\u00e5r ordin\u00e6re svangerskapskontrollar. Jordmor samarbeider med f\u00f8deavdelinga, og den gravide sin fastlege. Det var 234 f\u00f8dslar meldt i 2016.<\/p>\n<p>Tenesta har fysioterapautar som mellom anna f\u00f8lgjer opp born med ulike utviklings- og funksjonshemmingar, og som kontrollerer og f\u00f8lgjer opp born med motoriske vanskar. Det er aukande fokus p\u00e5 tidleg tilrettelegging og rask utviklingsst\u00f8tte.<\/p>\n<p>Ein\u00a070 prosent sjukepleiarstilling er knytt til Stord mottakssenter og ein 30 prosent stilling til Litlab\u00f8 mottak for einslege mindre\u00e5rige for \u00e5 gje helseteneste til flyktningar. Tenesta har i tillegg ansvar for smittevern for alle som kjem til Stord fr\u00e5riskoomr\u00e5de, og som s\u00f8kjer opphald og arbeidsl\u00f8yve. Kontroll og oppf\u00f8lging av nye busette flyktningar skjer i n\u00e6rt samarbeid med flyktningkontoret.<\/p>\n<p>I 2016 har eininga arrangert markering av verdsdagen for psykisk helse, oppstart av Psykologisk f\u00f8rstehjelp for 5. klasse og Ung p\u00e5 Stord\/Nettvett i lag med Utekontakten\/SLT.<\/p>\n<p><strong><em>\u00a0<\/em><\/strong><\/p>\n","protected":false},"excerpt":{"rendered":"<p>Tenesta har i 2016 g\u00e5tt gjennom ei omorganisering. Tidlegar Eining for\u00a0sosiale og f\u00f8rebyggande tenester er omgjort til to einingar; Eining for rus og psykisk helse og Eining for f\u00f8rebyggande tenester. Den nye organiseringa tr\u00e5dde i kraft 01.10.2016. Tenesta utgjer saman med barneverntenesta hjelpetilbodet til barn, unge og deira familiar i Stord kommune. F\u00f8rebyggande tenester har<\/p>\n","protected":false},"author":2,"featured_media":0,"parent":59,"menu_order":4,"comment_status":"closed","ping_status":"closed","template":"","meta":{"footnotes":""},"jetpack_sharing_enabled":true,"_links":{"self":[{"href":"https:\/\/sk-dokument.no\/arsmelding-2016\/index.php?rest_route=\/wp\/v2\/pages\/66"}],"collection":[{"href":"https:\/\/sk-dokument.no\/arsmelding-2016\/index.php?rest_route=\/wp\/v2\/pages"}],"about":[{"href":"https:\/\/sk-dokument.no\/arsmelding-2016\/index.php?rest_route=\/wp\/v2\/types\/page"}],"author":[{"embeddable":true,"href":"https:\/\/sk-dokument.no\/arsmelding-2016\/index.php?rest_route=\/wp\/v2\/users\/2"}],"replies":[{"embeddable":true,"href":"https:\/\/sk-dokument.no\/arsmelding-2016\/index.php?rest_route=%2Fwp%2Fv2%2Fcomments&post=66"}],"version-history":[{"count":8,"href":"https:\/\/sk-dokument.no\/arsmelding-2016\/index.php?rest_route=\/wp\/v2\/pages\/66\/revisions"}],"predecessor-version":[{"id":1358,"href":"https:\/\/sk-dokument.no\/arsmelding-2016\/index.php?rest_route=\/wp\/v2\/pages\/66\/revisions\/1358"}],"up":[{"embeddable":true,"href":"https:\/\/sk-dokument.no\/arsmelding-2016\/index.php?rest_route=\/wp\/v2\/pages\/59"}],"wp:attachment":[{"href":"https:\/\/sk-dokument.no\/arsmelding-2016\/index.php?rest_route=%2Fwp%2Fv2%2Fmedia&parent=66"}],"curies":[{"name":"wp","href":"https:\/\/api.w.org\/{rel}","templated":true}]}}