{"id":674,"date":"2017-03-08T12:35:19","date_gmt":"2017-03-08T11:35:19","guid":{"rendered":"http:\/\/sk-dokument.no\/arsmelding-2016\/?page_id=674"},"modified":"2017-04-30T19:06:35","modified_gmt":"2017-04-30T17:06:35","slug":"legetenesta","status":"publish","type":"page","link":"https:\/\/sk-dokument.no\/arsmelding-2016\/?page_id=674","title":{"rendered":"6.6 Legetenesta"},"content":{"rendered":"<p>Det er mangel p\u00e5 legar i allmennmedisin, n\u00e6r 50% av kommunane i landet slit med \u00e5 f\u00e5 fastlegar og kommuneoverlegar. I 2016 har Stord hatt vanskar med \u00e5 f\u00e5 tilsett kvalifisert lege i ein ledig avtaleheimel. Vikarordningar gjennom rekrutteringsbyr\u00e5 er sv\u00e6rt dyre.<\/p>\n<p>Talet p\u00e5 \u00abgjesteinnbyggjarar\u00bb som har fastlege i Stord, svarar til kapasiteten p\u00e5 ei fastlegeliste. I tillegg er det mange som bur p\u00e5 Stord mellombels og burde f\u00e5tt fastlege her. Erfaringa er at det sjeldan er meir enn ein lege som har ledige listeplasser og folk st\u00e5r p\u00e5 ventelister for byte. Kommunen m\u00e5 difor vurdere \u00e5 opprette fleire\u00a0 fastlegeheimar\u00a0 for \u00e5 stetta den lovfesta retten folk har til val og byte av fastlege.<\/p>\n<p>Samarbeidsutvalet mellom fastlegane p\u00e5 Stord og kommunen har dr\u00f8fta ulike ordningar som kan gje betre rekrutteringsgrunnlag. Eit av alternativa som er dr\u00f8fta er om det vil vera lettare \u00e5 rekruttere legar om dei vert fast tilsette i kommunen.<\/p>\n<p>P\u00e5 den andre sida har kommunen lukkast med \u00e5 skaffa vikarar for fastlegar slik at desse kan f\u00e5 praksis ved sjukehuset. Det er eit nytt krav at legar m\u00e5 vera spesialistar i allmennmedisin for \u00e5 vera fastlege eller ha sj\u00f8lvstendig legevakt, og d\u00e5 treng dei m.a. dette \u00absjukehus\u00e5ret\u00bb. Tilrettelegging for spesialisering er viktig for \u00e5 halda p\u00e5 dei legane me har og at dei kan f\u00e5 naudsynt kompetanse.<\/p>\n<p>Den interkommunale legevaktordninga SIL (Sunnhordland interkommunale legevakt) kombinert med d\u00f8gnavdeling IDA (interkommunale akutte d\u00f8gnsenger) har stilt krav til planlegging og samarbeid med legetenesta for \u00e5 f\u00e5 fagleg forsvarlege ordningar. Interkommunalt samarbeid har gitt stabil legedekning p\u00e5 legevakta med kjente legar, mindre vaktbelastning p\u00e5 den enkelte og auka tilgjenge. Legevakta er bemanna kl. 15.00-08.00. Dette gjev h\u00f8gare kvalitet p\u00e5 tenestene og tryggleik for tilsette og publikum ved m.a. kortare responstid. D\u00f8gnavdelinga har oppstart i mars 2017.<\/p>\n","protected":false},"excerpt":{"rendered":"<p>Det er mangel p\u00e5 legar i allmennmedisin, n\u00e6r 50% av kommunane i landet slit med \u00e5 f\u00e5 fastlegar og kommuneoverlegar. I 2016 har Stord hatt vanskar med \u00e5 f\u00e5 tilsett kvalifisert lege i ein ledig avtaleheimel. Vikarordningar gjennom rekrutteringsbyr\u00e5 er sv\u00e6rt dyre. Talet p\u00e5 \u00abgjesteinnbyggjarar\u00bb som har fastlege i Stord, svarar til kapasiteten p\u00e5 ei<\/p>\n","protected":false},"author":17,"featured_media":0,"parent":77,"menu_order":6,"comment_status":"closed","ping_status":"closed","template":"","meta":{"footnotes":""},"jetpack_sharing_enabled":true,"_links":{"self":[{"href":"https:\/\/sk-dokument.no\/arsmelding-2016\/index.php?rest_route=\/wp\/v2\/pages\/674"}],"collection":[{"href":"https:\/\/sk-dokument.no\/arsmelding-2016\/index.php?rest_route=\/wp\/v2\/pages"}],"about":[{"href":"https:\/\/sk-dokument.no\/arsmelding-2016\/index.php?rest_route=\/wp\/v2\/types\/page"}],"author":[{"embeddable":true,"href":"https:\/\/sk-dokument.no\/arsmelding-2016\/index.php?rest_route=\/wp\/v2\/users\/17"}],"replies":[{"embeddable":true,"href":"https:\/\/sk-dokument.no\/arsmelding-2016\/index.php?rest_route=%2Fwp%2Fv2%2Fcomments&post=674"}],"version-history":[{"count":4,"href":"https:\/\/sk-dokument.no\/arsmelding-2016\/index.php?rest_route=\/wp\/v2\/pages\/674\/revisions"}],"predecessor-version":[{"id":1256,"href":"https:\/\/sk-dokument.no\/arsmelding-2016\/index.php?rest_route=\/wp\/v2\/pages\/674\/revisions\/1256"}],"up":[{"embeddable":true,"href":"https:\/\/sk-dokument.no\/arsmelding-2016\/index.php?rest_route=\/wp\/v2\/pages\/77"}],"wp:attachment":[{"href":"https:\/\/sk-dokument.no\/arsmelding-2016\/index.php?rest_route=%2Fwp%2Fv2%2Fmedia&parent=674"}],"curies":[{"name":"wp","href":"https:\/\/api.w.org\/{rel}","templated":true}]}}