{"id":72,"date":"2016-04-18T12:08:39","date_gmt":"2016-04-18T10:08:39","guid":{"rendered":"http:\/\/lab.zpirit.no\/sk-arsmelding\/?page_id=72"},"modified":"2017-05-03T13:06:43","modified_gmt":"2017-05-03T11:06:43","slug":"barnevern","status":"publish","type":"page","link":"https:\/\/sk-dokument.no\/arsmelding-2016\/?page_id=72","title":{"rendered":"5.5 Barnevern"},"content":{"rendered":"<figure id=\"attachment_1315\" aria-describedby=\"caption-attachment-1315\" style=\"width: 1000px\" class=\"wp-caption alignnone\"><img loading=\"lazy\" decoding=\"async\" class=\"wp-image-1315 size-full\" src=\"http:\/\/sk-dokument.no\/arsmelding-2016\/wp-content\/uploads\/sites\/8\/2016\/04\/Kusumre-og-kvitveis-jpg.jpg\" alt=\"\" width=\"1000\" height=\"532\" srcset=\"https:\/\/sk-dokument.no\/arsmelding-2016\/wp-content\/uploads\/sites\/8\/2016\/04\/Kusumre-og-kvitveis-jpg.jpg 1000w, https:\/\/sk-dokument.no\/arsmelding-2016\/wp-content\/uploads\/sites\/8\/2016\/04\/Kusumre-og-kvitveis-jpg-300x160.jpg 300w, https:\/\/sk-dokument.no\/arsmelding-2016\/wp-content\/uploads\/sites\/8\/2016\/04\/Kusumre-og-kvitveis-jpg-700x372.jpg 700w\" sizes=\"(max-width: 1000px) 100vw, 1000px\" \/><figcaption id=\"caption-attachment-1315\" class=\"wp-caption-text\">Kusymre og kvitveis. Foto: Brit S. Myklebust<\/figcaption><\/figure>\n<p>Stord er vertskommune for Sunnhordland interkommunale barnevernsteneste B\u00f8mlo, Fitjar og Stord (SIB). Nedanfor finn ein KOSTRA-tal for barnevernet i Stord kommune. Tala syner kommunen si m\u00e5loppn\u00e5ing p\u00e5 utvalde satsingsomr\u00e5de, basert p\u00e5 tal fr\u00e5 fagsystemet Familia og Fylkesmannen si rapportering.<\/p>\n<table>\n<thead>\n<tr>\n<th>M\u00e5loppn\u00e5ing:<\/th>\n<th>M\u00e5l 2015<\/th>\n<th>Resultat 2016<\/th>\n<th>Resultat 2015<\/th>\n<th>Resultat 2014<\/th>\n<th>Resultat 2013<\/th>\n<\/tr>\n<\/thead>\n<tbody>\n<tr>\n<td><strong>Unders\u00f8kingar med handsamingstid over 3 mnd<\/strong><\/td>\n<td>&gt; 95,0 %<\/td>\n<td>88<\/td>\n<td>75<\/td>\n<td>68<\/td>\n<td>78<\/td>\n<\/tr>\n<tr>\n<td><strong>Born med utarbeida hjelpetiltak- og omsorgsplan<\/strong><\/td>\n<td>&gt; 30,0 %<\/td>\n<td>87<\/td>\n<td>86<\/td>\n<td>75<\/td>\n<td>69<\/td>\n<\/tr>\n<tr>\n<td><strong>Stillingar med fagutdanning, per barn 0-17 \u00e5r <\/strong><\/td>\n<td>&lt; 3,8<\/td>\n<td>4,7<\/td>\n<td>4,7<\/td>\n<td>4,7<\/td>\n<td>4,7<\/td>\n<\/tr>\n<\/tbody>\n<\/table>\n<p>N\u00f8kkeltala syner utviklinga i barnevernet mellom anna \u00e5r det gjeld tal p\u00e5 innmeldte saker, tal barn med hjelpetiltak i og utanfor heimen.<\/p>\n<table>\n<thead>\n<tr>\n<th>N\u00f8kkeltal\u00a0Stord 2009 \u2013 2015<\/th>\n<th>2010<\/th>\n<th>2011<\/th>\n<th>2012<\/th>\n<th>2013<\/th>\n<th>2014<\/th>\n<th>2015<\/th>\n<th>2016<\/th>\n<\/tr>\n<\/thead>\n<tbody>\n<tr>\n<td>Meldingar<\/td>\n<td>126<\/td>\n<td>153<\/td>\n<td>213<\/td>\n<td>170<\/td>\n<td>185<\/td>\n<td>204<\/td>\n<td>204<\/td>\n<\/tr>\n<tr>\n<td>Unders\u00f8kingar i alt<\/td>\n<td>106<\/td>\n<td>94<\/td>\n<td>143<\/td>\n<td>120<\/td>\n<td>141<\/td>\n<td>158<\/td>\n<td>155<\/td>\n<\/tr>\n<tr>\n<td>Barn med hjelpetiltak totalt<\/td>\n<td>150<\/td>\n<td>127<\/td>\n<td>149<\/td>\n<td>156<\/td>\n<td>146<\/td>\n<td>181<\/td>\n<td>190<\/td>\n<\/tr>\n<tr>\n<td>Hjelpetiltak i heimen<\/td>\n<td>131<\/td>\n<td>83<\/td>\n<td>114<\/td>\n<td>125<\/td>\n<td>105<\/td>\n<td>135<\/td>\n<td>144<\/td>\n<\/tr>\n<tr>\n<td>Tiltak utanfor heimen<\/td>\n<td>19<\/td>\n<td>44<\/td>\n<td>35<\/td>\n<td>31<\/td>\n<td>41<\/td>\n<td>46<\/td>\n<td>40<\/td>\n<\/tr>\n<tr>\n<td>Barn plassert siste \u00e5r<\/td>\n<td>12<\/td>\n<td>12<\/td>\n<td>3<\/td>\n<td>2<\/td>\n<td>14<\/td>\n<td>11<\/td>\n<td>9<\/td>\n<\/tr>\n<tr>\n<td>Barn over 18 \u00e5r<\/td>\n<td>9<\/td>\n<td>11<\/td>\n<td>12<\/td>\n<td>15<\/td>\n<td>9<\/td>\n<td>2<\/td>\n<td>8<\/td>\n<\/tr>\n<\/tbody>\n<\/table>\n<p>N\u00f8kkeltala syner utviklinga i barnevernet mellom anna n\u00e5r det gjeld tal p\u00e5 innmeldte saker og tal barn med hjelpetiltak i og utanfor heimen. Utviklinga syner at talet p\u00e5 meldingar stadig aukar og at det mest har dobla dei fem\u00a0siste \u00e5ra. N\u00e5r det gjeld tal hjelpetiltak i heimen, er det mest det same som for fem \u00e5r sidan, medan hjelpetiltak utanfor heimen er meir enn dobla dei fem siste \u00e5ra.<\/p>\n<p>Internrevisjonen av internkontrollen i barneverntenesta starta v\u00e5ren 2015 og vart avslutta ved \u00e5rsskifte 2016\/17. Bakgrunnen for revisjonen var ein opplevd mangel p\u00e5 \u00f8konomisk oversikt og kontroll. Ved fleire tilsyn av\u00a0Fylkesmannen var det peika p\u00e5 manglande oppf\u00f8lging i h\u00f8ve lovkrav og internkontroll. M\u00e5let med internrevisjonen har vore \u00e5 betra internkontrollen for \u00e5 trygga at ein overhald lovkrava, tydeleggjera ansvars- og arbeidsdelinga og betra \u00f8konomistyringa.<\/p>\n<p>Gjennom 2016 har tenesta f\u00e5tt p\u00e5 plass rutinar for internkontroll og rapporteringssystem. Fylkesmannen har med bakgrunn i dette avslutta tilsynssaka som vart oppretta\u00a0i 2014. Endringa i tenesteorganiseringa fr\u00e5 2015 vart evaluert v\u00e5ren 2016. M\u00e5lsetjinga om betre kontinuitet og meir effektiv oppg\u00e5vel\u00f8ysing er langt p\u00e5 veg innfridd, og tenesta kunne notere klar positiv utvikling i h\u00f8vebrot p\u00e5 tidsfristar i saksbehandlinga.<\/p>\n<p>Fokus p\u00e5 arbeidsn\u00e6rv\u00e6r har halde fram i 2016 og sjukefr\u00e5v\u00e6ret har g\u00e5tt ned.<\/p>\n<p>Det har vore utfordrande \u00e5 halda budsjettet og i 2016. Tenesta har vidaref\u00f8rt system i h\u00f8ve \u00f8konomikontroll og har god dokumentasjon og oversikt over utgifter og inntekter<\/p>\n<p>&nbsp;<\/p>\n<table>\n<thead>\n<tr>\n<td>N\u00f8kkeltal, \u00f8konomi i barnevernet<\/td>\n<td colspan=\"3\">Stord<\/td>\n<td>Samanlikn. kommunar<\/td>\n<td>Landet utan Oslo<\/td>\n<\/tr>\n<tr>\n<td><\/td>\n<td>2016<\/td>\n<td>2015<\/td>\n<td>2014<\/td>\n<td>2016<\/td>\n<td>2016<\/td>\n<\/tr>\n<\/thead>\n<tbody>\n<tr>\n<td>Netto driftsutgifter per innbyggjar 0-17 \u00e5r, barneverntenesta<\/td>\n<td>7 213<\/td>\n<td>6 863<\/td>\n<td>6 398<\/td>\n<td><\/td>\n<td><\/td>\n<\/tr>\n<tr>\n<td>Netto driftsutgifter per barn i barnevernet i kr<\/td>\n<td>1 08 706<\/td>\n<td>106 628<\/td>\n<td>118 253<\/td>\n<td><\/td>\n<td><\/td>\n<\/tr>\n<tr>\n<td>Netto driftsutgifter per barn med tiltak i kr<\/td>\n<td>168 409<\/td>\n<td>175 517<\/td>\n<td>193 717<\/td>\n<td><\/td>\n<td><\/td>\n<\/tr>\n<tr>\n<td>Barn med unders\u00f8king ift. tal innb. 0-17 \u00e5r, prosent<\/td>\n<td>3,7<\/td>\n<td>3,9<\/td>\n<td>3,4<\/td>\n<td><\/td>\n<td><\/td>\n<\/tr>\n<tr>\n<td>Del barn med barneverntiltak ift. innb. 0-17 \u00e5r prosent<\/td>\n<td>4,3<\/td>\n<td>3,9<\/td>\n<td>3,3<\/td>\n<td><\/td>\n<td><\/td>\n<\/tr>\n<tr>\n<td>Brutto driftsutgifter per barn (f. 244, barneverntenesta)<\/td>\n<td>32 629<\/td>\n<td>35 713<\/td>\n<td>39 635<\/td>\n<td><\/td>\n<td><\/td>\n<\/tr>\n<tr>\n<td>Barn med unders\u00f8king eller tiltak per \u00e5rsverk<\/td>\n<td>18,7<\/td>\n<td>18,7<\/td>\n<td>17,7<\/td>\n<td><\/td>\n<td><\/td>\n<\/tr>\n<\/tbody>\n<\/table>\n<p>Hausten 2016 gjekk\u00a0tenesta inn\u00a0i KS sitt effektiviseringsnettverk for barnevern. Nettverket\u00a0blir vidaref\u00f8rt i 2017 og vil mellom anna munne ut i ein tenesteanalyse for barnevernet. Som ein del av nettverksarbeidet vart det i november\/desember gjennomf\u00f8rt brukarunders\u00f8kingar retta mot foreldre\/f\u00f8resette og eit utval barn og unge som mottek tenester fr\u00e5 barnevernet. Resultatet av unders\u00f8kinga vil bli gjort kjend gjennom arbeidet i effektiviseringsnettverket i 2017.<\/p>\n<p>Barnevernstenesta har fokus p\u00e5 tidleg innsats til spedbarn og sm\u00e5barn. Det er ressurskrevjande \u00e5 arbeida med slike saker, og det krev h\u00f8g grad av tverrfagleg samarbeid. Ein ser at arbeidet f\u00f8rer fram gjennom at ein i aukande grad identifiserer og hjelper yngre born og deira familiar.<\/p>\n","protected":false},"excerpt":{"rendered":"<p>Stord er vertskommune for Sunnhordland interkommunale barnevernsteneste B\u00f8mlo, Fitjar og Stord (SIB). Nedanfor finn ein KOSTRA-tal for barnevernet i Stord kommune. Tala syner kommunen si m\u00e5loppn\u00e5ing p\u00e5 utvalde satsingsomr\u00e5de, basert p\u00e5 tal fr\u00e5 fagsystemet Familia og Fylkesmannen si rapportering. M\u00e5loppn\u00e5ing: M\u00e5l 2015 Resultat 2016 Resultat 2015 Resultat 2014 Resultat 2013 Unders\u00f8kingar med handsamingstid over 3<\/p>\n","protected":false},"author":2,"featured_media":0,"parent":59,"menu_order":5,"comment_status":"closed","ping_status":"closed","template":"","meta":{"footnotes":""},"jetpack_sharing_enabled":true,"_links":{"self":[{"href":"https:\/\/sk-dokument.no\/arsmelding-2016\/index.php?rest_route=\/wp\/v2\/pages\/72"}],"collection":[{"href":"https:\/\/sk-dokument.no\/arsmelding-2016\/index.php?rest_route=\/wp\/v2\/pages"}],"about":[{"href":"https:\/\/sk-dokument.no\/arsmelding-2016\/index.php?rest_route=\/wp\/v2\/types\/page"}],"author":[{"embeddable":true,"href":"https:\/\/sk-dokument.no\/arsmelding-2016\/index.php?rest_route=\/wp\/v2\/users\/2"}],"replies":[{"embeddable":true,"href":"https:\/\/sk-dokument.no\/arsmelding-2016\/index.php?rest_route=%2Fwp%2Fv2%2Fcomments&post=72"}],"version-history":[{"count":13,"href":"https:\/\/sk-dokument.no\/arsmelding-2016\/index.php?rest_route=\/wp\/v2\/pages\/72\/revisions"}],"predecessor-version":[{"id":1316,"href":"https:\/\/sk-dokument.no\/arsmelding-2016\/index.php?rest_route=\/wp\/v2\/pages\/72\/revisions\/1316"}],"up":[{"embeddable":true,"href":"https:\/\/sk-dokument.no\/arsmelding-2016\/index.php?rest_route=\/wp\/v2\/pages\/59"}],"wp:attachment":[{"href":"https:\/\/sk-dokument.no\/arsmelding-2016\/index.php?rest_route=%2Fwp%2Fv2%2Fmedia&parent=72"}],"curies":[{"name":"wp","href":"https:\/\/api.w.org\/{rel}","templated":true}]}}