{"id":75,"date":"2016-04-18T12:08:39","date_gmt":"2016-04-18T10:08:39","guid":{"rendered":"http:\/\/lab.zpirit.no\/sk-arsmelding\/?page_id=75"},"modified":"2017-04-30T18:12:28","modified_gmt":"2017-04-30T16:12:28","slug":"kulturskulen","status":"publish","type":"page","link":"https:\/\/sk-dokument.no\/arsmelding-2016\/?page_id=75","title":{"rendered":"5.6 Kulturskulen"},"content":{"rendered":"<p>Nedanfor finn ein KOSTRA-tal for kulturskulen i Stord kommune. Tala syner kommunen si m\u00e5loppn\u00e5ing p\u00e5 utvalde satsingsomr\u00e5de.<\/p>\n<table>\n<thead>\n<tr>\n<th>M\u00e5loppn\u00e5ing<\/th>\n<th>M\u00e5l 2017<\/th>\n<th>Resultat 2016<\/th>\n<th>Resultat 2015<\/th>\n<\/tr>\n<\/thead>\n<tbody>\n<tr>\n<td>Del p\u00e5 venteliste til musikk- og kulturskule<\/td>\n<td>&lt;4,2<\/td>\n<td>4,8<\/td>\n<td>9,7<\/td>\n<\/tr>\n<tr>\n<td>Del brukarar i grunnskulealder i kommunens musikk- og kulturskule, av tal born i alderen 6 \u2013 15 \u00e5r<\/td>\n<td>&gt;21,0<\/td>\n<td>&gt;20,8<\/td>\n<td>&gt;20,6<\/td>\n<\/tr>\n<\/tbody>\n<\/table>\n<p>Hausten 2016 hadde kulturskulen 820 elevplassar, ein nedgang p\u00e5 om lag 50 i forhold til 2015. Nedgangen skuldast i hovudsak endring\u00a0 i organisering av fagtilbod, delar av storgruppeundervisning vart lagt om til individuell\/sm\u00e5gruppeundervisning. I Stord kommune har om lag 21 prosent av grunnskulelevane plass i kulturskulen. Gjennomsnittet for landet er ca. 17 prosent. P\u00e5 ventelista st\u00e5r 171 elevar som til saman s\u00f8kjer om 229\u00a0 elevplassar. Det var i 2016 f\u00e6rre p\u00e5 venteliste enn \u00e5ret f\u00f8r, f\u00f8rst og fremst som f\u00f8lgje av ei administrativ opprydding. Med eit nytt administrasjonsprogram har ein no betre oversikt og kontroll med ventelistene.<\/p>\n<p>Kulturskulen fekk i 2016 kr 40 500 til aktivitetar for barn i mottak fr\u00e5 UDI, til eit musikkleik-prosjekt i barnehagen ved Heiane mottak.<\/p>\n<p><span style=\"font-size: 12pt\">I april 2016 vedtok kommunestyret \u00abRammeplan for kulturskulen \u2013 Mangfald og fordjuping\u00bb. Dette er no det styrande dokumentet for kulturskulen. Hausten 2016 kom kulturskulen med i eit veiledingsprogram (Veilederkorps), leia av Norsk kulturskoler\u00e5d.<\/span><\/p>\n<p><span style=\"font-size: 12pt\">Kulturskulen gjennomf\u00f8rte i 2016 f\u00f8lgjande arrangement og aktivitetar:<\/span><\/p>\n<ul>\n<li>Ei rekke \u00abtorsdagsonsertar\u00bb for elevar, f\u00f8resette og vener<\/li>\n<li>Danseseksjonen i kulturskulen hadde ansvaret for regional samling for Dansens dag, ein dag som vert markert over heile verda. Som ein del av markeringa framf\u00f8rte mellom anna elevar p\u00e5 klassisk ballet balletten \u00abAlice i eventyrland\u00bb . Stord danseensemble deltok p\u00e5 regionale markeringa av Dansens dag i Bergen.<\/li>\n<li>Seminar og konsert i samband med \u00abDen klassiske gitarens dag\u00bb 2. februar. Samarbeid med B\u00f8mlo kultursukle, Stord vidareg\u00e5ande og H\u00f8gskolen Stord Haugesund.<\/li>\n<li>Pianomaraton &#8211; alle elevar p\u00e5 piano deltok p\u00e5 ulike konsertar i l\u00f8p av fyrste veka i februar.<\/li>\n<li>Kulturdag for alle barnehagane i kommunen. Over 300 barnehagebarn deltok p\u00e5 kulturdagen som elevar og l\u00e6rarar gjennomf\u00f8rte i slutten av april.<\/li>\n<li>\u00abDei unges festspeldag\u00bb i samarbeid med kulturskulane i FOS-regionen<\/li>\n<li>\u00abM\u00e5neskinsoldaten\u00bb ei tverrfagleg farmsyning i samarbeid med Falturiltu.<\/li>\n<li>To kunstutstillingar i Stord kulturhus med elevar p\u00e5 Visuelle kunstfag.<\/li>\n<li>Julekonsert i Nys\u00e6ter kyrkje<\/li>\n<li>ei rekke mindre \u00abhus-konsertar\u00bb, seminar og workshops. Mange elevar deltek ogs\u00e5 med innslag p\u00e5 ulike m\u00f8ter og konferansar og er godt synlege i lokalmilj\u00f8et, samt i samarbeid med grunnskulen\/vidareg\u00e5ande skule.<\/li>\n<li>I tillegg har Trio Vest\/distriktsmusikarane hatt fleire produksjonar i samarbeid med Sunnhordland museum, Stordkoret, nokre eigne produksjonar mellom anna konsert i Nys\u00e6ter kyrkje. Det er gjennomf\u00f8rt 7 samlingar med Den kulturelle spaserstokken.<\/li>\n<\/ul>\n<p>&nbsp;<\/p>\n<div id='gallery-1' class='gallery galleryid-75 gallery-columns-3 gallery-size-full'><figure class='gallery-item'>\n\t\t\t<div class='gallery-icon landscape'>\n\t\t\t\t<img loading=\"lazy\" decoding=\"async\" width=\"245\" height=\"245\" src=\"https:\/\/sk-dokument.no\/arsmelding-2016\/wp-content\/uploads\/sites\/8\/2016\/04\/Kulturskulen2.jpg\" class=\"attachment-full size-full\" alt=\"\" aria-describedby=\"gallery-1-776\" srcset=\"https:\/\/sk-dokument.no\/arsmelding-2016\/wp-content\/uploads\/sites\/8\/2016\/04\/Kulturskulen2.jpg 245w, https:\/\/sk-dokument.no\/arsmelding-2016\/wp-content\/uploads\/sites\/8\/2016\/04\/Kulturskulen2-150x150.jpg 150w\" sizes=\"(max-width: 245px) 100vw, 245px\" \/>\n\t\t\t<\/div>\n\t\t\t\t<figcaption class='wp-caption-text gallery-caption' id='gallery-1-776'>\n\t\t\t\tFoto: Stord kulturskule\n\t\t\t\t<\/figcaption><\/figure><figure class='gallery-item'>\n\t\t\t<div class='gallery-icon landscape'>\n\t\t\t\t<img loading=\"lazy\" decoding=\"async\" width=\"247\" height=\"247\" src=\"https:\/\/sk-dokument.no\/arsmelding-2016\/wp-content\/uploads\/sites\/8\/2016\/04\/Kultursklen3.jpg\" class=\"attachment-full size-full\" alt=\"\" aria-describedby=\"gallery-1-774\" srcset=\"https:\/\/sk-dokument.no\/arsmelding-2016\/wp-content\/uploads\/sites\/8\/2016\/04\/Kultursklen3.jpg 247w, https:\/\/sk-dokument.no\/arsmelding-2016\/wp-content\/uploads\/sites\/8\/2016\/04\/Kultursklen3-150x150.jpg 150w\" sizes=\"(max-width: 247px) 100vw, 247px\" \/>\n\t\t\t<\/div>\n\t\t\t\t<figcaption class='wp-caption-text gallery-caption' id='gallery-1-774'>\n\t\t\t\tFoto: Stord kulturskule\n\t\t\t\t<\/figcaption><\/figure><figure class='gallery-item'>\n\t\t\t<div class='gallery-icon landscape'>\n\t\t\t\t<img loading=\"lazy\" decoding=\"async\" width=\"245\" height=\"245\" src=\"https:\/\/sk-dokument.no\/arsmelding-2016\/wp-content\/uploads\/sites\/8\/2016\/04\/Kulturskulen1.jpg\" class=\"attachment-full size-full\" alt=\"\" aria-describedby=\"gallery-1-775\" srcset=\"https:\/\/sk-dokument.no\/arsmelding-2016\/wp-content\/uploads\/sites\/8\/2016\/04\/Kulturskulen1.jpg 245w, https:\/\/sk-dokument.no\/arsmelding-2016\/wp-content\/uploads\/sites\/8\/2016\/04\/Kulturskulen1-150x150.jpg 150w\" sizes=\"(max-width: 245px) 100vw, 245px\" \/>\n\t\t\t<\/div>\n\t\t\t\t<figcaption class='wp-caption-text gallery-caption' id='gallery-1-775'>\n\t\t\t\tFoto: Stord kulturskule\n\t\t\t\t<\/figcaption><\/figure>\n\t\t<\/div>\n\n<p>&nbsp;<\/p>\n<table>\n<thead>\n<tr>\n<th>N\u00f8kkeltal for ulturskulen<\/th>\n<th colspan=\"3\">Stord<\/th>\n<th>Samanlikn. Kommunar<\/th>\n<th>Landet utan Oslo<\/th>\n<\/tr>\n<tr>\n<th><\/th>\n<th>2016<\/th>\n<th>2014<\/th>\n<th>2013<\/th>\n<th>2016<\/th>\n<th>2016<\/th>\n<\/tr>\n<\/thead>\n<tbody>\n<tr>\n<td>Netto driftsutgifter til kommunal musikk- og kulturskule, i prosent av samla netto driftsutgifter<\/td>\n<td>0,8<\/td>\n<td>0,8<\/td>\n<td>0,7<\/td>\n<td>0,6<\/td>\n<td>0,5<\/td>\n<\/tr>\n<tr>\n<td>Netto driftsutgifter til kommunal musikk- og kulturskule, per innbyggjar 6-15 \u00e5r, i kr<\/td>\n<td>2923<\/td>\n<td>2 693<\/td>\n<td>2 277<\/td>\n<td>2175<\/td>\n<td>2385<\/td>\n<\/tr>\n<tr>\n<td>Korrigerte brutto driftsutgifter til kommunal musikk- og kulturskule, per brukar, i kr<\/td>\n<td>17720<\/td>\n<td>16 400<\/td>\n<td>13 988<\/td>\n<td>17180<\/td>\n<td>18527<\/td>\n<\/tr>\n<tr>\n<td>Del brukarar i grunnskulealder i kulturskulen av tal barn i alderen 6 &#8211; 15 \u00e5r i prosent<\/td>\n<td>20,8<\/td>\n<td>19,7<\/td>\n<td>22,4<\/td>\n<td>14,9<\/td>\n<td>14,2<\/td>\n<\/tr>\n<\/tbody>\n<\/table>\n<p>&nbsp;<\/p>\n","protected":false},"excerpt":{"rendered":"<p>Nedanfor finn ein KOSTRA-tal for kulturskulen i Stord kommune. Tala syner kommunen si m\u00e5loppn\u00e5ing p\u00e5 utvalde satsingsomr\u00e5de. M\u00e5loppn\u00e5ing M\u00e5l 2017 Resultat 2016 Resultat 2015 Del p\u00e5 venteliste til musikk- og kulturskule &lt;4,2 4,8 9,7 Del brukarar i grunnskulealder i kommunens musikk- og kulturskule, av tal born i alderen 6 \u2013 15 \u00e5r &gt;21,0 &gt;20,8 &gt;20,6<\/p>\n","protected":false},"author":2,"featured_media":0,"parent":59,"menu_order":6,"comment_status":"closed","ping_status":"closed","template":"","meta":{"footnotes":""},"jetpack_sharing_enabled":true,"_links":{"self":[{"href":"https:\/\/sk-dokument.no\/arsmelding-2016\/index.php?rest_route=\/wp\/v2\/pages\/75"}],"collection":[{"href":"https:\/\/sk-dokument.no\/arsmelding-2016\/index.php?rest_route=\/wp\/v2\/pages"}],"about":[{"href":"https:\/\/sk-dokument.no\/arsmelding-2016\/index.php?rest_route=\/wp\/v2\/types\/page"}],"author":[{"embeddable":true,"href":"https:\/\/sk-dokument.no\/arsmelding-2016\/index.php?rest_route=\/wp\/v2\/users\/2"}],"replies":[{"embeddable":true,"href":"https:\/\/sk-dokument.no\/arsmelding-2016\/index.php?rest_route=%2Fwp%2Fv2%2Fcomments&post=75"}],"version-history":[{"count":22,"href":"https:\/\/sk-dokument.no\/arsmelding-2016\/index.php?rest_route=\/wp\/v2\/pages\/75\/revisions"}],"predecessor-version":[{"id":1245,"href":"https:\/\/sk-dokument.no\/arsmelding-2016\/index.php?rest_route=\/wp\/v2\/pages\/75\/revisions\/1245"}],"up":[{"embeddable":true,"href":"https:\/\/sk-dokument.no\/arsmelding-2016\/index.php?rest_route=\/wp\/v2\/pages\/59"}],"wp:attachment":[{"href":"https:\/\/sk-dokument.no\/arsmelding-2016\/index.php?rest_route=%2Fwp%2Fv2%2Fmedia&parent=75"}],"curies":[{"name":"wp","href":"https:\/\/api.w.org\/{rel}","templated":true}]}}