{"id":753,"date":"2017-03-27T17:03:33","date_gmt":"2017-03-27T15:03:33","guid":{"rendered":"http:\/\/sk-dokument.no\/arsmelding-2016\/?page_id=753"},"modified":"2017-04-30T17:10:22","modified_gmt":"2017-04-30T15:10:22","slug":"stord-vaksenopplaering","status":"publish","type":"page","link":"https:\/\/sk-dokument.no\/arsmelding-2016\/?page_id=753","title":{"rendered":"5.3 Stord vaksenoppl\u00e6ring"},"content":{"rendered":"<table>\n<thead>\n<tr>\n<td>Vaksenoppl\u00e6ring<\/td>\n<td colspan=\"3\">Stord<\/td>\n<td>Samanlikn. kommunar<\/td>\n<td>Landet utan Oslo<\/td>\n<\/tr>\n<tr>\n<td><\/td>\n<td>2016<\/td>\n<td>2015<\/td>\n<td>2014<\/td>\n<td>2016<\/td>\n<td>2016<\/td>\n<\/tr>\n<\/thead>\n<tbody>\n<tr>\n<td>Netto driftsutgifter til vaksenoppl\u00e6ring, i prosent av samla netto driftsutgifter<\/td>\n<td>0,5<\/td>\n<td>0,5<\/td>\n<td>0,6<\/td>\n<td>0,4<\/td>\n<td>0,4<\/td>\n<\/tr>\n<tr>\n<td>Netto driftsutgifter til vaksenoppl\u00e6ring, per innbyggjar<\/td>\n<td>273<\/td>\n<td>250<\/td>\n<td>268<\/td>\n<td>213<\/td>\n<td>212<\/td>\n<\/tr>\n<\/tbody>\n<\/table>\n<p>Stord vaksenoppl\u00e6ring gir oppl\u00e6ring b\u00e5de etter introduksjonslova og etter oppl\u00e6ringslova. Fr\u00e5 og med 1. desember 2016 vart Stord vaksenoppl\u00e6ring omgjort til ei eining med eigen rektor. Det vart gjort for \u00e5 styrka den faglege og administrative drifta. Dei seinare \u00e5ra har vaksenoppl\u00e6ringa hatt over 200 deltakarar.<\/p>\n<p>&nbsp;<\/p>\n","protected":false},"excerpt":{"rendered":"<p>Vaksenoppl\u00e6ring Stord Samanlikn. kommunar Landet utan Oslo 2016 2015 2014 2016 2016 Netto driftsutgifter til vaksenoppl\u00e6ring, i prosent av samla netto driftsutgifter 0,5 0,5 0,6 0,4 0,4 Netto driftsutgifter til vaksenoppl\u00e6ring, per innbyggjar 273 250 268 213 212 Stord vaksenoppl\u00e6ring gir oppl\u00e6ring b\u00e5de etter introduksjonslova og etter oppl\u00e6ringslova. Fr\u00e5 og med 1. desember 2016 vart<\/p>\n","protected":false},"author":15,"featured_media":0,"parent":59,"menu_order":3,"comment_status":"closed","ping_status":"closed","template":"","meta":{"footnotes":""},"jetpack_sharing_enabled":true,"_links":{"self":[{"href":"https:\/\/sk-dokument.no\/arsmelding-2016\/index.php?rest_route=\/wp\/v2\/pages\/753"}],"collection":[{"href":"https:\/\/sk-dokument.no\/arsmelding-2016\/index.php?rest_route=\/wp\/v2\/pages"}],"about":[{"href":"https:\/\/sk-dokument.no\/arsmelding-2016\/index.php?rest_route=\/wp\/v2\/types\/page"}],"author":[{"embeddable":true,"href":"https:\/\/sk-dokument.no\/arsmelding-2016\/index.php?rest_route=\/wp\/v2\/users\/15"}],"replies":[{"embeddable":true,"href":"https:\/\/sk-dokument.no\/arsmelding-2016\/index.php?rest_route=%2Fwp%2Fv2%2Fcomments&post=753"}],"version-history":[{"count":7,"href":"https:\/\/sk-dokument.no\/arsmelding-2016\/index.php?rest_route=\/wp\/v2\/pages\/753\/revisions"}],"predecessor-version":[{"id":1239,"href":"https:\/\/sk-dokument.no\/arsmelding-2016\/index.php?rest_route=\/wp\/v2\/pages\/753\/revisions\/1239"}],"up":[{"embeddable":true,"href":"https:\/\/sk-dokument.no\/arsmelding-2016\/index.php?rest_route=\/wp\/v2\/pages\/59"}],"wp:attachment":[{"href":"https:\/\/sk-dokument.no\/arsmelding-2016\/index.php?rest_route=%2Fwp%2Fv2%2Fmedia&parent=753"}],"curies":[{"name":"wp","href":"https:\/\/api.w.org\/{rel}","templated":true}]}}