{"id":76,"date":"2016-04-18T12:08:39","date_gmt":"2016-04-18T10:08:39","guid":{"rendered":"http:\/\/lab.zpirit.no\/sk-arsmelding\/?page_id=76"},"modified":"2017-04-30T18:15:35","modified_gmt":"2017-04-30T16:15:35","slug":"mot-2015","status":"publish","type":"page","link":"https:\/\/sk-dokument.no\/arsmelding-2016\/?page_id=76","title":{"rendered":"5.7 Mot 2016"},"content":{"rendered":"<p>Stord kommune er eit lokalsamfunn med MOT. M\u00e5let med MOT-arbeidet er \u00e5 v\u00e6re med p\u00e5 \u00e5 skape robuste og trygge ungdommar som inkluderer alle. Dette gjer ein gjennom \u00e5 arbeide med verdiane MOT til \u00e5 leve, MOT til \u00e5 bry seg og MOT til \u00e5 sei nei.<\/p>\n<figure id=\"attachment_651\" aria-describedby=\"caption-attachment-651\" style=\"width: 718px\" class=\"wp-caption aligncenter\"><img loading=\"lazy\" decoding=\"async\" class=\"wp-image-651 size-full\" src=\"http:\/\/sk-dokument.no\/arsmelding-2016\/wp-content\/uploads\/sites\/8\/2016\/04\/MOT_Alle-1-redigert.jpg\" alt=\"\" width=\"718\" height=\"479\" srcset=\"https:\/\/sk-dokument.no\/arsmelding-2016\/wp-content\/uploads\/sites\/8\/2016\/04\/MOT_Alle-1-redigert.jpg 718w, https:\/\/sk-dokument.no\/arsmelding-2016\/wp-content\/uploads\/sites\/8\/2016\/04\/MOT_Alle-1-redigert-300x200.jpg 300w, https:\/\/sk-dokument.no\/arsmelding-2016\/wp-content\/uploads\/sites\/8\/2016\/04\/MOT_Alle-1-redigert-700x467.jpg 700w\" sizes=\"(max-width: 718px) 100vw, 718px\" \/><figcaption id=\"caption-attachment-651\" class=\"wp-caption-text\">Ungdommar med MOT. Foto: Maria Solheim<\/figcaption><\/figure>\n<p>Ungdomsskulane i Stord kommune er tre av 236 ungdomsskular i Noreg som gjennomf\u00f8rer programmet <em>MOT i ungdomsskulen<\/em>. Programmet er eit heilskapleg pedagogisk program med i alt 12 bes\u00f8k per klasse, fordelt p\u00e5 tre \u00e5r. MOT-\u00f8ktene vert leia av kommunen sine eigne MOT-coachar. Ein viktig del av MOT i ungdomsskulen er <em>Ung MOTivator. <\/em>Ung MOTivator er ein niande klassing i fr\u00e5 kvar klasse som skal vere kulturbyggarar og jobbe for \u00e5 styrkje oppvekstmilj\u00f8et p\u00e5 sin skule. \u00c9i anna viktig oppg\u00e5ve er at dei gjennomf\u00f8rer tre skulebes\u00f8k i 7 klassane for \u00e5 gjere overgangen fr\u00e5 barne- til ungdomsskulen lettare.<\/p>\n<figure id=\"attachment_658\" aria-describedby=\"caption-attachment-658\" style=\"width: 300px\" class=\"wp-caption alignright\"><img loading=\"lazy\" decoding=\"async\" class=\"wp-image-658 size-medium\" src=\"http:\/\/sk-dokument.no\/arsmelding-2016\/wp-content\/uploads\/sites\/8\/2016\/04\/MOT_Lunsj-2-redigert-300x202.jpg\" alt=\"\" width=\"300\" height=\"202\" srcset=\"https:\/\/sk-dokument.no\/arsmelding-2016\/wp-content\/uploads\/sites\/8\/2016\/04\/MOT_Lunsj-2-redigert-300x202.jpg 300w, https:\/\/sk-dokument.no\/arsmelding-2016\/wp-content\/uploads\/sites\/8\/2016\/04\/MOT_Lunsj-2-redigert.jpg 642w\" sizes=\"(max-width: 300px) 100vw, 300px\" \/><figcaption id=\"caption-attachment-658\" class=\"wp-caption-text\">Ung MOTivator samling med ungdommar fr\u00e5 Stord, Fitjar og B\u00f8mlo kommune. Foto: Maria Solheim<\/figcaption><\/figure>\n<p style=\"text-align: left\">23 november var \u00e5rets <em>MOT til \u00e5 glede dag<\/em>. Dagen handlar om \u00e5 spreie glede med enkle midlar. Den vart markert p\u00e5 ulikt vis i kommunen. <em>Signalb\u00e6rar med MOT<\/em> er ogs\u00e5 eit forsterkningstiltak for \u00e5 skape eit meir inkluderande lokalsamfunn. Kommunen har to jenter som er signalb\u00e6rarar. Jentene er med si framtoning gode rollemodellar for ungdommane og unge vaksne.<\/p>\n<p style=\"text-align: left\">I 2016 har ogs\u00e5 l\u00e6rlingane p\u00e5 Kv\u00e6rner Stord og lagleiarane i Stord handball hatt ulike MOT-\u00f8kter. Alt med m\u00e5l om \u00e5 skape eit varmare og tryggare oppvekstmilj\u00f8 p\u00e5 Stord.<\/p>\n","protected":false},"excerpt":{"rendered":"<p>Stord kommune er eit lokalsamfunn med MOT. M\u00e5let med MOT-arbeidet er \u00e5 v\u00e6re med p\u00e5 \u00e5 skape robuste og trygge ungdommar som inkluderer alle. Dette gjer ein gjennom \u00e5 arbeide med verdiane MOT til \u00e5 leve, MOT til \u00e5 bry seg og MOT til \u00e5 sei nei. Ungdomsskulane i Stord kommune er tre av 236<\/p>\n","protected":false},"author":2,"featured_media":0,"parent":59,"menu_order":7,"comment_status":"closed","ping_status":"closed","template":"","meta":{"footnotes":""},"jetpack_sharing_enabled":true,"_links":{"self":[{"href":"https:\/\/sk-dokument.no\/arsmelding-2016\/index.php?rest_route=\/wp\/v2\/pages\/76"}],"collection":[{"href":"https:\/\/sk-dokument.no\/arsmelding-2016\/index.php?rest_route=\/wp\/v2\/pages"}],"about":[{"href":"https:\/\/sk-dokument.no\/arsmelding-2016\/index.php?rest_route=\/wp\/v2\/types\/page"}],"author":[{"embeddable":true,"href":"https:\/\/sk-dokument.no\/arsmelding-2016\/index.php?rest_route=\/wp\/v2\/users\/2"}],"replies":[{"embeddable":true,"href":"https:\/\/sk-dokument.no\/arsmelding-2016\/index.php?rest_route=%2Fwp%2Fv2%2Fcomments&post=76"}],"version-history":[{"count":18,"href":"https:\/\/sk-dokument.no\/arsmelding-2016\/index.php?rest_route=\/wp\/v2\/pages\/76\/revisions"}],"predecessor-version":[{"id":1246,"href":"https:\/\/sk-dokument.no\/arsmelding-2016\/index.php?rest_route=\/wp\/v2\/pages\/76\/revisions\/1246"}],"up":[{"embeddable":true,"href":"https:\/\/sk-dokument.no\/arsmelding-2016\/index.php?rest_route=\/wp\/v2\/pages\/59"}],"wp:attachment":[{"href":"https:\/\/sk-dokument.no\/arsmelding-2016\/index.php?rest_route=%2Fwp%2Fv2%2Fmedia&parent=76"}],"curies":[{"name":"wp","href":"https:\/\/api.w.org\/{rel}","templated":true}]}}