{"id":77,"date":"2016-04-18T12:08:27","date_gmt":"2016-04-18T10:08:27","guid":{"rendered":"http:\/\/lab.zpirit.no\/sk-arsmelding\/?page_id=77"},"modified":"2017-04-30T16:27:36","modified_gmt":"2017-04-30T14:27:36","slug":"rehabilitering-helse-og-omsorg","status":"publish","type":"page","link":"https:\/\/sk-dokument.no\/arsmelding-2016\/?page_id=77","title":{"rendered":"6. REHABILITERING, HELSE OG OMSORG"},"content":{"rendered":"<p><span style=\"font-family: verdana,geneva,sans-serif;font-size: 10pt\">Nedanfor finn ein Kostra-tal for omr\u00e5det helse- og omsorg i Stord kommune. Tala syner kommunen si m\u00e5loppn\u00e5ing p\u00e5 utvalde satsingsomr\u00e5de. M\u00e5ltala tek utgangspunkt i erfaringstal.<\/span><\/p>\n<table>\n<thead>\n<tr style=\"height: 24px\">\n<th style=\"height: 24px\">M\u00c5LEKART HELSE OG OMSORGSTENESTER<\/th>\n<th style=\"height: 24px\">M\u00e5l 2016<\/th>\n<th style=\"height: 24px\">Stord 2016<\/th>\n<th style=\"height: 24px\">Stord 2015<\/th>\n<\/tr>\n<\/thead>\n<tbody>\n<tr style=\"height: 24px\">\n<td style=\"height: 24px\">Del \u00e5rsverk med fagutdanning<\/td>\n<td style=\"height: 24px\">&gt;80<\/td>\n<td style=\"height: 24px\">74<\/td>\n<td style=\"height: 24px\">73<\/td>\n<\/tr>\n<tr style=\"height: 24px\">\n<td style=\"height: 24px\">Snitt tildelte timar i heimen, heimesjukepleie<\/td>\n<td style=\"height: 24px\">&gt;9,3<\/td>\n<td style=\"height: 24px\">10,6<\/td>\n<td style=\"height: 24px\">10,3<\/td>\n<\/tr>\n<tr style=\"height: 24px\">\n<td style=\"height: 24px\">Snitt tildelte timar i heimen, praktisk bistand<\/td>\n<td style=\"height: 24px\">&lt;7,7<\/td>\n<td style=\"height: 24px\">8,2<\/td>\n<td style=\"height: 24px\">7,6<\/td>\n<\/tr>\n<tr style=\"height: 24px\">\n<td style=\"height: 24px\">Del heimeten.mottakarar med omfattande bistandsbehov, 67\u00e5r og over i prosent<\/td>\n<td style=\"height: 24px\">29,3<\/td>\n<td style=\"height: 24px\">28,8<\/td>\n<td style=\"height: 24px\">25,6<\/td>\n<\/tr>\n<tr style=\"height: 24px\">\n<td style=\"height: 24px\">Brukarar i institusjon med omfattande bistandsbehov (langtidsopphald) %<\/td>\n<td style=\"height: 24px\">&gt;91,7<\/td>\n<td style=\"height: 24px\">93,0<\/td>\n<td style=\"height: 24px\">&#8211;<\/td>\n<\/tr>\n<tr style=\"height: 24px\">\n<td style=\"height: 24px\">Tid med lege per veke per bebuar i sjukeheim (timar)<\/td>\n<td style=\"height: 24px\">&gt;0,41<\/td>\n<td style=\"height: 24px\">0,41<\/td>\n<td style=\"height: 24px\">0,43<\/td>\n<\/tr>\n<tr style=\"height: 24px\">\n<td style=\"height: 24px\">Tid med fysioterapi per veke per bebuar i sjukeheim (timar)<\/td>\n<td style=\"height: 24px\">&gt;0,17<\/td>\n<td style=\"height: 24px\">0,17<\/td>\n<td style=\"height: 24px\">0,18<\/td>\n<td style=\"height: 24px\"><\/td>\n<\/tr>\n<tr style=\"height: 24px\">\n<td style=\"height: 24px\">Mottakarar av heimetenester, pr 1000 innb,80 \u00e5r+<\/td>\n<td style=\"height: 24px\">305<\/td>\n<td style=\"height: 24px\">311<\/td>\n<td style=\"height: 24px\">312<\/td>\n<\/tr>\n<\/tbody>\n<\/table>\n<p>&nbsp;<\/p>\n<p>Det er trong for fleire tilsette\u00a0med fagutdanning, m.a. fordi kommunen gradvis overtek ansvaret for tenesteyting som tidlegare l\u00e5g under spesialisthelsetenesta. Tala viser at kommunen har fleire\u00a0personar med omfattande omsorgsbehov. Om lag halvparten av mottakarane av heimetenester i kommunen er under 67 \u00e5r. 67 prosent av tenestene gjekk til denne aldersgruppa\u00a0i 2016.<\/p>\n<table>\n<thead>\n<tr>\n<th>M\u00c5LEKART NAV KOMMUNE<\/th>\n<th>M\u00e5l 2016<\/th>\n<th>Stord 2016<\/th>\n<th>STORD 2015<\/th>\n<\/tr>\n<\/thead>\n<tbody>\n<tr>\n<td>Snitt st\u00f8nadslengde 18-24 \u00e5r , mnd.<\/td>\n<td>&lt;4,0<\/td>\n<td>4,1<\/td>\n<td>4,0<\/td>\n<\/tr>\n<tr>\n<td>Snitt st\u00f8nadslengde 25-66 \u00e5r, mnd.<\/td>\n<td>&lt;4,0<\/td>\n<td>3,9<\/td>\n<td>4,0<\/td>\n<\/tr>\n<tr>\n<td>Del som g\u00e5r over 6 m\u00e5nader p\u00e5 st\u00f8nad i %<\/td>\n<td>&lt;20<\/td>\n<td>25<\/td>\n<td>25<\/td>\n<\/tr>\n<tr>\n<td>Deltakarar i Kvalifiseringsprogrammet 18-66 \u00e5r<\/td>\n<td>&gt;13<\/td>\n<td>13<\/td>\n<td>13<\/td>\n<\/tr>\n<\/tbody>\n<\/table>\n<p>Det var h\u00f8g arbeidsl\u00f8yse i Stord kommune gjennom heile 2016. St\u00f8nadslengda for den einskilde mottakar har likevel ikkje g\u00e5tt vesentleg opp. Det har gjennom heile 2016 vore 13 eller fleire deltakarar i Kvalifiseringsprogrammet. I fjor var det totalt 18 deltakarar i programmet som g\u00e5r over to \u00e5r.<\/p>\n","protected":false},"excerpt":{"rendered":"<p>Nedanfor finn ein Kostra-tal for omr\u00e5det helse- og omsorg i Stord kommune. Tala syner kommunen si m\u00e5loppn\u00e5ing p\u00e5 utvalde satsingsomr\u00e5de. M\u00e5ltala tek utgangspunkt i erfaringstal. M\u00c5LEKART HELSE OG OMSORGSTENESTER M\u00e5l 2016 Stord 2016 Stord 2015 Del \u00e5rsverk med fagutdanning &gt;80 74 73 Snitt tildelte timar i heimen, heimesjukepleie &gt;9,3 10,6 10,3 Snitt tildelte timar i<\/p>\n","protected":false},"author":2,"featured_media":1064,"parent":0,"menu_order":6,"comment_status":"closed","ping_status":"closed","template":"","meta":{"footnotes":""},"jetpack_sharing_enabled":true,"_links":{"self":[{"href":"https:\/\/sk-dokument.no\/arsmelding-2016\/index.php?rest_route=\/wp\/v2\/pages\/77"}],"collection":[{"href":"https:\/\/sk-dokument.no\/arsmelding-2016\/index.php?rest_route=\/wp\/v2\/pages"}],"about":[{"href":"https:\/\/sk-dokument.no\/arsmelding-2016\/index.php?rest_route=\/wp\/v2\/types\/page"}],"author":[{"embeddable":true,"href":"https:\/\/sk-dokument.no\/arsmelding-2016\/index.php?rest_route=\/wp\/v2\/users\/2"}],"replies":[{"embeddable":true,"href":"https:\/\/sk-dokument.no\/arsmelding-2016\/index.php?rest_route=%2Fwp%2Fv2%2Fcomments&post=77"}],"version-history":[{"count":19,"href":"https:\/\/sk-dokument.no\/arsmelding-2016\/index.php?rest_route=\/wp\/v2\/pages\/77\/revisions"}],"predecessor-version":[{"id":1229,"href":"https:\/\/sk-dokument.no\/arsmelding-2016\/index.php?rest_route=\/wp\/v2\/pages\/77\/revisions\/1229"}],"wp:featuredmedia":[{"embeddable":true,"href":"https:\/\/sk-dokument.no\/arsmelding-2016\/index.php?rest_route=\/wp\/v2\/media\/1064"}],"wp:attachment":[{"href":"https:\/\/sk-dokument.no\/arsmelding-2016\/index.php?rest_route=%2Fwp%2Fv2%2Fmedia&parent=77"}],"curies":[{"name":"wp","href":"https:\/\/api.w.org\/{rel}","templated":true}]}}