{"id":796,"date":"2017-04-03T10:42:29","date_gmt":"2017-04-03T08:42:29","guid":{"rendered":"http:\/\/sk-dokument.no\/arsmelding-2016\/?page_id=796"},"modified":"2017-04-30T16:55:00","modified_gmt":"2017-04-30T14:55:00","slug":"drifta-i-2016","status":"publish","type":"page","link":"https:\/\/sk-dokument.no\/arsmelding-2016\/?page_id=796","title":{"rendered":"6.1 Drifta i 2016"},"content":{"rendered":"<figure id=\"attachment_935\" aria-describedby=\"caption-attachment-935\" style=\"width: 1680px\" class=\"wp-caption alignnone\"><img loading=\"lazy\" decoding=\"async\" class=\"wp-image-935 size-full\" src=\"http:\/\/sk-dokument.no\/arsmelding-2016\/wp-content\/uploads\/sites\/8\/2017\/04\/Drifta-Brukarar-og-tilsette-ved-S\u00e6b\u00f8-gard_2.jpg\" alt=\"\" width=\"1680\" height=\"1120\" srcset=\"https:\/\/sk-dokument.no\/arsmelding-2016\/wp-content\/uploads\/sites\/8\/2017\/04\/Drifta-Brukarar-og-tilsette-ved-S\u00e6b\u00f8-gard_2.jpg 1680w, https:\/\/sk-dokument.no\/arsmelding-2016\/wp-content\/uploads\/sites\/8\/2017\/04\/Drifta-Brukarar-og-tilsette-ved-S\u00e6b\u00f8-gard_2-300x200.jpg 300w, https:\/\/sk-dokument.no\/arsmelding-2016\/wp-content\/uploads\/sites\/8\/2017\/04\/Drifta-Brukarar-og-tilsette-ved-S\u00e6b\u00f8-gard_2-1280x853.jpg 1280w, https:\/\/sk-dokument.no\/arsmelding-2016\/wp-content\/uploads\/sites\/8\/2017\/04\/Drifta-Brukarar-og-tilsette-ved-S\u00e6b\u00f8-gard_2-700x467.jpg 700w\" sizes=\"(max-width: 1680px) 100vw, 1680px\" \/><figcaption id=\"caption-attachment-935\" class=\"wp-caption-text\">Brukarar og tilsette ved S\u00e6b\u00f8 gard. Foto: Haldis Lauksund<\/figcaption><\/figure>\n<p>Tenesteomr\u00e5det Rehabilitering, helse og omsorg (RHO) omfattar Kundetorget, heimebaserte tenester, institusjonstenester, Eining for habilitering, Eining for aktivitet og rehabilitering, psykisk helse og rus og NAV kommune.<\/p>\n<p>Budsjettrammer\u00a0som ikkje tok h\u00f8gde for nye brukarar medf\u00f8rer utfordring for einingane av di volumauke f\u00f8rer til \u00f8konomisk avvik. Omr\u00e5det har med stram styring likevel levert eit samla rekneskap med mindre avvik enn prognosen i tertialrapporten.<\/p>\n<p>2016 har vore eit utfordrande \u00e5r ogs\u00e5 for heimebaserte tenester. Kommunen legg opp til at ferdigbehandla pasientar i sjukehus som hovudregel skal utskrivast til heimen, dersom dei var heimebuande d\u00e5 dei vart lagde inn. Stord kommune har mangel p\u00e5 korttidsplassar i sjukeheim. Det er og liten tilgang p\u00e5 faste institusjonsplassar. Det gjer at\u00a0mange sv\u00e6rt pleietrengjande bur heime. Velferdsteknologi gjer at brukarar og p\u00e5r\u00f8rande opplever st\u00f8rre\u00a0tryggleik, men det er grenser for i kva grad teknologi kan avlaste den tradisjonelle tenesteytinga. Korttidsplassar, avlastning og rullering av plassar er tiltak som erfaringsvis kan utsetje behov for fast institusjonsplass. Utan tilgang p\u00e5 slike plassar, kjem pasient og nettverk raskare i behov av fast institusjonsplass. Kommunen \u00a0sine utgifter til Helse Fonna for ferdigbehandla pasientar i 2016 var 4 mill. kroner.<\/p>\n<p>I 2016 var det 40 brukarar som kom inn under ordninga s\u00e6rleg ressurskrevjande helse- og omsorgstenester. Dette gjeld brukarar som er s\u00e6rleg omsorgstrengjande og som kommunen f\u00e5r ekstra tilskot til. For desse brukarane f\u00e5r kommunen refundert 47 av totalt 150 millionar kroner i l\u00f8nsutgifter. Desse utgiftene dreg snittkostnaden per brukar innanfor tenesteomr\u00e5det betydeleg opp.<\/p>\n<p>Tilbodet \u00abSpringbrettet\u00bb p\u00e5 NAV Stord har synt seg \u00e5 vera eit godt tiltak. Her stiller ein vilk\u00e5r for ordin\u00e6re arbeidss\u00f8kjarar under 30 \u00e5r som opps\u00f8kjer NAV for \u00e5 f\u00e5 st\u00f8nad. Ein driv m.a. med CV-skriving, jobbs\u00f8king\/-trening. Det er strenge reglar for framm\u00f8te. Fr\u00e5vere eller for seint oppm\u00f8te gjev trekk i st\u00f8nadsutbetaling. Hovudm\u00e5let med tiltaket er at brukarane skal f\u00e5 seg utdanning eller jobb.<\/p>\n<p>Kommunen har 11 samarbeidsavtalar med Helse Fonna som skal medverke til god samhandling kring pasientane. I 2016 meldte Stord kommune 19 avvik p\u00e5 desse avtalane. Helse Fonna meldte om to avvik p\u00e5 Stord kommune. Dei fleste avvika g\u00e5r p\u00e5 manglande eller mangelfulle medisinopplysningar eller\u00a0epikriser. Avvika vert fors\u00f8kt lukka fortl\u00f8pande. Det er god dialog mellom kommunen og sjukehusa.<\/p>\n<p>For \u00e5 kompensera noko av mangelen p\u00e5 sjukeheimsplassar har kommunen mellombels leigd tre plassar i Fitjar kommune. I 2017 er dette utvida til fem. I tillegg har rehabiliteringssenteret hatt to dobbeltrom. Forprosjekt for bygging av ny sjukeheim i Bandadalskvartalet med 48 bebuarrom er vedteke og nytt bygg er planlagt ferdig i 2018. I utgangspunktet var planen \u00e5 fase inn fem nye plassar kvart \u00e5r, men presset p\u00e5 plassar og det at ein alt leiger fem plasser i Fitjar medf\u00f8rer at talet nok m\u00e5 aukast til mellom 10 og 15 f\u00f8rste \u00e5ret.<\/p>\n<p>Nytt bygg ved sjukehuset som skal husa interkommunal legevakt, kommunale akutte d\u00f8gnsenger (KAD) og observasjonssenger st\u00e5r ferdig mars 2017.<\/p>\n<p>Forprosjekt for nytt dagaktivitetssenter for personar med utviklingshemming er godkjent av kommunestyret. Det er planlagt nytt bygg p\u00e5 S\u00e6b\u00f8 gard med 20 plassar, med ei kostnadsramme p\u00e5 34,5 mill. kr. N\u00e5r dette st\u00e5r ferdig vil kommunen totalt ha 40 arbeids- og aktivitetsplassar for m\u00e5lgruppa.<\/p>\n<p>Demensteame<u>t<\/u> gjennomf\u00f8rte 41 bes\u00f8k i 2016 og det er 16 p\u00e5 venteliste ved utgangen av 2016. Bes\u00f8ka avdekker ofte behov for hjelpemidlar, avlastningstiltak og personretta tenester.<\/p>\n<p>I 2016 vart det fatta 1253 vedtak om tildeling av tenester innanfor RHO-omr\u00e5det. Fire vedtak vart p\u00e5klaga. Kommunen fekk medhald av Fylkesmannen i Hordaland i to av desse klagene, ei fekk kommunen delvis medhald i og ei er end\u00e5 ikkje ferdighandsama av fylkesmannen.<\/p>\n<p>Kommunestyret vedtok at kommunen skulle busetje 60 flyktningar i 2016, i tillegg til familiesameiningar. Det vart busett 64 flyktningar i 2016. To personar vart i tillegg sameint med familie.<\/p>\n<p>NAV gjennomf\u00f8rte si \u00e5rlege brukarunders\u00f8king. Resultata ligg litt under resultata fr\u00e5 2015, men likevel jamt over snittet i Hordaland. Tenesta\u00a0scorar bra p\u00e5 samhandling med brukarar og brukarmedverknad, og p\u00e5\u00a0m\u00e5ten ein blir motteken p\u00e5 NAV kontoret. L\u00e5gast score har ein p\u00e5 sj\u00f8lvbeteningsl\u00f8ysingar og ventetid i publikumsmottaket. Det er og gjennomf\u00f8rt brukarunders\u00f8kingar ved heimebaserte tenester, ergo-\/fysioterapitenestene og Stord sjukeheim (p\u00e5r\u00f8rande). Heimetenestene og ergo-\/fysioterapitenestene ligg noko under gjennomsnittet i Norge, der ein s\u00e6rleg har forbetringspotensiale p\u00e5\u00a0informasjon. P\u00e5 sjukeheimen er p\u00e5r\u00f8rande stort sett n\u00f8gde med tilbodet som vert gjeve. Brukarunders\u00f8kingane er ein viktig del av grunnlaget for \u00e5 utarbeida vidare handlingsplaner.<\/p>\n<p>Sjukefr\u00e5v\u00e6ret i RHO-einingane var 11,41 prosent i 2016, mot 10,63 prosent \u00e5ret f\u00f8r. Det samla fr\u00e5v\u00e6ret\u00a0i kommunen var\u00a08,3 prosent. Kommunen har f\u00e5tt innvilga fleire s\u00f8knader til NAV om tilretteleggingstilskot, og det er stort fokus p\u00e5 oppf\u00f8lging av sjukemeldte.<\/p>\n<p>Det har vore gjennomf\u00f8rt Termakurs (terapeutisk m\u00f8te med aggresjon) i fleire avdelingar. Valen sjukehus bist\u00e5r med undervisning. Fleire tilsette vil f\u00e5 tilbod om oppl\u00e6ring\u00a0i 2017.<\/p>\n<p>Fire tilsette har fullf\u00f8rt vidareutdanning i psykisk helsearbeid og rusomsorg og fem nye starta p\u00e5 slik utdanning\u00a0i 2016. Fire tilsette tek vidareutdanning i eldreomsorg, to fagarbeidarar i utviklingshemming og demensomsorg. Fire tek fagskule i milj\u00f8arbeid og to i psykisk helse. Fleire tilsette tek ulike masterutdanningar, -mellom anna tek \u00e5tte personar utdanning innanfor klinisk helse- og omsorgsvitskap. Kommunen tok inn 10 l\u00e6rlingar i helsearbeidarfaget i 2016 og tek sikte p\u00e5 \u00e5 auka til 15 i 2017.<\/p>\n<p>Det har kome ei ny forskrift om styringssystem i helse- og omsorgstenesta. Denne erstattar internkontrollforskrifta og presiserer mellom anna leiarane sitt ansvar for at tenestene fungerer etter lovverket. I samband med dette har RHO-omr\u00e5det starta med interne tilsyn for \u00e5 kvalitetssikra og forbetra tenestene. Leiarane deltek p\u00e5 interntilsyn i andre einingar. Slik l\u00e6rer ein av kvarandre.<\/p>\n","protected":false},"excerpt":{"rendered":"<p>Tenesteomr\u00e5det Rehabilitering, helse og omsorg (RHO) omfattar Kundetorget, heimebaserte tenester, institusjonstenester, Eining for habilitering, Eining for aktivitet og rehabilitering, psykisk helse og rus og NAV kommune. Budsjettrammer\u00a0som ikkje tok h\u00f8gde for nye brukarar medf\u00f8rer utfordring for einingane av di volumauke f\u00f8rer til \u00f8konomisk avvik. Omr\u00e5det har med stram styring likevel levert eit samla rekneskap med<\/p>\n","protected":false},"author":17,"featured_media":0,"parent":77,"menu_order":1,"comment_status":"closed","ping_status":"closed","template":"","meta":{"footnotes":""},"jetpack_sharing_enabled":true,"_links":{"self":[{"href":"https:\/\/sk-dokument.no\/arsmelding-2016\/index.php?rest_route=\/wp\/v2\/pages\/796"}],"collection":[{"href":"https:\/\/sk-dokument.no\/arsmelding-2016\/index.php?rest_route=\/wp\/v2\/pages"}],"about":[{"href":"https:\/\/sk-dokument.no\/arsmelding-2016\/index.php?rest_route=\/wp\/v2\/types\/page"}],"author":[{"embeddable":true,"href":"https:\/\/sk-dokument.no\/arsmelding-2016\/index.php?rest_route=\/wp\/v2\/users\/17"}],"replies":[{"embeddable":true,"href":"https:\/\/sk-dokument.no\/arsmelding-2016\/index.php?rest_route=%2Fwp%2Fv2%2Fcomments&post=796"}],"version-history":[{"count":8,"href":"https:\/\/sk-dokument.no\/arsmelding-2016\/index.php?rest_route=\/wp\/v2\/pages\/796\/revisions"}],"predecessor-version":[{"id":1233,"href":"https:\/\/sk-dokument.no\/arsmelding-2016\/index.php?rest_route=\/wp\/v2\/pages\/796\/revisions\/1233"}],"up":[{"embeddable":true,"href":"https:\/\/sk-dokument.no\/arsmelding-2016\/index.php?rest_route=\/wp\/v2\/pages\/77"}],"wp:attachment":[{"href":"https:\/\/sk-dokument.no\/arsmelding-2016\/index.php?rest_route=%2Fwp%2Fv2%2Fmedia&parent=796"}],"curies":[{"name":"wp","href":"https:\/\/api.w.org\/{rel}","templated":true}]}}