{"id":798,"date":"2017-04-03T10:43:31","date_gmt":"2017-04-03T08:43:31","guid":{"rendered":"http:\/\/sk-dokument.no\/arsmelding-2016\/?page_id=798"},"modified":"2017-04-30T18:20:37","modified_gmt":"2017-04-30T16:20:37","slug":"eining-for-psykisk-helse-og-rus","status":"publish","type":"page","link":"https:\/\/sk-dokument.no\/arsmelding-2016\/?page_id=798","title":{"rendered":"6.2 Eining for psykisk helse og rus"},"content":{"rendered":"<figure id=\"attachment_966\" aria-describedby=\"caption-attachment-966\" style=\"width: 1920px\" class=\"wp-caption alignnone\"><img loading=\"lazy\" decoding=\"async\" class=\"wp-image-966 size-full\" src=\"http:\/\/sk-dokument.no\/arsmelding-2016\/wp-content\/uploads\/sites\/8\/2016\/04\/Foto-Brit-Seldal-Myklebust-EDIT.jpg\" alt=\"\" width=\"1920\" height=\"1440\" srcset=\"https:\/\/sk-dokument.no\/arsmelding-2016\/wp-content\/uploads\/sites\/8\/2016\/04\/Foto-Brit-Seldal-Myklebust-EDIT.jpg 1920w, https:\/\/sk-dokument.no\/arsmelding-2016\/wp-content\/uploads\/sites\/8\/2016\/04\/Foto-Brit-Seldal-Myklebust-EDIT-300x225.jpg 300w, https:\/\/sk-dokument.no\/arsmelding-2016\/wp-content\/uploads\/sites\/8\/2016\/04\/Foto-Brit-Seldal-Myklebust-EDIT-1280x960.jpg 1280w, https:\/\/sk-dokument.no\/arsmelding-2016\/wp-content\/uploads\/sites\/8\/2016\/04\/Foto-Brit-Seldal-Myklebust-EDIT-700x525.jpg 700w\" sizes=\"(max-width: 1920px) 100vw, 1920px\" \/><figcaption id=\"caption-attachment-966\" class=\"wp-caption-text\">Foto: Brit S. Myklebust<\/figcaption><\/figure>\n<p>Sosial og f\u00f8rebyggjande tenester vart delt i Eining for f\u00f8rebyggjande tenester og Eining for psykisk helse og rus i oktober 2016, der f\u00f8rebyggjande tenester vart meir retta mot oppvekstomr\u00e5det.<\/p>\n<p>Eining for psykisk helse og rus organiserer tenester til personar med psykiske vanskar og\/eller rusproblem. Eininga organiserer\u00a0dagsenter (Hamna kontaktsenter og Maris), bufellesskap (Apalvegen og \u00c5kervik\u00e5sen) og opps\u00f8kjande tenester (Bustadsosialt team og to ambulante team).<\/p>\n<p>Leiarane, erfaringsmedarbeidarane, Tingarkontoret og DPS deltek i eit regionalt l\u00e6ringsnettverk som har som m\u00e5l \u00e5 styrke arbeidet med \u00e5 innf\u00f8re recovery-orienterte tenester (Denne arbeidsmetodikken vektlegg ressursorientering og betringsprosessar) og betre samhandlinga mellom ulike niv\u00e5 i tenesteapparatet. L\u00e6ringsnettverket er eit samarbeid mellom Helse- og omsorgsdepartementet, Helsedirektoratet og KS, der m\u00e5let er \u00e5 utvikle gode rutinar\u00a0og god samhandling, og aktiv brukarinvolvering. Visjonen for arbeidet er at fokus skal flyttast fr\u00e5 \u00ab<em>Kva er i vegen med deg<\/em>?\u00bb til \u00ab<em>Kva er viktig for deg?<\/em>\u00bb. Eininga vil ha fokus p\u00e5 dette arbeidet vidare i 2017.<\/p>\n","protected":false},"excerpt":{"rendered":"<p>Sosial og f\u00f8rebyggjande tenester vart delt i Eining for f\u00f8rebyggjande tenester og Eining for psykisk helse og rus i oktober 2016, der f\u00f8rebyggjande tenester vart meir retta mot oppvekstomr\u00e5det. Eining for psykisk helse og rus organiserer tenester til personar med psykiske vanskar og\/eller rusproblem. Eininga organiserer\u00a0dagsenter (Hamna kontaktsenter og Maris), bufellesskap (Apalvegen og \u00c5kervik\u00e5sen) og<\/p>\n","protected":false},"author":17,"featured_media":0,"parent":77,"menu_order":2,"comment_status":"closed","ping_status":"closed","template":"","meta":{"footnotes":""},"jetpack_sharing_enabled":true,"_links":{"self":[{"href":"https:\/\/sk-dokument.no\/arsmelding-2016\/index.php?rest_route=\/wp\/v2\/pages\/798"}],"collection":[{"href":"https:\/\/sk-dokument.no\/arsmelding-2016\/index.php?rest_route=\/wp\/v2\/pages"}],"about":[{"href":"https:\/\/sk-dokument.no\/arsmelding-2016\/index.php?rest_route=\/wp\/v2\/types\/page"}],"author":[{"embeddable":true,"href":"https:\/\/sk-dokument.no\/arsmelding-2016\/index.php?rest_route=\/wp\/v2\/users\/17"}],"replies":[{"embeddable":true,"href":"https:\/\/sk-dokument.no\/arsmelding-2016\/index.php?rest_route=%2Fwp%2Fv2%2Fcomments&post=798"}],"version-history":[{"count":6,"href":"https:\/\/sk-dokument.no\/arsmelding-2016\/index.php?rest_route=\/wp\/v2\/pages\/798\/revisions"}],"predecessor-version":[{"id":1248,"href":"https:\/\/sk-dokument.no\/arsmelding-2016\/index.php?rest_route=\/wp\/v2\/pages\/798\/revisions\/1248"}],"up":[{"embeddable":true,"href":"https:\/\/sk-dokument.no\/arsmelding-2016\/index.php?rest_route=\/wp\/v2\/pages\/77"}],"wp:attachment":[{"href":"https:\/\/sk-dokument.no\/arsmelding-2016\/index.php?rest_route=%2Fwp%2Fv2%2Fmedia&parent=798"}],"curies":[{"name":"wp","href":"https:\/\/api.w.org\/{rel}","templated":true}]}}