{"id":800,"date":"2017-04-03T10:44:55","date_gmt":"2017-04-03T08:44:55","guid":{"rendered":"http:\/\/sk-dokument.no\/arsmelding-2016\/?page_id=800"},"modified":"2017-04-30T18:52:44","modified_gmt":"2017-04-30T16:52:44","slug":"ulike-prosjekt-innan-ansvarsomrade","status":"publish","type":"page","link":"https:\/\/sk-dokument.no\/arsmelding-2016\/?page_id=800","title":{"rendered":"6.5 Utviklingsarbeid"},"content":{"rendered":"<p>Velferdsteknologiprosjektet vart vidaref\u00f8rt i 2016. Det har vore pr\u00f8vd ut mange forskjellige teknologiske l\u00f8ysingar og nokre av dei er verdt \u00e5 g\u00e5 vidare med.<\/p>\n<figure id=\"attachment_938\" aria-describedby=\"caption-attachment-938\" style=\"width: 900px\" class=\"wp-caption alignleft\"><img loading=\"lazy\" decoding=\"async\" class=\"wp-image-938 size-large\" src=\"http:\/\/sk-dokument.no\/arsmelding-2016\/wp-content\/uploads\/sites\/8\/2017\/04\/Ulike-prosjekt-Prosjektgruppa-velferdsteknologi-foto-Haldis-Lauksund1-1280x853.jpg\" alt=\"\" width=\"900\" height=\"600\" srcset=\"https:\/\/sk-dokument.no\/arsmelding-2016\/wp-content\/uploads\/sites\/8\/2017\/04\/Ulike-prosjekt-Prosjektgruppa-velferdsteknologi-foto-Haldis-Lauksund1-1280x853.jpg 1280w, https:\/\/sk-dokument.no\/arsmelding-2016\/wp-content\/uploads\/sites\/8\/2017\/04\/Ulike-prosjekt-Prosjektgruppa-velferdsteknologi-foto-Haldis-Lauksund1-300x200.jpg 300w, https:\/\/sk-dokument.no\/arsmelding-2016\/wp-content\/uploads\/sites\/8\/2017\/04\/Ulike-prosjekt-Prosjektgruppa-velferdsteknologi-foto-Haldis-Lauksund1-700x467.jpg 700w\" sizes=\"(max-width: 900px) 100vw, 900px\" \/><figcaption id=\"caption-attachment-938\" class=\"wp-caption-text\">Prosjektgruppa for velferdsteknologi. Foto: Haldis Lauksund<\/figcaption><\/figure>\n<p>&nbsp;<\/p>\n<p>F\u00f8rebyggjande heimebes\u00f8k er eit prosjekt som har som m\u00e5l \u00e5 gje opplysning, r\u00e5d og vegleiing til eldre heimebuande slik at dei i st\u00f8rst mogleg grad kan bu i eigen heim. Tilsette i heimebaserte tenester, brannvesenet og ergoterapeut deltek i bes\u00f8ka. Prosjektet har f\u00e5tt gode tilbakemeldingar og vert vidaref\u00f8rt i 2017.<\/p>\n<p>Ern\u00e6ringsprosjektet er vidareutvikla, og dette har f\u00f8rt til at ein har flytta middagstidspunkt til kl. 15.30 og lunsj er innf\u00f8rt kl.12.30 p\u00e5 Stord sjukeheim. Vellukka restaurantkveldar er gjennomf\u00f8rt ved Knutsa\u00e5sen omsorgssenter. Prosjektet har som m\u00e5lsetjing \u00e5 f\u00f8rebygga underern\u00e6ring og at m\u00e5ltida skal vera ei positiv oppleving.<\/p>\n<p>Prosjektet Oppl\u00e6ring av eigne helsefagarbeidarar er sett i verk for \u00e5 hjelpa fast tilsette assistentar fram til fagbrev i helsearbeidarfaget. Dei f\u00e5r s\u00e6rskild oppl\u00e6ring og vert prioriterte til \u00e5 f\u00e5 naudsynt praksis for \u00e5 kunne g\u00e5 opp til fagpr\u00f8ve. Det er ni tilsette som er deltakarar i prosjektet og tre har f\u00e5tt naudsynt praksis og oppl\u00e6ring i 2016, slik at dei er klare for \u00e5 g\u00e5 opp til fagpr\u00f8ve v\u00e5ren 2017. Det blir d\u00e5 rekruttert nye kandidatar.<\/p>\n<p>Heimerehabiliteringsteamet best\u00e5r av sjukepleiar, ergoterapeut og fysioterapeut. Brukarane f\u00e5r oppf\u00f8lging av teamet i fire til seks veker, med intensiv trening retta mot at brukar skal meistra kvardagen mest mogleg sj\u00f8lvstendig. I 2016 vart det tilvist 83 kandidatar og 36 av desse var aktuelle for heimerehabilitering. Kartlegging viser gode resultat for brukarane.<\/p>\n<p>Frisklivssentralen er eit f\u00f8rebyggjande helsetilbod for personar som treng rettleiing og oppf\u00f8lging for \u00e5 f\u00e5 meir helsefremjande levevanar. Sentralen jobbar fleksibelt og tverrfagleg p\u00e5 tvers av tenester, avdelingar og einingar. M\u00e5lgrupper i 2016 har vore personar med psykiske lidingar og rusproblem, personar med KOLS og med hjerneskade. Frisklivssentralen har og hatt eit prosjekt p\u00e5 aktivitet for brukarar ved Hamna kontaktsenter og Maris (medikamentassistert rehabilitering). Prosjektet\u00a0har mellom anna arrangert gatefotball, m\u00e5let er \u00e5 etablere eit fast aktivitetstilbod for denne m\u00e5lgruppa.<\/p>\n<p>Frivilligsentralen har sett i verk ei ordning der dei koplar frivillige og flyktningtenesta. \u00abEg e`kompis\u00bb g\u00e5r ut p\u00e5 at ein person forpliktar seg til \u00e5 vera saman med ein ny landsmann seks gonger i l\u00f8pet av tre m\u00e5nader, to i regi av Frivilligsentralen og Flyktningtenesta og fire p\u00e5 eiga hand. Dette krev lite administrering og kan vera overf\u00f8rbart til andre omr\u00e5der.<\/p>\n<p>Prosjekt erfaringsmedarbeidar er pr\u00f8vd ut gjennom fleire \u00e5r. Det har vore erfaringsmedarbeidarar i bustadsosialt team (Probis) og ved Hamna kontaktsenter. Her vert tidlegare brukarar med erfaring fr\u00e5 omr\u00e5det bindeledd mellom brukar og fagperson. Det er god erfaring med ei slik ordning.<\/p>\n<p>Tjue personar med\u00a0med psykisk utviklingshemming har s\u00f8kt om bustad. Gjennom \u00e5ret har ein arbeida med eit forstudie der ein planlegg eit nytt bufellesskap for nokre av desse. Dette vert vidaref\u00f8rt i eit forprosjekt med planlagt byggjestart i 2017.<\/p>\n<p>P\u00e5r\u00f8randeprosjektet vart sett i gong p\u00e5 bakgrunn av ei unders\u00f8king i kommunen som viste at familiar med store omsorgsoppg\u00e5ver opplever lite fleksibilitet i avlastingstilbodet, som igjen aukar den totale belastinga. I prosjektet \u00f8nskte ein \u00e5 f\u00e5 kunnskap om kven som har krevjande omsorgsoppg\u00e5ver, deira situasjon og kor vidt\u00a0tilbodet i dag samsvarar med behovet. Ei sp\u00f8rjeunders\u00f8king viste at personar med omsorgsoppg\u00e5ver opplever at informasjonen er mangelfull, at dei i liten grad har h\u00f8ve til \u00e5 p\u00e5verka avgjersler, og at avlastningstilbodet \u00a0er lite fleksibelt. Kommunen set i gong arbeid med forbetring og utvikling av avlastingstilbodet.<\/p>\n<p>Kommunen har vore med i prosjekt i h\u00f8ve re-innleggingar i sjukehus, der eit tema var re-innleggingar av eldre. Godt samarbeid\u00a0mellom lege, heimetenesta og sjukehus ved utskriving er sv\u00e6rt viktig for \u00e5 unng\u00e5 at pasientar vert innlagt p\u00e5 nytt.<\/p>\n","protected":false},"excerpt":{"rendered":"<p>Velferdsteknologiprosjektet vart vidaref\u00f8rt i 2016. Det har vore pr\u00f8vd ut mange forskjellige teknologiske l\u00f8ysingar og nokre av dei er verdt \u00e5 g\u00e5 vidare med. &nbsp; F\u00f8rebyggjande heimebes\u00f8k er eit prosjekt som har som m\u00e5l \u00e5 gje opplysning, r\u00e5d og vegleiing til eldre heimebuande slik at dei i st\u00f8rst mogleg grad kan bu i eigen heim.<\/p>\n","protected":false},"author":17,"featured_media":0,"parent":77,"menu_order":5,"comment_status":"closed","ping_status":"closed","template":"","meta":{"footnotes":""},"jetpack_sharing_enabled":true,"_links":{"self":[{"href":"https:\/\/sk-dokument.no\/arsmelding-2016\/index.php?rest_route=\/wp\/v2\/pages\/800"}],"collection":[{"href":"https:\/\/sk-dokument.no\/arsmelding-2016\/index.php?rest_route=\/wp\/v2\/pages"}],"about":[{"href":"https:\/\/sk-dokument.no\/arsmelding-2016\/index.php?rest_route=\/wp\/v2\/types\/page"}],"author":[{"embeddable":true,"href":"https:\/\/sk-dokument.no\/arsmelding-2016\/index.php?rest_route=\/wp\/v2\/users\/17"}],"replies":[{"embeddable":true,"href":"https:\/\/sk-dokument.no\/arsmelding-2016\/index.php?rest_route=%2Fwp%2Fv2%2Fcomments&post=800"}],"version-history":[{"count":6,"href":"https:\/\/sk-dokument.no\/arsmelding-2016\/index.php?rest_route=\/wp\/v2\/pages\/800\/revisions"}],"predecessor-version":[{"id":1255,"href":"https:\/\/sk-dokument.no\/arsmelding-2016\/index.php?rest_route=\/wp\/v2\/pages\/800\/revisions\/1255"}],"up":[{"embeddable":true,"href":"https:\/\/sk-dokument.no\/arsmelding-2016\/index.php?rest_route=\/wp\/v2\/pages\/77"}],"wp:attachment":[{"href":"https:\/\/sk-dokument.no\/arsmelding-2016\/index.php?rest_route=%2Fwp%2Fv2%2Fmedia&parent=800"}],"curies":[{"name":"wp","href":"https:\/\/api.w.org\/{rel}","templated":true}]}}