{"id":804,"date":"2017-04-03T10:47:55","date_gmt":"2017-04-03T08:47:55","guid":{"rendered":"http:\/\/sk-dokument.no\/arsmelding-2016\/?page_id=804"},"modified":"2017-04-30T18:26:33","modified_gmt":"2017-04-30T16:26:33","slug":"samarbeid-med-frivillige-lag-og-organisasjonar","status":"publish","type":"page","link":"https:\/\/sk-dokument.no\/arsmelding-2016\/?page_id=804","title":{"rendered":"6.3 Samarbeid med frivillige lag og organisasjonar"},"content":{"rendered":"<p>Ved Rehabiliteringssenteret nyttar fleire lag og organisasjonar kantina til samlingar. Varmtvassbassenget vert ogs\u00e5 mykje brukt\u00a0av ulike lag og organisasjonar .<\/p>\n<p>I Eining for habilitering er det samarbeid med Friluftsr\u00e5det Vest og NFU (Norsk foreining for utviklingshemma) om prosjektet \u00abFriluft for alle\u00bb. Det blir arrangert ulike turar som er tilrettelagde for brukargruppa, men der alle kan delta. R\u00f8de Kors barnehjelp arrangerer diskotek og juletrefest, Stord idrettslag driv handballag for utviklingshemma, NFU driv koret Festivito og arrangerer sommarleir saman med Frivilligsentralen.<\/p>\n<p>Saman med Kirkens bymisjon driv Eining for psykisk helse og rus gatefotball. Dette er ein del av Friskt alternativ som Frelsesarmeen st\u00e5r bak.<\/p>\n<p>R\u00f8de Kors pasientvener er p\u00e5 bes\u00f8k p\u00e5 institusjonane kvar veke. Dei snakkar med pasientane og sel frukt, drops m.m. Alle institusjonane har avtale med R\u00f8de kors bes\u00f8kshund.<\/p>\n<p>Fleire avdelingar har bes\u00f8k av barnehagar av og til. Ved sjukeheimen har ein bes\u00f8ksvener fr\u00e5 Stord og Fitjar Demensforening, og ved sommarbasaren deltek b\u00e5de R\u00f8de Kors og Rebeccalosjen saman med andre frivillige.<\/p>\n<p>Institusjonane har faste tidspunkt for andaktar og songandaktar i regi av kyrkjekontoret. Desse er b\u00e5de ved kyrkja sine tilsette og andre organisasjonar. I tillegg har Knutsa\u00e5sen omsorgssenter faste innslag der frivillige bidreg med song og musikk.<\/p>\n<p>M\u00e5ndagstreffet i S\u00e6varhagen er drifta av frivillige som serverar mat og kaffi, leiar bingo og bidreg til ei fin stund for eldre. Dette er for einslege eldre som anten er blitt aleine, eller som ikkje har familie i n\u00e6rleiken. Tilbodet er organisert av frivilligsentralen og inkluderer transport.<\/p>\n<p>Siste tida er det kome i gong ordning med\u00a0<em>aktivitetsvenn<\/em> i regi av R\u00f8de Kors i samarbeid med heimetenestene.<\/p>\n","protected":false},"excerpt":{"rendered":"<p>Ved Rehabiliteringssenteret nyttar fleire lag og organisasjonar kantina til samlingar. Varmtvassbassenget vert ogs\u00e5 mykje brukt\u00a0av ulike lag og organisasjonar . I Eining for habilitering er det samarbeid med Friluftsr\u00e5det Vest og NFU (Norsk foreining for utviklingshemma) om prosjektet \u00abFriluft for alle\u00bb. Det blir arrangert ulike turar som er tilrettelagde for brukargruppa, men der alle kan<\/p>\n","protected":false},"author":17,"featured_media":0,"parent":77,"menu_order":3,"comment_status":"closed","ping_status":"closed","template":"","meta":{"footnotes":""},"jetpack_sharing_enabled":true,"_links":{"self":[{"href":"https:\/\/sk-dokument.no\/arsmelding-2016\/index.php?rest_route=\/wp\/v2\/pages\/804"}],"collection":[{"href":"https:\/\/sk-dokument.no\/arsmelding-2016\/index.php?rest_route=\/wp\/v2\/pages"}],"about":[{"href":"https:\/\/sk-dokument.no\/arsmelding-2016\/index.php?rest_route=\/wp\/v2\/types\/page"}],"author":[{"embeddable":true,"href":"https:\/\/sk-dokument.no\/arsmelding-2016\/index.php?rest_route=\/wp\/v2\/users\/17"}],"replies":[{"embeddable":true,"href":"https:\/\/sk-dokument.no\/arsmelding-2016\/index.php?rest_route=%2Fwp%2Fv2%2Fcomments&post=804"}],"version-history":[{"count":3,"href":"https:\/\/sk-dokument.no\/arsmelding-2016\/index.php?rest_route=\/wp\/v2\/pages\/804\/revisions"}],"predecessor-version":[{"id":1250,"href":"https:\/\/sk-dokument.no\/arsmelding-2016\/index.php?rest_route=\/wp\/v2\/pages\/804\/revisions\/1250"}],"up":[{"embeddable":true,"href":"https:\/\/sk-dokument.no\/arsmelding-2016\/index.php?rest_route=\/wp\/v2\/pages\/77"}],"wp:attachment":[{"href":"https:\/\/sk-dokument.no\/arsmelding-2016\/index.php?rest_route=%2Fwp%2Fv2%2Fmedia&parent=804"}],"curies":[{"name":"wp","href":"https:\/\/api.w.org\/{rel}","templated":true}]}}