{"id":830,"date":"2017-04-08T09:51:58","date_gmt":"2017-04-08T07:51:58","guid":{"rendered":"http:\/\/sk-dokument.no\/arsmelding-2016\/?page_id=830"},"modified":"2017-04-19T10:43:07","modified_gmt":"2017-04-19T08:43:07","slug":"malsetjing-for-2017","status":"publish","type":"page","link":"https:\/\/sk-dokument.no\/arsmelding-2016\/?page_id=830","title":{"rendered":"3.1 M\u00e5lsetjing for 2017"},"content":{"rendered":"<p>Kommunen sine overordna m\u00e5lsettingar ligg i kommuneplanen for 2010-2021. Stord kommune skal i planperioden stimulera til at visjonen om \u00e5 vera saman om utvikling og velferd vert realisert gjennom \u00e5 f\u00f8lgja opp m\u00e5lsettingane innanfor mellom anna desse omr\u00e5da:<\/p>\n<ul>\n<li>Byutvikling, senterstruktur og samferdsle<\/li>\n<li>Milj\u00f8, estetikk og trivsel<\/li>\n<li>Arbeid og n\u00e6ringsliv<\/li>\n<li>Areal<\/li>\n<\/ul>\n","protected":false},"excerpt":{"rendered":"<p>Kommunen sine overordna m\u00e5lsettingar ligg i kommuneplanen for 2010-2021. Stord kommune skal i planperioden stimulera til at visjonen om \u00e5 vera saman om utvikling og velferd vert realisert gjennom \u00e5 f\u00f8lgja opp m\u00e5lsettingane innanfor mellom anna desse omr\u00e5da: Byutvikling, senterstruktur og samferdsle Milj\u00f8, estetikk og trivsel Arbeid og n\u00e6ringsliv Areal<\/p>\n","protected":false},"author":17,"featured_media":0,"parent":43,"menu_order":1,"comment_status":"closed","ping_status":"closed","template":"","meta":{"footnotes":""},"jetpack_sharing_enabled":true,"_links":{"self":[{"href":"https:\/\/sk-dokument.no\/arsmelding-2016\/index.php?rest_route=\/wp\/v2\/pages\/830"}],"collection":[{"href":"https:\/\/sk-dokument.no\/arsmelding-2016\/index.php?rest_route=\/wp\/v2\/pages"}],"about":[{"href":"https:\/\/sk-dokument.no\/arsmelding-2016\/index.php?rest_route=\/wp\/v2\/types\/page"}],"author":[{"embeddable":true,"href":"https:\/\/sk-dokument.no\/arsmelding-2016\/index.php?rest_route=\/wp\/v2\/users\/17"}],"replies":[{"embeddable":true,"href":"https:\/\/sk-dokument.no\/arsmelding-2016\/index.php?rest_route=%2Fwp%2Fv2%2Fcomments&post=830"}],"version-history":[{"count":1,"href":"https:\/\/sk-dokument.no\/arsmelding-2016\/index.php?rest_route=\/wp\/v2\/pages\/830\/revisions"}],"predecessor-version":[{"id":831,"href":"https:\/\/sk-dokument.no\/arsmelding-2016\/index.php?rest_route=\/wp\/v2\/pages\/830\/revisions\/831"}],"up":[{"embeddable":true,"href":"https:\/\/sk-dokument.no\/arsmelding-2016\/index.php?rest_route=\/wp\/v2\/pages\/43"}],"wp:attachment":[{"href":"https:\/\/sk-dokument.no\/arsmelding-2016\/index.php?rest_route=%2Fwp%2Fv2%2Fmedia&parent=830"}],"curies":[{"name":"wp","href":"https:\/\/api.w.org\/{rel}","templated":true}]}}