{"id":84,"date":"2016-04-18T12:08:27","date_gmt":"2016-04-18T10:08:27","guid":{"rendered":"http:\/\/lab.zpirit.no\/sk-arsmelding\/?page_id=84"},"modified":"2017-04-30T19:14:46","modified_gmt":"2017-04-30T17:14:46","slug":"okonomi","status":"publish","type":"page","link":"https:\/\/sk-dokument.no\/arsmelding-2016\/?page_id=84","title":{"rendered":"6.7 \u00d8konomi"},"content":{"rendered":"<p>&nbsp;<\/p>\n<table>\n<thead>\n<tr>\n<th>PLEIE OG OMSORG, N\u00f8kkeltal fr\u00e5 Kostra, niv\u00e5 2<\/th>\n<th colspan=\"3\">Stord<\/th>\n<th>Samanlikn. kommunar<\/th>\n<th>Landet utan Oslo<\/th>\n<\/tr>\n<tr>\n<th><\/th>\n<th>2016<\/th>\n<th>2015<\/th>\n<th>2014<\/th>\n<th>2016<\/th>\n<th>2016<\/th>\n<\/tr>\n<\/thead>\n<tbody>\n<tr>\n<th>Heimetenesta<\/th>\n<td><\/td>\n<td><\/td>\n<td><\/td>\n<td><\/td>\n<td><\/td>\n<\/tr>\n<tr>\n<td>Korrigerte brutto driftsutg. per mottakar av heimetenester (i kroner)<\/td>\n<td>365 769<\/td>\n<td>338 599<\/td>\n<td>336 751<\/td>\n<td>200 530<\/td>\n<td>246 456<\/td>\n<\/tr>\n<tr>\n<td>Mottakarar av heimetenester pr 1000 innb. 0-66 \u00e5r<\/td>\n<td>19<\/td>\n<td>19<\/td>\n<td>19<\/td>\n<td>28<\/td>\n<td>21<\/td>\n<\/tr>\n<tr>\n<td>Mottakarar av heimetenester pr 1000 innb. 80 \u00e5r og over<\/td>\n<td>311<\/td>\n<td>312<\/td>\n<td>305<\/td>\n<td>418<\/td>\n<td>325<\/td>\n<\/tr>\n<tr>\n<td>Andel heimebuande brukarar med omfattande bistandstrong, 67 \u00e5r + i %<\/td>\n<td>28,8<\/td>\n<td>25,6<\/td>\n<td>24,2<\/td>\n<td>15,3<\/td>\n<td>13,7<\/td>\n<\/tr>\n<tr>\n<th>Institusjonar<\/th>\n<td><\/td>\n<td><\/td>\n<td><\/td>\n<td><\/td>\n<td><\/td>\n<\/tr>\n<tr>\n<td>Plassar i institusjon i % av innbyggjarar over 80 \u00e5r<\/td>\n<td>11,8<\/td>\n<td>11,7<\/td>\n<td>11,6<\/td>\n<td>&#8211;<\/td>\n<td>17,1<\/td>\n<\/tr>\n<tr>\n<td>Legetimar pr veke pr bebuar i sjukeheim<\/td>\n<td>0,41<\/td>\n<td>0,43<\/td>\n<td>0,41<\/td>\n<td>0,38<\/td>\n<td>0,55<\/td>\n<\/tr>\n<tr>\n<td>Fysioterapitimar pr veke pr bebuar i sjukeheim<\/td>\n<td>0,17<\/td>\n<td>0,18<\/td>\n<td>0,17<\/td>\n<td>0,24<\/td>\n<td>0,40<\/td>\n<\/tr>\n<tr>\n<td>Andel plassar i skjerma eining for personar med demens<\/td>\n<td>33,3<\/td>\n<td>33,2<\/td>\n<td>34,2<\/td>\n<td>24,9<\/td>\n<td>27,8<\/td>\n<\/tr>\n<tr>\n<td>Korrigerte brutto driftsutgifter i institusjon per plass i kroner<\/td>\n<td>1284765<\/td>\n<td>1 155 081<\/td>\n<td>1 147 619<\/td>\n<td>1137949<\/td>\n<td>1099177<\/td>\n<\/tr>\n<tr>\n<td>Andel brukarar i institusjon med omfattande bistandstrong, langtidsplassar<\/td>\n<td>93,0<\/td>\n<td>&#8211;<\/td>\n<td>&#8211;<\/td>\n<td>85,3<\/td>\n<td>84,4<\/td>\n<\/tr>\n<\/tbody>\n<\/table>\n<p>&nbsp;<\/p>\n<p>Kostra-tala viser at kommunen har markant st\u00f8rre utgifter per mottakar av heimetenester enn samanlikningskommunane, og ligg litt over n\u00e5r det gjeld driftsutgifter pr. \u00a0institusjonsplass. Noko av grunnen for dette kan ein finna i figuren under som syner fordeling av tenester til innbyggjarar over 80 \u00e5r.<\/p>\n<div id=\"diagram-tenesterover80\"><\/div>\n<p>Kilde: SSB\/Kostra. *<em>for kostragruppe 8 er det brukt 2015-tall pga manglende statistikk for 2016.<\/em><\/p>\n<p>Figuren viser at del av innbyggjarar over 80 \u00e5r som bur p\u00e5 institusjon ligg markant under samanlikningskommunane. Dette tyder p\u00e5 at heimetenestene sannsynlegvis gir tenester til fleire som ville f\u00e5tt institusjonsplass i andre kommunar. I tillegg vil den h\u00f8ge terskelen for \u00e5 f\u00e5 fast plass p\u00e5 institusjon f\u00f8re til at bebuarane er sterkt omsorgstrengande ved innlegging og treng omfattande tenester. I institusjonane p\u00e5 Stord er 93% sterkt omsorgstrengande mot 85% i samanlikningskommunane.<\/p>\n<div id=\"diagram-bistandsbehov\"><\/div>\n<p>Figuren over viser at for alle aldersgrupper skil Stord seg ut med eit langt meir omfattande bistandsbehov i heimetenestene, over dobbelt s\u00e5 h\u00f8gt i aldersgruppene 0-66 \u00e5r og 80 \u00e5r og over. Dette er ei viktig forklaring p\u00e5 det h\u00f8ge kostnadsniv\u00e5et i Stord, d\u00e5 desse har behov for omfattande tenester.<\/p>\n<table>\n<thead>\n<tr>\n<td><strong>SOSIALTENESTA<\/strong><\/td>\n<td colspan=\"3\"><strong>Stord<\/strong><\/td>\n<td><strong>Samanlikn. kommunar<\/strong><\/td>\n<td><strong>Landet utan Oslo<\/strong><\/td>\n<\/tr>\n<tr>\n<td><\/td>\n<td><strong>2016<\/strong><\/td>\n<td><strong>2015<\/strong><\/td>\n<td><strong>2014<\/strong><\/td>\n<td><strong>2016<\/strong><\/td>\n<td><strong>2016<\/strong><\/td>\n<\/tr>\n<\/thead>\n<tbody>\n<tr>\n<td>Netto driftsutgifter til sosialtenesta per innbyggar, i kroner<\/td>\n<td>2349<\/td>\n<td>1719<\/td>\n<td>1693<\/td>\n<td>2028<\/td>\n<td>2400<\/td>\n<\/tr>\n<tr>\n<td>Netto driftsutg. til sosialtenesta i prosent av samla netto driftsutgifter<\/td>\n<td>4,6<\/td>\n<td>3,6<\/td>\n<td>3,6<\/td>\n<td>3,9<\/td>\n<td>3,9<\/td>\n<\/tr>\n<tr>\n<td>Netto driftsutg. til tilbud personar med rusproblem pr innbyggjar 20-66 \u00e5r<\/td>\n<td>1004<\/td>\n<td>539<\/td>\n<td>768<\/td>\n<td>312<\/td>\n<td>423<\/td>\n<\/tr>\n<tr>\n<td>Andelen sosialhjelpsmottakarar i forhold til innbyggjarar i alderen 20-66 \u00e5r<\/td>\n<td>4,4<\/td>\n<td>3,7<\/td>\n<td>3,6<\/td>\n<td>&#8211;<\/td>\n<td>4,3<\/td>\n<\/tr>\n<tr>\n<td>Sosialhjelpsmottakarar<\/td>\n<td>497<\/td>\n<td>416<\/td>\n<td>399<\/td>\n<td>278<\/td>\n<td><\/td>\n<\/tr>\n<tr>\n<td>Brutto driftsutgifter til \u00f8konomisk sosialhjelp per mottakar<\/td>\n<td>31465<\/td>\n<td>31226<\/td>\n<td>25880<\/td>\n<td>&#8211;<\/td>\n<td>42515<\/td>\n<\/tr>\n<tr>\n<td>Gjennomsnittleg utbetaling per st\u00f8nadsm\u00e5nad<\/td>\n<td>8089<\/td>\n<td>8082<\/td>\n<td>7046<\/td>\n<td>&#8211;<\/td>\n<td>&#8211;<\/td>\n<\/tr>\n<tr>\n<td>Sosialhjelpsmottakarar med sosialhjelp\/introduksjonsst\u00f8nad som hovudinntektskjelde, andel<\/td>\n<td>48,7<\/td>\n<td>44,0<\/td>\n<td>&#8211;<\/td>\n<td>&#8211;<\/td>\n<td>49,0<\/td>\n<\/tr>\n<\/tbody>\n<\/table>\n<p>&nbsp;<\/p>\n<p>Det var h\u00f8g arbeidsl\u00f8yse i Stord kommune gjennom heile 2016. Auka kostnader til\u00a0\u00f8konomisk sosialhjelp samsvarar med auken i tal p\u00e5 mottakarar. Dette syner att p\u00e5 tal mottakarar av \u00f8konomisk sosialhjelp som auka med 81 personar i 2016 (497) samanlikna med 2015 (416).<\/p>\n<table>\n<thead>\n<tr>\n<th>KOMMUNEHELSETENESTA<\/th>\n<th colspan=\"3\">Stord<\/th>\n<th>Samanlikn. kommunar<\/th>\n<th>Landet utan Oslo<\/th>\n<\/tr>\n<tr>\n<th><\/th>\n<th>2016<\/th>\n<th>2015<\/th>\n<th>2014<\/th>\n<th>2016<\/th>\n<th>2016<\/th>\n<\/tr>\n<\/thead>\n<tbody>\n<tr>\n<td>Netto driftsutgifter per innbyggjar i kroner, kommunehelsetenesta<\/td>\n<td>2426<\/td>\n<td>2439<\/td>\n<td>2265<\/td>\n<td>2353<\/td>\n<td>2540<\/td>\n<\/tr>\n<tr>\n<td>Netto driftsutgifter i prosent av samla netto driftsutgifter<\/td>\n<td>4,8<\/td>\n<td>4,9<\/td>\n<td>4,8<\/td>\n<td>4,6<\/td>\n<td>4,7<\/td>\n<\/tr>\n<tr>\n<td>Netto driftsutgifter til diagnose, behandling og rehabilitering per innbyggjar<\/td>\n<td>1499<\/td>\n<td>1524<\/td>\n<td>1355<\/td>\n<td>1541<\/td>\n<td>1765<\/td>\n<\/tr>\n<tr>\n<td>Lege\u00e5rsverk per 10 000 innbyggjarar, kommunehelsetjenesta<\/td>\n<td>10,9<\/td>\n<td>11,6<\/td>\n<td>11,7<\/td>\n<td>10,2<\/td>\n<td>10,7<\/td>\n<\/tr>\n<tr>\n<td>Fysioterapi\u00e5rsverk per 10 000 innbyggjarar, kommunehelsetjenesta<\/td>\n<td>7,3<\/td>\n<td>7,0<\/td>\n<td>7,1<\/td>\n<td>8,2<\/td>\n<td>9,1<\/td>\n<\/tr>\n<\/tbody>\n<\/table>\n<p>Utgiftene var noko h\u00f8gare i 2015 m.a. grunna vikarutgifter til lege i lovp\u00e5lagd permisjon og tilskot til oppbygging av liste for ny fastlege. Tilgang p\u00e5 ledige plasser hj\u00e5 fastlegane gjev f\u00e6rre \u00e5rsverk pr. innbyggjar. Fastl\u00f8na fysioterapeutar inkluderer folkehelsearbeid og frisklivssentral.<\/p>\n","protected":false},"excerpt":{"rendered":"<p>&nbsp; PLEIE OG OMSORG, N\u00f8kkeltal fr\u00e5 Kostra, niv\u00e5 2 Stord Samanlikn. kommunar Landet utan Oslo 2016 2015 2014 2016 2016 Heimetenesta Korrigerte brutto driftsutg. per mottakar av heimetenester (i kroner) 365 769 338 599 336 751 200 530 246 456 Mottakarar av heimetenester pr 1000 innb. 0-66 \u00e5r 19 19 19 28 21 Mottakarar av<\/p>\n","protected":false},"author":2,"featured_media":0,"parent":77,"menu_order":7,"comment_status":"closed","ping_status":"closed","template":"","meta":{"footnotes":""},"jetpack_sharing_enabled":true,"_links":{"self":[{"href":"https:\/\/sk-dokument.no\/arsmelding-2016\/index.php?rest_route=\/wp\/v2\/pages\/84"}],"collection":[{"href":"https:\/\/sk-dokument.no\/arsmelding-2016\/index.php?rest_route=\/wp\/v2\/pages"}],"about":[{"href":"https:\/\/sk-dokument.no\/arsmelding-2016\/index.php?rest_route=\/wp\/v2\/types\/page"}],"author":[{"embeddable":true,"href":"https:\/\/sk-dokument.no\/arsmelding-2016\/index.php?rest_route=\/wp\/v2\/users\/2"}],"replies":[{"embeddable":true,"href":"https:\/\/sk-dokument.no\/arsmelding-2016\/index.php?rest_route=%2Fwp%2Fv2%2Fcomments&post=84"}],"version-history":[{"count":12,"href":"https:\/\/sk-dokument.no\/arsmelding-2016\/index.php?rest_route=\/wp\/v2\/pages\/84\/revisions"}],"predecessor-version":[{"id":1260,"href":"https:\/\/sk-dokument.no\/arsmelding-2016\/index.php?rest_route=\/wp\/v2\/pages\/84\/revisions\/1260"}],"up":[{"embeddable":true,"href":"https:\/\/sk-dokument.no\/arsmelding-2016\/index.php?rest_route=\/wp\/v2\/pages\/77"}],"wp:attachment":[{"href":"https:\/\/sk-dokument.no\/arsmelding-2016\/index.php?rest_route=%2Fwp%2Fv2%2Fmedia&parent=84"}],"curies":[{"name":"wp","href":"https:\/\/api.w.org\/{rel}","templated":true}]}}