{"id":86,"date":"2016-04-18T12:08:51","date_gmt":"2016-04-18T10:08:51","guid":{"rendered":"http:\/\/lab.zpirit.no\/sk-arsmelding\/?page_id=86"},"modified":"2017-04-28T13:35:03","modified_gmt":"2017-04-28T11:35:03","slug":"kommuneokonomien","status":"publish","type":"page","link":"https:\/\/sk-dokument.no\/arsmelding-2016\/?page_id=86","title":{"rendered":"7. KOMMUNE\u00d8KONOMIEN"},"content":{"rendered":"<p>\u00c5rsrekneskapen for Stord kommune vart i 2016 gjort opp med eit overskot p\u00e5 kroner 35,1 millionar.<\/p>\n","protected":false},"excerpt":{"rendered":"<p>\u00c5rsrekneskapen for Stord kommune vart i 2016 gjort opp med eit overskot p\u00e5 kroner 35,1 millionar.<\/p>\n","protected":false},"author":2,"featured_media":971,"parent":0,"menu_order":7,"comment_status":"closed","ping_status":"closed","template":"","meta":{"footnotes":""},"jetpack_sharing_enabled":true,"_links":{"self":[{"href":"https:\/\/sk-dokument.no\/arsmelding-2016\/index.php?rest_route=\/wp\/v2\/pages\/86"}],"collection":[{"href":"https:\/\/sk-dokument.no\/arsmelding-2016\/index.php?rest_route=\/wp\/v2\/pages"}],"about":[{"href":"https:\/\/sk-dokument.no\/arsmelding-2016\/index.php?rest_route=\/wp\/v2\/types\/page"}],"author":[{"embeddable":true,"href":"https:\/\/sk-dokument.no\/arsmelding-2016\/index.php?rest_route=\/wp\/v2\/users\/2"}],"replies":[{"embeddable":true,"href":"https:\/\/sk-dokument.no\/arsmelding-2016\/index.php?rest_route=%2Fwp%2Fv2%2Fcomments&post=86"}],"version-history":[{"count":5,"href":"https:\/\/sk-dokument.no\/arsmelding-2016\/index.php?rest_route=\/wp\/v2\/pages\/86\/revisions"}],"predecessor-version":[{"id":1156,"href":"https:\/\/sk-dokument.no\/arsmelding-2016\/index.php?rest_route=\/wp\/v2\/pages\/86\/revisions\/1156"}],"wp:featuredmedia":[{"embeddable":true,"href":"https:\/\/sk-dokument.no\/arsmelding-2016\/index.php?rest_route=\/wp\/v2\/media\/971"}],"wp:attachment":[{"href":"https:\/\/sk-dokument.no\/arsmelding-2016\/index.php?rest_route=%2Fwp%2Fv2%2Fmedia&parent=86"}],"curies":[{"name":"wp","href":"https:\/\/api.w.org\/{rel}","templated":true}]}}