{"id":89,"date":"2016-04-18T12:08:51","date_gmt":"2016-04-18T10:08:51","guid":{"rendered":"http:\/\/lab.zpirit.no\/sk-arsmelding\/?page_id=89"},"modified":"2017-04-30T16:04:01","modified_gmt":"2017-04-30T14:04:01","slug":"driftsrekneskapen-for-stord-kommune-2011-2015","status":"publish","type":"page","link":"https:\/\/sk-dokument.no\/arsmelding-2016\/?page_id=89","title":{"rendered":"7.1 Driftsrekneskapen for Stord kommune, 2012-2016"},"content":{"rendered":"<p><strong>Driftsrekneskapen for Stord kommune, 2012-2016<\/strong><\/p>\n<table>\n<thead>\n<tr>\n<th><\/th>\n<th>2012<\/th>\n<th>2013<\/th>\n<th>2014<\/th>\n<th>2015<\/th>\n<th>2016<\/th>\n<\/tr>\n<\/thead>\n<tbody>\n<tr>\n<td>Sum driftsinntekter<\/td>\n<td>1 065 800<\/td>\n<td>1 107 872<\/td>\n<td>1 146 982<\/td>\n<td>1 213 237<\/td>\n<td>1 382 997<\/td>\n<\/tr>\n<tr>\n<td>Sum driftsutgifter<\/td>\n<td>-1 064 987<\/td>\n<td>-1 079 911<\/td>\n<td>-1 147 897<\/td>\n<td>-1 190 338<\/td>\n<td>-1 339 105<\/td>\n<\/tr>\n<tr>\n<td>Brutto driftsresultat<\/td>\n<td>813<\/td>\n<td>27 961<\/td>\n<td>-916<\/td>\n<td>22 898<\/td>\n<td>43 892<\/td>\n<\/tr>\n<tr>\n<td><strong>Avskrivingar<\/strong><\/td>\n<td>10 715<\/td>\n<td>11 575<\/td>\n<td>12 598<\/td>\n<td>15 341<\/td>\n<td>57 377<\/td>\n<\/tr>\n<tr>\n<td>Brutto driftsresultat eks avskrivingar<\/td>\n<td>11 528<\/td>\n<td>39 536<\/td>\n<td>11 682<\/td>\n<td>38 240<\/td>\n<td>101 269<\/td>\n<\/tr>\n<tr>\n<th>Netto finanspostar<\/th>\n<td>-7 033<\/td>\n<td>4 190<\/td>\n<td>1 257<\/td>\n<td>7 627<\/td>\n<td>73 390<\/td>\n<\/tr>\n<tr>\n<td>Netto driftsresultat<\/td>\n<td>18 562<\/td>\n<td>35 346<\/td>\n<td>10 425<\/td>\n<td>30 613<\/td>\n<td>27 879<\/td>\n<\/tr>\n<tr>\n<th>Interne finanstransaksjonar<\/th>\n<td>-5 606<\/td>\n<td>-2 863<\/td>\n<td>16 577<\/td>\n<td>7 355<\/td>\n<td>7 230<\/td>\n<\/tr>\n<tr>\n<td>Meirforbruk &#8211; \/mindreforbruk +<\/td>\n<td>12 956<\/td>\n<td>32 483<\/td>\n<td>27 002<\/td>\n<td>37 968<\/td>\n<td>35 109<\/td>\n<\/tr>\n<\/tbody>\n<\/table>\n<p>&nbsp;<\/p>\n<div id=\"diagram-resultatutvikling\">\u00a0Kommunen sitt netto driftsresultat er p\u00e5 kr 27,8 millionar kroner. Netto driftsresultat er brutto driftsresultat korrigert for renter, avdrag, kommunale utl\u00e5n, endring finansielle omlaupsmiddel, utbytte og avskrivingar. Netto driftsresultat kan brukast til \u00e5 finansiere investeringar eller settast av til komande \u00e5r. For Stord kommune sin del vil netto driftsresultat settast av til finansiering av investeringar i skulebygg og institusjonsplassar. Netto driftsresultat er den indikatoren som gjev det beste m\u00e5let p\u00e5 \u00f8konomisk balanse i kommunen. For Stord kommune utgjorde netto driftsresultat 2,02 prosent av brutto driftsinntekter i 2016. Dette er 1,98 prosentpoeng under samanlikningskommunane, som har 4,0 prosent. Teknisk berekningsutval har tilr\u00e5dd at netto driftsresultat b\u00f8r utgjere 1,75 prosent av brutto driftsinntekter. Stord kommune er i kommunegruppe 8, som er mellomstore kommunar med l\u00e5ge bundne kostnader per innbyggjar og middels frie disponible inntekter.<\/div>\n","protected":false},"excerpt":{"rendered":"<p>Driftsrekneskapen for Stord kommune, 2012-2016 2012 2013 2014 2015 2016 Sum driftsinntekter 1 065 800 1 107 872 1 146 982 1 213 237 1 382 997 Sum driftsutgifter -1 064 987 -1 079 911 -1 147 897 -1 190 338 -1 339 105 Brutto driftsresultat 813 27 961 -916 22 898 43 892 Avskrivingar<\/p>\n","protected":false},"author":2,"featured_media":0,"parent":86,"menu_order":1,"comment_status":"closed","ping_status":"closed","template":"","meta":{"footnotes":""},"jetpack_sharing_enabled":true,"_links":{"self":[{"href":"https:\/\/sk-dokument.no\/arsmelding-2016\/index.php?rest_route=\/wp\/v2\/pages\/89"}],"collection":[{"href":"https:\/\/sk-dokument.no\/arsmelding-2016\/index.php?rest_route=\/wp\/v2\/pages"}],"about":[{"href":"https:\/\/sk-dokument.no\/arsmelding-2016\/index.php?rest_route=\/wp\/v2\/types\/page"}],"author":[{"embeddable":true,"href":"https:\/\/sk-dokument.no\/arsmelding-2016\/index.php?rest_route=\/wp\/v2\/users\/2"}],"replies":[{"embeddable":true,"href":"https:\/\/sk-dokument.no\/arsmelding-2016\/index.php?rest_route=%2Fwp%2Fv2%2Fcomments&post=89"}],"version-history":[{"count":19,"href":"https:\/\/sk-dokument.no\/arsmelding-2016\/index.php?rest_route=\/wp\/v2\/pages\/89\/revisions"}],"predecessor-version":[{"id":1220,"href":"https:\/\/sk-dokument.no\/arsmelding-2016\/index.php?rest_route=\/wp\/v2\/pages\/89\/revisions\/1220"}],"up":[{"embeddable":true,"href":"https:\/\/sk-dokument.no\/arsmelding-2016\/index.php?rest_route=\/wp\/v2\/pages\/86"}],"wp:attachment":[{"href":"https:\/\/sk-dokument.no\/arsmelding-2016\/index.php?rest_route=%2Fwp%2Fv2%2Fmedia&parent=89"}],"curies":[{"name":"wp","href":"https:\/\/api.w.org\/{rel}","templated":true}]}}